{"id":6817,"date":"2021-09-28T14:24:26","date_gmt":"2021-09-28T11:24:26","guid":{"rendered":"https:\/\/birimler.atauni.edu.tr\/ilahiyat-fakultesi\/?page_id=6817"},"modified":"2022-04-08T16:00:29","modified_gmt":"2022-04-08T13:00:29","slug":"yonetimden-mesaj","status":"publish","type":"page","link":"https:\/\/atauni.edu.tr\/ilahiyat-fakultesi\/yonetimden-mesaj\/","title":{"rendered":"Y\u00f6netimden Mesaj"},"content":{"rendered":"\t\t<div data-elementor-type=\"wp-page\" data-elementor-id=\"6817\" class=\"elementor elementor-6817\" data-elementor-post-type=\"page\">\n\t\t\t\t\t\t<section class=\"elementor-section elementor-top-section elementor-element elementor-element-afac810 elementor-section-boxed elementor-section-height-default elementor-section-height-default\" data-id=\"afac810\" data-element_type=\"section\">\n\t\t\t\t\t\t<div class=\"elementor-container elementor-column-gap-default\">\n\t\t\t\t\t<div class=\"elementor-column elementor-col-100 elementor-top-column elementor-element elementor-element-0fae6ad\" data-id=\"0fae6ad\" data-element_type=\"column\">\n\t\t\t<div class=\"elementor-widget-wrap elementor-element-populated\">\n\t\t\t\t\t\t<div class=\"elementor-element elementor-element-3a2d37d elementor-widget elementor-widget-heading\" data-id=\"3a2d37d\" data-element_type=\"widget\" data-widget_type=\"heading.default\">\n\t\t\t\t<div class=\"elementor-widget-container\">\n\t\t\t\t\t<h6 class=\"elementor-heading-title elementor-size-default\"><h2 data-elementor-setting-key=\"title\" data-pen-placeholder=\"Buraya yaz...\" style=\"font-family: Podkova, sans-serif;font-size: 20px\">Y\u00f6netimden Mesaj<\/h2><\/h6>\t\t\t\t<\/div>\n\t\t\t\t<\/div>\n\t\t\t\t<div class=\"elementor-element elementor-element-e6723aa elementor-widget__width-inherit elementor-absolute elementor-widget-divider--view-line elementor-widget elementor-widget-divider\" data-id=\"e6723aa\" data-element_type=\"widget\" data-settings=\"{&quot;_position&quot;:&quot;absolute&quot;}\" data-widget_type=\"divider.default\">\n\t\t\t\t<div class=\"elementor-widget-container\">\n\t\t\t\t\t\t\t<div class=\"elementor-divider\">\n\t\t\t<span class=\"elementor-divider-separator\">\n\t\t\t\t\t\t<\/span>\n\t\t<\/div>\n\t\t\t\t\t\t<\/div>\n\t\t\t\t<\/div>\n\t\t\t\t<div class=\"elementor-element elementor-element-7a2019b elementor-widget elementor-widget-text-editor\" data-id=\"7a2019b\" data-element_type=\"widget\" data-widget_type=\"text-editor.default\">\n\t\t\t\t<div class=\"elementor-widget-container\">\n\t\t\t\t\t\t\t\t\t<p><strong>Sevgili \u00f6\u011frenciler,<\/strong><\/p>\n<p>&nbsp; &nbsp; &nbsp;\u0130slam, en genel manada \u201cki\u015finin, isteyerek ve bilerek, samimiyetle kendisini Allah\u2019a ve kurallar\u0131na teslim etmesidir.\u201d Bir ba\u015fka ifadeyle \u0130slam, insan\u0131n Allah\u2019la, canl\u0131 ve cans\u0131z varl\u0131klar\u0131n t\u00fcm\u00fcyle ili\u015fkilerini, iman, ibadet, muamelat ve ahlaki kurallar\u0131 dikkate alarak hayat\u0131 ya\u015famas\u0131d\u0131r. Bizlerin ilk g\u00f6revi, \u0130slam\u2019\u0131 \u00f6\u011frenmek, sonra da onu bir b\u00fct\u00fcn olarak ferd\u00ee, ailev\u00ee ve i\u00e7tima\u00ee hayat\u0131m\u0131zda temsil etme \u00e7abas\u0131 i\u00e7inde olmakt\u0131r. Her hususta oldu\u011fu gibi bu hususta da \u00f6rne\u011fimiz peygamberimizdir. O, \u0130slam dini ile ilgili emir ve yasaklar\u0131, \u00f6nce kendi nefsinde ya\u015fam\u0131\u015f daha sonra da ashab\u0131na tebli\u011f ederek onlar\u0131n da ya\u015famas\u0131na gayret g\u00f6stermi\u015ftir. \u0130lk M\u00fcsl\u00fcmanlar, \u0130slam\u2019a samimi ba\u011fl\u0131l\u0131klar\u0131ndan ve dinlerini de iyi temsil ettiklerinden dolay\u0131 bu din, \u00e7ok k\u0131sa bir zamanda geni\u015f co\u011frafyalara yay\u0131lm\u0131\u015f ve farkl\u0131 milletler taraf\u0131ndan, e\u015fi g\u00f6r\u00fclmedik bir \u015fekilde kabul g\u00f6rm\u00fc\u015ft\u00fcr.<\/p>\n<p>&nbsp; &nbsp; &nbsp;\u0130slam \u00e2leminde M\u00fcsl\u00fcmanlar\u0131n en \u00f6nemli meselelerinden biri, dini temsil sorunudur. \u0130slam, M\u00fcsl\u00fcmanlar taraf\u0131ndan hakk\u0131yla temsil edilmedi\u011fi s\u00fcrece, onun kural ve de\u011ferleri ne kadar evrensel veya \u00fcst\u00fcn niteliklere sahip olsa da insanl\u0131k \u00e2leminde gere\u011fi gibi kar\u015f\u0131l\u0131k bulmayacakt\u0131r. Bizlerin g\u00f6revi, sadece ger\u00e7ekleri \u00f6\u011frenmek, anlatmak ve insanlar\u0131 buna davet etmek de\u011fildir. \u0130nand\u0131\u011f\u0131m\u0131z ve \u00f6\u011frendi\u011fimiz de\u011ferlerin, her \u015feyden \u00f6nce \u015fahs\u0131m\u0131zda temsil ve takdim edilmesi zorunludur. M\u00fcsl\u00fcmanlar, samimiyet, sadakat, liyakat, vefa, d\u00fcr\u00fcstl\u00fck, adalet, merhamet, g\u00fcven verme gibi temel ahlaki nitelikler yan\u0131nda; bilim, k\u00fclt\u00fcr, sanat, estetik ve toplumsal hayat\u0131n g\u00fczelle\u015ftirilmesi gibi alanlarda da \u0130slam\u2019\u0131 en g\u00fczel \u015fekilde ya\u015fayarak temsil etmekle y\u00fck\u00fcml\u00fcd\u00fcrler. Bu konuda hem bizlere ve hem de sizlere \u00e7ok b\u00fcy\u00fck sorumluluklar d\u00fc\u015fmektedir. Bunun bilincinde olarak \u0130slam\u2019\u0131n izzet ve itibar\u0131n\u0131 koruma bilinciyle, e\u011fitim ve \u00f6\u011fretiminizi ger\u00e7ekle\u015ftirme gayretinde olman\u0131z\u0131 temenni eder, Y\u00fcce Allah\u2019tan ba\u015far\u0131 ve mutluluklar dilerim.<\/p>\t\t\t\t\t\t\t\t<\/div>\n\t\t\t\t<\/div>\n\t\t\t\t\t<\/div>\n\t\t<\/div>\n\t\t\t\t\t<\/div>\n\t\t<\/section>\n\t\t\t\t<\/div>\n\t\t","protected":false},"excerpt":{"rendered":"<p>Y\u00f6netimden Mesaj Sevgili \u00f6\u011frenciler, &nbsp; &nbsp; &nbsp;\u0130slam, en genel manada \u201cki\u015finin, isteyerek ve bilerek, samimiyetle kendisini Allah\u2019a ve kurallar\u0131na teslim etmesidir.\u201d Bir ba\u015fka ifadeyle \u0130slam, insan\u0131n Allah\u2019la, canl\u0131 ve cans\u0131z varl\u0131klar\u0131n t\u00fcm\u00fcyle ili\u015fkilerini, iman, ibadet, muamelat ve ahlaki kurallar\u0131 dikkate alarak hayat\u0131 ya\u015famas\u0131d\u0131r. Bizlerin ilk g\u00f6revi, \u0130slam\u2019\u0131 \u00f6\u011frenmek, sonra da onu bir b\u00fct\u00fcn olarak ferd\u00ee, [&hellip;]<\/p>\n","protected":false},"author":244,"featured_media":0,"parent":0,"menu_order":0,"comment_status":"closed","ping_status":"closed","template":"","meta":{"footnotes":""},"class_list":["post-6817","page","type-page","status-publish","hentry"],"_links":{"self":[{"href":"https:\/\/atauni.edu.tr\/ilahiyat-fakultesi\/wp-json\/wp\/v2\/pages\/6817","targetHints":{"allow":["GET"]}}],"collection":[{"href":"https:\/\/atauni.edu.tr\/ilahiyat-fakultesi\/wp-json\/wp\/v2\/pages"}],"about":[{"href":"https:\/\/atauni.edu.tr\/ilahiyat-fakultesi\/wp-json\/wp\/v2\/types\/page"}],"author":[{"embeddable":true,"href":"https:\/\/atauni.edu.tr\/ilahiyat-fakultesi\/wp-json\/wp\/v2\/users\/244"}],"replies":[{"embeddable":true,"href":"https:\/\/atauni.edu.tr\/ilahiyat-fakultesi\/wp-json\/wp\/v2\/comments?post=6817"}],"version-history":[{"count":37,"href":"https:\/\/atauni.edu.tr\/ilahiyat-fakultesi\/wp-json\/wp\/v2\/pages\/6817\/revisions"}],"predecessor-version":[{"id":12174,"href":"https:\/\/atauni.edu.tr\/ilahiyat-fakultesi\/wp-json\/wp\/v2\/pages\/6817\/revisions\/12174"}],"wp:attachment":[{"href":"https:\/\/atauni.edu.tr\/ilahiyat-fakultesi\/wp-json\/wp\/v2\/media?parent=6817"}],"curies":[{"name":"wp","href":"https:\/\/api.w.org\/{rel}","templated":true}]}}