{"id":6974,"date":"2021-09-29T11:25:33","date_gmt":"2021-09-29T08:25:33","guid":{"rendered":"https:\/\/birimler.atauni.edu.tr\/ilahiyat-fakultesi\/?page_id=6974"},"modified":"2024-10-24T16:32:27","modified_gmt":"2024-10-24T13:32:27","slug":"sayisal-bilgiler","status":"publish","type":"page","link":"https:\/\/atauni.edu.tr\/ilahiyat-fakultesi\/sayisal-bilgiler\/","title":{"rendered":"Say\u0131sal Bilgiler"},"content":{"rendered":"\t\t<div data-elementor-type=\"wp-page\" data-elementor-id=\"6974\" class=\"elementor elementor-6974\" data-elementor-post-type=\"page\">\n\t\t\t\t\t\t<section class=\"elementor-section elementor-top-section elementor-element elementor-element-101f83b elementor-section-boxed elementor-section-height-default elementor-section-height-default\" data-id=\"101f83b\" data-element_type=\"section\">\n\t\t\t\t\t\t<div class=\"elementor-container elementor-column-gap-default\">\n\t\t\t\t\t<div class=\"elementor-column elementor-col-100 elementor-top-column elementor-element elementor-element-58ae4ca\" data-id=\"58ae4ca\" data-element_type=\"column\">\n\t\t\t<div class=\"elementor-widget-wrap elementor-element-populated\">\n\t\t\t\t\t\t<div class=\"elementor-element elementor-element-4c868ff elementor-widget elementor-widget-heading\" data-id=\"4c868ff\" data-element_type=\"widget\" data-widget_type=\"heading.default\">\n\t\t\t\t<div class=\"elementor-widget-container\">\n\t\t\t\t\t<h2 class=\"elementor-heading-title elementor-size-default\">Say\u0131sal Bilgiler<\/h2>\t\t\t\t<\/div>\n\t\t\t\t<\/div>\n\t\t\t\t<div class=\"elementor-element elementor-element-e16c058 elementor-absolute elementor-widget-divider--view-line elementor-widget elementor-widget-divider\" data-id=\"e16c058\" data-element_type=\"widget\" data-settings=\"{&quot;_position&quot;:&quot;absolute&quot;}\" data-widget_type=\"divider.default\">\n\t\t\t\t<div class=\"elementor-widget-container\">\n\t\t\t\t\t\t\t<div class=\"elementor-divider\">\n\t\t\t<span class=\"elementor-divider-separator\">\n\t\t\t\t\t\t<\/span>\n\t\t<\/div>\n\t\t\t\t\t\t<\/div>\n\t\t\t\t<\/div>\n\t\t\t\t\t<\/div>\n\t\t<\/div>\n\t\t\t\t\t<\/div>\n\t\t<\/section>\n\t\t\t\t<section class=\"elementor-section elementor-top-section elementor-element elementor-element-f3b78ff elementor-section-boxed elementor-section-height-default elementor-section-height-default elementor-invisible\" data-id=\"f3b78ff\" data-element_type=\"section\" data-settings=\"{&quot;animation&quot;:&quot;zoomIn&quot;}\">\n\t\t\t\t\t\t<div class=\"elementor-container elementor-column-gap-default\">\n\t\t\t\t\t<div class=\"elementor-column elementor-col-100 elementor-top-column elementor-element elementor-element-ffba307\" data-id=\"ffba307\" data-element_type=\"column\">\n\t\t\t<div class=\"elementor-widget-wrap elementor-element-populated\">\n\t\t\t\t\t\t<div class=\"elementor-element elementor-element-0ced2c0 elementor-widget elementor-widget-image\" data-id=\"0ced2c0\" data-element_type=\"widget\" data-widget_type=\"image.default\">\n\t\t\t\t<div class=\"elementor-widget-container\">\n\t\t\t\t\t\t\t\t\t\t\t\t\t\t\t<img fetchpriority=\"high\" decoding=\"async\" width=\"308\" height=\"236\" src=\"https:\/\/atauni.edu.tr\/ilahiyat-fakultesi\/wp-content\/uploads\/sites\/65\/2020\/07\/2-24.jpg\" class=\"attachment-full size-full wp-image-19325\" alt=\"\" srcset=\"https:\/\/atauni.edu.tr\/ilahiyat-fakultesi\/wp-content\/uploads\/sites\/65\/2020\/07\/2-24.jpg 308w, https:\/\/atauni.edu.tr\/ilahiyat-fakultesi\/wp-content\/uploads\/sites\/65\/2020\/07\/2-24-300x230.jpg 300w\" sizes=\"(max-width: 308px) 100vw, 308px\" \/>\t\t\t\t\t\t\t\t\t\t\t\t\t\t\t<\/div>\n\t\t\t\t<\/div>\n\t\t\t\t\t<\/div>\n\t\t<\/div>\n\t\t\t\t\t<\/div>\n\t\t<\/section>\n\t\t\t\t<section class=\"elementor-section elementor-top-section elementor-element elementor-element-0aa6de5 elementor-section-boxed elementor-section-height-default elementor-section-height-default\" data-id=\"0aa6de5\" data-element_type=\"section\">\n\t\t\t\t\t\t<div class=\"elementor-container elementor-column-gap-default\">\n\t\t\t\t\t<div class=\"elementor-column elementor-col-50 elementor-top-column elementor-element elementor-element-64d5f04\" data-id=\"64d5f04\" data-element_type=\"column\">\n\t\t\t<div class=\"elementor-widget-wrap elementor-element-populated\">\n\t\t\t\t\t\t<div class=\"elementor-element elementor-element-0c70168 elementor-invisible elementor-widget elementor-widget-image\" data-id=\"0c70168\" data-element_type=\"widget\" data-settings=\"{&quot;_animation&quot;:&quot;fadeInLeft&quot;}\" data-widget_type=\"image.default\">\n\t\t\t\t<div class=\"elementor-widget-container\">\n\t\t\t\t\t\t\t\t\t\t\t\t\t\t\t<img decoding=\"async\" width=\"327\" height=\"187\" src=\"https:\/\/atauni.edu.tr\/ilahiyat-fakultesi\/wp-content\/uploads\/sites\/65\/2020\/07\/3-20.jpg\" class=\"attachment-full size-full wp-image-19326\" alt=\"\" srcset=\"https:\/\/atauni.edu.tr\/ilahiyat-fakultesi\/wp-content\/uploads\/sites\/65\/2020\/07\/3-20.jpg 327w, https:\/\/atauni.edu.tr\/ilahiyat-fakultesi\/wp-content\/uploads\/sites\/65\/2020\/07\/3-20-300x172.jpg 300w\" sizes=\"(max-width: 327px) 100vw, 327px\" \/>\t\t\t\t\t\t\t\t\t\t\t\t\t\t\t<\/div>\n\t\t\t\t<\/div>\n\t\t\t\t\t<\/div>\n\t\t<\/div>\n\t\t\t\t<div class=\"elementor-column elementor-col-50 elementor-top-column elementor-element elementor-element-a37200b\" data-id=\"a37200b\" data-element_type=\"column\">\n\t\t\t<div class=\"elementor-widget-wrap elementor-element-populated\">\n\t\t\t\t\t\t<div class=\"elementor-element elementor-element-610c1fc elementor-invisible elementor-widget elementor-widget-image\" data-id=\"610c1fc\" data-element_type=\"widget\" data-settings=\"{&quot;_animation&quot;:&quot;fadeInRight&quot;}\" data-widget_type=\"image.default\">\n\t\t\t\t<div class=\"elementor-widget-container\">\n\t\t\t\t\t\t\t\t\t\t\t\t\t\t\t<img decoding=\"async\" width=\"280\" height=\"188\" src=\"https:\/\/atauni.edu.tr\/ilahiyat-fakultesi\/wp-content\/uploads\/sites\/65\/2020\/07\/1-26.jpg\" class=\"attachment-full size-full wp-image-19324\" alt=\"\" \/>\t\t\t\t\t\t\t\t\t\t\t\t\t\t\t<\/div>\n\t\t\t\t<\/div>\n\t\t\t\t\t<\/div>\n\t\t<\/div>\n\t\t\t\t\t<\/div>\n\t\t<\/section>\n\t\t\t\t<section class=\"elementor-section elementor-top-section elementor-element elementor-element-acc7ec2 elementor-section-boxed elementor-section-height-default elementor-section-height-default\" data-id=\"acc7ec2\" data-element_type=\"section\">\n\t\t\t\t\t\t<div class=\"elementor-container elementor-column-gap-default\">\n\t\t\t\t\t<div class=\"elementor-column elementor-col-33 elementor-top-column elementor-element elementor-element-2895dc6\" data-id=\"2895dc6\" data-element_type=\"column\">\n\t\t\t<div class=\"elementor-widget-wrap elementor-element-populated\">\n\t\t\t\t\t\t<div class=\"elementor-element elementor-element-275af1c elementor-invisible elementor-widget elementor-widget-counter\" data-id=\"275af1c\" data-element_type=\"widget\" data-settings=\"{&quot;_animation&quot;:&quot;rotateInUpRight&quot;}\" data-widget_type=\"counter.default\">\n\t\t\t\t<div class=\"elementor-widget-container\">\n\t\t\t\t\t\t\t<div class=\"elementor-counter\">\n\t\t\t<div class=\"elementor-counter-title\">2023-2024 \u00d6\u011fretim Y\u0131l\u0131 Mezuniyet Say\u0131lar\u0131<\/div>\t\t\t<div class=\"elementor-counter-number-wrapper\">\n\t\t\t\t<span class=\"elementor-counter-number-prefix\"><\/span>\n\t\t\t\t<span class=\"elementor-counter-number\" data-duration=\"2000\" data-to-value=\"321\" data-from-value=\"0\" data-delimiter=\",\">0<\/span>\n\t\t\t\t<span class=\"elementor-counter-number-suffix\"><\/span>\n\t\t\t<\/div>\n\t\t<\/div>\n\t\t\t\t\t\t<\/div>\n\t\t\t\t<\/div>\n\t\t\t\t\t<\/div>\n\t\t<\/div>\n\t\t\t\t<div class=\"elementor-column elementor-col-33 elementor-top-column elementor-element elementor-element-e2ec98c\" data-id=\"e2ec98c\" data-element_type=\"column\">\n\t\t\t<div class=\"elementor-widget-wrap elementor-element-populated\">\n\t\t\t\t\t\t<div class=\"elementor-element elementor-element-fb390df elementor-invisible elementor-widget elementor-widget-counter\" data-id=\"fb390df\" data-element_type=\"widget\" data-settings=\"{&quot;_animation&quot;:&quot;zoomInUp&quot;}\" data-widget_type=\"counter.default\">\n\t\t\t\t<div class=\"elementor-widget-container\">\n\t\t\t\t\t\t\t<div class=\"elementor-counter\">\n\t\t\t<div class=\"elementor-counter-title\">Personel Say\u0131s\u0131<\/div>\t\t\t<div class=\"elementor-counter-number-wrapper\">\n\t\t\t\t<span class=\"elementor-counter-number-prefix\"><\/span>\n\t\t\t\t<span class=\"elementor-counter-number\" data-duration=\"2000\" data-to-value=\"100\" data-from-value=\"0\" data-delimiter=\",\">0<\/span>\n\t\t\t\t<span class=\"elementor-counter-number-suffix\"><\/span>\n\t\t\t<\/div>\n\t\t<\/div>\n\t\t\t\t\t\t<\/div>\n\t\t\t\t<\/div>\n\t\t\t\t\t<\/div>\n\t\t<\/div>\n\t\t\t\t<div class=\"elementor-column elementor-col-33 elementor-top-column elementor-element elementor-element-21cb1fd\" data-id=\"21cb1fd\" data-element_type=\"column\">\n\t\t\t<div class=\"elementor-widget-wrap elementor-element-populated\">\n\t\t\t\t\t\t<div class=\"elementor-element elementor-element-7e504b4 elementor-invisible elementor-widget elementor-widget-counter\" data-id=\"7e504b4\" data-element_type=\"widget\" data-settings=\"{&quot;_animation&quot;:&quot;rotateInUpLeft&quot;}\" data-widget_type=\"counter.default\">\n\t\t\t\t<div class=\"elementor-widget-container\">\n\t\t\t\t\t\t\t<div class=\"elementor-counter\">\n\t\t\t<div class=\"elementor-counter-title\">\u00d6\u011frenci Say\u0131s\u0131<\/div>\t\t\t<div class=\"elementor-counter-number-wrapper\">\n\t\t\t\t<span class=\"elementor-counter-number-prefix\"><\/span>\n\t\t\t\t<span class=\"elementor-counter-number\" data-duration=\"2000\" data-to-value=\"2857\" data-from-value=\"0\" data-delimiter=\",\">0<\/span>\n\t\t\t\t<span class=\"elementor-counter-number-suffix\"><\/span>\n\t\t\t<\/div>\n\t\t<\/div>\n\t\t\t\t\t\t<\/div>\n\t\t\t\t<\/div>\n\t\t\t\t\t<\/div>\n\t\t<\/div>\n\t\t\t\t\t<\/div>\n\t\t<\/section>\n\t\t\t\t<\/div>\n\t\t","protected":false},"excerpt":{"rendered":"<p>Say\u0131sal Bilgiler 2023-2024 \u00d6\u011fretim Y\u0131l\u0131 Mezuniyet Say\u0131lar\u0131 0 Personel Say\u0131s\u0131 0 \u00d6\u011frenci Say\u0131s\u0131 0<\/p>\n","protected":false},"author":244,"featured_media":0,"parent":0,"menu_order":0,"comment_status":"closed","ping_status":"closed","template":"","meta":{"footnotes":""},"class_list":["post-6974","page","type-page","status-publish","hentry"],"_links":{"self":[{"href":"https:\/\/atauni.edu.tr\/ilahiyat-fakultesi\/wp-json\/wp\/v2\/pages\/6974","targetHints":{"allow":["GET"]}}],"collection":[{"href":"https:\/\/atauni.edu.tr\/ilahiyat-fakultesi\/wp-json\/wp\/v2\/pages"}],"about":[{"href":"https:\/\/atauni.edu.tr\/ilahiyat-fakultesi\/wp-json\/wp\/v2\/types\/page"}],"author":[{"embeddable":true,"href":"https:\/\/atauni.edu.tr\/ilahiyat-fakultesi\/wp-json\/wp\/v2\/users\/244"}],"replies":[{"embeddable":true,"href":"https:\/\/atauni.edu.tr\/ilahiyat-fakultesi\/wp-json\/wp\/v2\/comments?post=6974"}],"version-history":[{"count":55,"href":"https:\/\/atauni.edu.tr\/ilahiyat-fakultesi\/wp-json\/wp\/v2\/pages\/6974\/revisions"}],"predecessor-version":[{"id":19336,"href":"https:\/\/atauni.edu.tr\/ilahiyat-fakultesi\/wp-json\/wp\/v2\/pages\/6974\/revisions\/19336"}],"wp:attachment":[{"href":"https:\/\/atauni.edu.tr\/ilahiyat-fakultesi\/wp-json\/wp\/v2\/media?parent=6974"}],"curies":[{"name":"wp","href":"https:\/\/api.w.org\/{rel}","templated":true}]}}