{"id":7074,"date":"2021-09-29T15:32:44","date_gmt":"2021-09-29T12:32:44","guid":{"rendered":"https:\/\/birimler.atauni.edu.tr\/ilahiyat-fakultesi\/?page_id=7074"},"modified":"2025-05-16T14:50:11","modified_gmt":"2025-05-16T11:50:11","slug":"program-ciktilari","status":"publish","type":"page","link":"https:\/\/atauni.edu.tr\/ilahiyat-fakultesi\/program-ciktilari\/","title":{"rendered":"Program \u00c7\u0131kt\u0131lar\u0131"},"content":{"rendered":"\t\t<div data-elementor-type=\"wp-page\" data-elementor-id=\"7074\" class=\"elementor elementor-7074\" data-elementor-post-type=\"page\">\n\t\t\t\t\t\t<section class=\"elementor-section elementor-top-section elementor-element elementor-element-c61ddc7 elementor-section-boxed elementor-section-height-default elementor-section-height-default\" data-id=\"c61ddc7\" data-element_type=\"section\">\n\t\t\t\t\t\t<div class=\"elementor-container elementor-column-gap-default\">\n\t\t\t\t\t<div class=\"elementor-column elementor-col-100 elementor-top-column elementor-element elementor-element-050f19a\" data-id=\"050f19a\" data-element_type=\"column\">\n\t\t\t<div class=\"elementor-widget-wrap elementor-element-populated\">\n\t\t\t\t\t\t<div class=\"elementor-element elementor-element-baafdfd elementor-widget elementor-widget-heading\" data-id=\"baafdfd\" data-element_type=\"widget\" data-widget_type=\"heading.default\">\n\t\t\t\t<div class=\"elementor-widget-container\">\n\t\t\t\t\t<h2 class=\"elementor-heading-title elementor-size-default\">Program \u00c7\u0131kt\u0131lar\u0131<\/h2>\t\t\t\t<\/div>\n\t\t\t\t<\/div>\n\t\t\t\t<div class=\"elementor-element elementor-element-4a5905c elementor-absolute elementor-widget-divider--view-line elementor-widget elementor-widget-divider\" data-id=\"4a5905c\" data-element_type=\"widget\" data-settings=\"{&quot;_position&quot;:&quot;absolute&quot;}\" data-widget_type=\"divider.default\">\n\t\t\t\t<div class=\"elementor-widget-container\">\n\t\t\t\t\t\t\t<div class=\"elementor-divider\">\n\t\t\t<span class=\"elementor-divider-separator\">\n\t\t\t\t\t\t<\/span>\n\t\t<\/div>\n\t\t\t\t\t\t<\/div>\n\t\t\t\t<\/div>\n\t\t\t\t<div class=\"elementor-element elementor-element-caa7a61 elementor-invisible elementor-widget elementor-widget-text-editor\" data-id=\"caa7a61\" data-element_type=\"widget\" data-settings=\"{&quot;_animation&quot;:&quot;zoomIn&quot;}\" data-widget_type=\"text-editor.default\">\n\t\t\t\t<div class=\"elementor-widget-container\">\n\t\t\t\t\t\t\t\t\t<p><a href=\"https:\/\/birimler.atauni.edu.tr\/ilahiyat-fakultesi\/wp-content\/uploads\/sites\/65\/2025\/05\/Program-Ciktilari-ile-IAA-Ciktilarinin-Uyumu-matris.pdf\">Program \u00c7\u0131kt\u0131lar\u0131 ile \u0130AA \u00c7\u0131kt\u0131lar\u0131n\u0131n Uyumu (matris)<\/a><\/p><p><br><\/p>\n<p><a href=\"https:\/\/birimler.atauni.edu.tr\/ilahiyat-fakultesi\/wp-content\/uploads\/sites\/65\/2025\/05\/Program-Ciktilari-ile-Program-Amaclarinin-Uyumu-matris.docx.pdf\">Program \u00c7\u0131kt\u0131lar\u0131 ile Program Ama\u00e7lar\u0131n\u0131n Uyumu (matris).docx<\/a><\/p><p><br><\/p>\n<p><a href=\"https:\/\/birimler.atauni.edu.tr\/ilahiyat-fakultesi\/wp-content\/uploads\/sites\/65\/2025\/05\/Program-Ciktilari-TYCC-Uyumu-matris.pdf\">Program \u00c7\u0131kt\u0131lar\u0131 TY\u00c7\u00c7 Uyumu (matris)<\/a><\/p>\t\t\t\t\t\t\t\t<\/div>\n\t\t\t\t<\/div>\n\t\t\t\t\t<\/div>\n\t\t<\/div>\n\t\t\t\t\t<\/div>\n\t\t<\/section>\n\t\t\t\t<\/div>\n\t\t","protected":false},"excerpt":{"rendered":"<p>Program \u00c7\u0131kt\u0131lar\u0131 Program \u00c7\u0131kt\u0131lar\u0131 ile \u0130AA \u00c7\u0131kt\u0131lar\u0131n\u0131n Uyumu (matris) Program \u00c7\u0131kt\u0131lar\u0131 ile Program Ama\u00e7lar\u0131n\u0131n Uyumu (matris).docx Program \u00c7\u0131kt\u0131lar\u0131 TY\u00c7\u00c7 Uyumu (matris)<\/p>\n","protected":false},"author":244,"featured_media":0,"parent":0,"menu_order":0,"comment_status":"closed","ping_status":"closed","template":"","meta":{"footnotes":""},"class_list":["post-7074","page","type-page","status-publish","hentry"],"_links":{"self":[{"href":"https:\/\/atauni.edu.tr\/ilahiyat-fakultesi\/wp-json\/wp\/v2\/pages\/7074","targetHints":{"allow":["GET"]}}],"collection":[{"href":"https:\/\/atauni.edu.tr\/ilahiyat-fakultesi\/wp-json\/wp\/v2\/pages"}],"about":[{"href":"https:\/\/atauni.edu.tr\/ilahiyat-fakultesi\/wp-json\/wp\/v2\/types\/page"}],"author":[{"embeddable":true,"href":"https:\/\/atauni.edu.tr\/ilahiyat-fakultesi\/wp-json\/wp\/v2\/users\/244"}],"replies":[{"embeddable":true,"href":"https:\/\/atauni.edu.tr\/ilahiyat-fakultesi\/wp-json\/wp\/v2\/comments?post=7074"}],"version-history":[{"count":22,"href":"https:\/\/atauni.edu.tr\/ilahiyat-fakultesi\/wp-json\/wp\/v2\/pages\/7074\/revisions"}],"predecessor-version":[{"id":22483,"href":"https:\/\/atauni.edu.tr\/ilahiyat-fakultesi\/wp-json\/wp\/v2\/pages\/7074\/revisions\/22483"}],"wp:attachment":[{"href":"https:\/\/atauni.edu.tr\/ilahiyat-fakultesi\/wp-json\/wp\/v2\/media?parent=7074"}],"curies":[{"name":"wp","href":"https:\/\/api.w.org\/{rel}","templated":true}]}}