{"id":7086,"date":"2021-09-29T15:39:41","date_gmt":"2021-09-29T12:39:41","guid":{"rendered":"https:\/\/birimler.atauni.edu.tr\/ilahiyat-fakultesi\/?page_id=7086"},"modified":"2021-11-23T10:01:39","modified_gmt":"2021-11-23T07:01:39","slug":"kalite-politikasi","status":"publish","type":"page","link":"https:\/\/atauni.edu.tr\/ilahiyat-fakultesi\/kalite-politikasi\/","title":{"rendered":"Kalite Politikas\u0131"},"content":{"rendered":"\t\t<div data-elementor-type=\"wp-page\" data-elementor-id=\"7086\" class=\"elementor elementor-7086\" data-elementor-post-type=\"page\">\n\t\t\t\t\t\t<section class=\"elementor-section elementor-top-section elementor-element elementor-element-d9a3e47 elementor-section-boxed elementor-section-height-default elementor-section-height-default\" data-id=\"d9a3e47\" data-element_type=\"section\">\n\t\t\t\t\t\t<div class=\"elementor-container elementor-column-gap-default\">\n\t\t\t\t\t<div class=\"elementor-column elementor-col-100 elementor-top-column elementor-element elementor-element-12d1212\" data-id=\"12d1212\" data-element_type=\"column\">\n\t\t\t<div class=\"elementor-widget-wrap elementor-element-populated\">\n\t\t\t\t\t\t<div class=\"elementor-element elementor-element-f1c8dc1 elementor-widget elementor-widget-heading\" data-id=\"f1c8dc1\" data-element_type=\"widget\" data-widget_type=\"heading.default\">\n\t\t\t\t<div class=\"elementor-widget-container\">\n\t\t\t\t\t<h2 class=\"elementor-heading-title elementor-size-default\">Kalite Politikas\u0131<\/h2>\t\t\t\t<\/div>\n\t\t\t\t<\/div>\n\t\t\t\t<div class=\"elementor-element elementor-element-98f207a elementor-absolute elementor-widget-divider--view-line elementor-widget elementor-widget-divider\" data-id=\"98f207a\" data-element_type=\"widget\" data-settings=\"{&quot;_position&quot;:&quot;absolute&quot;}\" data-widget_type=\"divider.default\">\n\t\t\t\t<div class=\"elementor-widget-container\">\n\t\t\t\t\t\t\t<div class=\"elementor-divider\">\n\t\t\t<span class=\"elementor-divider-separator\">\n\t\t\t\t\t\t<\/span>\n\t\t<\/div>\n\t\t\t\t\t\t<\/div>\n\t\t\t\t<\/div>\n\t\t\t\t\t<\/div>\n\t\t<\/div>\n\t\t\t\t\t<\/div>\n\t\t<\/section>\n\t\t\t\t<section class=\"elementor-section elementor-top-section elementor-element elementor-element-3ab1994 elementor-section-boxed elementor-section-height-default elementor-section-height-default\" data-id=\"3ab1994\" data-element_type=\"section\">\n\t\t\t\t\t\t<div class=\"elementor-container elementor-column-gap-default\">\n\t\t\t\t\t<div class=\"elementor-column elementor-col-50 elementor-top-column elementor-element elementor-element-a5af934\" data-id=\"a5af934\" data-element_type=\"column\">\n\t\t\t<div class=\"elementor-widget-wrap elementor-element-populated\">\n\t\t\t\t\t\t<div class=\"elementor-element elementor-element-2b2a5c8 elementor-invisible elementor-widget elementor-widget-image\" data-id=\"2b2a5c8\" data-element_type=\"widget\" data-settings=\"{&quot;_animation&quot;:&quot;zoomIn&quot;}\" data-widget_type=\"image.default\">\n\t\t\t\t<div class=\"elementor-widget-container\">\n\t\t\t\t\t\t\t\t\t\t\t\t\t\t\t<img fetchpriority=\"high\" decoding=\"async\" width=\"640\" height=\"720\" src=\"https:\/\/atauni.edu.tr\/ilahiyat-fakultesi\/wp-content\/uploads\/sites\/65\/2021\/11\/kalite.jpg\" class=\"attachment-large size-large wp-image-10930\" alt=\"\" srcset=\"https:\/\/atauni.edu.tr\/ilahiyat-fakultesi\/wp-content\/uploads\/sites\/65\/2021\/11\/kalite.jpg 640w, https:\/\/atauni.edu.tr\/ilahiyat-fakultesi\/wp-content\/uploads\/sites\/65\/2021\/11\/kalite-267x300.jpg 267w, https:\/\/atauni.edu.tr\/ilahiyat-fakultesi\/wp-content\/uploads\/sites\/65\/2021\/11\/kalite-533x600.jpg 533w, https:\/\/atauni.edu.tr\/ilahiyat-fakultesi\/wp-content\/uploads\/sites\/65\/2021\/11\/kalite-498x560.jpg 498w\" sizes=\"(max-width: 640px) 100vw, 640px\" \/>\t\t\t\t\t\t\t\t\t\t\t\t\t\t\t<\/div>\n\t\t\t\t<\/div>\n\t\t\t\t\t<\/div>\n\t\t<\/div>\n\t\t\t\t<div class=\"elementor-column elementor-col-50 elementor-top-column elementor-element elementor-element-c9d356a\" data-id=\"c9d356a\" data-element_type=\"column\">\n\t\t\t<div class=\"elementor-widget-wrap elementor-element-populated\">\n\t\t\t\t\t\t<div class=\"elementor-element elementor-element-13959ac elementor-invisible elementor-widget elementor-widget-text-editor\" data-id=\"13959ac\" data-element_type=\"widget\" data-settings=\"{&quot;_animation&quot;:&quot;fadeInRight&quot;}\" data-widget_type=\"text-editor.default\">\n\t\t\t\t<div class=\"elementor-widget-container\">\n\t\t\t\t\t\t\t\t\t<p>\u00a0\u00a0\u00a0<\/p><p>Fak\u00fcltemiz e\u011fitim, ara\u015ft\u0131rma, toplumsal katk\u0131 ve y\u00f6netim sistemiyle ilgili t\u00fcm faaliyetlerinde \u201ckalite odakl\u0131\u201d y\u00f6netim sistemini esas al\u0131r. Kalite politikam\u0131z\u0131n ilkeleri \u015funlard\u0131r:<\/p><p>\u2022 Liderlerin ve akademik-idari personelin kalite g\u00fcvence sistemini benimsemesi ve kalite y\u00f6netiminin yerle\u015fik hale gelmesi,<br \/>\u2022 S\u00fcre\u00e7 odakl\u0131 yakla\u015f\u0131mla i\u015f ak\u0131\u015flar\u0131n\u0131n analizi ve iyile\u015ftirilmesi,<br \/>\u2022 \u00d6\u011frencilerin de dahil oldu\u011fu i\u00e7 ve d\u0131\u015f payda\u015flar\u0131n aidiyet ve ba\u011fl\u0131l\u0131k duygusunu geli\u015ftirerek memnuniyetlerini esas almak.<\/p>\t\t\t\t\t\t\t\t<\/div>\n\t\t\t\t<\/div>\n\t\t\t\t\t<\/div>\n\t\t<\/div>\n\t\t\t\t\t<\/div>\n\t\t<\/section>\n\t\t\t\t<\/div>\n\t\t","protected":false},"excerpt":{"rendered":"<p>Kalite Politikas\u0131 \u00a0\u00a0\u00a0 Fak\u00fcltemiz e\u011fitim, ara\u015ft\u0131rma, toplumsal katk\u0131 ve y\u00f6netim sistemiyle ilgili t\u00fcm faaliyetlerinde \u201ckalite odakl\u0131\u201d y\u00f6netim sistemini esas al\u0131r. Kalite politikam\u0131z\u0131n ilkeleri \u015funlard\u0131r: \u2022 Liderlerin ve akademik-idari personelin kalite g\u00fcvence sistemini benimsemesi ve kalite y\u00f6netiminin yerle\u015fik hale gelmesi,\u2022 S\u00fcre\u00e7 odakl\u0131 yakla\u015f\u0131mla i\u015f ak\u0131\u015flar\u0131n\u0131n analizi ve iyile\u015ftirilmesi,\u2022 \u00d6\u011frencilerin de dahil oldu\u011fu i\u00e7 ve d\u0131\u015f payda\u015flar\u0131n [&hellip;]<\/p>\n","protected":false},"author":244,"featured_media":0,"parent":0,"menu_order":0,"comment_status":"closed","ping_status":"closed","template":"","meta":{"footnotes":""},"class_list":["post-7086","page","type-page","status-publish","hentry"],"_links":{"self":[{"href":"https:\/\/atauni.edu.tr\/ilahiyat-fakultesi\/wp-json\/wp\/v2\/pages\/7086","targetHints":{"allow":["GET"]}}],"collection":[{"href":"https:\/\/atauni.edu.tr\/ilahiyat-fakultesi\/wp-json\/wp\/v2\/pages"}],"about":[{"href":"https:\/\/atauni.edu.tr\/ilahiyat-fakultesi\/wp-json\/wp\/v2\/types\/page"}],"author":[{"embeddable":true,"href":"https:\/\/atauni.edu.tr\/ilahiyat-fakultesi\/wp-json\/wp\/v2\/users\/244"}],"replies":[{"embeddable":true,"href":"https:\/\/atauni.edu.tr\/ilahiyat-fakultesi\/wp-json\/wp\/v2\/comments?post=7086"}],"version-history":[{"count":16,"href":"https:\/\/atauni.edu.tr\/ilahiyat-fakultesi\/wp-json\/wp\/v2\/pages\/7086\/revisions"}],"predecessor-version":[{"id":10936,"href":"https:\/\/atauni.edu.tr\/ilahiyat-fakultesi\/wp-json\/wp\/v2\/pages\/7086\/revisions\/10936"}],"wp:attachment":[{"href":"https:\/\/atauni.edu.tr\/ilahiyat-fakultesi\/wp-json\/wp\/v2\/media?parent=7086"}],"curies":[{"name":"wp","href":"https:\/\/api.w.org\/{rel}","templated":true}]}}