{"id":7299,"date":"2021-10-01T11:18:25","date_gmt":"2021-10-01T08:18:25","guid":{"rendered":"https:\/\/birimler.atauni.edu.tr\/ilahiyat-fakultesi\/?page_id=7299"},"modified":"2021-11-24T15:38:22","modified_gmt":"2021-11-24T12:38:22","slug":"egitim-politikasi","status":"publish","type":"page","link":"https:\/\/atauni.edu.tr\/ilahiyat-fakultesi\/egitim-politikasi\/","title":{"rendered":"E\u011fitim Politikas\u0131"},"content":{"rendered":"\t\t<div data-elementor-type=\"wp-page\" data-elementor-id=\"7299\" class=\"elementor elementor-7299\" data-elementor-post-type=\"page\">\n\t\t\t\t\t\t<section class=\"elementor-section elementor-top-section elementor-element elementor-element-1555acc elementor-section-boxed elementor-section-height-default elementor-section-height-default\" data-id=\"1555acc\" data-element_type=\"section\">\n\t\t\t\t\t\t<div class=\"elementor-container elementor-column-gap-default\">\n\t\t\t\t\t<div class=\"elementor-column elementor-col-50 elementor-top-column elementor-element elementor-element-c600275\" data-id=\"c600275\" data-element_type=\"column\">\n\t\t\t<div class=\"elementor-widget-wrap elementor-element-populated\">\n\t\t\t\t\t\t<div class=\"elementor-element elementor-element-d369b27 elementor-widget__width-initial elementor-absolute elementor-widget elementor-widget-image\" data-id=\"d369b27\" data-element_type=\"widget\" data-settings=\"{&quot;_animation&quot;:&quot;none&quot;,&quot;_position&quot;:&quot;absolute&quot;}\" data-widget_type=\"image.default\">\n\t\t\t\t<div class=\"elementor-widget-container\">\n\t\t\t\t\t\t\t\t\t\t\t\t\t\t\t<img fetchpriority=\"high\" decoding=\"async\" width=\"1024\" height=\"683\" src=\"https:\/\/atauni.edu.tr\/ilahiyat-fakultesi\/wp-content\/uploads\/sites\/65\/2021\/10\/077A3811.bg_-1024x683.jpg\" class=\"attachment-large size-large wp-image-7309\" alt=\"\" srcset=\"https:\/\/atauni.edu.tr\/ilahiyat-fakultesi\/wp-content\/uploads\/sites\/65\/2021\/10\/077A3811.bg_-1024x683.jpg 1024w, https:\/\/atauni.edu.tr\/ilahiyat-fakultesi\/wp-content\/uploads\/sites\/65\/2021\/10\/077A3811.bg_-300x200.jpg 300w, https:\/\/atauni.edu.tr\/ilahiyat-fakultesi\/wp-content\/uploads\/sites\/65\/2021\/10\/077A3811.bg_-768x512.jpg 768w, https:\/\/atauni.edu.tr\/ilahiyat-fakultesi\/wp-content\/uploads\/sites\/65\/2021\/10\/077A3811.bg_-1536x1024.jpg 1536w, https:\/\/atauni.edu.tr\/ilahiyat-fakultesi\/wp-content\/uploads\/sites\/65\/2021\/10\/077A3811.bg_-2048x1365.jpg 2048w, https:\/\/atauni.edu.tr\/ilahiyat-fakultesi\/wp-content\/uploads\/sites\/65\/2021\/10\/077A3811.bg_-600x400.jpg 600w, https:\/\/atauni.edu.tr\/ilahiyat-fakultesi\/wp-content\/uploads\/sites\/65\/2021\/10\/077A3811.bg_-560x373.jpg 560w\" sizes=\"(max-width: 1024px) 100vw, 1024px\" \/>\t\t\t\t\t\t\t\t\t\t\t\t\t\t\t<\/div>\n\t\t\t\t<\/div>\n\t\t\t\t\t<\/div>\n\t\t<\/div>\n\t\t\t\t<div class=\"elementor-column elementor-col-50 elementor-top-column elementor-element elementor-element-2db25df\" data-id=\"2db25df\" data-element_type=\"column\">\n\t\t\t<div class=\"elementor-widget-wrap elementor-element-populated\">\n\t\t\t\t\t\t<div class=\"elementor-element elementor-element-f9616a9 elementor-widget elementor-widget-heading\" data-id=\"f9616a9\" data-element_type=\"widget\" data-widget_type=\"heading.default\">\n\t\t\t\t<div class=\"elementor-widget-container\">\n\t\t\t\t\t<h4 class=\"elementor-heading-title elementor-size-default\">E\u011fitim Politikam\u0131z<\/h4>\t\t\t\t<\/div>\n\t\t\t\t<\/div>\n\t\t\t\t<div class=\"elementor-element elementor-element-585d2a5 elementor-widget-divider--view-line elementor-widget elementor-widget-divider\" data-id=\"585d2a5\" data-element_type=\"widget\" data-widget_type=\"divider.default\">\n\t\t\t\t<div class=\"elementor-widget-container\">\n\t\t\t\t\t\t\t<div class=\"elementor-divider\">\n\t\t\t<span class=\"elementor-divider-separator\">\n\t\t\t\t\t\t<\/span>\n\t\t<\/div>\n\t\t\t\t\t\t<\/div>\n\t\t\t\t<\/div>\n\t\t\t\t<div class=\"elementor-element elementor-element-60b4113 elementor-invisible elementor-widget elementor-widget-text-editor\" data-id=\"60b4113\" data-element_type=\"widget\" data-settings=\"{&quot;_animation&quot;:&quot;slideInRight&quot;}\" data-widget_type=\"text-editor.default\">\n\t\t\t\t<div class=\"elementor-widget-container\">\n\t\t\t\t\t\t\t\t\t<p>Fak\u00fcltemiz \u0130lahiyat alan\u0131nda en y\u00fcksek standartlarda e\u011fitim-\u00f6\u011fretim imk\u00e2n\u0131 sunmay\u0131 ama\u00e7lar. Fak\u00fcltemizin program yap\u0131s\u0131, \u00f6\u011frenci merkezli e\u011fitim anlay\u0131\u015f\u0131na dayanan, \u00f6\u011frencilerin mesleki-akademik yeterliklerini geli\u015ftirmeyi ama\u00e7layan ele\u015ftirel d\u00fc\u015f\u00fcnce ve ara\u015ft\u0131rma odakl\u0131 bir e\u011fitim felsefesini benimser. Seminerler, konferanslar, disiplinler aras\u0131 \u00e7al\u0131\u015fmalar, bitirme \u00f6devleri te\u015fvik edilir. E\u011fitim-\u00f6\u011fretimi payda\u015flar\u0131n ihtiya\u00e7 ve beklentileri do\u011frultusunda g\u00fcnceller ve iyile\u015ftirir. <br>E\u011fitim ve \u00f6\u011fretime ait s\u00fcre\u00e7ler \u201cPlanlama-Uygulama-Kontrol etme-\u00d6nlem alma (PUK\u00d6)\u201d d\u00f6ng\u00fcs\u00fcne uygun olarak y\u00f6netilir. <br><u><b>E\u011fitim-\u00f6\u011fretim politikam\u0131z\u0131n ilkeleri \u015funlard\u0131r: <\/b><\/u><br>\u2022 \u00d6\u011frencilerine \u0130lahiyat alan\u0131nda en y\u00fcksek standartlarda e\u011fitim-\u00f6\u011fretim imk\u00e2n\u0131 sunmak, <br>\u2022 Mesleki ve akademik yeterlikleri y\u00fcksek bireyler yeti\u015ftirmek, <br>\u2022 \u00d6\u011frenci merkezli e\u011fitimi geli\u015ftirmek ve s\u00fcrd\u00fcrmek, <br>\u2022 Disiplinler aras\u0131 d\u00fc\u015f\u00fcnce ile birlikte ele\u015ftirel d\u00fc\u015f\u00fcnce ve ara\u015ft\u0131rma odakl\u0131 \u00e7al\u0131\u015fmay\u0131 te\u015fvik etmek, <br>\u2022 E\u011fitim ve \u00f6\u011fretimi payda\u015flar\u0131n ihtiya\u00e7 ve beklentileri do\u011frultusunda g\u00fcncellemek ve iyile\u015ftirmek.<\/p>\t\t\t\t\t\t\t\t<\/div>\n\t\t\t\t<\/div>\n\t\t\t\t\t<\/div>\n\t\t<\/div>\n\t\t\t\t\t<\/div>\n\t\t<\/section>\n\t\t\t\t<\/div>\n\t\t","protected":false},"excerpt":{"rendered":"<p>E\u011fitim Politikam\u0131z Fak\u00fcltemiz \u0130lahiyat alan\u0131nda en y\u00fcksek standartlarda e\u011fitim-\u00f6\u011fretim imk\u00e2n\u0131 sunmay\u0131 ama\u00e7lar. Fak\u00fcltemizin program yap\u0131s\u0131, \u00f6\u011frenci merkezli e\u011fitim anlay\u0131\u015f\u0131na dayanan, \u00f6\u011frencilerin mesleki-akademik yeterliklerini geli\u015ftirmeyi ama\u00e7layan ele\u015ftirel d\u00fc\u015f\u00fcnce ve ara\u015ft\u0131rma odakl\u0131 bir e\u011fitim felsefesini benimser. Seminerler, konferanslar, disiplinler aras\u0131 \u00e7al\u0131\u015fmalar, bitirme \u00f6devleri te\u015fvik edilir. E\u011fitim-\u00f6\u011fretimi payda\u015flar\u0131n ihtiya\u00e7 ve beklentileri do\u011frultusunda g\u00fcnceller ve iyile\u015ftirir. E\u011fitim ve \u00f6\u011fretime [&hellip;]<\/p>\n","protected":false},"author":244,"featured_media":0,"parent":0,"menu_order":0,"comment_status":"closed","ping_status":"closed","template":"","meta":{"footnotes":""},"class_list":["post-7299","page","type-page","status-publish","hentry"],"_links":{"self":[{"href":"https:\/\/atauni.edu.tr\/ilahiyat-fakultesi\/wp-json\/wp\/v2\/pages\/7299","targetHints":{"allow":["GET"]}}],"collection":[{"href":"https:\/\/atauni.edu.tr\/ilahiyat-fakultesi\/wp-json\/wp\/v2\/pages"}],"about":[{"href":"https:\/\/atauni.edu.tr\/ilahiyat-fakultesi\/wp-json\/wp\/v2\/types\/page"}],"author":[{"embeddable":true,"href":"https:\/\/atauni.edu.tr\/ilahiyat-fakultesi\/wp-json\/wp\/v2\/users\/244"}],"replies":[{"embeddable":true,"href":"https:\/\/atauni.edu.tr\/ilahiyat-fakultesi\/wp-json\/wp\/v2\/comments?post=7299"}],"version-history":[{"count":52,"href":"https:\/\/atauni.edu.tr\/ilahiyat-fakultesi\/wp-json\/wp\/v2\/pages\/7299\/revisions"}],"predecessor-version":[{"id":11210,"href":"https:\/\/atauni.edu.tr\/ilahiyat-fakultesi\/wp-json\/wp\/v2\/pages\/7299\/revisions\/11210"}],"wp:attachment":[{"href":"https:\/\/atauni.edu.tr\/ilahiyat-fakultesi\/wp-json\/wp\/v2\/media?parent=7299"}],"curies":[{"name":"wp","href":"https:\/\/api.w.org\/{rel}","templated":true}]}}