{"id":7301,"date":"2021-10-01T11:19:00","date_gmt":"2021-10-01T08:19:00","guid":{"rendered":"https:\/\/birimler.atauni.edu.tr\/ilahiyat-fakultesi\/?page_id=7301"},"modified":"2021-11-12T10:47:18","modified_gmt":"2021-11-12T07:47:18","slug":"arastirma-politikasi","status":"publish","type":"page","link":"https:\/\/atauni.edu.tr\/ilahiyat-fakultesi\/arastirma-politikasi\/","title":{"rendered":"Ara\u015ft\u0131rma Politikas\u0131"},"content":{"rendered":"\t\t<div data-elementor-type=\"wp-page\" data-elementor-id=\"7301\" class=\"elementor elementor-7301\" data-elementor-post-type=\"page\">\n\t\t\t\t\t\t<section class=\"elementor-section elementor-top-section elementor-element elementor-element-c332c2c elementor-section-boxed elementor-section-height-default elementor-section-height-default\" data-id=\"c332c2c\" data-element_type=\"section\">\n\t\t\t\t\t\t<div class=\"elementor-container elementor-column-gap-default\">\n\t\t\t\t\t<div class=\"elementor-column elementor-col-100 elementor-top-column elementor-element elementor-element-d626b5e\" data-id=\"d626b5e\" data-element_type=\"column\">\n\t\t\t<div class=\"elementor-widget-wrap elementor-element-populated\">\n\t\t\t\t\t\t<div class=\"elementor-element elementor-element-bf51fc3 elementor-widget elementor-widget-heading\" data-id=\"bf51fc3\" data-element_type=\"widget\" data-widget_type=\"heading.default\">\n\t\t\t\t<div class=\"elementor-widget-container\">\n\t\t\t\t\t<h2 class=\"elementor-heading-title elementor-size-default\">Ara\u015ft\u0131rma Politikam\u0131z<\/h2>\t\t\t\t<\/div>\n\t\t\t\t<\/div>\n\t\t\t\t<div class=\"elementor-element elementor-element-63a128d elementor-widget-divider--view-line elementor-widget elementor-widget-divider\" data-id=\"63a128d\" data-element_type=\"widget\" data-widget_type=\"divider.default\">\n\t\t\t\t<div class=\"elementor-widget-container\">\n\t\t\t\t\t\t\t<div class=\"elementor-divider\">\n\t\t\t<span class=\"elementor-divider-separator\">\n\t\t\t\t\t\t<\/span>\n\t\t<\/div>\n\t\t\t\t\t\t<\/div>\n\t\t\t\t<\/div>\n\t\t\t\t\t<\/div>\n\t\t<\/div>\n\t\t\t\t\t<\/div>\n\t\t<\/section>\n\t\t\t\t<section class=\"elementor-section elementor-top-section elementor-element elementor-element-55958c8 elementor-section-boxed elementor-section-height-default elementor-section-height-default elementor-invisible\" data-id=\"55958c8\" data-element_type=\"section\" data-settings=\"{&quot;animation&quot;:&quot;fadeInRight&quot;}\">\n\t\t\t\t\t\t<div class=\"elementor-container elementor-column-gap-default\">\n\t\t\t\t\t<div class=\"elementor-column elementor-col-50 elementor-top-column elementor-element elementor-element-c57917a\" data-id=\"c57917a\" data-element_type=\"column\" data-settings=\"{&quot;animation&quot;:&quot;none&quot;}\">\n\t\t\t<div class=\"elementor-widget-wrap elementor-element-populated\">\n\t\t\t\t\t\t<div class=\"elementor-element elementor-element-18435d4 elementor-widget__width-initial elementor-absolute elementor-widget elementor-widget-image\" data-id=\"18435d4\" data-element_type=\"widget\" data-settings=\"{&quot;_position&quot;:&quot;absolute&quot;}\" data-widget_type=\"image.default\">\n\t\t\t\t<div class=\"elementor-widget-container\">\n\t\t\t\t\t\t\t\t\t\t\t\t\t\t\t<img fetchpriority=\"high\" decoding=\"async\" width=\"800\" height=\"600\" src=\"https:\/\/atauni.edu.tr\/ilahiyat-fakultesi\/wp-content\/uploads\/sites\/65\/2021\/11\/platform.gif\" class=\"attachment-large size-large wp-image-10808\" alt=\"\" \/>\t\t\t\t\t\t\t\t\t\t\t\t\t\t\t<\/div>\n\t\t\t\t<\/div>\n\t\t\t\t\t<\/div>\n\t\t<\/div>\n\t\t\t\t<div class=\"elementor-column elementor-col-50 elementor-top-column elementor-element elementor-element-7033ffc elementor-invisible\" data-id=\"7033ffc\" data-element_type=\"column\" data-settings=\"{&quot;animation&quot;:&quot;zoomIn&quot;}\">\n\t\t\t<div class=\"elementor-widget-wrap elementor-element-populated\">\n\t\t\t\t\t\t<div class=\"elementor-element elementor-element-9f6efad elementor-widget elementor-widget-text-editor\" data-id=\"9f6efad\" data-element_type=\"widget\" data-widget_type=\"text-editor.default\">\n\t\t\t\t<div class=\"elementor-widget-container\">\n\t\t\t\t\t\t\t\t\t<p style=\"font-family: 'Times New Roman', sans-serif;font-size: 18px;text-align: justify\"><span style=\"letter-spacing: 0px\">Fak\u00fcltemiz vizyonu \u00e7er\u00e7evesinde e\u011fitim, ara\u015ft\u0131rma ve toplumsal katk\u0131 fonksiyonlar\u0131n\u0131n entegrasyonunu hedefler. Bu ama\u00e7la \u00fclkenin ve b\u00f6lgenin ilerlemesi ve geli\u015fmesi a\u00e7\u0131s\u0131ndan toplumun ihtiya\u00e7lar\u0131na do\u011frudan katk\u0131 sa\u011flayan ara\u015ft\u0131rmalar\u0131 ger\u00e7ekle\u015ftirmeyi hedefler. Nitelikli ara\u015ft\u0131rmac\u0131lara sahip olarak ulusal ve uluslararas\u0131 alandaki bilgi \u00fcretimini te\u015fvik etmesinin yan\u0131 s\u0131ra Ara\u015ft\u0131rma faaliyetlerinin performans izlemesinde dinamik \u00f6l\u00e7me ve de\u011ferlendirme sistemini y\u00fcr\u00fctmeyi ama\u00e7lamaktad\u0131r.<\/span><\/p><p style=\"font-family: 'Times New Roman', sans-serif;font-size: 18px;text-align: justify\"><span style=\"font-weight: bold\"><u>Ara\u015ft\u0131rma-geli\u015ftirme politikam\u0131z\u0131n ilkeleri \u015funlard\u0131r:<\/u><\/span><br \/>\u2022 \u0130lahiyat alan\u0131ndaki geli\u015fmeleri ve yenilikleri izleyerek evrensel bilime katk\u0131 sa\u011flayacak, giri\u015fimcilik ve yenilik\u00e7ili\u011fi de destekleyen ara\u015ft\u0131rmalar ile uluslararas\u0131 d\u00fczeyde tan\u0131nan bir \u00fcniversite olmak i\u00e7in stratejiler belirlemek,<br \/>\u2022 Nitelikli ara\u015ft\u0131rmac\u0131lara sahip olarak onlar\u0131n ulusal ve uluslararas\u0131 alandaki bilgi \u00fcretimini te\u015fvik etmek,<br \/>\u2022 Modern teknolojinin sa\u011flad\u0131\u011f\u0131 t\u00fcm imk\u00e2nlar\u0131 ara\u015ft\u0131rma faaliyetlerinde etkin kullan\u0131lmas\u0131n\u0131 sa\u011flamak,<br \/>\u2022 \u00dclkenin ve b\u00f6lgenin bilimsel ve k\u00fclt\u00fcrel a\u00e7\u0131dan ilerlemesini ve geli\u015fmesini ilgilendiren sorunlar i\u00e7in ara\u015ft\u0131rmalar yapmak ve \u00f6nc\u00fc olmak,<br \/>\u2022 Ara\u015ft\u0131rma faaliyetlerinin performans izlemesinde dinamik \u00f6l\u00e7me ve de\u011ferlendirme sistemini y\u00fcr\u00fctmek.<\/p>\t\t\t\t\t\t\t\t<\/div>\n\t\t\t\t<\/div>\n\t\t\t\t\t<\/div>\n\t\t<\/div>\n\t\t\t\t\t<\/div>\n\t\t<\/section>\n\t\t\t\t<section class=\"elementor-section elementor-top-section elementor-element elementor-element-5384420 elementor-section-boxed elementor-section-height-default elementor-section-height-default\" data-id=\"5384420\" data-element_type=\"section\">\n\t\t\t\t\t\t<div class=\"elementor-container elementor-column-gap-default\">\n\t\t\t\t\t<div class=\"elementor-column elementor-col-100 elementor-top-column elementor-element elementor-element-53e7196\" data-id=\"53e7196\" data-element_type=\"column\">\n\t\t\t<div class=\"elementor-widget-wrap\">\n\t\t\t\t\t\t\t<\/div>\n\t\t<\/div>\n\t\t\t\t\t<\/div>\n\t\t<\/section>\n\t\t\t\t<\/div>\n\t\t","protected":false},"excerpt":{"rendered":"<p>Ara\u015ft\u0131rma Politikam\u0131z Fak\u00fcltemiz vizyonu \u00e7er\u00e7evesinde e\u011fitim, ara\u015ft\u0131rma ve toplumsal katk\u0131 fonksiyonlar\u0131n\u0131n entegrasyonunu hedefler. Bu ama\u00e7la \u00fclkenin ve b\u00f6lgenin ilerlemesi ve geli\u015fmesi a\u00e7\u0131s\u0131ndan toplumun ihtiya\u00e7lar\u0131na do\u011frudan katk\u0131 sa\u011flayan ara\u015ft\u0131rmalar\u0131 ger\u00e7ekle\u015ftirmeyi hedefler. Nitelikli ara\u015ft\u0131rmac\u0131lara sahip olarak ulusal ve uluslararas\u0131 alandaki bilgi \u00fcretimini te\u015fvik etmesinin yan\u0131 s\u0131ra Ara\u015ft\u0131rma faaliyetlerinin performans izlemesinde dinamik \u00f6l\u00e7me ve de\u011ferlendirme sistemini y\u00fcr\u00fctmeyi ama\u00e7lamaktad\u0131r. [&hellip;]<\/p>\n","protected":false},"author":244,"featured_media":0,"parent":0,"menu_order":0,"comment_status":"closed","ping_status":"closed","template":"","meta":{"footnotes":""},"class_list":["post-7301","page","type-page","status-publish","hentry"],"_links":{"self":[{"href":"https:\/\/atauni.edu.tr\/ilahiyat-fakultesi\/wp-json\/wp\/v2\/pages\/7301","targetHints":{"allow":["GET"]}}],"collection":[{"href":"https:\/\/atauni.edu.tr\/ilahiyat-fakultesi\/wp-json\/wp\/v2\/pages"}],"about":[{"href":"https:\/\/atauni.edu.tr\/ilahiyat-fakultesi\/wp-json\/wp\/v2\/types\/page"}],"author":[{"embeddable":true,"href":"https:\/\/atauni.edu.tr\/ilahiyat-fakultesi\/wp-json\/wp\/v2\/users\/244"}],"replies":[{"embeddable":true,"href":"https:\/\/atauni.edu.tr\/ilahiyat-fakultesi\/wp-json\/wp\/v2\/comments?post=7301"}],"version-history":[{"count":40,"href":"https:\/\/atauni.edu.tr\/ilahiyat-fakultesi\/wp-json\/wp\/v2\/pages\/7301\/revisions"}],"predecessor-version":[{"id":10812,"href":"https:\/\/atauni.edu.tr\/ilahiyat-fakultesi\/wp-json\/wp\/v2\/pages\/7301\/revisions\/10812"}],"wp:attachment":[{"href":"https:\/\/atauni.edu.tr\/ilahiyat-fakultesi\/wp-json\/wp\/v2\/media?parent=7301"}],"curies":[{"name":"wp","href":"https:\/\/api.w.org\/{rel}","templated":true}]}}