{"id":7303,"date":"2021-10-01T11:19:53","date_gmt":"2021-10-01T08:19:53","guid":{"rendered":"https:\/\/birimler.atauni.edu.tr\/ilahiyat-fakultesi\/?page_id=7303"},"modified":"2025-06-11T14:43:07","modified_gmt":"2025-06-11T11:43:07","slug":"topluma-katki-politikasi","status":"publish","type":"page","link":"https:\/\/atauni.edu.tr\/ilahiyat-fakultesi\/topluma-katki-politikasi\/","title":{"rendered":"Topluma Katk\u0131 Politikas\u0131"},"content":{"rendered":"\t\t<div data-elementor-type=\"wp-page\" data-elementor-id=\"7303\" class=\"elementor elementor-7303\" data-elementor-post-type=\"page\">\n\t\t\t\t\t\t<section class=\"elementor-section elementor-top-section elementor-element elementor-element-664989c elementor-section-boxed elementor-section-height-default elementor-section-height-default\" data-id=\"664989c\" data-element_type=\"section\">\n\t\t\t\t\t\t<div class=\"elementor-container elementor-column-gap-default\">\n\t\t\t\t\t<div class=\"elementor-column elementor-col-50 elementor-top-column elementor-element elementor-element-7eaa44e\" data-id=\"7eaa44e\" data-element_type=\"column\">\n\t\t\t<div class=\"elementor-widget-wrap elementor-element-populated\">\n\t\t\t\t\t\t<div class=\"elementor-element elementor-element-8ae9fe6 elementor-widget elementor-widget-heading\" data-id=\"8ae9fe6\" data-element_type=\"widget\" data-widget_type=\"heading.default\">\n\t\t\t\t<div class=\"elementor-widget-container\">\n\t\t\t\t\t<h2 class=\"elementor-heading-title elementor-size-default\"><h4 class=\"elementor-heading-title elementor-size-default elementor-inline-editing pen\" data-elementor-setting-key=\"title\" data-pen-placeholder=\"Buraya yaz...\">Topluma Katk\u0131 Politikam\u0131z<\/h4><\/h2>\t\t\t\t<\/div>\n\t\t\t\t<\/div>\n\t\t\t\t<div class=\"elementor-element elementor-element-fd8027e elementor-absolute elementor-widget-divider--view-line elementor-widget elementor-widget-divider\" data-id=\"fd8027e\" data-element_type=\"widget\" data-settings=\"{&quot;_position&quot;:&quot;absolute&quot;}\" data-widget_type=\"divider.default\">\n\t\t\t\t<div class=\"elementor-widget-container\">\n\t\t\t\t\t\t\t<div class=\"elementor-divider\">\n\t\t\t<span class=\"elementor-divider-separator\">\n\t\t\t\t\t\t<\/span>\n\t\t<\/div>\n\t\t\t\t\t\t<\/div>\n\t\t\t\t<\/div>\n\t\t\t\t<div class=\"elementor-element elementor-element-65bc4c5 elementor-widget__width-initial elementor-absolute elementor-widget elementor-widget-image\" data-id=\"65bc4c5\" data-element_type=\"widget\" data-settings=\"{&quot;_position&quot;:&quot;absolute&quot;}\" data-widget_type=\"image.default\">\n\t\t\t\t<div class=\"elementor-widget-container\">\n\t\t\t\t\t\t\t\t\t\t\t\t\t\t\t<img fetchpriority=\"high\" decoding=\"async\" width=\"1280\" height=\"720\" src=\"https:\/\/atauni.edu.tr\/ilahiyat-fakultesi\/wp-content\/uploads\/sites\/65\/2021\/11\/toplum.jpg\" class=\"attachment-full size-full wp-image-10705\" alt=\"\" srcset=\"https:\/\/atauni.edu.tr\/ilahiyat-fakultesi\/wp-content\/uploads\/sites\/65\/2021\/11\/toplum.jpg 1280w, https:\/\/atauni.edu.tr\/ilahiyat-fakultesi\/wp-content\/uploads\/sites\/65\/2021\/11\/toplum-300x169.jpg 300w, https:\/\/atauni.edu.tr\/ilahiyat-fakultesi\/wp-content\/uploads\/sites\/65\/2021\/11\/toplum-1024x576.jpg 1024w, https:\/\/atauni.edu.tr\/ilahiyat-fakultesi\/wp-content\/uploads\/sites\/65\/2021\/11\/toplum-768x432.jpg 768w, https:\/\/atauni.edu.tr\/ilahiyat-fakultesi\/wp-content\/uploads\/sites\/65\/2021\/11\/toplum-600x338.jpg 600w, https:\/\/atauni.edu.tr\/ilahiyat-fakultesi\/wp-content\/uploads\/sites\/65\/2021\/11\/toplum-560x315.jpg 560w\" sizes=\"(max-width: 1280px) 100vw, 1280px\" \/>\t\t\t\t\t\t\t\t\t\t\t\t\t\t\t<\/div>\n\t\t\t\t<\/div>\n\t\t\t\t\t<\/div>\n\t\t<\/div>\n\t\t\t\t<div class=\"elementor-column elementor-col-50 elementor-top-column elementor-element elementor-element-32b29e5\" data-id=\"32b29e5\" data-element_type=\"column\">\n\t\t\t<div class=\"elementor-widget-wrap elementor-element-populated\">\n\t\t\t\t\t\t<div class=\"elementor-element elementor-element-926f523 elementor-invisible elementor-widget elementor-widget-text-editor\" data-id=\"926f523\" data-element_type=\"widget\" data-settings=\"{&quot;_animation&quot;:&quot;zoomIn&quot;}\" data-widget_type=\"text-editor.default\">\n\t\t\t\t<div class=\"elementor-widget-container\">\n\t\t\t\t\t\t\t\t\t<p>Fak\u00fcltemiz e\u011fitim-\u00f6\u011fretim ve ara\u015ft\u0131rma-geli\u015ftirme \u00e7\u0131kt\u0131lar\u0131n\u0131 b\u00fct\u00fcnle\u015ftirerek toplumsal katk\u0131y\u0131 en \u00fcst d\u00fczeyde sunmay\u0131 hedefler. Toplumsal katk\u0131 ihtiya\u00e7 analizlerini payda\u015flar\u0131yla i\u015f birli\u011fi i\u00e7erisinde ger\u00e7ekle\u015ftirir ve toplumsal katk\u0131 s\u00fcre\u00e7lerinin y\u00f6netimini ve s\u00fcrekli olmas\u0131n\u0131 sa\u011flayan organizasyonel bir yap\u0131 olu\u015fturmay\u0131 ama\u00e7lar.<\/p>\n<p><b><u>Toplumsal katk\u0131 politikam\u0131z\u0131n ilkeleri \u015funlard\u0131r:<\/u><\/b><br>\u2022 E\u011fitim-\u00f6\u011fretim ve ara\u015ft\u0131rma-geli\u015ftirme etkinliklerini toplumsal katk\u0131 ile b\u00fct\u00fcnle\u015ftirmek ve elde etti\u011fi bilgiyi toplumun yarar\u0131na sunmak,\u2022 Toplumsal sorunlara duyarl\u0131, toplumsal&nbsp;<span style=\"letter-spacing: 0px\">ko\u015fullar ve sorunlar konusunda bilin\u00e7li, sorumluluk sahibi, hizmet ve \u00e7\u00f6z\u00fcm odakl\u0131 bireyler yeti\u015ftirmek,&nbsp;<\/span><\/p>\n<p><span style=\"letter-spacing: 0px\">\u2022 Toplumsal katk\u0131 faaliyetlerini payda\u015flarla i\u015f birli\u011fi i\u00e7inde etkin ve verimli bir \u015fekilde ger\u00e7ekle\u015ftirmek,&nbsp;<\/span><\/p>\n<p><span style=\"letter-spacing: 0px\">\u2022 Sosyal sorumluluk ve topluma hizmet uygulamalar\u0131 kapsam\u0131nda i\u015f birli\u011fi ve projeleri desteklemek,&nbsp;<\/span><\/p>\n<p><span style=\"letter-spacing: 0px\">\u2022 Toplumsal katk\u0131 s\u00fcre\u00e7lerinin y\u00f6netimini ve s\u00fcreklili\u011fini sa\u011flayan organizasyonel bir yap\u0131 olu\u015fturmak.&nbsp;<\/span><\/p>\t\t\t\t\t\t\t\t<\/div>\n\t\t\t\t<\/div>\n\t\t\t\t\t<\/div>\n\t\t<\/div>\n\t\t\t\t\t<\/div>\n\t\t<\/section>\n\t\t\t\t<\/div>\n\t\t","protected":false},"excerpt":{"rendered":"<p>Topluma Katk\u0131 Politikam\u0131z Fak\u00fcltemiz e\u011fitim-\u00f6\u011fretim ve ara\u015ft\u0131rma-geli\u015ftirme \u00e7\u0131kt\u0131lar\u0131n\u0131 b\u00fct\u00fcnle\u015ftirerek toplumsal katk\u0131y\u0131 en \u00fcst d\u00fczeyde sunmay\u0131 hedefler. Toplumsal katk\u0131 ihtiya\u00e7 analizlerini payda\u015flar\u0131yla i\u015f birli\u011fi i\u00e7erisinde ger\u00e7ekle\u015ftirir ve toplumsal katk\u0131 s\u00fcre\u00e7lerinin y\u00f6netimini ve s\u00fcrekli olmas\u0131n\u0131 sa\u011flayan organizasyonel bir yap\u0131 olu\u015fturmay\u0131 ama\u00e7lar. Toplumsal katk\u0131 politikam\u0131z\u0131n ilkeleri \u015funlard\u0131r:\u2022 E\u011fitim-\u00f6\u011fretim ve ara\u015ft\u0131rma-geli\u015ftirme etkinliklerini toplumsal katk\u0131 ile b\u00fct\u00fcnle\u015ftirmek ve elde etti\u011fi [&hellip;]<\/p>\n","protected":false},"author":244,"featured_media":0,"parent":0,"menu_order":0,"comment_status":"closed","ping_status":"closed","template":"","meta":{"footnotes":""},"class_list":["post-7303","page","type-page","status-publish","hentry"],"_links":{"self":[{"href":"https:\/\/atauni.edu.tr\/ilahiyat-fakultesi\/wp-json\/wp\/v2\/pages\/7303","targetHints":{"allow":["GET"]}}],"collection":[{"href":"https:\/\/atauni.edu.tr\/ilahiyat-fakultesi\/wp-json\/wp\/v2\/pages"}],"about":[{"href":"https:\/\/atauni.edu.tr\/ilahiyat-fakultesi\/wp-json\/wp\/v2\/types\/page"}],"author":[{"embeddable":true,"href":"https:\/\/atauni.edu.tr\/ilahiyat-fakultesi\/wp-json\/wp\/v2\/users\/244"}],"replies":[{"embeddable":true,"href":"https:\/\/atauni.edu.tr\/ilahiyat-fakultesi\/wp-json\/wp\/v2\/comments?post=7303"}],"version-history":[{"count":55,"href":"https:\/\/atauni.edu.tr\/ilahiyat-fakultesi\/wp-json\/wp\/v2\/pages\/7303\/revisions"}],"predecessor-version":[{"id":22749,"href":"https:\/\/atauni.edu.tr\/ilahiyat-fakultesi\/wp-json\/wp\/v2\/pages\/7303\/revisions\/22749"}],"wp:attachment":[{"href":"https:\/\/atauni.edu.tr\/ilahiyat-fakultesi\/wp-json\/wp\/v2\/media?parent=7303"}],"curies":[{"name":"wp","href":"https:\/\/api.w.org\/{rel}","templated":true}]}}