{"id":7468,"date":"2021-10-04T10:14:57","date_gmt":"2021-10-04T07:14:57","guid":{"rendered":"https:\/\/birimler.atauni.edu.tr\/ilahiyat-fakultesi\/?page_id=7468"},"modified":"2022-04-08T15:58:43","modified_gmt":"2022-04-08T12:58:43","slug":"yonetim-sistemi-politikamiz","status":"publish","type":"page","link":"https:\/\/atauni.edu.tr\/ilahiyat-fakultesi\/yonetim-sistemi-politikamiz\/","title":{"rendered":"Y\u00f6netim Sistemi Politikam\u0131z"},"content":{"rendered":"\t\t<div data-elementor-type=\"wp-page\" data-elementor-id=\"7468\" class=\"elementor elementor-7468\" data-elementor-post-type=\"page\">\n\t\t\t\t\t\t<section class=\"elementor-section elementor-top-section elementor-element elementor-element-6f3483b elementor-section-boxed elementor-section-height-default elementor-section-height-default\" data-id=\"6f3483b\" data-element_type=\"section\">\n\t\t\t\t\t\t<div class=\"elementor-container elementor-column-gap-default\">\n\t\t\t\t\t<div class=\"elementor-column elementor-col-50 elementor-top-column elementor-element elementor-element-69a5e1d\" data-id=\"69a5e1d\" data-element_type=\"column\">\n\t\t\t<div class=\"elementor-widget-wrap elementor-element-populated\">\n\t\t\t\t\t\t<div class=\"elementor-element elementor-element-091aa0a elementor-widget__width-initial elementor-absolute elementor-widget elementor-widget-image\" data-id=\"091aa0a\" data-element_type=\"widget\" data-settings=\"{&quot;_position&quot;:&quot;absolute&quot;}\" data-widget_type=\"image.default\">\n\t\t\t\t<div class=\"elementor-widget-container\">\n\t\t\t\t\t\t\t\t\t\t\t\t\t\t\t<img fetchpriority=\"high\" decoding=\"async\" width=\"1024\" height=\"673\" src=\"https:\/\/atauni.edu.tr\/ilahiyat-fakultesi\/wp-content\/uploads\/sites\/65\/2021\/10\/0C0A0901-1024x673.jpg\" class=\"attachment-large size-large wp-image-7473\" alt=\"\" srcset=\"https:\/\/atauni.edu.tr\/ilahiyat-fakultesi\/wp-content\/uploads\/sites\/65\/2021\/10\/0C0A0901-1024x673.jpg 1024w, https:\/\/atauni.edu.tr\/ilahiyat-fakultesi\/wp-content\/uploads\/sites\/65\/2021\/10\/0C0A0901-300x197.jpg 300w, https:\/\/atauni.edu.tr\/ilahiyat-fakultesi\/wp-content\/uploads\/sites\/65\/2021\/10\/0C0A0901-768x504.jpg 768w, https:\/\/atauni.edu.tr\/ilahiyat-fakultesi\/wp-content\/uploads\/sites\/65\/2021\/10\/0C0A0901-1536x1009.jpg 1536w, https:\/\/atauni.edu.tr\/ilahiyat-fakultesi\/wp-content\/uploads\/sites\/65\/2021\/10\/0C0A0901-2048x1345.jpg 2048w, https:\/\/atauni.edu.tr\/ilahiyat-fakultesi\/wp-content\/uploads\/sites\/65\/2021\/10\/0C0A0901-600x394.jpg 600w, https:\/\/atauni.edu.tr\/ilahiyat-fakultesi\/wp-content\/uploads\/sites\/65\/2021\/10\/0C0A0901-560x368.jpg 560w\" sizes=\"(max-width: 1024px) 100vw, 1024px\" \/>\t\t\t\t\t\t\t\t\t\t\t\t\t\t\t<\/div>\n\t\t\t\t<\/div>\n\t\t\t\t<div class=\"elementor-element elementor-element-57070eb elementor-widget__width-initial elementor-absolute elementor-widget elementor-widget-image\" data-id=\"57070eb\" data-element_type=\"widget\" data-settings=\"{&quot;_position&quot;:&quot;absolute&quot;}\" data-widget_type=\"image.default\">\n\t\t\t\t<div class=\"elementor-widget-container\">\n\t\t\t\t\t\t\t\t\t\t\t\t\t\t\t<img decoding=\"async\" width=\"768\" height=\"512\" src=\"https:\/\/atauni.edu.tr\/ilahiyat-fakultesi\/wp-content\/uploads\/sites\/65\/2021\/10\/0C0A0905-768x512.jpg\" class=\"attachment-medium_large size-medium_large wp-image-7472\" alt=\"\" srcset=\"https:\/\/atauni.edu.tr\/ilahiyat-fakultesi\/wp-content\/uploads\/sites\/65\/2021\/10\/0C0A0905-768x512.jpg 768w, https:\/\/atauni.edu.tr\/ilahiyat-fakultesi\/wp-content\/uploads\/sites\/65\/2021\/10\/0C0A0905-300x200.jpg 300w, https:\/\/atauni.edu.tr\/ilahiyat-fakultesi\/wp-content\/uploads\/sites\/65\/2021\/10\/0C0A0905-1024x683.jpg 1024w, https:\/\/atauni.edu.tr\/ilahiyat-fakultesi\/wp-content\/uploads\/sites\/65\/2021\/10\/0C0A0905-1536x1024.jpg 1536w, https:\/\/atauni.edu.tr\/ilahiyat-fakultesi\/wp-content\/uploads\/sites\/65\/2021\/10\/0C0A0905-2048x1365.jpg 2048w, https:\/\/atauni.edu.tr\/ilahiyat-fakultesi\/wp-content\/uploads\/sites\/65\/2021\/10\/0C0A0905-600x400.jpg 600w, https:\/\/atauni.edu.tr\/ilahiyat-fakultesi\/wp-content\/uploads\/sites\/65\/2021\/10\/0C0A0905-560x373.jpg 560w\" sizes=\"(max-width: 768px) 100vw, 768px\" \/>\t\t\t\t\t\t\t\t\t\t\t\t\t\t\t<\/div>\n\t\t\t\t<\/div>\n\t\t\t\t\t<\/div>\n\t\t<\/div>\n\t\t\t\t<div class=\"elementor-column elementor-col-50 elementor-top-column elementor-element elementor-element-33aa306\" data-id=\"33aa306\" data-element_type=\"column\">\n\t\t\t<div class=\"elementor-widget-wrap elementor-element-populated\">\n\t\t\t\t\t\t<div class=\"elementor-element elementor-element-420ef5b elementor-widget elementor-widget-heading\" data-id=\"420ef5b\" data-element_type=\"widget\" data-widget_type=\"heading.default\">\n\t\t\t\t<div class=\"elementor-widget-container\">\n\t\t\t\t\t<h4 class=\"elementor-heading-title elementor-size-default\"><b>Y\u00f6netim Sistemi Politikam\u0131z<\/b><\/h4>\t\t\t\t<\/div>\n\t\t\t\t<\/div>\n\t\t\t\t<div class=\"elementor-element elementor-element-9066c17 elementor-widget__width-inherit elementor-absolute elementor-widget-divider--view-line elementor-widget elementor-widget-divider\" data-id=\"9066c17\" data-element_type=\"widget\" data-settings=\"{&quot;_position&quot;:&quot;absolute&quot;}\" data-widget_type=\"divider.default\">\n\t\t\t\t<div class=\"elementor-widget-container\">\n\t\t\t\t\t\t\t<div class=\"elementor-divider\">\n\t\t\t<span class=\"elementor-divider-separator\">\n\t\t\t\t\t\t<\/span>\n\t\t<\/div>\n\t\t\t\t\t\t<\/div>\n\t\t\t\t<\/div>\n\t\t\t\t<div class=\"elementor-element elementor-element-9787715 elementor-invisible elementor-widget elementor-widget-text-editor\" data-id=\"9787715\" data-element_type=\"widget\" data-settings=\"{&quot;_animation&quot;:&quot;zoomIn&quot;}\" data-widget_type=\"text-editor.default\">\n\t\t\t\t<div class=\"elementor-widget-container\">\n\t\t\t\t\t\t\t\t\t<p>Fak\u00fcltemiz kalite g\u00fcvence sistemini kurum i\u00e7inde yayg\u0131nla\u015ft\u0131rmak i\u00e7in y\u00f6netim sistemini etkin bir \u015fekilde kullanmay\u0131 ama\u00e7lar. Kaynaklar\u0131n etkin olarak kullan\u0131m\u0131na y\u00f6nelik \u015feffaf ve hesap verilebilir y\u00f6netim anlay\u0131\u015f\u0131 benimsenir. Kurumsalla\u015fma \u00e7al\u0131\u015fmalar\u0131n yo\u011funluk verilerek fak\u00fcltemizin en y\u00fcksek standartlar\u0131na ula\u015fmas\u0131 i\u00e7in nitelikli akademik ve idari personel istihdam edilmeye \u00e7al\u0131\u015f\u0131l\u0131r. Y\u00f6netim sisteminin geli\u015fmesi i\u00e7in en \u00f6nemli mekanizmalardan biri s\u00fcrekli iyile\u015ftirme faaliyetlerini y\u00fcr\u00fctmektir.<\/p>\n<p><b><u>Y\u00f6netim Sistemi Politikam\u0131z\u0131n ilkeleri \u015funlard\u0131r;<\/u><\/b><br>\u2022 Kalite g\u00fcvence sisteminin i\u015fletilmesini ve yayg\u0131nla\u015ft\u0131r\u0131lmas\u0131n\u0131 sa\u011flayarak y\u00f6netim sistemini etkin k\u0131lmak,<\/p><p><br>\u2022 Kaynaklar\u0131n etkin ve verimli bir \u015fekilde kullan\u0131m\u0131n\u0131 sa\u011flamaya y\u00f6nelik \u015feffaf ve hesap verebilir bir y\u00f6netim anlay\u0131\u015f\u0131 benimsemek,<\/p><p><br>\u2022 Kurumsalla\u015fman\u0131n g\u00fc\u00e7lendirilmesini sa\u011flayarak nitelikli akademik ve idari personelin istihdam edilmesini sa\u011flamak,<\/p><p><br>\u2022 \u00d6\u011frenciler, mezunlar, akademik ve idari personelin kurum k\u00fclt\u00fcr\u00fc, aidiyet duygusunu g\u00fc\u00e7lendirmek,<\/p><p><br>\u2022 S\u00fcrekli iyile\u015ftirmeyi hedefleyen y\u00f6netim sistemi \u00e7al\u0131\u015fmalar\u0131n\u0131 sistematik olarak y\u00fcr\u00fctmek.<\/p>\t\t\t\t\t\t\t\t<\/div>\n\t\t\t\t<\/div>\n\t\t\t\t\t<\/div>\n\t\t<\/div>\n\t\t\t\t\t<\/div>\n\t\t<\/section>\n\t\t\t\t<\/div>\n\t\t","protected":false},"excerpt":{"rendered":"<p>Y\u00f6netim Sistemi Politikam\u0131z Fak\u00fcltemiz kalite g\u00fcvence sistemini kurum i\u00e7inde yayg\u0131nla\u015ft\u0131rmak i\u00e7in y\u00f6netim sistemini etkin bir \u015fekilde kullanmay\u0131 ama\u00e7lar. Kaynaklar\u0131n etkin olarak kullan\u0131m\u0131na y\u00f6nelik \u015feffaf ve hesap verilebilir y\u00f6netim anlay\u0131\u015f\u0131 benimsenir. Kurumsalla\u015fma \u00e7al\u0131\u015fmalar\u0131n yo\u011funluk verilerek fak\u00fcltemizin en y\u00fcksek standartlar\u0131na ula\u015fmas\u0131 i\u00e7in nitelikli akademik ve idari personel istihdam edilmeye \u00e7al\u0131\u015f\u0131l\u0131r. Y\u00f6netim sisteminin geli\u015fmesi i\u00e7in en \u00f6nemli mekanizmalardan [&hellip;]<\/p>\n","protected":false},"author":244,"featured_media":0,"parent":0,"menu_order":0,"comment_status":"closed","ping_status":"closed","template":"","meta":{"footnotes":""},"class_list":["post-7468","page","type-page","status-publish","hentry"],"_links":{"self":[{"href":"https:\/\/atauni.edu.tr\/ilahiyat-fakultesi\/wp-json\/wp\/v2\/pages\/7468","targetHints":{"allow":["GET"]}}],"collection":[{"href":"https:\/\/atauni.edu.tr\/ilahiyat-fakultesi\/wp-json\/wp\/v2\/pages"}],"about":[{"href":"https:\/\/atauni.edu.tr\/ilahiyat-fakultesi\/wp-json\/wp\/v2\/types\/page"}],"author":[{"embeddable":true,"href":"https:\/\/atauni.edu.tr\/ilahiyat-fakultesi\/wp-json\/wp\/v2\/users\/244"}],"replies":[{"embeddable":true,"href":"https:\/\/atauni.edu.tr\/ilahiyat-fakultesi\/wp-json\/wp\/v2\/comments?post=7468"}],"version-history":[{"count":43,"href":"https:\/\/atauni.edu.tr\/ilahiyat-fakultesi\/wp-json\/wp\/v2\/pages\/7468\/revisions"}],"predecessor-version":[{"id":12165,"href":"https:\/\/atauni.edu.tr\/ilahiyat-fakultesi\/wp-json\/wp\/v2\/pages\/7468\/revisions\/12165"}],"wp:attachment":[{"href":"https:\/\/atauni.edu.tr\/ilahiyat-fakultesi\/wp-json\/wp\/v2\/media?parent=7468"}],"curies":[{"name":"wp","href":"https:\/\/api.w.org\/{rel}","templated":true}]}}