{"id":7505,"date":"2021-10-04T11:22:54","date_gmt":"2021-10-04T08:22:54","guid":{"rendered":"https:\/\/birimler.atauni.edu.tr\/ilahiyat-fakultesi\/?page_id=7505"},"modified":"2021-11-23T10:03:39","modified_gmt":"2021-11-23T07:03:39","slug":"akreditasyon-politikasi","status":"publish","type":"page","link":"https:\/\/atauni.edu.tr\/ilahiyat-fakultesi\/akreditasyon-politikasi\/","title":{"rendered":"Akreditasyon Politikas\u0131"},"content":{"rendered":"\t\t<div data-elementor-type=\"wp-page\" data-elementor-id=\"7505\" class=\"elementor elementor-7505\" data-elementor-post-type=\"page\">\n\t\t\t\t\t\t<section class=\"elementor-section elementor-top-section elementor-element elementor-element-5febe32 elementor-section-boxed elementor-section-height-default elementor-section-height-default\" data-id=\"5febe32\" data-element_type=\"section\">\n\t\t\t\t\t\t<div class=\"elementor-container elementor-column-gap-default\">\n\t\t\t\t\t<div class=\"elementor-column elementor-col-50 elementor-top-column elementor-element elementor-element-87a4e81\" data-id=\"87a4e81\" data-element_type=\"column\">\n\t\t\t<div class=\"elementor-widget-wrap elementor-element-populated\">\n\t\t\t\t\t\t<div class=\"elementor-element elementor-element-13feea2 elementor-invisible elementor-widget elementor-widget-image\" data-id=\"13feea2\" data-element_type=\"widget\" data-settings=\"{&quot;_animation&quot;:&quot;fadeInLeft&quot;}\" data-widget_type=\"image.default\">\n\t\t\t\t<div class=\"elementor-widget-container\">\n\t\t\t\t\t\t\t\t\t\t\t\t\t\t\t<img fetchpriority=\"high\" decoding=\"async\" width=\"400\" height=\"240\" src=\"https:\/\/atauni.edu.tr\/ilahiyat-fakultesi\/wp-content\/uploads\/sites\/65\/2021\/10\/puko-dongusu-1.png\" class=\"attachment-large size-large wp-image-7508\" alt=\"\" srcset=\"https:\/\/atauni.edu.tr\/ilahiyat-fakultesi\/wp-content\/uploads\/sites\/65\/2021\/10\/puko-dongusu-1.png 400w, https:\/\/atauni.edu.tr\/ilahiyat-fakultesi\/wp-content\/uploads\/sites\/65\/2021\/10\/puko-dongusu-1-300x180.png 300w\" sizes=\"(max-width: 400px) 100vw, 400px\" \/>\t\t\t\t\t\t\t\t\t\t\t\t\t\t\t<\/div>\n\t\t\t\t<\/div>\n\t\t\t\t\t<\/div>\n\t\t<\/div>\n\t\t\t\t<div class=\"elementor-column elementor-col-50 elementor-top-column elementor-element elementor-element-ba23bac elementor-invisible\" data-id=\"ba23bac\" data-element_type=\"column\" data-settings=\"{&quot;animation&quot;:&quot;fadeInRight&quot;}\">\n\t\t\t<div class=\"elementor-widget-wrap elementor-element-populated\">\n\t\t\t\t\t\t<div class=\"elementor-element elementor-element-cc84cd3 elementor-widget elementor-widget-heading\" data-id=\"cc84cd3\" data-element_type=\"widget\" data-widget_type=\"heading.default\">\n\t\t\t\t<div class=\"elementor-widget-container\">\n\t\t\t\t\t<h4 class=\"elementor-heading-title elementor-size-default\"><b><u>Akreditasyon Politikam\u0131z<\/u><\/b><\/h4>\t\t\t\t<\/div>\n\t\t\t\t<\/div>\n\t\t\t\t<div class=\"elementor-element elementor-element-d12bb9d elementor-widget elementor-widget-text-editor\" data-id=\"d12bb9d\" data-element_type=\"widget\" data-widget_type=\"text-editor.default\">\n\t\t\t\t<div class=\"elementor-widget-container\">\n\t\t\t\t\t\t\t\t\t<p>Fak\u00fcltemiz, kaliteye \u00f6ncelik veren, payda\u015f kat\u0131l\u0131m\u0131 esasl\u0131 ve \u00f6\u011frenci odakl\u0131 anlay\u0131\u015fla, e\u011fitim-\u00f6\u011fretim, ara\u015ft\u0131rma-geli\u015ftirme ve toplumsal katk\u0131 alanlar\u0131nda bir\u00e7ok yenilik yapmay\u0131 hedeflemektedir. Kalite g\u00fcvence sistemini benimseyerek t\u00fcm faaliyetlerini tan\u0131ml\u0131 s\u00fcre\u00e7ler dahilinde \u015feffaf bir politika ile izlemekte ve ilgili t\u00fcm bilgi ve belgeleri payda\u015flar ve kamuoyu ile payla\u015fmaktad\u0131r. Fak\u00fcltemiz, kurumsal ve program seviyesindeki akreditasyon i\u00e7in b\u00fct\u00fcn a\u015famalardaki \u00e7al\u0131\u015fmalar\u0131n\u0131 \u201cPlanla-Uygula Kontrol Et- \u00d6nlem Al (PUK\u00d6)\u201d d\u00f6ng\u00fcs\u00fc temelinde y\u00fcr\u00fctmektedir.<\/p>\t\t\t\t\t\t\t\t<\/div>\n\t\t\t\t<\/div>\n\t\t\t\t\t<\/div>\n\t\t<\/div>\n\t\t\t\t\t<\/div>\n\t\t<\/section>\n\t\t\t\t<\/div>\n\t\t","protected":false},"excerpt":{"rendered":"<p>Akreditasyon Politikam\u0131z Fak\u00fcltemiz, kaliteye \u00f6ncelik veren, payda\u015f kat\u0131l\u0131m\u0131 esasl\u0131 ve \u00f6\u011frenci odakl\u0131 anlay\u0131\u015fla, e\u011fitim-\u00f6\u011fretim, ara\u015ft\u0131rma-geli\u015ftirme ve toplumsal katk\u0131 alanlar\u0131nda bir\u00e7ok yenilik yapmay\u0131 hedeflemektedir. Kalite g\u00fcvence sistemini benimseyerek t\u00fcm faaliyetlerini tan\u0131ml\u0131 s\u00fcre\u00e7ler dahilinde \u015feffaf bir politika ile izlemekte ve ilgili t\u00fcm bilgi ve belgeleri payda\u015flar ve kamuoyu ile payla\u015fmaktad\u0131r. Fak\u00fcltemiz, kurumsal ve program seviyesindeki akreditasyon i\u00e7in [&hellip;]<\/p>\n","protected":false},"author":244,"featured_media":0,"parent":0,"menu_order":0,"comment_status":"closed","ping_status":"closed","template":"","meta":{"footnotes":""},"class_list":["post-7505","page","type-page","status-publish","hentry"],"_links":{"self":[{"href":"https:\/\/atauni.edu.tr\/ilahiyat-fakultesi\/wp-json\/wp\/v2\/pages\/7505","targetHints":{"allow":["GET"]}}],"collection":[{"href":"https:\/\/atauni.edu.tr\/ilahiyat-fakultesi\/wp-json\/wp\/v2\/pages"}],"about":[{"href":"https:\/\/atauni.edu.tr\/ilahiyat-fakultesi\/wp-json\/wp\/v2\/types\/page"}],"author":[{"embeddable":true,"href":"https:\/\/atauni.edu.tr\/ilahiyat-fakultesi\/wp-json\/wp\/v2\/users\/244"}],"replies":[{"embeddable":true,"href":"https:\/\/atauni.edu.tr\/ilahiyat-fakultesi\/wp-json\/wp\/v2\/comments?post=7505"}],"version-history":[{"count":16,"href":"https:\/\/atauni.edu.tr\/ilahiyat-fakultesi\/wp-json\/wp\/v2\/pages\/7505\/revisions"}],"predecessor-version":[{"id":10948,"href":"https:\/\/atauni.edu.tr\/ilahiyat-fakultesi\/wp-json\/wp\/v2\/pages\/7505\/revisions\/10948"}],"wp:attachment":[{"href":"https:\/\/atauni.edu.tr\/ilahiyat-fakultesi\/wp-json\/wp\/v2\/media?parent=7505"}],"curies":[{"name":"wp","href":"https:\/\/api.w.org\/{rel}","templated":true}]}}