{"id":7636,"date":"2021-10-04T16:40:04","date_gmt":"2021-10-04T13:40:04","guid":{"rendered":"https:\/\/birimler.atauni.edu.tr\/ilahiyat-fakultesi\/?page_id=7636"},"modified":"2021-10-12T10:46:28","modified_gmt":"2021-10-12T07:46:28","slug":"swot-analizi","status":"publish","type":"page","link":"https:\/\/atauni.edu.tr\/ilahiyat-fakultesi\/swot-analizi\/","title":{"rendered":"Swot Analizi"},"content":{"rendered":"\t\t<div data-elementor-type=\"wp-page\" data-elementor-id=\"7636\" class=\"elementor elementor-7636\" data-elementor-post-type=\"page\">\n\t\t\t\t\t\t<section class=\"elementor-section elementor-top-section elementor-element elementor-element-9cd5edd elementor-section-boxed elementor-section-height-default elementor-section-height-default\" data-id=\"9cd5edd\" data-element_type=\"section\">\n\t\t\t\t\t\t<div class=\"elementor-container elementor-column-gap-default\">\n\t\t\t\t\t<div class=\"elementor-column elementor-col-100 elementor-top-column elementor-element elementor-element-07f9b07\" data-id=\"07f9b07\" data-element_type=\"column\">\n\t\t\t<div class=\"elementor-widget-wrap elementor-element-populated\">\n\t\t\t\t\t\t<div class=\"elementor-element elementor-element-f66f39d elementor-widget elementor-widget-heading\" data-id=\"f66f39d\" data-element_type=\"widget\" data-widget_type=\"heading.default\">\n\t\t\t\t<div class=\"elementor-widget-container\">\n\t\t\t\t\t<h2 class=\"elementor-heading-title elementor-size-default\"><font color=\"#0d1461\" face=\"Podkova, sans-serif\"><span style=\"font-size: 21px\">Swot Analizi<\/span><\/font><\/h2>\t\t\t\t<\/div>\n\t\t\t\t<\/div>\n\t\t\t\t<div class=\"elementor-element elementor-element-b70b1dc elementor-widget-divider--view-line elementor-widget elementor-widget-divider\" data-id=\"b70b1dc\" data-element_type=\"widget\" data-widget_type=\"divider.default\">\n\t\t\t\t<div class=\"elementor-widget-container\">\n\t\t\t\t\t\t\t<div class=\"elementor-divider\">\n\t\t\t<span class=\"elementor-divider-separator\">\n\t\t\t\t\t\t<\/span>\n\t\t<\/div>\n\t\t\t\t\t\t<\/div>\n\t\t\t\t<\/div>\n\t\t\t\t<div class=\"elementor-element elementor-element-f6b1273 elementor-position-left elementor-vertical-align-top elementor-invisible elementor-widget elementor-widget-image-box\" data-id=\"f6b1273\" data-element_type=\"widget\" data-settings=\"{&quot;_animation&quot;:&quot;zoomIn&quot;}\" data-widget_type=\"image-box.default\">\n\t\t\t\t<div class=\"elementor-widget-container\">\n\t\t\t\t\t<div class=\"elementor-image-box-wrapper\"><figure class=\"elementor-image-box-img\"><a href=\"http:\/\/birimler.atauni.edu.tr\/ilahiyat-fakultesi\/wp-content\/uploads\/sites\/65\/2020\/07\/Swot-Analizi.pdf\" tabindex=\"-1\"><img decoding=\"async\" width=\"300\" height=\"165\" src=\"https:\/\/atauni.edu.tr\/ilahiyat-fakultesi\/wp-content\/uploads\/sites\/65\/2020\/07\/swot-analizi-nedir-nasil-yapilir-1-e1633417586368-300x165.jpg\" class=\"attachment-medium size-medium wp-image-7666\" alt=\"\" srcset=\"https:\/\/atauni.edu.tr\/ilahiyat-fakultesi\/wp-content\/uploads\/sites\/65\/2020\/07\/swot-analizi-nedir-nasil-yapilir-1-e1633417586368-300x165.jpg 300w, https:\/\/atauni.edu.tr\/ilahiyat-fakultesi\/wp-content\/uploads\/sites\/65\/2020\/07\/swot-analizi-nedir-nasil-yapilir-1-e1633417586368-768x422.jpg 768w, https:\/\/atauni.edu.tr\/ilahiyat-fakultesi\/wp-content\/uploads\/sites\/65\/2020\/07\/swot-analizi-nedir-nasil-yapilir-1-e1633417586368-600x330.jpg 600w, https:\/\/atauni.edu.tr\/ilahiyat-fakultesi\/wp-content\/uploads\/sites\/65\/2020\/07\/swot-analizi-nedir-nasil-yapilir-1-e1633417586368-560x308.jpg 560w, https:\/\/atauni.edu.tr\/ilahiyat-fakultesi\/wp-content\/uploads\/sites\/65\/2020\/07\/swot-analizi-nedir-nasil-yapilir-1-e1633417586368.jpg 800w\" sizes=\"(max-width: 300px) 100vw, 300px\" \/><\/a><\/figure><\/div>\t\t\t\t<\/div>\n\t\t\t\t<\/div>\n\t\t\t\t<div class=\"elementor-element elementor-element-2c372db elementor-widget elementor-widget-text-editor\" data-id=\"2c372db\" data-element_type=\"widget\" data-widget_type=\"text-editor.default\">\n\t\t\t\t<div class=\"elementor-widget-container\">\n\t\t\t\t\t\t\t\t\t<p><a href=\"http:\/\/birimler.atauni.edu.tr\/ilahiyat-fakultesi\/wp-content\/uploads\/sites\/65\/2020\/07\/Swot-Analizi.pdf\">Swot Analizi<\/a>\u00a0i\u00e7in g\u00f6rsele t\u0131klay\u0131n\u0131z.<\/p>\t\t\t\t\t\t\t\t<\/div>\n\t\t\t\t<\/div>\n\t\t\t\t\t<\/div>\n\t\t<\/div>\n\t\t\t\t\t<\/div>\n\t\t<\/section>\n\t\t\t\t<\/div>\n\t\t","protected":false},"excerpt":{"rendered":"<p>Swot Analizi Swot Analizi\u00a0i\u00e7in g\u00f6rsele t\u0131klay\u0131n\u0131z.<\/p>\n","protected":false},"author":244,"featured_media":0,"parent":0,"menu_order":0,"comment_status":"closed","ping_status":"closed","template":"","meta":{"footnotes":""},"class_list":["post-7636","page","type-page","status-publish","hentry"],"_links":{"self":[{"href":"https:\/\/atauni.edu.tr\/ilahiyat-fakultesi\/wp-json\/wp\/v2\/pages\/7636","targetHints":{"allow":["GET"]}}],"collection":[{"href":"https:\/\/atauni.edu.tr\/ilahiyat-fakultesi\/wp-json\/wp\/v2\/pages"}],"about":[{"href":"https:\/\/atauni.edu.tr\/ilahiyat-fakultesi\/wp-json\/wp\/v2\/types\/page"}],"author":[{"embeddable":true,"href":"https:\/\/atauni.edu.tr\/ilahiyat-fakultesi\/wp-json\/wp\/v2\/users\/244"}],"replies":[{"embeddable":true,"href":"https:\/\/atauni.edu.tr\/ilahiyat-fakultesi\/wp-json\/wp\/v2\/comments?post=7636"}],"version-history":[{"count":19,"href":"https:\/\/atauni.edu.tr\/ilahiyat-fakultesi\/wp-json\/wp\/v2\/pages\/7636\/revisions"}],"predecessor-version":[{"id":9113,"href":"https:\/\/atauni.edu.tr\/ilahiyat-fakultesi\/wp-json\/wp\/v2\/pages\/7636\/revisions\/9113"}],"wp:attachment":[{"href":"https:\/\/atauni.edu.tr\/ilahiyat-fakultesi\/wp-json\/wp\/v2\/media?parent=7636"}],"curies":[{"name":"wp","href":"https:\/\/api.w.org\/{rel}","templated":true}]}}