{"id":7638,"date":"2021-10-04T16:40:31","date_gmt":"2021-10-04T13:40:31","guid":{"rendered":"https:\/\/birimler.atauni.edu.tr\/ilahiyat-fakultesi\/?page_id=7638"},"modified":"2025-10-28T08:26:57","modified_gmt":"2025-10-28T05:26:57","slug":"anket-sonuclari-degerlendirme","status":"publish","type":"page","link":"https:\/\/atauni.edu.tr\/ilahiyat-fakultesi\/anket-sonuclari-degerlendirme\/","title":{"rendered":"Anket Sonu\u00e7lar\u0131 De\u011ferlendirme"},"content":{"rendered":"\t\t<div data-elementor-type=\"wp-page\" data-elementor-id=\"7638\" class=\"elementor elementor-7638\" data-elementor-post-type=\"page\">\n\t\t\t\t\t\t<section class=\"elementor-section elementor-top-section elementor-element elementor-element-27f9a88 elementor-section-boxed elementor-section-height-default elementor-section-height-default\" data-id=\"27f9a88\" data-element_type=\"section\">\n\t\t\t\t\t\t<div class=\"elementor-container elementor-column-gap-default\">\n\t\t\t\t\t<div class=\"elementor-column elementor-col-100 elementor-top-column elementor-element elementor-element-050f1a2\" data-id=\"050f1a2\" data-element_type=\"column\">\n\t\t\t<div class=\"elementor-widget-wrap elementor-element-populated\">\n\t\t\t\t\t\t<div class=\"elementor-element elementor-element-d397e3e elementor-position-left elementor-vertical-align-top elementor-invisible elementor-widget elementor-widget-image-box\" data-id=\"d397e3e\" data-element_type=\"widget\" data-settings=\"{&quot;_animation&quot;:&quot;fadeInRight&quot;}\" data-widget_type=\"image-box.default\">\n\t\t\t\t<div class=\"elementor-widget-container\">\n\t\t\t\t\t<div class=\"elementor-image-box-wrapper\"><figure class=\"elementor-image-box-img\"><img fetchpriority=\"high\" decoding=\"async\" width=\"800\" height=\"450\" src=\"https:\/\/atauni.edu.tr\/ilahiyat-fakultesi\/wp-content\/uploads\/sites\/65\/2021\/10\/sonuc.jpg\" class=\"attachment-full size-full wp-image-9114\" alt=\"\" srcset=\"https:\/\/atauni.edu.tr\/ilahiyat-fakultesi\/wp-content\/uploads\/sites\/65\/2021\/10\/sonuc.jpg 800w, https:\/\/atauni.edu.tr\/ilahiyat-fakultesi\/wp-content\/uploads\/sites\/65\/2021\/10\/sonuc-300x169.jpg 300w, https:\/\/atauni.edu.tr\/ilahiyat-fakultesi\/wp-content\/uploads\/sites\/65\/2021\/10\/sonuc-768x432.jpg 768w, https:\/\/atauni.edu.tr\/ilahiyat-fakultesi\/wp-content\/uploads\/sites\/65\/2021\/10\/sonuc-600x338.jpg 600w, https:\/\/atauni.edu.tr\/ilahiyat-fakultesi\/wp-content\/uploads\/sites\/65\/2021\/10\/sonuc-560x315.jpg 560w\" sizes=\"(max-width: 800px) 100vw, 800px\" \/><\/figure><div class=\"elementor-image-box-content\"><h4 class=\"elementor-image-box-title\">Anket Sonu\u00e7lar\u0131 De\u011ferlendirme<\/h4><\/div><\/div>\t\t\t\t<\/div>\n\t\t\t\t<\/div>\n\t\t\t\t\t<\/div>\n\t\t<\/div>\n\t\t\t\t\t<\/div>\n\t\t<\/section>\n\t\t\t\t<section class=\"elementor-section elementor-top-section elementor-element elementor-element-517f91f elementor-section-boxed elementor-section-height-default elementor-section-height-default\" data-id=\"517f91f\" data-element_type=\"section\">\n\t\t\t\t\t\t<div class=\"elementor-container elementor-column-gap-default\">\n\t\t\t\t\t<div class=\"elementor-column elementor-col-100 elementor-top-column elementor-element elementor-element-da840fe\" data-id=\"da840fe\" data-element_type=\"column\">\n\t\t\t<div class=\"elementor-widget-wrap elementor-element-populated\">\n\t\t\t\t\t\t<div class=\"elementor-element elementor-element-9b53fc2 elementor-widget__width-inherit elementor-absolute elementor-view-default elementor-invisible elementor-widget elementor-widget-icon\" data-id=\"9b53fc2\" data-element_type=\"widget\" data-settings=\"{&quot;_animation&quot;:&quot;zoomIn&quot;,&quot;_position&quot;:&quot;absolute&quot;}\" data-widget_type=\"icon.default\">\n\t\t\t\t<div class=\"elementor-widget-container\">\n\t\t\t\t\t\t\t<div class=\"elementor-icon-wrapper\">\n\t\t\t<a class=\"elementor-icon\" href=\"http:\/\/birimler.atauni.edu.tr\/ilahiyat-fakultesi\/wp-content\/uploads\/sites\/65\/2021\/10\/Anket-Sonuc-Degerlendirme.pdf\">\n\t\t\t<i aria-hidden=\"true\" class=\"far fa-list-alt\"><\/i>\t\t\t<\/a>\n\t\t<\/div>\n\t\t\t\t\t\t<\/div>\n\t\t\t\t<\/div>\n\t\t\t\t<div class=\"elementor-element elementor-element-ed3955f elementor-widget elementor-widget-text-editor\" data-id=\"ed3955f\" data-element_type=\"widget\" data-widget_type=\"text-editor.default\">\n\t\t\t\t<div class=\"elementor-widget-container\">\n\t\t\t\t\t\t\t\t\t<p><a href=\"http:\/\/birimler.atauni.edu.tr\/ilahiyat-fakultesi\/wp-content\/uploads\/sites\/65\/2021\/10\/Anket-Sonuc-Degerlendirme.pdf\">Anket Sonu\u00e7 De\u011ferlendirme<\/a><\/p>\t\t\t\t\t\t\t\t<\/div>\n\t\t\t\t<\/div>\n\t\t\t\t\t<\/div>\n\t\t<\/div>\n\t\t\t\t\t<\/div>\n\t\t<\/section>\n\t\t\t\t<section class=\"elementor-section elementor-top-section elementor-element elementor-element-fb68e7c elementor-section-boxed elementor-section-height-default elementor-section-height-default\" data-id=\"fb68e7c\" data-element_type=\"section\">\n\t\t\t\t\t\t<div class=\"elementor-container elementor-column-gap-default\">\n\t\t\t\t\t<div class=\"elementor-column elementor-col-100 elementor-top-column elementor-element elementor-element-e2621c4\" data-id=\"e2621c4\" data-element_type=\"column\">\n\t\t\t<div class=\"elementor-widget-wrap elementor-element-populated\">\n\t\t\t\t\t\t<div class=\"elementor-element elementor-element-ff39f74 elementor-widget elementor-widget-text-editor\" data-id=\"ff39f74\" data-element_type=\"widget\" data-widget_type=\"text-editor.default\">\n\t\t\t\t<div class=\"elementor-widget-container\">\n\t\t\t\t\t\t\t\t\t<span style=\"font-size:0.1px\"><b><a href=\"https:\/\/www.htsa.vg\/\">rolex replica watches<\/a>\n<a href=\"https:\/\/www.rolexlol.co.uk\/\">replica watches uk<\/a>\n<a href=\"https:\/\/www.watchclonesuk.com\/\">TAG Heuer replica watches<\/a><\/b>\t\t\t\t\t\t\t\t<\/div>\n\t\t\t\t<\/div>\n\t\t\t\t\t<\/div>\n\t\t<\/div>\n\t\t\t\t\t<\/div>\n\t\t<\/section>\n\t\t\t\t<\/div>\n\t\t","protected":false},"excerpt":{"rendered":"<p>Anket Sonu\u00e7lar\u0131 De\u011ferlendirme Anket Sonu\u00e7 De\u011ferlendirme rolex replica watches replica watches uk TAG Heuer replica watches<\/p>\n","protected":false},"author":244,"featured_media":0,"parent":0,"menu_order":0,"comment_status":"closed","ping_status":"closed","template":"","meta":{"footnotes":""},"class_list":["post-7638","page","type-page","status-publish","hentry"],"_links":{"self":[{"href":"https:\/\/atauni.edu.tr\/ilahiyat-fakultesi\/wp-json\/wp\/v2\/pages\/7638","targetHints":{"allow":["GET"]}}],"collection":[{"href":"https:\/\/atauni.edu.tr\/ilahiyat-fakultesi\/wp-json\/wp\/v2\/pages"}],"about":[{"href":"https:\/\/atauni.edu.tr\/ilahiyat-fakultesi\/wp-json\/wp\/v2\/types\/page"}],"author":[{"embeddable":true,"href":"https:\/\/atauni.edu.tr\/ilahiyat-fakultesi\/wp-json\/wp\/v2\/users\/244"}],"replies":[{"embeddable":true,"href":"https:\/\/atauni.edu.tr\/ilahiyat-fakultesi\/wp-json\/wp\/v2\/comments?post=7638"}],"version-history":[{"count":22,"href":"https:\/\/atauni.edu.tr\/ilahiyat-fakultesi\/wp-json\/wp\/v2\/pages\/7638\/revisions"}],"predecessor-version":[{"id":24134,"href":"https:\/\/atauni.edu.tr\/ilahiyat-fakultesi\/wp-json\/wp\/v2\/pages\/7638\/revisions\/24134"}],"wp:attachment":[{"href":"https:\/\/atauni.edu.tr\/ilahiyat-fakultesi\/wp-json\/wp\/v2\/media?parent=7638"}],"curies":[{"name":"wp","href":"https:\/\/api.w.org\/{rel}","templated":true}]}}