{"id":7640,"date":"2021-10-04T16:41:05","date_gmt":"2021-10-04T13:41:05","guid":{"rendered":"https:\/\/birimler.atauni.edu.tr\/ilahiyat-fakultesi\/?page_id=7640"},"modified":"2021-10-12T10:45:49","modified_gmt":"2021-10-12T07:45:49","slug":"universite-memnuniyet-anket-sonuclari","status":"publish","type":"page","link":"https:\/\/atauni.edu.tr\/ilahiyat-fakultesi\/universite-memnuniyet-anket-sonuclari\/","title":{"rendered":"\u00dcniversite Memnuniyet Anket Sonu\u00e7lar\u0131"},"content":{"rendered":"\t\t<div data-elementor-type=\"wp-page\" data-elementor-id=\"7640\" class=\"elementor elementor-7640\" data-elementor-post-type=\"page\">\n\t\t\t\t\t\t<section class=\"elementor-section elementor-top-section elementor-element elementor-element-1b5f47f elementor-section-boxed elementor-section-height-default elementor-section-height-default\" data-id=\"1b5f47f\" data-element_type=\"section\">\n\t\t\t\t\t\t<div class=\"elementor-container elementor-column-gap-default\">\n\t\t\t\t\t<div class=\"elementor-column elementor-col-100 elementor-top-column elementor-element elementor-element-16df0ed\" data-id=\"16df0ed\" data-element_type=\"column\">\n\t\t\t<div class=\"elementor-widget-wrap elementor-element-populated\">\n\t\t\t\t\t\t<div class=\"elementor-element elementor-element-d897e5a elementor-position-left elementor-vertical-align-top elementor-invisible elementor-widget elementor-widget-image-box\" data-id=\"d897e5a\" data-element_type=\"widget\" data-settings=\"{&quot;_animation&quot;:&quot;fadeInRight&quot;}\" data-widget_type=\"image-box.default\">\n\t\t\t\t<div class=\"elementor-widget-container\">\n\t\t\t\t\t<div class=\"elementor-image-box-wrapper\"><figure class=\"elementor-image-box-img\"><img fetchpriority=\"high\" decoding=\"async\" width=\"865\" height=\"486\" src=\"https:\/\/atauni.edu.tr\/ilahiyat-fakultesi\/wp-content\/uploads\/sites\/65\/2021\/10\/880-anket_16_9_1529472641_16_9_1633531420.jpg\" class=\"attachment-full size-full wp-image-9087\" alt=\"\" srcset=\"https:\/\/atauni.edu.tr\/ilahiyat-fakultesi\/wp-content\/uploads\/sites\/65\/2021\/10\/880-anket_16_9_1529472641_16_9_1633531420.jpg 865w, https:\/\/atauni.edu.tr\/ilahiyat-fakultesi\/wp-content\/uploads\/sites\/65\/2021\/10\/880-anket_16_9_1529472641_16_9_1633531420-300x169.jpg 300w, https:\/\/atauni.edu.tr\/ilahiyat-fakultesi\/wp-content\/uploads\/sites\/65\/2021\/10\/880-anket_16_9_1529472641_16_9_1633531420-768x432.jpg 768w, https:\/\/atauni.edu.tr\/ilahiyat-fakultesi\/wp-content\/uploads\/sites\/65\/2021\/10\/880-anket_16_9_1529472641_16_9_1633531420-600x337.jpg 600w, https:\/\/atauni.edu.tr\/ilahiyat-fakultesi\/wp-content\/uploads\/sites\/65\/2021\/10\/880-anket_16_9_1529472641_16_9_1633531420-560x315.jpg 560w\" sizes=\"(max-width: 865px) 100vw, 865px\" \/><\/figure><div class=\"elementor-image-box-content\"><h4 class=\"elementor-image-box-title\">\u00dcniversite Memnuniyet Anket Sonu\u00e7lar\u0131<\/h4><\/div><\/div>\t\t\t\t<\/div>\n\t\t\t\t<\/div>\n\t\t\t\t<div class=\"elementor-element elementor-element-24e7fb1 elementor-icon-list--layout-traditional elementor-list-item-link-full_width elementor-widget elementor-widget-icon-list\" data-id=\"24e7fb1\" data-element_type=\"widget\" data-widget_type=\"icon-list.default\">\n\t\t\t\t<div class=\"elementor-widget-container\">\n\t\t\t\t\t\t\t<ul class=\"elementor-icon-list-items\">\n\t\t\t\t\t\t\t<li class=\"elementor-icon-list-item\">\n\t\t\t\t\t\t\t\t\t\t\t<span class=\"elementor-icon-list-icon\">\n\t\t\t\t\t\t\t<i aria-hidden=\"true\" class=\"fas fa-check\"><\/i>\t\t\t\t\t\t<\/span>\n\t\t\t\t\t\t\t\t\t\t<span class=\"elementor-icon-list-text\"><a href=\"http:\/\/birimler.atauni.edu.tr\/ilahiyat-fakultesi\/wp-content\/uploads\/sites\/65\/2021\/10\/2019-Ataturk-Universitesi-Akademik-Personel-Memnuniyet-Anket-Sonuclari.pdf\" style=\"font-size: 17px\">2019-Atat\u00fcrk \u00dcniversitesi Akademik Personel Memnuniyet Anket Sonu\u00e7lar\u0131<\/a><span>&nbsp;<\/span><\/span>\n\t\t\t\t\t\t\t\t\t<\/li>\n\t\t\t\t\t\t\t\t<li class=\"elementor-icon-list-item\">\n\t\t\t\t\t\t\t\t\t\t\t<span class=\"elementor-icon-list-icon\">\n\t\t\t\t\t\t\t<i aria-hidden=\"true\" class=\"fas fa-check\"><\/i>\t\t\t\t\t\t<\/span>\n\t\t\t\t\t\t\t\t\t\t<span class=\"elementor-icon-list-text\"><a href=\"http:\/\/birimler.atauni.edu.tr\/ilahiyat-fakultesi\/wp-content\/uploads\/sites\/65\/2021\/10\/2019-Ataturk-Universitesi-Idari-Personel-Memnuniyet-Anket-Sonuclari.pdf\" style=\"font-size: 17px\">2019-Atat\u00fcrk \u00dcniversitesi \u0130dari Personel Memnuniyet Anket Sonu\u00e7lar\u0131<\/a><span>&nbsp;<\/span><\/span>\n\t\t\t\t\t\t\t\t\t<\/li>\n\t\t\t\t\t\t\t\t<li class=\"elementor-icon-list-item\">\n\t\t\t\t\t\t\t\t\t\t\t<span class=\"elementor-icon-list-icon\">\n\t\t\t\t\t\t\t<i aria-hidden=\"true\" class=\"fas fa-check\"><\/i>\t\t\t\t\t\t<\/span>\n\t\t\t\t\t\t\t\t\t\t<span class=\"elementor-icon-list-text\"><a href=\"http:\/\/birimler.atauni.edu.tr\/ilahiyat-fakultesi\/wp-content\/uploads\/sites\/65\/2021\/10\/2019-Ataturk-Universitesi-Isveren-Memnuniyet-Anket-Sonuclari.pdf\" style=\"font-size: 17px\">2019-Atat\u00fcrk \u00dcniversitesi \u0130\u015fveren Memnuniyet Anket Sonu\u00e7lar\u0131<\/a><\/span>\n\t\t\t\t\t\t\t\t\t<\/li>\n\t\t\t\t\t\t\t\t<li class=\"elementor-icon-list-item\">\n\t\t\t\t\t\t\t\t\t\t\t<span class=\"elementor-icon-list-icon\">\n\t\t\t\t\t\t\t<i aria-hidden=\"true\" class=\"fas fa-check\"><\/i>\t\t\t\t\t\t<\/span>\n\t\t\t\t\t\t\t\t\t\t<span class=\"elementor-icon-list-text\"><a href=\"http:\/\/birimler.atauni.edu.tr\/ilahiyat-fakultesi\/wp-content\/uploads\/sites\/65\/2021\/10\/2019-Ataturk-Universitesi-Mezun-Memnuniyet-Anket-Sonuclari.pdf\" style=\"font-size: 17px\">2019-Atat\u00fcrk \u00dcniversitesi Mezun Memnuniyet Anket Sonu\u00e7lar\u0131<\/a><\/span>\n\t\t\t\t\t\t\t\t\t<\/li>\n\t\t\t\t\t\t<\/ul>\n\t\t\t\t\t\t<\/div>\n\t\t\t\t<\/div>\n\t\t\t\t\t<\/div>\n\t\t<\/div>\n\t\t\t\t\t<\/div>\n\t\t<\/section>\n\t\t\t\t<\/div>\n\t\t","protected":false},"excerpt":{"rendered":"<p>\u00dcniversite Memnuniyet Anket Sonu\u00e7lar\u0131 2019-Atat\u00fcrk \u00dcniversitesi Akademik Personel Memnuniyet Anket Sonu\u00e7lar\u0131&nbsp; 2019-Atat\u00fcrk \u00dcniversitesi \u0130dari Personel Memnuniyet Anket Sonu\u00e7lar\u0131&nbsp; 2019-Atat\u00fcrk \u00dcniversitesi \u0130\u015fveren Memnuniyet Anket Sonu\u00e7lar\u0131 2019-Atat\u00fcrk \u00dcniversitesi Mezun Memnuniyet Anket Sonu\u00e7lar\u0131<\/p>\n","protected":false},"author":244,"featured_media":0,"parent":0,"menu_order":0,"comment_status":"closed","ping_status":"closed","template":"","meta":{"footnotes":""},"class_list":["post-7640","page","type-page","status-publish","hentry"],"_links":{"self":[{"href":"https:\/\/atauni.edu.tr\/ilahiyat-fakultesi\/wp-json\/wp\/v2\/pages\/7640","targetHints":{"allow":["GET"]}}],"collection":[{"href":"https:\/\/atauni.edu.tr\/ilahiyat-fakultesi\/wp-json\/wp\/v2\/pages"}],"about":[{"href":"https:\/\/atauni.edu.tr\/ilahiyat-fakultesi\/wp-json\/wp\/v2\/types\/page"}],"author":[{"embeddable":true,"href":"https:\/\/atauni.edu.tr\/ilahiyat-fakultesi\/wp-json\/wp\/v2\/users\/244"}],"replies":[{"embeddable":true,"href":"https:\/\/atauni.edu.tr\/ilahiyat-fakultesi\/wp-json\/wp\/v2\/comments?post=7640"}],"version-history":[{"count":11,"href":"https:\/\/atauni.edu.tr\/ilahiyat-fakultesi\/wp-json\/wp\/v2\/pages\/7640\/revisions"}],"predecessor-version":[{"id":14755,"href":"https:\/\/atauni.edu.tr\/ilahiyat-fakultesi\/wp-json\/wp\/v2\/pages\/7640\/revisions\/14755"}],"wp:attachment":[{"href":"https:\/\/atauni.edu.tr\/ilahiyat-fakultesi\/wp-json\/wp\/v2\/media?parent=7640"}],"curies":[{"name":"wp","href":"https:\/\/api.w.org\/{rel}","templated":true}]}}