{"id":7642,"date":"2021-10-04T16:41:38","date_gmt":"2021-10-04T13:41:38","guid":{"rendered":"https:\/\/birimler.atauni.edu.tr\/ilahiyat-fakultesi\/?page_id=7642"},"modified":"2026-02-18T16:54:43","modified_gmt":"2026-02-18T13:54:43","slug":"fakulte-memnuniyet-anket-sonuclari","status":"publish","type":"page","link":"https:\/\/atauni.edu.tr\/ilahiyat-fakultesi\/fakulte-memnuniyet-anket-sonuclari\/","title":{"rendered":"Fak\u00fclte Memnuniyet Anket Sonu\u00e7lar\u0131"},"content":{"rendered":"\t\t<div data-elementor-type=\"wp-page\" data-elementor-id=\"7642\" class=\"elementor elementor-7642\" data-elementor-post-type=\"page\">\n\t\t\t\t\t\t<section class=\"elementor-section elementor-top-section elementor-element elementor-element-5c09a8d elementor-section-boxed elementor-section-height-default elementor-section-height-default\" data-id=\"5c09a8d\" data-element_type=\"section\">\n\t\t\t\t\t\t<div class=\"elementor-container elementor-column-gap-default\">\n\t\t\t\t\t<div class=\"elementor-column elementor-col-100 elementor-top-column elementor-element elementor-element-85fffd9\" data-id=\"85fffd9\" data-element_type=\"column\">\n\t\t\t<div class=\"elementor-widget-wrap elementor-element-populated\">\n\t\t\t\t\t\t<div class=\"elementor-element elementor-element-dbdede0 elementor-position-left elementor-vertical-align-middle elementor-invisible elementor-widget elementor-widget-image-box\" data-id=\"dbdede0\" data-element_type=\"widget\" data-settings=\"{&quot;_animation&quot;:&quot;fadeInRight&quot;}\" data-widget_type=\"image-box.default\">\n\t\t\t\t<div class=\"elementor-widget-container\">\n\t\t\t\t\t<div class=\"elementor-image-box-wrapper\"><figure class=\"elementor-image-box-img\"><img fetchpriority=\"high\" decoding=\"async\" width=\"865\" height=\"486\" src=\"https:\/\/atauni.edu.tr\/ilahiyat-fakultesi\/wp-content\/uploads\/sites\/65\/2021\/10\/880-anket_16_9_1529472641_16_9_1633531420.jpg\" class=\"attachment-full size-full wp-image-9087\" alt=\"\" srcset=\"https:\/\/atauni.edu.tr\/ilahiyat-fakultesi\/wp-content\/uploads\/sites\/65\/2021\/10\/880-anket_16_9_1529472641_16_9_1633531420.jpg 865w, https:\/\/atauni.edu.tr\/ilahiyat-fakultesi\/wp-content\/uploads\/sites\/65\/2021\/10\/880-anket_16_9_1529472641_16_9_1633531420-300x169.jpg 300w, https:\/\/atauni.edu.tr\/ilahiyat-fakultesi\/wp-content\/uploads\/sites\/65\/2021\/10\/880-anket_16_9_1529472641_16_9_1633531420-768x432.jpg 768w, https:\/\/atauni.edu.tr\/ilahiyat-fakultesi\/wp-content\/uploads\/sites\/65\/2021\/10\/880-anket_16_9_1529472641_16_9_1633531420-600x337.jpg 600w, https:\/\/atauni.edu.tr\/ilahiyat-fakultesi\/wp-content\/uploads\/sites\/65\/2021\/10\/880-anket_16_9_1529472641_16_9_1633531420-560x315.jpg 560w\" sizes=\"(max-width: 865px) 100vw, 865px\" \/><\/figure><div class=\"elementor-image-box-content\"><h4 class=\"elementor-image-box-title\">Fak\u00fclte Memnuniyet Anket Sonu\u00e7lar\u0131<\/h4><\/div><\/div>\t\t\t\t<\/div>\n\t\t\t\t<\/div>\n\t\t\t\t\t<\/div>\n\t\t<\/div>\n\t\t\t\t\t<\/div>\n\t\t<\/section>\n\t\t\t\t<section class=\"elementor-section elementor-top-section elementor-element elementor-element-372af77 elementor-section-boxed elementor-section-height-default elementor-section-height-default\" data-id=\"372af77\" data-element_type=\"section\">\n\t\t\t\t\t\t<div class=\"elementor-container elementor-column-gap-default\">\n\t\t\t\t\t<div class=\"elementor-column elementor-col-100 elementor-top-column elementor-element elementor-element-1e3b2c2\" data-id=\"1e3b2c2\" data-element_type=\"column\">\n\t\t\t<div class=\"elementor-widget-wrap elementor-element-populated\">\n\t\t\t\t\t\t<div class=\"elementor-element elementor-element-fd351e1 elementor-tabs-view-horizontal elementor-widget elementor-widget-tabs\" data-id=\"fd351e1\" data-element_type=\"widget\" data-widget_type=\"tabs.default\">\n\t\t\t\t<div class=\"elementor-widget-container\">\n\t\t\t\t\t\t\t<div class=\"elementor-tabs\">\n\t\t\t<div class=\"elementor-tabs-wrapper\" role=\"tablist\" >\n\t\t\t\t\t\t\t\t\t<div id=\"elementor-tab-title-2651\" class=\"elementor-tab-title elementor-tab-desktop-title\" aria-selected=\"true\" data-tab=\"1\" role=\"tab\" tabindex=\"0\" aria-controls=\"elementor-tab-content-2651\" aria-expanded=\"false\">2025<\/div>\n\t\t\t\t\t\t\t\t\t<div id=\"elementor-tab-title-2652\" class=\"elementor-tab-title elementor-tab-desktop-title\" aria-selected=\"false\" data-tab=\"2\" role=\"tab\" tabindex=\"-1\" aria-controls=\"elementor-tab-content-2652\" aria-expanded=\"false\">2024<\/div>\n\t\t\t\t\t\t\t\t\t<div id=\"elementor-tab-title-2653\" class=\"elementor-tab-title elementor-tab-desktop-title\" aria-selected=\"false\" data-tab=\"3\" role=\"tab\" tabindex=\"-1\" aria-controls=\"elementor-tab-content-2653\" aria-expanded=\"false\">2023<\/div>\n\t\t\t\t\t\t\t\t\t<div id=\"elementor-tab-title-2654\" class=\"elementor-tab-title elementor-tab-desktop-title\" aria-selected=\"false\" data-tab=\"4\" role=\"tab\" tabindex=\"-1\" aria-controls=\"elementor-tab-content-2654\" aria-expanded=\"false\">2022<\/div>\n\t\t\t\t\t\t\t\t\t<div id=\"elementor-tab-title-2655\" class=\"elementor-tab-title elementor-tab-desktop-title\" aria-selected=\"false\" data-tab=\"5\" role=\"tab\" tabindex=\"-1\" aria-controls=\"elementor-tab-content-2655\" aria-expanded=\"false\">2021<\/div>\n\t\t\t\t\t\t\t\t\t<div id=\"elementor-tab-title-2656\" class=\"elementor-tab-title elementor-tab-desktop-title\" aria-selected=\"false\" data-tab=\"6\" role=\"tab\" tabindex=\"-1\" aria-controls=\"elementor-tab-content-2656\" aria-expanded=\"false\">Di\u011fer<\/div>\n\t\t\t\t\t\t\t<\/div>\n\t\t\t<div class=\"elementor-tabs-content-wrapper\" role=\"tablist\" aria-orientation=\"vertical\">\n\t\t\t\t\t\t\t\t\t<div class=\"elementor-tab-title elementor-tab-mobile-title\" aria-selected=\"true\" data-tab=\"1\" role=\"tab\" tabindex=\"0\" aria-controls=\"elementor-tab-content-2651\" aria-expanded=\"false\">2025<\/div>\n\t\t\t\t\t<div id=\"elementor-tab-content-2651\" class=\"elementor-tab-content elementor-clearfix\" data-tab=\"1\" role=\"tabpanel\" aria-labelledby=\"elementor-tab-title-2651\" tabindex=\"0\" hidden=\"false\"><p><a href=\"https:\/\/atauni.edu.tr\/ilahiyat-fakultesi\/wp-content\/uploads\/sites\/65\/2026\/02\/Akademik-Personel-Memnuniyet-Anketi.pdf\">Akademik Personel Memnuniyet Anketi<\/a><\/p><p><a href=\"https:\/\/atauni.edu.tr\/ilahiyat-fakultesi\/wp-content\/uploads\/sites\/65\/2026\/02\/Ataturk-Universitesi-Ilahiyat-Fakultesi-Ogrenci-Memnuniyeti-ve-Mufredat-Degerlendirme.pdf\">Atat\u00fcrk \u00dcniversitesi \u0130lahiyat Fak\u00fcltesi \u00d6\u011frenci Memnuniyeti ve M\u00fcfredat De\u011ferlendirme<\/a><\/p><p><a href=\"https:\/\/atauni.edu.tr\/ilahiyat-fakultesi\/wp-content\/uploads\/sites\/65\/2026\/02\/Idari-Personel-Memnuniyet-Anketi.pdf\">\u0130dari Personel Memnuniyet Anketi<\/a><\/p><p><a href=\"https:\/\/atauni.edu.tr\/ilahiyat-fakultesi\/wp-content\/uploads\/sites\/65\/2026\/02\/Mezun-Ogrenciler-Memnuniyet-Anketi.pdf\">Mezun \u00d6\u011frenciler Memnuniyet Anketi<\/a><\/p><p><a href=\"https:\/\/atauni.edu.tr\/ilahiyat-fakultesi\/wp-content\/uploads\/sites\/65\/2026\/02\/Ogrenci-Memnuniyeti-ve-Beklenti-Analizi.pdf\">\u00d6\u011frenci Memnuniyeti ve Beklenti Analizi<\/a><\/p><p><a href=\"https:\/\/atauni.edu.tr\/ilahiyat-fakultesi\/wp-content\/uploads\/sites\/65\/2026\/02\/TDV-Akademi-ILGE-ISED-Programlari-Memnuniyet-Anketi.pdf\">TDV Akademi, \u0130LGE-\u0130SED Programlar\u0131 Memnuniyet Anketi<\/a><\/p><\/div>\n\t\t\t\t\t\t\t\t\t<div class=\"elementor-tab-title elementor-tab-mobile-title\" aria-selected=\"false\" data-tab=\"2\" role=\"tab\" tabindex=\"-1\" aria-controls=\"elementor-tab-content-2652\" aria-expanded=\"false\">2024<\/div>\n\t\t\t\t\t<div id=\"elementor-tab-content-2652\" class=\"elementor-tab-content elementor-clearfix\" data-tab=\"2\" role=\"tabpanel\" aria-labelledby=\"elementor-tab-title-2652\" tabindex=\"0\" hidden=\"hidden\"><p>\u00a0<\/p><p><a style=\"color: #0056b3;border: none;align-items: center;width: 100%\" href=\"https:\/\/birimler.atauni.edu.tr\/ilahiyat-fakultesi\/wp-content\/uploads\/sites\/65\/2025\/05\/2024-2025-Guz-Yariyili-Ogrenci-Memnuniyet-Anketi.pdf\">2024-2025 G\u00fcz Yar\u0131y\u0131l\u0131 \u00d6\u011frenci Memnuniyet Anketi<\/a><\/p><p><a style=\"font-size: 1rem;letter-spacing: 0px;color: #0056b3;border: none;align-items: center;width: 100%\" href=\"https:\/\/birimler.atauni.edu.tr\/ilahiyat-fakultesi\/wp-content\/uploads\/sites\/65\/2025\/05\/2023-2024-Bahar-Yariyili-Ogrenci-Memnuniyet-Anketi.pdf\">2023-2024 Bahar Yar\u0131y\u0131l\u0131 \u00d6\u011frenci Memnuniyet Anketi<\/a><\/p><p><a style=\"color: #0056b3;border: none;align-items: center;font-size: 17px;width: 100%\" href=\"https:\/\/birimler.atauni.edu.tr\/ilahiyat-fakultesi\/wp-content\/uploads\/sites\/65\/2020\/07\/2024-Kulturel-ve-Sportif-Faaliyetler-Anketi-1.pdf\">2024-K\u00fclt\u00fcrel ve Sportif Faaliyetler\u00a0Anketi<\/a><\/p><p><a style=\"color: #0056b3;border: none;align-items: center;font-size: 17px;width: 100%\" href=\"https:\/\/birimler.atauni.edu.tr\/ilahiyat-fakultesi\/wp-content\/uploads\/sites\/65\/2020\/07\/4.Dis-Paydas-Memnuniyet-Anket-Sonuclari2024.pdf\">4.D\u0131\u015f Payda\u015f Memnuniyet Anket Sonu\u00e7lar\u0131(2024)<\/a><\/p><p><a style=\"color: #0056b3;border: none;align-items: center;width: 100%\" href=\"https:\/\/birimler.atauni.edu.tr\/ilahiyat-fakultesi\/wp-content\/uploads\/sites\/65\/2025\/05\/2023-2024-Akademik-Personel-Memnuniyet-Anketi.pdf\">2023-2024 Akademik Personel Memnuniyet Anketi<\/a><\/p><\/div>\n\t\t\t\t\t\t\t\t\t<div class=\"elementor-tab-title elementor-tab-mobile-title\" aria-selected=\"false\" data-tab=\"3\" role=\"tab\" tabindex=\"-1\" aria-controls=\"elementor-tab-content-2653\" aria-expanded=\"false\">2023<\/div>\n\t\t\t\t\t<div id=\"elementor-tab-content-2653\" class=\"elementor-tab-content elementor-clearfix\" data-tab=\"3\" role=\"tabpanel\" aria-labelledby=\"elementor-tab-title-2653\" tabindex=\"0\" hidden=\"hidden\"><p>\u00a0<\/p><p><a style=\"color: #0056b3;border: none;align-items: center;font-size: 17px;width: 100%\" href=\"https:\/\/birimler.atauni.edu.tr\/ilahiyat-fakultesi\/wp-content\/uploads\/sites\/65\/2020\/07\/2023-2024-Guz-Ogrenci-Memnuniyet-Anketi.pdf\">2023-2024 G\u00fcz \u00d6\u011frenci Memnuniyet Anketi<\/a><\/p><p><a style=\"background-color: #ffffff;align-items: center;font-size: 17px;width: 100%\" href=\"https:\/\/birimler.atauni.edu.tr\/ilahiyat-fakultesi\/wp-content\/uploads\/sites\/65\/2020\/07\/2022-2023-Ogretmenlik-Uygulamasi-Dersi-Memnuniyet-Anket-Sonuclari.pdf\">2022-2023 \u00d6\u011fretmenlik Uygulamas\u0131 Dersi Memnuniyet Anket Sonu\u00e7lar\u0131<\/a><\/p><p><a style=\"color: #0056b3;border: none;align-items: center;font-size: 17px;width: 100%\" href=\"https:\/\/birimler.atauni.edu.tr\/ilahiyat-fakultesi\/wp-content\/uploads\/sites\/65\/2020\/07\/2022-2023-Akademik-Yili-Hazirlik-Sinifi-Anket-Degerlendirme-Sonuclari.pdf\">2022-2023 Akademik Y\u0131l\u0131 Haz\u0131rl\u0131k S\u0131n\u0131f\u0131 Anket De\u011ferlendirme Sonu\u00e7lar\u0131<\/a><\/p><p><a style=\"color: #0056b3;border: none;align-items: center;font-size: 17px;width: 100%\" href=\"https:\/\/birimler.atauni.edu.tr\/ilahiyat-fakultesi\/wp-content\/uploads\/sites\/65\/2020\/07\/2022-2023-Bahar-Ogrenci-Memnuniyet-Anketi.pdf\">2022-2023 Bahar \u00d6\u011frenci Memnuniyet Anketi<\/a><\/p><\/div>\n\t\t\t\t\t\t\t\t\t<div class=\"elementor-tab-title elementor-tab-mobile-title\" aria-selected=\"false\" data-tab=\"4\" role=\"tab\" tabindex=\"-1\" aria-controls=\"elementor-tab-content-2654\" aria-expanded=\"false\">2022<\/div>\n\t\t\t\t\t<div id=\"elementor-tab-content-2654\" class=\"elementor-tab-content elementor-clearfix\" data-tab=\"4\" role=\"tabpanel\" aria-labelledby=\"elementor-tab-title-2654\" tabindex=\"0\" hidden=\"hidden\"><p>\u00a0<\/p><p><a style=\"color: #0056b3;border: none;align-items: center;font-size: 17px;width: 100%\" href=\"https:\/\/birimler.atauni.edu.tr\/ilahiyat-fakultesi\/wp-content\/uploads\/sites\/65\/2020\/07\/2022-2023-Guz-Yariyili-Ogrenci-Memnuniyet-Anket-Sonuclari.pdf\">2022-2023 G\u00fcz Yar\u0131y\u0131l\u0131 \u00d6\u011frenci Memnuniyet Anket Sonu\u00e7lar\u0131<\/a><\/p><\/div>\n\t\t\t\t\t\t\t\t\t<div class=\"elementor-tab-title elementor-tab-mobile-title\" aria-selected=\"false\" data-tab=\"5\" role=\"tab\" tabindex=\"-1\" aria-controls=\"elementor-tab-content-2655\" aria-expanded=\"false\">2021<\/div>\n\t\t\t\t\t<div id=\"elementor-tab-content-2655\" class=\"elementor-tab-content elementor-clearfix\" data-tab=\"5\" role=\"tabpanel\" aria-labelledby=\"elementor-tab-title-2655\" tabindex=\"0\" hidden=\"hidden\"><p>\u00a0<\/p><p><a style=\"background-color: #ffffff;align-items: center;font-size: 17px;width: 100%\" href=\"http:\/\/birimler.atauni.edu.tr\/ilahiyat-fakultesi\/wp-content\/uploads\/sites\/65\/2021\/10\/2021-Idari-Personel-Memnuniyet-Anket-Sonuclari.pdf\">2021-\u0130dari Personel Memnuniyet Anket Sonu\u00e7lar\u0131<\/a><\/p><p><a style=\"color: #0056b3;border: none;align-items: center;font-size: 17px;width: 100%\" href=\"http:\/\/birimler.atauni.edu.tr\/ilahiyat-fakultesi\/wp-content\/uploads\/sites\/65\/2021\/10\/2021-Akademik-Personel-Memnuniyet-Anket-Sonuclari.pdf\">2021-Akademik Personel Memnuniyet Anket Sonu\u00e7lar\u0131<\/a><span style=\"color: #52575c\">\u00a0<\/span><\/p><p><a style=\"background-color: #ffffff;align-items: center;font-size: 17px;width: 100%\" href=\"http:\/\/birimler.atauni.edu.tr\/ilahiyat-fakultesi\/wp-content\/uploads\/sites\/65\/2021\/10\/2021-Ogrenci-Memnuniyet-Anket-Sonuclari.pdf\">2021- \u00d6\u011frenci Memnuniyet Anket Sonu\u00e7lar\u0131<\/a><\/p><\/div>\n\t\t\t\t\t\t\t\t\t<div class=\"elementor-tab-title elementor-tab-mobile-title\" aria-selected=\"false\" data-tab=\"6\" role=\"tab\" tabindex=\"-1\" aria-controls=\"elementor-tab-content-2656\" aria-expanded=\"false\">Di\u011fer<\/div>\n\t\t\t\t\t<div id=\"elementor-tab-content-2656\" class=\"elementor-tab-content elementor-clearfix\" data-tab=\"6\" role=\"tabpanel\" aria-labelledby=\"elementor-tab-title-2656\" tabindex=\"0\" hidden=\"hidden\"><p>\u00a0<\/p><p><a style=\"color: #0056b3;border: none;align-items: center;font-size: 17px;width: 100%\" href=\"http:\/\/birimler.atauni.edu.tr\/ilahiyat-fakultesi\/wp-content\/uploads\/sites\/65\/2021\/10\/Lider-Davranis-Etkinligi-Anketi.pdf\">Lider Davran\u0131\u015f Etkinli\u011fi Anketi<\/a><span style=\"color: #52575c\">\u00a0<\/span><\/p><p><a style=\"color: #0056b3;border: none;align-items: center;font-size: 17px;width: 100%\" href=\"http:\/\/birimler.atauni.edu.tr\/ilahiyat-fakultesi\/wp-content\/uploads\/sites\/65\/2021\/10\/Fakulte-Logosunun-Belirlenmesi.pdf\">Fak\u00fclte Logosunun Belirlenmesi<\/a><span style=\"color: #52575c\">\u00a0<\/span><span style=\"color: #52575c\">\u00a0<\/span><\/p><p><a style=\"color: #0056b3;border: none;align-items: center;font-size: 17px;width: 100%\" href=\"http:\/\/birimler.atauni.edu.tr\/ilahiyat-fakultesi\/wp-content\/uploads\/sites\/65\/2021\/10\/Ders-saatleri-anketi.pdf\">Ders saatleri anketi<\/a><span style=\"color: #52575c\">\u00a0<\/span><\/p><p><a style=\"color: #0056b3;border: none;align-items: center;font-size: 17px;width: 100%\" href=\"http:\/\/birimler.atauni.edu.tr\/ilahiyat-fakultesi\/wp-content\/uploads\/sites\/65\/2021\/10\/Danisman-Degerlendirme-Anket-Sonuclari.pdf\">Dan\u0131\u015fman De\u011ferlendirme Anket Sonu\u00e7lar\u0131<\/a><\/p><\/div>\n\t\t\t\t\t\t\t<\/div>\n\t\t<\/div>\n\t\t\t\t\t\t<\/div>\n\t\t\t\t<\/div>\n\t\t\t\t\t<\/div>\n\t\t<\/div>\n\t\t\t\t\t<\/div>\n\t\t<\/section>\n\t\t\t\t<section class=\"elementor-section elementor-top-section elementor-element elementor-element-42d2c82 elementor-section-boxed elementor-section-height-default elementor-section-height-default\" data-id=\"42d2c82\" data-element_type=\"section\">\n\t\t\t\t\t\t<div class=\"elementor-container elementor-column-gap-default\">\n\t\t\t\t\t<div class=\"elementor-column elementor-col-100 elementor-top-column elementor-element elementor-element-a0ed2af\" data-id=\"a0ed2af\" data-element_type=\"column\">\n\t\t\t<div class=\"elementor-widget-wrap\">\n\t\t\t\t\t\t\t<\/div>\n\t\t<\/div>\n\t\t\t\t\t<\/div>\n\t\t<\/section>\n\t\t\t\t<\/div>\n\t\t","protected":false},"excerpt":{"rendered":"<p>Fak\u00fclte Memnuniyet Anket Sonu\u00e7lar\u0131 2025 2024 2023 2022 2021 Di\u011fer 2025 Akademik Personel Memnuniyet Anketi Atat\u00fcrk \u00dcniversitesi \u0130lahiyat Fak\u00fcltesi \u00d6\u011frenci Memnuniyeti ve M\u00fcfredat De\u011ferlendirme \u0130dari Personel Memnuniyet Anketi Mezun \u00d6\u011frenciler Memnuniyet Anketi \u00d6\u011frenci Memnuniyeti ve Beklenti Analizi TDV Akademi, \u0130LGE-\u0130SED Programlar\u0131 Memnuniyet Anketi 2024 \u00a0 2024-2025 G\u00fcz Yar\u0131y\u0131l\u0131 \u00d6\u011frenci Memnuniyet Anketi 2023-2024 Bahar Yar\u0131y\u0131l\u0131 \u00d6\u011frenci [&hellip;]<\/p>\n","protected":false},"author":244,"featured_media":0,"parent":0,"menu_order":0,"comment_status":"closed","ping_status":"closed","template":"","meta":{"footnotes":""},"class_list":["post-7642","page","type-page","status-publish","hentry"],"_links":{"self":[{"href":"https:\/\/atauni.edu.tr\/ilahiyat-fakultesi\/wp-json\/wp\/v2\/pages\/7642","targetHints":{"allow":["GET"]}}],"collection":[{"href":"https:\/\/atauni.edu.tr\/ilahiyat-fakultesi\/wp-json\/wp\/v2\/pages"}],"about":[{"href":"https:\/\/atauni.edu.tr\/ilahiyat-fakultesi\/wp-json\/wp\/v2\/types\/page"}],"author":[{"embeddable":true,"href":"https:\/\/atauni.edu.tr\/ilahiyat-fakultesi\/wp-json\/wp\/v2\/users\/244"}],"replies":[{"embeddable":true,"href":"https:\/\/atauni.edu.tr\/ilahiyat-fakultesi\/wp-json\/wp\/v2\/comments?post=7642"}],"version-history":[{"count":85,"href":"https:\/\/atauni.edu.tr\/ilahiyat-fakultesi\/wp-json\/wp\/v2\/pages\/7642\/revisions"}],"predecessor-version":[{"id":25344,"href":"https:\/\/atauni.edu.tr\/ilahiyat-fakultesi\/wp-json\/wp\/v2\/pages\/7642\/revisions\/25344"}],"wp:attachment":[{"href":"https:\/\/atauni.edu.tr\/ilahiyat-fakultesi\/wp-json\/wp\/v2\/media?parent=7642"}],"curies":[{"name":"wp","href":"https:\/\/api.w.org\/{rel}","templated":true}]}}