{"id":9173,"date":"2021-10-12T16:34:29","date_gmt":"2021-10-12T13:34:29","guid":{"rendered":"https:\/\/birimler.atauni.edu.tr\/ilahiyat-fakultesi\/?page_id=9173"},"modified":"2021-11-11T14:53:54","modified_gmt":"2021-11-11T11:53:54","slug":"egitimde-kalite","status":"publish","type":"page","link":"https:\/\/atauni.edu.tr\/ilahiyat-fakultesi\/egitimde-kalite\/","title":{"rendered":"E\u011fitimde Kalite"},"content":{"rendered":"\t\t<div data-elementor-type=\"wp-page\" data-elementor-id=\"9173\" class=\"elementor elementor-9173\" data-elementor-post-type=\"page\">\n\t\t\t\t\t\t<section class=\"elementor-section elementor-top-section elementor-element elementor-element-09bbde2 elementor-section-boxed elementor-section-height-default elementor-section-height-default\" data-id=\"09bbde2\" data-element_type=\"section\">\n\t\t\t\t\t\t<div class=\"elementor-container elementor-column-gap-default\">\n\t\t\t\t\t<div class=\"elementor-column elementor-col-100 elementor-top-column elementor-element elementor-element-4559429\" data-id=\"4559429\" data-element_type=\"column\">\n\t\t\t<div class=\"elementor-widget-wrap elementor-element-populated\">\n\t\t\t\t\t\t<div class=\"elementor-element elementor-element-c2d2b91 elementor-widget elementor-widget-heading\" data-id=\"c2d2b91\" data-element_type=\"widget\" data-widget_type=\"heading.default\">\n\t\t\t\t<div class=\"elementor-widget-container\">\n\t\t\t\t\t<h2 class=\"elementor-heading-title elementor-size-default\">E\u011fitimde Kalite<\/h2>\t\t\t\t<\/div>\n\t\t\t\t<\/div>\n\t\t\t\t<div class=\"elementor-element elementor-element-c8b0586 elementor-widget-divider--view-line elementor-widget elementor-widget-divider\" data-id=\"c8b0586\" data-element_type=\"widget\" data-widget_type=\"divider.default\">\n\t\t\t\t<div class=\"elementor-widget-container\">\n\t\t\t\t\t\t\t<div class=\"elementor-divider\">\n\t\t\t<span class=\"elementor-divider-separator\">\n\t\t\t\t\t\t<\/span>\n\t\t<\/div>\n\t\t\t\t\t\t<\/div>\n\t\t\t\t<\/div>\n\t\t\t\t\t<\/div>\n\t\t<\/div>\n\t\t\t\t\t<\/div>\n\t\t<\/section>\n\t\t\t\t<section class=\"elementor-section elementor-top-section elementor-element elementor-element-ff59fe7 elementor-section-boxed elementor-section-height-default elementor-section-height-default\" data-id=\"ff59fe7\" data-element_type=\"section\">\n\t\t\t\t\t\t<div class=\"elementor-container elementor-column-gap-default\">\n\t\t\t\t\t\t<\/div>\n\t\t<\/section>\n\t\t\t\t<section class=\"elementor-section elementor-top-section elementor-element elementor-element-468d185 elementor-section-boxed elementor-section-height-default elementor-section-height-default\" data-id=\"468d185\" data-element_type=\"section\">\n\t\t\t\t\t\t<div class=\"elementor-container elementor-column-gap-default\">\n\t\t\t\t\t\t<\/div>\n\t\t<\/section>\n\t\t\t\t<section class=\"elementor-section elementor-top-section elementor-element elementor-element-4a100fe elementor-section-boxed elementor-section-height-default elementor-section-height-default\" data-id=\"4a100fe\" data-element_type=\"section\">\n\t\t\t\t\t\t<div class=\"elementor-container elementor-column-gap-default\">\n\t\t\t\t\t\t<\/div>\n\t\t<\/section>\n\t\t\t\t<section class=\"elementor-section elementor-top-section elementor-element elementor-element-d7f089d elementor-section-boxed elementor-section-height-default elementor-section-height-default\" data-id=\"d7f089d\" data-element_type=\"section\">\n\t\t\t\t\t\t<div class=\"elementor-container elementor-column-gap-default\">\n\t\t\t\t\t<div class=\"elementor-column elementor-col-50 elementor-top-column elementor-element elementor-element-b261b58\" data-id=\"b261b58\" data-element_type=\"column\">\n\t\t\t<div class=\"elementor-widget-wrap elementor-element-populated\">\n\t\t\t\t\t\t<div class=\"elementor-element elementor-element-2591248 elementor-position-left elementor-vertical-align-top elementor-invisible elementor-widget elementor-widget-image-box\" data-id=\"2591248\" data-element_type=\"widget\" data-settings=\"{&quot;_animation&quot;:&quot;zoomIn&quot;}\" data-widget_type=\"image-box.default\">\n\t\t\t\t<div class=\"elementor-widget-container\">\n\t\t\t\t\t<div class=\"elementor-image-box-wrapper\"><figure class=\"elementor-image-box-img\"><img fetchpriority=\"high\" decoding=\"async\" width=\"420\" height=\"420\" src=\"https:\/\/atauni.edu.tr\/ilahiyat-fakultesi\/wp-content\/uploads\/sites\/65\/2021\/11\/egitimde-ka.svg\" class=\"attachment-full size-full wp-image-10635\" alt=\"\" \/><\/figure><div class=\"elementor-image-box-content\"><p class=\"elementor-image-box-description\"><br>Fak\u00fcltemiz \u0130lahiyat alan\u0131nda en y\u00fcksek standartlarda e\u011fitim-\u00f6\u011fretim imk\u00e2n\u0131 sunmay\u0131 ama\u00e7lar. Fak\u00fcltemizin program yap\u0131s\u0131, \u00f6\u011frenci merkezli e\u011fitim anlay\u0131\u015f\u0131na dayanan, \u00f6\u011frencilerin mesleki-akademik yeterliklerini geli\u015ftirmeyi ama\u00e7layan ele\u015ftirel d\u00fc\u015f\u00fcnce ve ara\u015ft\u0131rma odakl\u0131 bir e\u011fitim felsefesini benimser. Seminerler, konferanslar, disiplinler aras\u0131 \u00e7al\u0131\u015fmalar, bitirme \u00f6devleri te\u015fvik edilir. E\u011fitim-\u00f6\u011fretimi payda\u015flar\u0131n ihtiya\u00e7 ve beklentileri do\u011frultusunda g\u00fcnceller ve iyile\u015ftirir. E\u011fitim ve \u00f6\u011fretime ait s\u00fcre\u00e7ler \u201cPlanlama-Uygulama-Kontrol etme-\u00d6nlem alma (PUK\u00d6)\u201d d\u00f6ng\u00fcs\u00fcne uygun olarak y\u00f6netilir.<\/p><\/div><\/div>\t\t\t\t<\/div>\n\t\t\t\t<\/div>\n\t\t\t\t\t<\/div>\n\t\t<\/div>\n\t\t\t\t<div class=\"elementor-column elementor-col-50 elementor-top-column elementor-element elementor-element-6d4f392\" data-id=\"6d4f392\" data-element_type=\"column\">\n\t\t\t<div class=\"elementor-widget-wrap elementor-element-populated\">\n\t\t\t\t\t\t<div class=\"elementor-element elementor-element-5302680 elementor-widget elementor-widget-image\" data-id=\"5302680\" data-element_type=\"widget\" data-widget_type=\"image.default\">\n\t\t\t\t<div class=\"elementor-widget-container\">\n\t\t\t\t\t\t\t\t\t\t\t\t\t\t\t<img decoding=\"async\" width=\"400\" height=\"240\" src=\"https:\/\/atauni.edu.tr\/ilahiyat-fakultesi\/wp-content\/uploads\/sites\/65\/2021\/11\/puko-dongusu-1.png\" class=\"attachment-large size-large wp-image-10652\" alt=\"\" srcset=\"https:\/\/atauni.edu.tr\/ilahiyat-fakultesi\/wp-content\/uploads\/sites\/65\/2021\/11\/puko-dongusu-1.png 400w, https:\/\/atauni.edu.tr\/ilahiyat-fakultesi\/wp-content\/uploads\/sites\/65\/2021\/11\/puko-dongusu-1-300x180.png 300w\" sizes=\"(max-width: 400px) 100vw, 400px\" \/>\t\t\t\t\t\t\t\t\t\t\t\t\t\t\t<\/div>\n\t\t\t\t<\/div>\n\t\t\t\t\t<\/div>\n\t\t<\/div>\n\t\t\t\t\t<\/div>\n\t\t<\/section>\n\t\t\t\t<\/div>\n\t\t","protected":false},"excerpt":{"rendered":"<p>E\u011fitimde Kalite Fak\u00fcltemiz \u0130lahiyat alan\u0131nda en y\u00fcksek standartlarda e\u011fitim-\u00f6\u011fretim imk\u00e2n\u0131 sunmay\u0131 ama\u00e7lar. Fak\u00fcltemizin program yap\u0131s\u0131, \u00f6\u011frenci merkezli e\u011fitim anlay\u0131\u015f\u0131na dayanan, \u00f6\u011frencilerin mesleki-akademik yeterliklerini geli\u015ftirmeyi ama\u00e7layan ele\u015ftirel d\u00fc\u015f\u00fcnce ve ara\u015ft\u0131rma odakl\u0131 bir e\u011fitim felsefesini benimser. Seminerler, konferanslar, disiplinler aras\u0131 \u00e7al\u0131\u015fmalar, bitirme \u00f6devleri te\u015fvik edilir. E\u011fitim-\u00f6\u011fretimi payda\u015flar\u0131n ihtiya\u00e7 ve beklentileri do\u011frultusunda g\u00fcnceller ve iyile\u015ftirir. E\u011fitim ve \u00f6\u011fretime [&hellip;]<\/p>\n","protected":false},"author":244,"featured_media":0,"parent":0,"menu_order":0,"comment_status":"closed","ping_status":"closed","template":"","meta":{"footnotes":""},"class_list":["post-9173","page","type-page","status-publish","hentry"],"_links":{"self":[{"href":"https:\/\/atauni.edu.tr\/ilahiyat-fakultesi\/wp-json\/wp\/v2\/pages\/9173","targetHints":{"allow":["GET"]}}],"collection":[{"href":"https:\/\/atauni.edu.tr\/ilahiyat-fakultesi\/wp-json\/wp\/v2\/pages"}],"about":[{"href":"https:\/\/atauni.edu.tr\/ilahiyat-fakultesi\/wp-json\/wp\/v2\/types\/page"}],"author":[{"embeddable":true,"href":"https:\/\/atauni.edu.tr\/ilahiyat-fakultesi\/wp-json\/wp\/v2\/users\/244"}],"replies":[{"embeddable":true,"href":"https:\/\/atauni.edu.tr\/ilahiyat-fakultesi\/wp-json\/wp\/v2\/comments?post=9173"}],"version-history":[{"count":28,"href":"https:\/\/atauni.edu.tr\/ilahiyat-fakultesi\/wp-json\/wp\/v2\/pages\/9173\/revisions"}],"predecessor-version":[{"id":10662,"href":"https:\/\/atauni.edu.tr\/ilahiyat-fakultesi\/wp-json\/wp\/v2\/pages\/9173\/revisions\/10662"}],"wp:attachment":[{"href":"https:\/\/atauni.edu.tr\/ilahiyat-fakultesi\/wp-json\/wp\/v2\/media?parent=9173"}],"curies":[{"name":"wp","href":"https:\/\/api.w.org\/{rel}","templated":true}]}}