{"id":10984,"date":"2022-01-13T09:37:15","date_gmt":"2022-01-13T06:37:15","guid":{"rendered":"https:\/\/birimler.atauni.edu.tr\/iletisim-fakultesi\/?page_id=10984"},"modified":"2022-01-13T09:39:48","modified_gmt":"2022-01-13T06:39:48","slug":"7-katmanli-yonetisim-modeli","status":"publish","type":"page","link":"https:\/\/atauni.edu.tr\/iletisim-fakultesi\/7-katmanli-yonetisim-modeli\/","title":{"rendered":"7 Katmanl\u0131 Y\u00f6neti\u015fim Modeli"},"content":{"rendered":"\t\t<div data-elementor-type=\"wp-page\" data-elementor-id=\"10984\" class=\"elementor elementor-10984\" data-elementor-post-type=\"page\">\n\t\t\t\t\t\t<section class=\"elementor-section elementor-top-section elementor-element elementor-element-46c2cb5d elementor-section-boxed elementor-section-height-default elementor-section-height-default\" data-id=\"46c2cb5d\" data-element_type=\"section\">\n\t\t\t\t\t\t<div class=\"elementor-container elementor-column-gap-default\">\n\t\t\t\t\t<div class=\"elementor-column elementor-col-100 elementor-top-column elementor-element elementor-element-299813e7\" data-id=\"299813e7\" data-element_type=\"column\">\n\t\t\t<div class=\"elementor-widget-wrap elementor-element-populated\">\n\t\t\t\t\t\t<div class=\"elementor-element elementor-element-3ec495a9 elementor-widget elementor-widget-heading\" data-id=\"3ec495a9\" data-element_type=\"widget\" data-widget_type=\"heading.default\">\n\t\t\t\t<div class=\"elementor-widget-container\">\n\t\t\t\t\t<h2 class=\"elementor-heading-title elementor-size-default\">7 Katmanl\u0131 Y\u00f6neti\u015fim Modeli<\/h2>\t\t\t\t<\/div>\n\t\t\t\t<\/div>\n\t\t\t\t<div class=\"elementor-element elementor-element-2092e3b3 elementor-widget-divider--view-line elementor-widget elementor-widget-divider\" data-id=\"2092e3b3\" data-element_type=\"widget\" data-widget_type=\"divider.default\">\n\t\t\t\t<div class=\"elementor-widget-container\">\n\t\t\t\t\t\t\t<div class=\"elementor-divider\">\n\t\t\t<span class=\"elementor-divider-separator\">\n\t\t\t\t\t\t<\/span>\n\t\t<\/div>\n\t\t\t\t\t\t<\/div>\n\t\t\t\t<\/div>\n\t\t\t\t\t<\/div>\n\t\t<\/div>\n\t\t\t\t\t<\/div>\n\t\t<\/section>\n\t\t\t\t<section class=\"elementor-section elementor-top-section elementor-element elementor-element-0022406 elementor-section-boxed elementor-section-height-default elementor-section-height-default\" data-id=\"0022406\" data-element_type=\"section\">\n\t\t\t\t\t\t<div class=\"elementor-container elementor-column-gap-default\">\n\t\t\t\t\t<div class=\"elementor-column elementor-col-100 elementor-top-column elementor-element elementor-element-a757a48\" data-id=\"a757a48\" data-element_type=\"column\">\n\t\t\t<div class=\"elementor-widget-wrap elementor-element-populated\">\n\t\t\t\t\t\t<div class=\"elementor-element elementor-element-bea4c22 elementor-widget elementor-widget-image\" data-id=\"bea4c22\" data-element_type=\"widget\" data-widget_type=\"image.default\">\n\t\t\t\t<div class=\"elementor-widget-container\">\n\t\t\t\t\t\t\t\t\t\t\t\t\t\t\t\t<a href=\"http:\/\/birimler.atauni.edu.tr\/iletisim-fakultesi\/wp-content\/uploads\/sites\/66\/2022\/01\/7KatmanliYonetisimModeli.png\" data-elementor-open-lightbox=\"yes\" data-elementor-lightbox-title=\"7KatmanliYonetisimModeli\" data-e-action-hash=\"#elementor-action%3Aaction%3Dlightbox%26settings%3DeyJpZCI6IjEwOTgzIiwidXJsIjoiaHR0cHM6XC9cL2F0YXVuaS5lZHUudHJcL2lsZXRpc2ltLWZha3VsdGVzaVwvd3AtY29udGVudFwvdXBsb2Fkc1wvc2l0ZXNcLzY2XC8yMDIyXC8wMVwvN0thdG1hbmxpWW9uZXRpc2ltTW9kZWxpLnBuZyJ9\">\n\t\t\t\t\t\t\t<img fetchpriority=\"high\" decoding=\"async\" width=\"1024\" height=\"576\" src=\"https:\/\/atauni.edu.tr\/iletisim-fakultesi\/wp-content\/uploads\/sites\/66\/2022\/01\/7KatmanliYonetisimModeli-1024x576.png\" class=\"attachment-large size-large wp-image-10983\" alt=\"\" srcset=\"https:\/\/atauni.edu.tr\/iletisim-fakultesi\/wp-content\/uploads\/sites\/66\/2022\/01\/7KatmanliYonetisimModeli-1024x576.png 1024w, https:\/\/atauni.edu.tr\/iletisim-fakultesi\/wp-content\/uploads\/sites\/66\/2022\/01\/7KatmanliYonetisimModeli-300x169.png 300w, https:\/\/atauni.edu.tr\/iletisim-fakultesi\/wp-content\/uploads\/sites\/66\/2022\/01\/7KatmanliYonetisimModeli-768x432.png 768w, https:\/\/atauni.edu.tr\/iletisim-fakultesi\/wp-content\/uploads\/sites\/66\/2022\/01\/7KatmanliYonetisimModeli-1536x864.png 1536w, https:\/\/atauni.edu.tr\/iletisim-fakultesi\/wp-content\/uploads\/sites\/66\/2022\/01\/7KatmanliYonetisimModeli-600x338.png 600w, https:\/\/atauni.edu.tr\/iletisim-fakultesi\/wp-content\/uploads\/sites\/66\/2022\/01\/7KatmanliYonetisimModeli-560x315.png 560w, https:\/\/atauni.edu.tr\/iletisim-fakultesi\/wp-content\/uploads\/sites\/66\/2022\/01\/7KatmanliYonetisimModeli.png 1920w\" sizes=\"(max-width: 1024px) 100vw, 1024px\" \/>\t\t\t\t\t\t\t\t<\/a>\n\t\t\t\t\t\t\t\t\t\t\t\t\t\t\t<\/div>\n\t\t\t\t<\/div>\n\t\t\t\t\t<\/div>\n\t\t<\/div>\n\t\t\t\t\t<\/div>\n\t\t<\/section>\n\t\t\t\t<section class=\"elementor-section elementor-top-section elementor-element elementor-element-eca24ab elementor-section-boxed elementor-section-height-default elementor-section-height-default\" data-id=\"eca24ab\" data-element_type=\"section\">\n\t\t\t\t\t\t<div class=\"elementor-container elementor-column-gap-default\">\n\t\t\t\t\t<div class=\"elementor-column elementor-col-100 elementor-top-column elementor-element elementor-element-515687a\" data-id=\"515687a\" data-element_type=\"column\">\n\t\t\t<div class=\"elementor-widget-wrap elementor-element-populated\">\n\t\t\t\t\t\t<div class=\"elementor-element elementor-element-7244ecc elementor-widget elementor-widget-spacer\" data-id=\"7244ecc\" data-element_type=\"widget\" data-widget_type=\"spacer.default\">\n\t\t\t\t<div class=\"elementor-widget-container\">\n\t\t\t\t\t\t\t<div class=\"elementor-spacer\">\n\t\t\t<div class=\"elementor-spacer-inner\"><\/div>\n\t\t<\/div>\n\t\t\t\t\t\t<\/div>\n\t\t\t\t<\/div>\n\t\t\t\t\t<\/div>\n\t\t<\/div>\n\t\t\t\t\t<\/div>\n\t\t<\/section>\n\t\t\t\t<\/div>\n\t\t","protected":false},"excerpt":{"rendered":"<p>7 Katmanl\u0131 Y\u00f6neti\u015fim Modeli<\/p>\n","protected":false},"author":55,"featured_media":0,"parent":0,"menu_order":0,"comment_status":"closed","ping_status":"closed","template":"elementor_header_footer","meta":{"footnotes":""},"class_list":["post-10984","page","type-page","status-publish","hentry"],"_links":{"self":[{"href":"https:\/\/atauni.edu.tr\/iletisim-fakultesi\/wp-json\/wp\/v2\/pages\/10984","targetHints":{"allow":["GET"]}}],"collection":[{"href":"https:\/\/atauni.edu.tr\/iletisim-fakultesi\/wp-json\/wp\/v2\/pages"}],"about":[{"href":"https:\/\/atauni.edu.tr\/iletisim-fakultesi\/wp-json\/wp\/v2\/types\/page"}],"author":[{"embeddable":true,"href":"https:\/\/atauni.edu.tr\/iletisim-fakultesi\/wp-json\/wp\/v2\/users\/55"}],"replies":[{"embeddable":true,"href":"https:\/\/atauni.edu.tr\/iletisim-fakultesi\/wp-json\/wp\/v2\/comments?post=10984"}],"version-history":[{"count":7,"href":"https:\/\/atauni.edu.tr\/iletisim-fakultesi\/wp-json\/wp\/v2\/pages\/10984\/revisions"}],"predecessor-version":[{"id":10991,"href":"https:\/\/atauni.edu.tr\/iletisim-fakultesi\/wp-json\/wp\/v2\/pages\/10984\/revisions\/10991"}],"wp:attachment":[{"href":"https:\/\/atauni.edu.tr\/iletisim-fakultesi\/wp-json\/wp\/v2\/media?parent=10984"}],"curies":[{"name":"wp","href":"https:\/\/api.w.org\/{rel}","templated":true}]}}