{"id":11618,"date":"2022-01-28T14:47:11","date_gmt":"2022-01-28T11:47:11","guid":{"rendered":"https:\/\/birimler.atauni.edu.tr\/iletisim-fakultesi\/?page_id=11618"},"modified":"2025-05-30T15:07:38","modified_gmt":"2025-05-30T12:07:38","slug":"duyurular","status":"publish","type":"page","link":"https:\/\/atauni.edu.tr\/iletisim-fakultesi\/duyurular\/","title":{"rendered":"Duyurular"},"content":{"rendered":"\t\t<div data-elementor-type=\"wp-page\" data-elementor-id=\"11618\" class=\"elementor elementor-11618\" data-elementor-post-type=\"page\">\n\t\t\t\t\t\t<section class=\"elementor-section elementor-top-section elementor-element elementor-element-cdeb325 elementor-section-boxed elementor-section-height-default elementor-section-height-default\" data-id=\"cdeb325\" data-element_type=\"section\">\n\t\t\t\t\t\t<div class=\"elementor-container elementor-column-gap-default\">\n\t\t\t\t\t<div class=\"elementor-column elementor-col-100 elementor-top-column elementor-element elementor-element-a8f1891\" data-id=\"a8f1891\" data-element_type=\"column\">\n\t\t\t<div class=\"elementor-widget-wrap elementor-element-populated\">\n\t\t\t\t\t\t<div class=\"elementor-element elementor-element-bcb8c9b elementor-widget elementor-widget-heading\" data-id=\"bcb8c9b\" data-element_type=\"widget\" data-widget_type=\"heading.default\">\n\t\t\t\t<div class=\"elementor-widget-container\">\n\t\t\t\t\t<h2 class=\"elementor-heading-title elementor-size-default\"><font style=\"vertical-align: inherit\"><font style=\"vertical-align: inherit\">T\u00fcm Duyurular<\/font><\/font><font style=\"vertical-align: inherit\"><\/font><\/h2>\t\t\t\t<\/div>\n\t\t\t\t<\/div>\n\t\t\t\t<div class=\"elementor-element elementor-element-c43b97a elementor-widget-divider--view-line elementor-widget elementor-widget-divider\" data-id=\"c43b97a\" data-element_type=\"widget\" data-widget_type=\"divider.default\">\n\t\t\t\t<div class=\"elementor-widget-container\">\n\t\t\t\t\t\t\t<div class=\"elementor-divider\">\n\t\t\t<span class=\"elementor-divider-separator\">\n\t\t\t\t\t\t<\/span>\n\t\t<\/div>\n\t\t\t\t\t\t<\/div>\n\t\t\t\t<\/div>\n\t\t\t\t\t<\/div>\n\t\t<\/div>\n\t\t\t\t\t<\/div>\n\t\t<\/section>\n\t\t\t\t<section class=\"elementor-section elementor-top-section elementor-element elementor-element-58cc4d3 elementor-section-boxed elementor-section-height-default elementor-section-height-default\" data-id=\"58cc4d3\" data-element_type=\"section\">\n\t\t\t\t\t\t<div class=\"elementor-container elementor-column-gap-default\">\n\t\t\t\t\t<div class=\"elementor-column elementor-col-100 elementor-top-column elementor-element elementor-element-e0593f0\" data-id=\"e0593f0\" data-element_type=\"column\">\n\t\t\t<div class=\"elementor-widget-wrap elementor-element-populated\">\n\t\t\t\t\t\t<div class=\"elementor-element elementor-element-eaddf6a elementor-grid-4 elementor-grid-tablet-2 elementor-grid-mobile-1 elementor-posts--thumbnail-top elementor-invisible elementor-widget elementor-widget-posts\" data-id=\"eaddf6a\" data-element_type=\"widget\" data-settings=\"{&quot;classic_columns&quot;:&quot;4&quot;,&quot;classic_row_gap&quot;:{&quot;unit&quot;:&quot;px&quot;,&quot;size&quot;:&quot;20&quot;,&quot;sizes&quot;:[]},&quot;pagination_type&quot;:&quot;load_more_infinite_scroll&quot;,&quot;_animation&quot;:&quot;slideInUp&quot;,&quot;classic_columns_tablet&quot;:&quot;2&quot;,&quot;classic_columns_mobile&quot;:&quot;1&quot;,&quot;classic_row_gap_tablet&quot;:{&quot;unit&quot;:&quot;px&quot;,&quot;size&quot;:&quot;&quot;,&quot;sizes&quot;:[]},&quot;classic_row_gap_mobile&quot;:{&quot;unit&quot;:&quot;px&quot;,&quot;size&quot;:&quot;&quot;,&quot;sizes&quot;:[]},&quot;load_more_spinner&quot;:{&quot;value&quot;:&quot;fas fa-spinner&quot;,&quot;library&quot;:&quot;fa-solid&quot;}}\" data-widget_type=\"posts.classic\">\n\t\t\t\t<div class=\"elementor-widget-container\">\n\t\t\t\t\t\t\t<div class=\"elementor-posts-container elementor-posts elementor-posts--skin-classic elementor-grid\" role=\"list\">\n\t\t\t\t<article class=\"elementor-post elementor-grid-item post-18673 post type-post status-publish format-standard has-post-thumbnail hentry category-duyurular\" role=\"listitem\">\n\t\t\t\t<a class=\"elementor-post__thumbnail__link\" href=\"https:\/\/atauni.edu.tr\/iletisim-fakultesi\/duyurular\/2026\/2025-2026-bahar-donemi-universite-secmeli-ders-usd-vize-sinav-takvimi\/\" tabindex=\"-1\" >\n\t\t\t<div class=\"elementor-post__thumbnail\"><img fetchpriority=\"high\" decoding=\"async\" width=\"300\" height=\"231\" src=\"https:\/\/atauni.edu.tr\/iletisim-fakultesi\/wp-content\/uploads\/sites\/66\/2023\/11\/R-1-300x231.png\" class=\"attachment-medium size-medium wp-image-15460\" alt=\"\" srcset=\"https:\/\/atauni.edu.tr\/iletisim-fakultesi\/wp-content\/uploads\/sites\/66\/2023\/11\/R-1-300x231.png 300w, https:\/\/atauni.edu.tr\/iletisim-fakultesi\/wp-content\/uploads\/sites\/66\/2023\/11\/R-1-1024x788.png 1024w, https:\/\/atauni.edu.tr\/iletisim-fakultesi\/wp-content\/uploads\/sites\/66\/2023\/11\/R-1-768x591.png 768w, https:\/\/atauni.edu.tr\/iletisim-fakultesi\/wp-content\/uploads\/sites\/66\/2023\/11\/R-1-1536x1182.png 1536w, https:\/\/atauni.edu.tr\/iletisim-fakultesi\/wp-content\/uploads\/sites\/66\/2023\/11\/R-1-2048x1577.png 2048w, https:\/\/atauni.edu.tr\/iletisim-fakultesi\/wp-content\/uploads\/sites\/66\/2023\/11\/R-1-600x462.png 600w, https:\/\/atauni.edu.tr\/iletisim-fakultesi\/wp-content\/uploads\/sites\/66\/2023\/11\/R-1-560x431.png 560w\" sizes=\"(max-width: 300px) 100vw, 300px\" \/><\/div>\n\t\t<\/a>\n\t\t\t\t<div class=\"elementor-post__text\">\n\t\t\t\t<h3 class=\"elementor-post__title\">\n\t\t\t<a href=\"https:\/\/atauni.edu.tr\/iletisim-fakultesi\/duyurular\/2026\/2025-2026-bahar-donemi-universite-secmeli-ders-usd-vize-sinav-takvimi\/\" >\n\t\t\t\t2025-2026 Bahar D\u00f6nemi \u00dcniversite Se\u00e7meli Ders (\u00dcSD) Vize S\u0131nav Takvimi\t\t\t<\/a>\n\t\t<\/h3>\n\t\t\t\t<div class=\"elementor-post__meta-data\">\n\t\t\t\t\t<span class=\"elementor-post-date\">\n\t\t\t18.03.2026\t\t<\/span>\n\t\t\t\t<\/div>\n\t\t\n\t\t<a class=\"elementor-post__read-more\" href=\"https:\/\/atauni.edu.tr\/iletisim-fakultesi\/duyurular\/2026\/2025-2026-bahar-donemi-universite-secmeli-ders-usd-vize-sinav-takvimi\/\" aria-label=\"Read more about 2025-2026 Bahar D\u00f6nemi \u00dcniversite Se\u00e7meli Ders (\u00dcSD) Vize S\u0131nav Takvimi\" tabindex=\"-1\" >\n\t\t\tDuyuru Detay\u0131\t\t<\/a>\n\n\t\t\t\t<\/div>\n\t\t\t\t<\/article>\n\t\t\t\t<article class=\"elementor-post elementor-grid-item post-18664 post type-post status-publish format-standard has-post-thumbnail hentry category-duyurular tag-sinav-duyurusu\" role=\"listitem\">\n\t\t\t\t<a class=\"elementor-post__thumbnail__link\" href=\"https:\/\/atauni.edu.tr\/iletisim-fakultesi\/duyurular\/2026\/2025-2026-egitim-ogretim-yili-bahar-donemi-vize-sinav-programi\/\" tabindex=\"-1\" >\n\t\t\t<div class=\"elementor-post__thumbnail\"><img decoding=\"async\" width=\"300\" height=\"231\" src=\"https:\/\/atauni.edu.tr\/iletisim-fakultesi\/wp-content\/uploads\/sites\/66\/2022\/05\/duyuru-300x231-2.png\" class=\"attachment-medium size-medium wp-image-12768\" alt=\"\" \/><\/div>\n\t\t<\/a>\n\t\t\t\t<div class=\"elementor-post__text\">\n\t\t\t\t<h3 class=\"elementor-post__title\">\n\t\t\t<a href=\"https:\/\/atauni.edu.tr\/iletisim-fakultesi\/duyurular\/2026\/2025-2026-egitim-ogretim-yili-bahar-donemi-vize-sinav-programi\/\" >\n\t\t\t\t2025-2026 E\u011fitim-\u00d6\u011fretim Y\u0131l\u0131 Bahar D\u00f6nemi Vize S\u0131nav Program\u0131\t\t\t<\/a>\n\t\t<\/h3>\n\t\t\t\t<div class=\"elementor-post__meta-data\">\n\t\t\t\t\t<span class=\"elementor-post-date\">\n\t\t\t18.03.2026\t\t<\/span>\n\t\t\t\t<\/div>\n\t\t\n\t\t<a class=\"elementor-post__read-more\" href=\"https:\/\/atauni.edu.tr\/iletisim-fakultesi\/duyurular\/2026\/2025-2026-egitim-ogretim-yili-bahar-donemi-vize-sinav-programi\/\" aria-label=\"Read more about 2025-2026 E\u011fitim-\u00d6\u011fretim Y\u0131l\u0131 Bahar D\u00f6nemi Vize S\u0131nav Program\u0131\" tabindex=\"-1\" >\n\t\t\tDuyuru Detay\u0131\t\t<\/a>\n\n\t\t\t\t<\/div>\n\t\t\t\t<\/article>\n\t\t\t\t<article class=\"elementor-post elementor-grid-item post-18515 post type-post status-publish format-standard has-post-thumbnail hentry category-duyurular\" role=\"listitem\">\n\t\t\t\t<a class=\"elementor-post__thumbnail__link\" href=\"https:\/\/atauni.edu.tr\/iletisim-fakultesi\/duyurular\/2026\/2025-2026-egitim-ogretim-yili-bahar-donemi-ders-programlari-lisans-ve-lisansustu\/\" tabindex=\"-1\" >\n\t\t\t<div class=\"elementor-post__thumbnail\"><img decoding=\"async\" width=\"300\" height=\"231\" src=\"https:\/\/atauni.edu.tr\/iletisim-fakultesi\/wp-content\/uploads\/sites\/66\/2022\/01\/duyuru-300x231-2.jpg\" class=\"attachment-medium size-medium wp-image-11629\" alt=\"\" \/><\/div>\n\t\t<\/a>\n\t\t\t\t<div class=\"elementor-post__text\">\n\t\t\t\t<h3 class=\"elementor-post__title\">\n\t\t\t<a href=\"https:\/\/atauni.edu.tr\/iletisim-fakultesi\/duyurular\/2026\/2025-2026-egitim-ogretim-yili-bahar-donemi-ders-programlari-lisans-ve-lisansustu\/\" >\n\t\t\t\t2025-2026 E\u011fitim-\u00d6\u011fretim Y\u0131l\u0131 Bahar D\u00f6nemi Ders Programlar\u0131 (L\u0130SANS ve L\u0130SANS\u00dcST\u00dc)\t\t\t<\/a>\n\t\t<\/h3>\n\t\t\t\t<div class=\"elementor-post__meta-data\">\n\t\t\t\t\t<span class=\"elementor-post-date\">\n\t\t\t05.02.2026\t\t<\/span>\n\t\t\t\t<\/div>\n\t\t\n\t\t<a class=\"elementor-post__read-more\" href=\"https:\/\/atauni.edu.tr\/iletisim-fakultesi\/duyurular\/2026\/2025-2026-egitim-ogretim-yili-bahar-donemi-ders-programlari-lisans-ve-lisansustu\/\" aria-label=\"Read more about 2025-2026 E\u011fitim-\u00d6\u011fretim Y\u0131l\u0131 Bahar D\u00f6nemi Ders Programlar\u0131 (L\u0130SANS ve L\u0130SANS\u00dcST\u00dc)\" tabindex=\"-1\" >\n\t\t\tDuyuru Detay\u0131\t\t<\/a>\n\n\t\t\t\t<\/div>\n\t\t\t\t<\/article>\n\t\t\t\t<article class=\"elementor-post elementor-grid-item post-18448 post type-post status-publish format-standard has-post-thumbnail hentry category-duyurular\" role=\"listitem\">\n\t\t\t\t<a class=\"elementor-post__thumbnail__link\" href=\"https:\/\/atauni.edu.tr\/iletisim-fakultesi\/duyurular\/2025\/2025-2026-guz-donemi-universite-secmeli-ders-usd-butunleme-sinav-takvimi\/\" tabindex=\"-1\" >\n\t\t\t<div class=\"elementor-post__thumbnail\"><img loading=\"lazy\" decoding=\"async\" width=\"300\" height=\"231\" src=\"https:\/\/atauni.edu.tr\/iletisim-fakultesi\/wp-content\/uploads\/sites\/66\/2023\/05\/duyuru-300x231-1.jpg\" class=\"attachment-medium size-medium wp-image-14801\" alt=\"\" \/><\/div>\n\t\t<\/a>\n\t\t\t\t<div class=\"elementor-post__text\">\n\t\t\t\t<h3 class=\"elementor-post__title\">\n\t\t\t<a href=\"https:\/\/atauni.edu.tr\/iletisim-fakultesi\/duyurular\/2025\/2025-2026-guz-donemi-universite-secmeli-ders-usd-butunleme-sinav-takvimi\/\" >\n\t\t\t\t2025-2026 G\u00fcz D\u00f6nemi \u00dcniversite Se\u00e7meli Ders (\u00dcSD) B\u00fct\u00fcnleme S\u0131nav Takvimi\t\t\t<\/a>\n\t\t<\/h3>\n\t\t\t\t<div class=\"elementor-post__meta-data\">\n\t\t\t\t\t<span class=\"elementor-post-date\">\n\t\t\t27.12.2025\t\t<\/span>\n\t\t\t\t<\/div>\n\t\t\n\t\t<a class=\"elementor-post__read-more\" href=\"https:\/\/atauni.edu.tr\/iletisim-fakultesi\/duyurular\/2025\/2025-2026-guz-donemi-universite-secmeli-ders-usd-butunleme-sinav-takvimi\/\" aria-label=\"Read more about 2025-2026 G\u00fcz D\u00f6nemi \u00dcniversite Se\u00e7meli Ders (\u00dcSD) B\u00fct\u00fcnleme S\u0131nav Takvimi\" tabindex=\"-1\" >\n\t\t\tDuyuru Detay\u0131\t\t<\/a>\n\n\t\t\t\t<\/div>\n\t\t\t\t<\/article>\n\t\t\t\t<article class=\"elementor-post elementor-grid-item post-18440 post type-post status-publish format-standard has-post-thumbnail hentry category-duyurular tag-sinav-duyurusu\" role=\"listitem\">\n\t\t\t\t<a class=\"elementor-post__thumbnail__link\" href=\"https:\/\/atauni.edu.tr\/iletisim-fakultesi\/duyurular\/2025\/2025-2026-egitim-ogretim-yili-butunleme-donemi-final-sinav-programi\/\" tabindex=\"-1\" >\n\t\t\t<div class=\"elementor-post__thumbnail\"><img decoding=\"async\" width=\"300\" height=\"231\" src=\"https:\/\/atauni.edu.tr\/iletisim-fakultesi\/wp-content\/uploads\/sites\/66\/2022\/05\/duyuru-300x231-2.png\" class=\"attachment-medium size-medium wp-image-12768\" alt=\"\" \/><\/div>\n\t\t<\/a>\n\t\t\t\t<div class=\"elementor-post__text\">\n\t\t\t\t<h3 class=\"elementor-post__title\">\n\t\t\t<a href=\"https:\/\/atauni.edu.tr\/iletisim-fakultesi\/duyurular\/2025\/2025-2026-egitim-ogretim-yili-butunleme-donemi-final-sinav-programi\/\" >\n\t\t\t\t2025-2026 E\u011fitim-\u00d6\u011fretim Y\u0131l\u0131 B\u00fct\u00fcnleme D\u00f6nemi Final S\u0131nav Program\u0131\t\t\t<\/a>\n\t\t<\/h3>\n\t\t\t\t<div class=\"elementor-post__meta-data\">\n\t\t\t\t\t<span class=\"elementor-post-date\">\n\t\t\t27.12.2025\t\t<\/span>\n\t\t\t\t<\/div>\n\t\t\n\t\t<a class=\"elementor-post__read-more\" href=\"https:\/\/atauni.edu.tr\/iletisim-fakultesi\/duyurular\/2025\/2025-2026-egitim-ogretim-yili-butunleme-donemi-final-sinav-programi\/\" aria-label=\"Read more about 2025-2026 E\u011fitim-\u00d6\u011fretim Y\u0131l\u0131 B\u00fct\u00fcnleme D\u00f6nemi Final S\u0131nav Program\u0131\" tabindex=\"-1\" >\n\t\t\tDuyuru Detay\u0131\t\t<\/a>\n\n\t\t\t\t<\/div>\n\t\t\t\t<\/article>\n\t\t\t\t<article class=\"elementor-post elementor-grid-item post-18423 post type-post status-publish format-standard has-post-thumbnail hentry category-duyurular\" role=\"listitem\">\n\t\t\t\t<a class=\"elementor-post__thumbnail__link\" href=\"https:\/\/atauni.edu.tr\/iletisim-fakultesi\/duyurular\/2025\/2025-2026-guz-donemi-universite-secmeli-ders-usd-final-sinav-takvimi\/\" tabindex=\"-1\" >\n\t\t\t<div class=\"elementor-post__thumbnail\"><img loading=\"lazy\" decoding=\"async\" width=\"300\" height=\"231\" src=\"https:\/\/atauni.edu.tr\/iletisim-fakultesi\/wp-content\/uploads\/sites\/66\/2023\/05\/duyuru-300x231-1.jpg\" class=\"attachment-medium size-medium wp-image-14801\" alt=\"\" \/><\/div>\n\t\t<\/a>\n\t\t\t\t<div class=\"elementor-post__text\">\n\t\t\t\t<h3 class=\"elementor-post__title\">\n\t\t\t<a href=\"https:\/\/atauni.edu.tr\/iletisim-fakultesi\/duyurular\/2025\/2025-2026-guz-donemi-universite-secmeli-ders-usd-final-sinav-takvimi\/\" >\n\t\t\t\t2025-2026 G\u00fcz D\u00f6nemi \u00dcniversite Se\u00e7meli Ders (\u00dcSD) Final S\u0131nav Takvimi\t\t\t<\/a>\n\t\t<\/h3>\n\t\t\t\t<div class=\"elementor-post__meta-data\">\n\t\t\t\t\t<span class=\"elementor-post-date\">\n\t\t\t27.12.2025\t\t<\/span>\n\t\t\t\t<\/div>\n\t\t\n\t\t<a class=\"elementor-post__read-more\" href=\"https:\/\/atauni.edu.tr\/iletisim-fakultesi\/duyurular\/2025\/2025-2026-guz-donemi-universite-secmeli-ders-usd-final-sinav-takvimi\/\" aria-label=\"Read more about 2025-2026 G\u00fcz D\u00f6nemi \u00dcniversite Se\u00e7meli Ders (\u00dcSD) Final S\u0131nav Takvimi\" tabindex=\"-1\" >\n\t\t\tDuyuru Detay\u0131\t\t<\/a>\n\n\t\t\t\t<\/div>\n\t\t\t\t<\/article>\n\t\t\t\t<article class=\"elementor-post elementor-grid-item post-18414 post type-post status-publish format-standard has-post-thumbnail hentry category-duyurular tag-sinav-duyurusu\" role=\"listitem\">\n\t\t\t\t<a class=\"elementor-post__thumbnail__link\" href=\"https:\/\/atauni.edu.tr\/iletisim-fakultesi\/duyurular\/2025\/2025-2026-egitim-ogretim-yili-guz-donemi-final-sinav-programi\/\" tabindex=\"-1\" >\n\t\t\t<div class=\"elementor-post__thumbnail\"><img decoding=\"async\" width=\"300\" height=\"231\" src=\"https:\/\/atauni.edu.tr\/iletisim-fakultesi\/wp-content\/uploads\/sites\/66\/2022\/05\/duyuru-300x231-2.png\" class=\"attachment-medium size-medium wp-image-12768\" alt=\"\" \/><\/div>\n\t\t<\/a>\n\t\t\t\t<div class=\"elementor-post__text\">\n\t\t\t\t<h3 class=\"elementor-post__title\">\n\t\t\t<a href=\"https:\/\/atauni.edu.tr\/iletisim-fakultesi\/duyurular\/2025\/2025-2026-egitim-ogretim-yili-guz-donemi-final-sinav-programi\/\" >\n\t\t\t\t2025-2026 E\u011fitim-\u00d6\u011fretim Y\u0131l\u0131 G\u00fcz D\u00f6nemi Final S\u0131nav Program\u0131\t\t\t<\/a>\n\t\t<\/h3>\n\t\t\t\t<div class=\"elementor-post__meta-data\">\n\t\t\t\t\t<span class=\"elementor-post-date\">\n\t\t\t27.12.2025\t\t<\/span>\n\t\t\t\t<\/div>\n\t\t\n\t\t<a class=\"elementor-post__read-more\" href=\"https:\/\/atauni.edu.tr\/iletisim-fakultesi\/duyurular\/2025\/2025-2026-egitim-ogretim-yili-guz-donemi-final-sinav-programi\/\" aria-label=\"Read more about 2025-2026 E\u011fitim-\u00d6\u011fretim Y\u0131l\u0131 G\u00fcz D\u00f6nemi Final S\u0131nav Program\u0131\" tabindex=\"-1\" >\n\t\t\tDuyuru Detay\u0131\t\t<\/a>\n\n\t\t\t\t<\/div>\n\t\t\t\t<\/article>\n\t\t\t\t<article class=\"elementor-post elementor-grid-item post-18253 post type-post status-publish format-standard has-post-thumbnail hentry category-duyurular\" role=\"listitem\">\n\t\t\t\t<a class=\"elementor-post__thumbnail__link\" href=\"https:\/\/atauni.edu.tr\/iletisim-fakultesi\/duyurular\/2025\/ilcelerden-usd-dersi-alanlar-icin-sinav-programi\/\" tabindex=\"-1\" >\n\t\t\t<div class=\"elementor-post__thumbnail\"><img loading=\"lazy\" decoding=\"async\" width=\"300\" height=\"231\" src=\"https:\/\/atauni.edu.tr\/iletisim-fakultesi\/wp-content\/uploads\/sites\/66\/2021\/07\/duyuru-300x231.jpg\" class=\"attachment-medium size-medium wp-image-5940\" alt=\"\" srcset=\"https:\/\/atauni.edu.tr\/iletisim-fakultesi\/wp-content\/uploads\/sites\/66\/2021\/07\/duyuru-300x231.jpg 300w, https:\/\/atauni.edu.tr\/iletisim-fakultesi\/wp-content\/uploads\/sites\/66\/2021\/07\/duyuru-768x591.jpg 768w, https:\/\/atauni.edu.tr\/iletisim-fakultesi\/wp-content\/uploads\/sites\/66\/2021\/07\/duyuru-600x462.jpg 600w, https:\/\/atauni.edu.tr\/iletisim-fakultesi\/wp-content\/uploads\/sites\/66\/2021\/07\/duyuru-560x431.jpg 560w, https:\/\/atauni.edu.tr\/iletisim-fakultesi\/wp-content\/uploads\/sites\/66\/2021\/07\/duyuru.jpg 780w\" sizes=\"(max-width: 300px) 100vw, 300px\" \/><\/div>\n\t\t<\/a>\n\t\t\t\t<div class=\"elementor-post__text\">\n\t\t\t\t<h3 class=\"elementor-post__title\">\n\t\t\t<a href=\"https:\/\/atauni.edu.tr\/iletisim-fakultesi\/duyurular\/2025\/ilcelerden-usd-dersi-alanlar-icin-sinav-programi\/\" >\n\t\t\t\t\u0130l\u00e7elerden \u00dcSD Dersi Alanlar \u0130\u00e7in S\u0131nav Program\u0131\t\t\t<\/a>\n\t\t<\/h3>\n\t\t\t\t<div class=\"elementor-post__meta-data\">\n\t\t\t\t\t<span class=\"elementor-post-date\">\n\t\t\t19.11.2025\t\t<\/span>\n\t\t\t\t<\/div>\n\t\t\n\t\t<a class=\"elementor-post__read-more\" href=\"https:\/\/atauni.edu.tr\/iletisim-fakultesi\/duyurular\/2025\/ilcelerden-usd-dersi-alanlar-icin-sinav-programi\/\" aria-label=\"Read more about \u0130l\u00e7elerden \u00dcSD Dersi Alanlar \u0130\u00e7in S\u0131nav Program\u0131\" tabindex=\"-1\" >\n\t\t\tDuyuru Detay\u0131\t\t<\/a>\n\n\t\t\t\t<\/div>\n\t\t\t\t<\/article>\n\t\t\t\t<\/div>\n\t\t\t\t\t<span class=\"e-load-more-spinner\">\n\t\t\t\t<i aria-hidden=\"true\" class=\"fas fa-spinner\"><\/i>\t\t\t<\/span>\n\t\t\n\t\t\t\t<div class=\"e-load-more-anchor\" data-page=\"1\" data-max-page=\"15\" data-next-page=\"https:\/\/atauni.edu.tr\/iletisim-fakultesi\/wp-json\/wp\/v2\/pages\/11618\/page\/2\/\"><\/div>\n\t\t\t\t<div class=\"e-load-more-message\"><\/div>\n\t\t\t\t\t\t<\/div>\n\t\t\t\t<\/div>\n\t\t\t\t\t<\/div>\n\t\t<\/div>\n\t\t\t\t\t<\/div>\n\t\t<\/section>\n\t\t\t\t<\/div>\n\t\t","protected":false},"excerpt":{"rendered":"<p>T\u00fcm Duyurular<\/p>\n","protected":false},"author":55,"featured_media":0,"parent":0,"menu_order":0,"comment_status":"closed","ping_status":"closed","template":"","meta":{"footnotes":""},"class_list":["post-11618","page","type-page","status-publish","hentry"],"_links":{"self":[{"href":"https:\/\/atauni.edu.tr\/iletisim-fakultesi\/wp-json\/wp\/v2\/pages\/11618","targetHints":{"allow":["GET"]}}],"collection":[{"href":"https:\/\/atauni.edu.tr\/iletisim-fakultesi\/wp-json\/wp\/v2\/pages"}],"about":[{"href":"https:\/\/atauni.edu.tr\/iletisim-fakultesi\/wp-json\/wp\/v2\/types\/page"}],"author":[{"embeddable":true,"href":"https:\/\/atauni.edu.tr\/iletisim-fakultesi\/wp-json\/wp\/v2\/users\/55"}],"replies":[{"embeddable":true,"href":"https:\/\/atauni.edu.tr\/iletisim-fakultesi\/wp-json\/wp\/v2\/comments?post=11618"}],"version-history":[{"count":19,"href":"https:\/\/atauni.edu.tr\/iletisim-fakultesi\/wp-json\/wp\/v2\/pages\/11618\/revisions"}],"predecessor-version":[{"id":17728,"href":"https:\/\/atauni.edu.tr\/iletisim-fakultesi\/wp-json\/wp\/v2\/pages\/11618\/revisions\/17728"}],"wp:attachment":[{"href":"https:\/\/atauni.edu.tr\/iletisim-fakultesi\/wp-json\/wp\/v2\/media?parent=11618"}],"curies":[{"name":"wp","href":"https:\/\/api.w.org\/{rel}","templated":true}]}}