{"id":12268,"date":"2022-03-08T14:22:08","date_gmt":"2022-03-08T11:22:08","guid":{"rendered":"https:\/\/birimler.atauni.edu.tr\/iletisim-fakultesi\/?page_id=12268"},"modified":"2025-04-11T15:25:56","modified_gmt":"2025-04-11T12:25:56","slug":"staj-yol-haritasi","status":"publish","type":"page","link":"https:\/\/atauni.edu.tr\/iletisim-fakultesi\/staj-yol-haritasi\/","title":{"rendered":"Staj Yol Haritas\u0131"},"content":{"rendered":"\t\t<div data-elementor-type=\"wp-page\" data-elementor-id=\"12268\" class=\"elementor elementor-12268\" data-elementor-post-type=\"page\">\n\t\t\t\t\t\t<section class=\"elementor-section elementor-top-section elementor-element elementor-element-bbc617e elementor-section-boxed elementor-section-height-default elementor-section-height-default\" data-id=\"bbc617e\" data-element_type=\"section\">\n\t\t\t\t\t\t<div class=\"elementor-container elementor-column-gap-default\">\n\t\t\t\t\t<div class=\"elementor-column elementor-col-100 elementor-top-column elementor-element elementor-element-8a0baae\" data-id=\"8a0baae\" data-element_type=\"column\">\n\t\t\t<div class=\"elementor-widget-wrap elementor-element-populated\">\n\t\t\t\t\t\t<div class=\"elementor-element elementor-element-8a02d77 elementor-widget elementor-widget-heading\" data-id=\"8a02d77\" data-element_type=\"widget\" data-widget_type=\"heading.default\">\n\t\t\t\t<div class=\"elementor-widget-container\">\n\t\t\t\t\t<h2 class=\"elementor-heading-title elementor-size-default\">Staj Yol Haritas\u0131<\/h2>\t\t\t\t<\/div>\n\t\t\t\t<\/div>\n\t\t\t\t<div class=\"elementor-element elementor-element-215b445 elementor-widget-divider--view-line elementor-widget elementor-widget-divider\" data-id=\"215b445\" data-element_type=\"widget\" data-widget_type=\"divider.default\">\n\t\t\t\t<div class=\"elementor-widget-container\">\n\t\t\t\t\t\t\t<div class=\"elementor-divider\">\n\t\t\t<span class=\"elementor-divider-separator\">\n\t\t\t\t\t\t<\/span>\n\t\t<\/div>\n\t\t\t\t\t\t<\/div>\n\t\t\t\t<\/div>\n\t\t\t\t\t<\/div>\n\t\t<\/div>\n\t\t\t\t\t<\/div>\n\t\t<\/section>\n\t\t\t\t<section class=\"elementor-section elementor-top-section elementor-element elementor-element-e310fe3 elementor-section-boxed elementor-section-height-default elementor-section-height-default\" data-id=\"e310fe3\" data-element_type=\"section\">\n\t\t\t\t\t\t<div class=\"elementor-container elementor-column-gap-default\">\n\t\t\t\t\t<div class=\"elementor-column elementor-col-100 elementor-top-column elementor-element elementor-element-4cf90bf\" data-id=\"4cf90bf\" data-element_type=\"column\">\n\t\t\t<div class=\"elementor-widget-wrap elementor-element-populated\">\n\t\t\t\t\t\t<div class=\"elementor-element elementor-element-694dfd5 elementor-widget elementor-widget-text-editor\" data-id=\"694dfd5\" data-element_type=\"widget\" data-widget_type=\"text-editor.default\">\n\t\t\t\t<div class=\"elementor-widget-container\">\n\t\t\t\t\t\t\t\t\t<p>3. s\u0131n\u0131fta \u00f6\u011frenim g\u00f6ren \u00f6\u011frencilerimize y\u00f6nelik 2024-2025 yaz d\u00f6nemi staj ba\u015fvurular\u0131na ili\u015fkin ba\u015fvuru tarihleri ve yol haritas\u0131 a\u015fa\u011f\u0131daki linkte yer alan dosyadad\u0131r.<\/p><p>Staj\u0131n\u0131 yapmayan ikinci \u00f6\u011fretim \u00f6\u011frencilerimiz 8. yar\u0131y\u0131l ders kay\u0131t d\u00f6neminde %10\u2019luk dilime giremeyecekler ve ikinci \u00f6\u011fretim \u00fccretinin tamam\u0131n\u0131 yat\u0131racaklard\u0131r. %10\u2019luk dilim staj\u0131n\u0131 yapm\u0131\u015f ikinci \u00f6\u011fretim \u00f6\u011frencileri aras\u0131ndan AGNO s\u0131ralamas\u0131na g\u00f6re belirlenecektir.<\/p><p>Staj\u0131n\u0131 yapmay\u0131p 4. s\u0131n\u0131f\u0131n sonuna b\u0131rakan \u00f6\u011frencilerimiz stajlar\u0131n\u0131 tamamlay\u0131ncaya kadar mezun say\u0131lmayacaklar\u0131 i\u00e7in b\u00fct\u00fcn derslerini tamamlasalar dahi bu s\u00fcre zarf\u0131nda mezuniyet gerektiren y\u00fcksek lisans vb. ba\u015fvurular\u0131 yapamayacaklard\u0131r.<\/p>\t\t\t\t\t\t\t\t<\/div>\n\t\t\t\t<\/div>\n\t\t\t\t\t<\/div>\n\t\t<\/div>\n\t\t\t\t\t<\/div>\n\t\t<\/section>\n\t\t\t\t<section class=\"elementor-section elementor-top-section elementor-element elementor-element-ab0fbfb elementor-section-boxed elementor-section-height-default elementor-section-height-default\" data-id=\"ab0fbfb\" data-element_type=\"section\">\n\t\t\t\t\t\t<div class=\"elementor-container elementor-column-gap-default\">\n\t\t\t\t\t<div class=\"elementor-column elementor-col-100 elementor-top-column elementor-element elementor-element-0256bb2\" data-id=\"0256bb2\" data-element_type=\"column\">\n\t\t\t<div class=\"elementor-widget-wrap elementor-element-populated\">\n\t\t\t\t\t\t<div class=\"elementor-element elementor-element-3331536 elementor-align-left elementor-widget elementor-widget-button\" data-id=\"3331536\" data-element_type=\"widget\" data-widget_type=\"button.default\">\n\t\t\t\t<div class=\"elementor-widget-container\">\n\t\t\t\t\t\t\t\t\t<div class=\"elementor-button-wrapper\">\n\t\t\t\t\t<a class=\"elementor-button elementor-button-link elementor-size-md\" href=\"https:\/\/birimler.atauni.edu.tr\/iletisim-fakultesi\/wp-content\/uploads\/sites\/66\/2025\/04\/STAJ-YOL-HARITASI.pdf\">\n\t\t\t\t\t\t<span class=\"elementor-button-content-wrapper\">\n\t\t\t\t\t\t<span class=\"elementor-button-icon\">\n\t\t\t\t<i aria-hidden=\"true\" class=\"fas fa-file-pdf\"><\/i>\t\t\t<\/span>\n\t\t\t\t\t\t\t\t\t<span class=\"elementor-button-text\">2025 Y\u0131l\u0131 Staj Yol Haritas\u0131<\/span>\n\t\t\t\t\t<\/span>\n\t\t\t\t\t<\/a>\n\t\t\t\t<\/div>\n\t\t\t\t\t\t\t\t<\/div>\n\t\t\t\t<\/div>\n\t\t\t\t\t<\/div>\n\t\t<\/div>\n\t\t\t\t\t<\/div>\n\t\t<\/section>\n\t\t\t\t<\/div>\n\t\t","protected":false},"excerpt":{"rendered":"<p>Staj Yol Haritas\u0131 3. s\u0131n\u0131fta \u00f6\u011frenim g\u00f6ren \u00f6\u011frencilerimize y\u00f6nelik 2024-2025 yaz d\u00f6nemi staj ba\u015fvurular\u0131na ili\u015fkin ba\u015fvuru tarihleri ve yol haritas\u0131 a\u015fa\u011f\u0131daki linkte yer alan dosyadad\u0131r. Staj\u0131n\u0131 yapmayan ikinci \u00f6\u011fretim \u00f6\u011frencilerimiz 8. yar\u0131y\u0131l ders kay\u0131t d\u00f6neminde %10\u2019luk dilime giremeyecekler ve ikinci \u00f6\u011fretim \u00fccretinin tamam\u0131n\u0131 yat\u0131racaklard\u0131r. %10\u2019luk dilim staj\u0131n\u0131 yapm\u0131\u015f ikinci \u00f6\u011fretim \u00f6\u011frencileri aras\u0131ndan AGNO s\u0131ralamas\u0131na g\u00f6re [&hellip;]<\/p>\n","protected":false},"author":55,"featured_media":0,"parent":0,"menu_order":0,"comment_status":"closed","ping_status":"closed","template":"","meta":{"footnotes":""},"class_list":["post-12268","page","type-page","status-publish","hentry"],"_links":{"self":[{"href":"https:\/\/atauni.edu.tr\/iletisim-fakultesi\/wp-json\/wp\/v2\/pages\/12268","targetHints":{"allow":["GET"]}}],"collection":[{"href":"https:\/\/atauni.edu.tr\/iletisim-fakultesi\/wp-json\/wp\/v2\/pages"}],"about":[{"href":"https:\/\/atauni.edu.tr\/iletisim-fakultesi\/wp-json\/wp\/v2\/types\/page"}],"author":[{"embeddable":true,"href":"https:\/\/atauni.edu.tr\/iletisim-fakultesi\/wp-json\/wp\/v2\/users\/55"}],"replies":[{"embeddable":true,"href":"https:\/\/atauni.edu.tr\/iletisim-fakultesi\/wp-json\/wp\/v2\/comments?post=12268"}],"version-history":[{"count":34,"href":"https:\/\/atauni.edu.tr\/iletisim-fakultesi\/wp-json\/wp\/v2\/pages\/12268\/revisions"}],"predecessor-version":[{"id":17615,"href":"https:\/\/atauni.edu.tr\/iletisim-fakultesi\/wp-json\/wp\/v2\/pages\/12268\/revisions\/17615"}],"wp:attachment":[{"href":"https:\/\/atauni.edu.tr\/iletisim-fakultesi\/wp-json\/wp\/v2\/media?parent=12268"}],"curies":[{"name":"wp","href":"https:\/\/api.w.org\/{rel}","templated":true}]}}