{"id":13590,"date":"2022-09-14T12:49:09","date_gmt":"2022-09-14T09:49:09","guid":{"rendered":"https:\/\/birimler.atauni.edu.tr\/iletisim-fakultesi\/?page_id=13590"},"modified":"2025-11-11T12:44:15","modified_gmt":"2025-11-11T09:44:15","slug":"2025-2026-lisans-akademik-danismanliklari","status":"publish","type":"page","link":"https:\/\/atauni.edu.tr\/iletisim-fakultesi\/2025-2026-lisans-akademik-danismanliklari\/","title":{"rendered":"2025-2026 Lisans Akademik Dan\u0131\u015fmanl\u0131klar\u0131"},"content":{"rendered":"\t\t<div data-elementor-type=\"wp-page\" data-elementor-id=\"13590\" class=\"elementor elementor-13590\" data-elementor-post-type=\"page\">\n\t\t\t\t\t\t<section class=\"elementor-section elementor-top-section elementor-element elementor-element-bbc617e elementor-section-boxed elementor-section-height-default elementor-section-height-default\" data-id=\"bbc617e\" data-element_type=\"section\">\n\t\t\t\t\t\t<div class=\"elementor-container elementor-column-gap-default\">\n\t\t\t\t\t<div class=\"elementor-column elementor-col-100 elementor-top-column elementor-element elementor-element-8a0baae\" data-id=\"8a0baae\" data-element_type=\"column\">\n\t\t\t<div class=\"elementor-widget-wrap elementor-element-populated\">\n\t\t\t\t\t\t<div class=\"elementor-element elementor-element-8a02d77 elementor-widget elementor-widget-heading\" data-id=\"8a02d77\" data-element_type=\"widget\" data-widget_type=\"heading.default\">\n\t\t\t\t<div class=\"elementor-widget-container\">\n\t\t\t\t\t<h2 class=\"elementor-heading-title elementor-size-default\">2025-2026 Lisans Akademik Dan\u0131\u015fmanl\u0131klar\u0131<\/h2>\t\t\t\t<\/div>\n\t\t\t\t<\/div>\n\t\t\t\t<div class=\"elementor-element elementor-element-215b445 elementor-widget-divider--view-line elementor-widget elementor-widget-divider\" data-id=\"215b445\" data-element_type=\"widget\" data-widget_type=\"divider.default\">\n\t\t\t\t<div class=\"elementor-widget-container\">\n\t\t\t\t\t\t\t<div class=\"elementor-divider\">\n\t\t\t<span class=\"elementor-divider-separator\">\n\t\t\t\t\t\t<\/span>\n\t\t<\/div>\n\t\t\t\t\t\t<\/div>\n\t\t\t\t<\/div>\n\t\t\t\t\t<\/div>\n\t\t<\/div>\n\t\t\t\t\t<\/div>\n\t\t<\/section>\n\t\t\t\t<section class=\"elementor-section elementor-top-section elementor-element elementor-element-7d07f3e elementor-section-boxed elementor-section-height-default elementor-section-height-default\" data-id=\"7d07f3e\" data-element_type=\"section\">\n\t\t\t\t\t\t<div class=\"elementor-container elementor-column-gap-default\">\n\t\t\t\t\t<div class=\"elementor-column elementor-col-100 elementor-top-column elementor-element elementor-element-dec05d3\" data-id=\"dec05d3\" data-element_type=\"column\">\n\t\t\t<div class=\"elementor-widget-wrap elementor-element-populated\">\n\t\t\t\t\t\t<div class=\"elementor-element elementor-element-922dfbf elementor-widget elementor-widget-text-editor\" data-id=\"922dfbf\" data-element_type=\"widget\" data-widget_type=\"text-editor.default\">\n\t\t\t\t<div class=\"elementor-widget-container\">\n\t\t\t\t\t\t\t\t\t<h6><strong>GAZETEC\u0130L\u0130K B\u00d6L\u00dcM\u00dc L\u0130SANS DANI\u015eMANLIK L\u0130STES\u0130<\/strong><\/h6><table width=\"598\"><tbody><tr><td width=\"290\"><strong>S\u0131n\u0131f<\/strong><\/td><td width=\"309\"><strong>Dan\u0131\u015fman<\/strong><\/td><\/tr><tr><td width=\"290\">1.S\u0131n\u0131f (\u00d6.\u00d6. &#8211; \u0130.\u00d6.)<\/td><td width=\"309\">Dr. \u00d6\u011fr. \u00dcyesi Derya S\u00dcMER<\/td><\/tr><tr><td width=\"290\">2.S\u0131n\u0131f (\u00d6.\u00d6. &#8211; \u0130.\u00d6.)<\/td><td width=\"309\">Ar\u015f.G\u00f6r. Muhammet Burak KAYGUSUZ<\/td><\/tr><tr><td width=\"290\">3.S\u0131n\u0131f (\u00d6.\u00d6. &#8211; \u0130.\u00d6.)<\/td><td width=\"309\">Ar\u015f.G\u00f6r. Alper \u00c7OLAK<\/td><\/tr><tr><td width=\"290\">4.S\u0131n\u0131f (\u00d6.\u00d6. &#8211; \u0130.\u00d6.)<\/td><td width=\"309\">Ar\u015f.G\u00f6r. Ya\u011fmur \u00c7OLAK<\/td><\/tr><\/tbody><\/table><h6><strong>RADYO TELEV\u0130ZYON VE S\u0130NEMA L\u0130SANS DANI\u015eMANLIK L\u0130STES\u0130<\/strong><\/h6><table width=\"603\"><tbody><tr><td width=\"292\"><strong>S\u0131n\u0131f<\/strong><\/td><td width=\"311\"><strong>Dan\u0131\u015fman<\/strong><\/td><\/tr><tr><td width=\"292\">1.S\u0131n\u0131f<\/td><td width=\"311\">Do\u00e7.Dr. Serhat ERDEM<\/td><\/tr><tr><td width=\"292\">2.S\u0131n\u0131f (\u00d6.\u00d6. &#8211; \u0130.\u00d6.)<\/td><td width=\"311\">Dr. \u00d6\u011fr. \u00dcyesi Ahmet Hakan \u00c7\u0130\u011eDEM<\/td><\/tr><tr><td width=\"292\">3.S\u0131n\u0131f (\u00d6.\u00d6. &#8211; \u0130.\u00d6.)<\/td><td width=\"311\">Dr. \u00d6\u011fr. \u00dcyesi Ta\u015fk\u0131n ERDO\u011eAN\/ Ar\u015f.G\u00f6r. Hamza UYSAL<\/td><\/tr><tr><td width=\"292\">4.S\u0131n\u0131f (\u00d6.\u00d6. &#8211; \u0130.\u00d6.)<\/td><td width=\"311\">Do\u00e7.Dr. Yelda KORKUT\/ Ar\u015f.G\u00f6r. Fat\u0131ma S\u00fcmeyye ALICI<\/td><\/tr><tr><td width=\"292\">Art\u0131ky\u0131l<\/td><td width=\"311\">Do\u00e7.Dr. Ay\u015fe B\u0130LG\u0130NER KUCUR\/ Do\u00e7.Dr. \u015eeyma B\u0130LG\u0130NER ERDO\u011eAN\/ Do\u00e7.Dr. Semra KOTAN<\/td><\/tr><\/tbody><\/table><h6><strong>HALKLA \u0130L\u0130\u015eK\u0130LER VE TANITIM L\u0130SANS DANI\u015eMANLIK L\u0130STES\u0130<\/strong><\/h6><table width=\"602\"><tbody><tr><td width=\"292\"><strong>S\u0131n\u0131f<\/strong><\/td><td width=\"311\"><strong>Dan\u0131\u015fman<\/strong><\/td><\/tr><tr><td width=\"292\">1.S\u0131n\u0131f (\u00d6.\u00d6. &#8211; \u0130.\u00d6.)<\/td><td width=\"311\">Ar\u015f.G\u00f6r. Beyza ULUDO\u011eAN<\/td><\/tr><tr><td width=\"292\">2.S\u0131n\u0131f (\u00d6.\u00d6. &#8211; \u0130.\u00d6.)<\/td><td width=\"311\">Ar\u015f.G\u00f6r. Dr. Hatice Nur YILDIZ<\/td><\/tr><tr><td width=\"292\">3.S\u0131n\u0131f (\u00d6.\u00d6. &#8211; \u0130.\u00d6.)<\/td><td width=\"311\">Ar\u015f.G\u00f6r. Samet CANDAR<\/td><\/tr><tr><td width=\"292\">4.S\u0131n\u0131f (\u00d6.\u00d6. &#8211; \u0130.\u00d6.)<\/td><td width=\"311\">Ar\u015f.G\u00f6r. Emirhan G\u00d6L<\/td><\/tr><\/tbody><\/table><h6><strong>YEN\u0130 MEDYA VE \u0130LET\u0130\u015e\u0130M L\u0130SANS DANI\u015eMANLIK L\u0130STES\u0130<\/strong><\/h6><table width=\"602\"><tbody><tr><td width=\"292\"><strong>S\u0131n\u0131f<\/strong><\/td><td width=\"311\"><strong>Dan\u0131\u015fman<\/strong><\/td><\/tr><tr><td width=\"292\">1.S\u0131n\u0131f<\/td><td width=\"311\">Dr. \u00d6\u011fr. \u00dcyesi Abd\u00fclkerim AYDIN<\/td><\/tr><tr><td width=\"292\">2.S\u0131n\u0131f<\/td><td width=\"311\">Dr. \u00d6\u011fr. \u00dcyesi H\u00fcriye SUBA\u015eI<\/td><\/tr><\/tbody><\/table>\t\t\t\t\t\t\t\t<\/div>\n\t\t\t\t<\/div>\n\t\t\t\t\t<\/div>\n\t\t<\/div>\n\t\t\t\t\t<\/div>\n\t\t<\/section>\n\t\t\t\t<\/div>\n\t\t","protected":false},"excerpt":{"rendered":"<p>2025-2026 Lisans Akademik Dan\u0131\u015fmanl\u0131klar\u0131 GAZETEC\u0130L\u0130K B\u00d6L\u00dcM\u00dc L\u0130SANS DANI\u015eMANLIK L\u0130STES\u0130 S\u0131n\u0131f Dan\u0131\u015fman 1.S\u0131n\u0131f (\u00d6.\u00d6. &#8211; \u0130.\u00d6.) Dr. \u00d6\u011fr. \u00dcyesi Derya S\u00dcMER 2.S\u0131n\u0131f (\u00d6.\u00d6. &#8211; \u0130.\u00d6.) Ar\u015f.G\u00f6r. Muhammet Burak KAYGUSUZ 3.S\u0131n\u0131f (\u00d6.\u00d6. &#8211; \u0130.\u00d6.) Ar\u015f.G\u00f6r. Alper \u00c7OLAK 4.S\u0131n\u0131f (\u00d6.\u00d6. &#8211; \u0130.\u00d6.) Ar\u015f.G\u00f6r. Ya\u011fmur \u00c7OLAK RADYO TELEV\u0130ZYON VE S\u0130NEMA L\u0130SANS DANI\u015eMANLIK L\u0130STES\u0130 S\u0131n\u0131f Dan\u0131\u015fman 1.S\u0131n\u0131f Do\u00e7.Dr. Serhat ERDEM [&hellip;]<\/p>\n","protected":false},"author":55,"featured_media":0,"parent":0,"menu_order":0,"comment_status":"closed","ping_status":"closed","template":"","meta":{"footnotes":""},"class_list":["post-13590","page","type-page","status-publish","hentry"],"_links":{"self":[{"href":"https:\/\/atauni.edu.tr\/iletisim-fakultesi\/wp-json\/wp\/v2\/pages\/13590","targetHints":{"allow":["GET"]}}],"collection":[{"href":"https:\/\/atauni.edu.tr\/iletisim-fakultesi\/wp-json\/wp\/v2\/pages"}],"about":[{"href":"https:\/\/atauni.edu.tr\/iletisim-fakultesi\/wp-json\/wp\/v2\/types\/page"}],"author":[{"embeddable":true,"href":"https:\/\/atauni.edu.tr\/iletisim-fakultesi\/wp-json\/wp\/v2\/users\/55"}],"replies":[{"embeddable":true,"href":"https:\/\/atauni.edu.tr\/iletisim-fakultesi\/wp-json\/wp\/v2\/comments?post=13590"}],"version-history":[{"count":18,"href":"https:\/\/atauni.edu.tr\/iletisim-fakultesi\/wp-json\/wp\/v2\/pages\/13590\/revisions"}],"predecessor-version":[{"id":18218,"href":"https:\/\/atauni.edu.tr\/iletisim-fakultesi\/wp-json\/wp\/v2\/pages\/13590\/revisions\/18218"}],"wp:attachment":[{"href":"https:\/\/atauni.edu.tr\/iletisim-fakultesi\/wp-json\/wp\/v2\/media?parent=13590"}],"curies":[{"name":"wp","href":"https:\/\/api.w.org\/{rel}","templated":true}]}}