{"id":13688,"date":"2022-09-19T22:45:59","date_gmt":"2022-09-19T19:45:59","guid":{"rendered":"https:\/\/birimler.atauni.edu.tr\/iletisim-fakultesi\/?page_id=13688"},"modified":"2023-02-20T11:54:01","modified_gmt":"2023-02-20T08:54:01","slug":"2022-2023-lisans-kariyer-mentor-danismanliklari","status":"publish","type":"page","link":"https:\/\/atauni.edu.tr\/iletisim-fakultesi\/2022-2023-lisans-kariyer-mentor-danismanliklari\/","title":{"rendered":"2022-2023 Lisans Kariyer\/Mentor Dan\u0131\u015fmanl\u0131klar\u0131"},"content":{"rendered":"\t\t<div data-elementor-type=\"wp-page\" data-elementor-id=\"13688\" class=\"elementor elementor-13688\" data-elementor-post-type=\"page\">\n\t\t\t\t\t\t<section class=\"elementor-section elementor-top-section elementor-element elementor-element-bbc617e elementor-section-boxed elementor-section-height-default elementor-section-height-default\" data-id=\"bbc617e\" data-element_type=\"section\">\n\t\t\t\t\t\t<div class=\"elementor-container elementor-column-gap-default\">\n\t\t\t\t\t<div class=\"elementor-column elementor-col-100 elementor-top-column elementor-element elementor-element-8a0baae\" data-id=\"8a0baae\" data-element_type=\"column\">\n\t\t\t<div class=\"elementor-widget-wrap elementor-element-populated\">\n\t\t\t\t\t\t<div class=\"elementor-element elementor-element-8a02d77 elementor-widget elementor-widget-heading\" data-id=\"8a02d77\" data-element_type=\"widget\" data-widget_type=\"heading.default\">\n\t\t\t\t<div class=\"elementor-widget-container\">\n\t\t\t\t\t<h2 class=\"elementor-heading-title elementor-size-default\">2022-2023 Lisans Kariyer\/Mentor Dan\u0131\u015fmanl\u0131klar\u0131<\/h2>\t\t\t\t<\/div>\n\t\t\t\t<\/div>\n\t\t\t\t<div class=\"elementor-element elementor-element-215b445 elementor-widget-divider--view-line elementor-widget elementor-widget-divider\" data-id=\"215b445\" data-element_type=\"widget\" data-widget_type=\"divider.default\">\n\t\t\t\t<div class=\"elementor-widget-container\">\n\t\t\t\t\t\t\t<div class=\"elementor-divider\">\n\t\t\t<span class=\"elementor-divider-separator\">\n\t\t\t\t\t\t<\/span>\n\t\t<\/div>\n\t\t\t\t\t\t<\/div>\n\t\t\t\t<\/div>\n\t\t\t\t\t<\/div>\n\t\t<\/div>\n\t\t\t\t\t<\/div>\n\t\t<\/section>\n\t\t\t\t<section class=\"elementor-section elementor-top-section elementor-element elementor-element-07a6993 elementor-section-boxed elementor-section-height-default elementor-section-height-default\" data-id=\"07a6993\" data-element_type=\"section\">\n\t\t\t\t\t\t<div class=\"elementor-container elementor-column-gap-default\">\n\t\t\t\t\t<div class=\"elementor-column elementor-col-100 elementor-top-column elementor-element elementor-element-92fc109\" data-id=\"92fc109\" data-element_type=\"column\">\n\t\t\t<div class=\"elementor-widget-wrap elementor-element-populated\">\n\t\t\t\t\t\t<div class=\"elementor-element elementor-element-b2148c9 elementor-widget elementor-widget-button\" data-id=\"b2148c9\" data-element_type=\"widget\" data-widget_type=\"button.default\">\n\t\t\t\t<div class=\"elementor-widget-container\">\n\t\t\t\t\t\t\t\t\t<div class=\"elementor-button-wrapper\">\n\t\t\t\t\t<a class=\"elementor-button elementor-button-link elementor-size-sm\" href=\"https:\/\/birimler.atauni.edu.tr\/iletisim-fakultesi\/wp-content\/uploads\/sites\/66\/2020\/07\/Kariyer-Mentor-Danismanliklar-2023-Bahar.pdf\" target=\"_blank\">\n\t\t\t\t\t\t<span class=\"elementor-button-content-wrapper\">\n\t\t\t\t\t\t<span class=\"elementor-button-icon\">\n\t\t\t\t<i aria-hidden=\"true\" class=\"fas fa-file-pdf\"><\/i>\t\t\t<\/span>\n\t\t\t\t\t\t\t\t\t<span class=\"elementor-button-text\">2022-2023 Lisans Kariyer\/Mentor Dan\u0131\u015fmanl\u0131klar\u0131<\/span>\n\t\t\t\t\t<\/span>\n\t\t\t\t\t<\/a>\n\t\t\t\t<\/div>\n\t\t\t\t\t\t\t\t<\/div>\n\t\t\t\t<\/div>\n\t\t\t\t\t<\/div>\n\t\t<\/div>\n\t\t\t\t\t<\/div>\n\t\t<\/section>\n\t\t\t\t<section class=\"elementor-section elementor-top-section elementor-element elementor-element-6d20cbe elementor-section-boxed elementor-section-height-default elementor-section-height-default\" data-id=\"6d20cbe\" data-element_type=\"section\">\n\t\t\t\t\t\t<div class=\"elementor-container elementor-column-gap-default\">\n\t\t\t\t\t<div class=\"elementor-column elementor-col-100 elementor-top-column elementor-element elementor-element-3f78bc1\" data-id=\"3f78bc1\" data-element_type=\"column\">\n\t\t\t<div class=\"elementor-widget-wrap elementor-element-populated\">\n\t\t\t\t\t\t<div class=\"elementor-element elementor-element-612bad9 elementor-widget elementor-widget-pdf_viewer\" data-id=\"612bad9\" data-element_type=\"widget\" data-widget_type=\"pdf_viewer.default\">\n\t\t\t\t<div class=\"elementor-widget-container\">\n\t\t\t\t\t<iframe src=\"https:\/\/docs.google.com\/viewer?url=https:\/\/birimler.atauni.edu.tr\/iletisim-fakultesi\/wp-content\/uploads\/sites\/66\/2020\/07\/Kariyer-Mentor-Danismanliklar-2023-Bahar.pdf&amp;embedded=true\" style=\"display: block; margin-left: auto; margin-right: auto; width: %; height: 1500px;\" frameborder=\"1\" marginheight=\"0px\" marginwidth=\"0px\" allowfullscreen><\/iframe>\t\t\t\t<\/div>\n\t\t\t\t<\/div>\n\t\t\t\t\t<\/div>\n\t\t<\/div>\n\t\t\t\t\t<\/div>\n\t\t<\/section>\n\t\t\t\t<\/div>\n\t\t","protected":false},"excerpt":{"rendered":"<p>2022-2023 Lisans Kariyer\/Mentor Dan\u0131\u015fmanl\u0131klar\u0131 2022-2023 Lisans Kariyer\/Mentor Dan\u0131\u015fmanl\u0131klar\u0131<\/p>\n","protected":false},"author":55,"featured_media":0,"parent":0,"menu_order":0,"comment_status":"closed","ping_status":"closed","template":"","meta":{"footnotes":""},"class_list":["post-13688","page","type-page","status-publish","hentry"],"_links":{"self":[{"href":"https:\/\/atauni.edu.tr\/iletisim-fakultesi\/wp-json\/wp\/v2\/pages\/13688","targetHints":{"allow":["GET"]}}],"collection":[{"href":"https:\/\/atauni.edu.tr\/iletisim-fakultesi\/wp-json\/wp\/v2\/pages"}],"about":[{"href":"https:\/\/atauni.edu.tr\/iletisim-fakultesi\/wp-json\/wp\/v2\/types\/page"}],"author":[{"embeddable":true,"href":"https:\/\/atauni.edu.tr\/iletisim-fakultesi\/wp-json\/wp\/v2\/users\/55"}],"replies":[{"embeddable":true,"href":"https:\/\/atauni.edu.tr\/iletisim-fakultesi\/wp-json\/wp\/v2\/comments?post=13688"}],"version-history":[{"count":13,"href":"https:\/\/atauni.edu.tr\/iletisim-fakultesi\/wp-json\/wp\/v2\/pages\/13688\/revisions"}],"predecessor-version":[{"id":14545,"href":"https:\/\/atauni.edu.tr\/iletisim-fakultesi\/wp-json\/wp\/v2\/pages\/13688\/revisions\/14545"}],"wp:attachment":[{"href":"https:\/\/atauni.edu.tr\/iletisim-fakultesi\/wp-json\/wp\/v2\/media?parent=13688"}],"curies":[{"name":"wp","href":"https:\/\/api.w.org\/{rel}","templated":true}]}}