{"id":14616,"date":"2023-03-14T13:33:47","date_gmt":"2023-03-14T10:33:47","guid":{"rendered":"https:\/\/birimler.atauni.edu.tr\/iletisim-fakultesi\/?page_id=14616"},"modified":"2025-12-29T12:58:25","modified_gmt":"2025-12-29T09:58:25","slug":"ataturk-iletisim-ogrenci-gazetesi","status":"publish","type":"page","link":"https:\/\/atauni.edu.tr\/iletisim-fakultesi\/ataturk-iletisim-ogrenci-gazetesi\/","title":{"rendered":"Atat\u00fcrk \u0130leti\u015fim \u00d6\u011frenci Gazetesi"},"content":{"rendered":"\t\t<div data-elementor-type=\"wp-page\" data-elementor-id=\"14616\" class=\"elementor elementor-14616\" data-elementor-post-type=\"page\">\n\t\t\t\t\t\t<section class=\"elementor-section elementor-top-section elementor-element elementor-element-46c2cb5d elementor-section-boxed elementor-section-height-default elementor-section-height-default\" data-id=\"46c2cb5d\" data-element_type=\"section\">\n\t\t\t\t\t\t<div class=\"elementor-container elementor-column-gap-default\">\n\t\t\t\t\t<div class=\"elementor-column elementor-col-100 elementor-top-column elementor-element elementor-element-299813e7\" data-id=\"299813e7\" data-element_type=\"column\">\n\t\t\t<div class=\"elementor-widget-wrap elementor-element-populated\">\n\t\t\t\t\t\t<div class=\"elementor-element elementor-element-3ec495a9 elementor-widget elementor-widget-heading\" data-id=\"3ec495a9\" data-element_type=\"widget\" data-widget_type=\"heading.default\">\n\t\t\t\t<div class=\"elementor-widget-container\">\n\t\t\t\t\t<h2 class=\"elementor-heading-title elementor-size-default\">Atat\u00fcrk \u0130leti\u015fim \u00d6\u011frenci Gazetesi<\/h2>\t\t\t\t<\/div>\n\t\t\t\t<\/div>\n\t\t\t\t<div class=\"elementor-element elementor-element-2092e3b3 elementor-widget-divider--view-line elementor-widget elementor-widget-divider\" data-id=\"2092e3b3\" data-element_type=\"widget\" data-widget_type=\"divider.default\">\n\t\t\t\t<div class=\"elementor-widget-container\">\n\t\t\t\t\t\t\t<div class=\"elementor-divider\">\n\t\t\t<span class=\"elementor-divider-separator\">\n\t\t\t\t\t\t<\/span>\n\t\t<\/div>\n\t\t\t\t\t\t<\/div>\n\t\t\t\t<\/div>\n\t\t\t\t\t<\/div>\n\t\t<\/div>\n\t\t\t\t\t<\/div>\n\t\t<\/section>\n\t\t\t\t<section class=\"elementor-section elementor-top-section elementor-element elementor-element-658ec73 elementor-section-boxed elementor-section-height-default elementor-section-height-default\" data-id=\"658ec73\" data-element_type=\"section\">\n\t\t\t\t\t\t<div class=\"elementor-container elementor-column-gap-default\">\n\t\t\t\t\t<div class=\"elementor-column elementor-col-100 elementor-top-column elementor-element elementor-element-6513a20\" data-id=\"6513a20\" data-element_type=\"column\">\n\t\t\t<div class=\"elementor-widget-wrap elementor-element-populated\">\n\t\t\t\t\t\t<div class=\"elementor-element elementor-element-4b11699 elementor-widget elementor-widget-text-editor\" data-id=\"4b11699\" data-element_type=\"widget\" data-widget_type=\"text-editor.default\">\n\t\t\t\t<div class=\"elementor-widget-container\">\n\t\t\t\t\t\t\t\t\t<p align=\"left\">Atat\u00fcrk \u0130leti\u015fim Gazetesi, \u0130leti\u015fim Fak\u00fcltesi \u00f6\u011frenci uygulama gazetesidir. Gazete \u00f6ncelikle Gazetecilik B\u00f6l\u00fcm\u00fc \u00f6\u011frencileri olmak \u00fczere t\u00fcm Fak\u00fclte \u00f6\u011frencilerinin haber, foto\u011fraf, deneme vb. \u00e7al\u0131\u015fmalar\u0131n\u0131n de\u011ferlendirilmesi amac\u0131yla \u00e7\u0131kmaktad\u0131r. Gazete e\u011fitim-\u00f6\u011fretim d\u00f6nemi boyunca ayl\u0131k olarak yay\u0131mlanmaktad\u0131r. Gazetede gazetecili\u011fin evrensel kurallar\u0131na, e\u011fitsel ama\u00e7lara ve Atat\u00fcrk \u00dcniversitesi kurumsal kimlik politikalar\u0131na uygun hareket edilmesi esast\u0131r.<\/p><p align=\"left\"><strong>Gazete Uygulama Birimi Sorumlusu :\u00a0<\/strong>Prof.Dr. Hakan TEM\u0130ZT\u00dcRK<\/p><p align=\"left\"><strong>Gazete Uygulama Birimi Sorumlusu Yard\u0131mc\u0131s\u0131:\u00a0<\/strong>Ar\u015f.G\u00f6r. Dr. Derya S\u00dcMER<\/p><p><strong>Atat\u00fcrk \u0130leti\u015fim \u00d6\u011frenci Gazetesi Ar\u015fiv Say\u0131lar\u0131 A\u015fa\u011f\u0131dad\u0131r:<\/strong><\/p><ul><li style=\"list-style-type: none\"><ul><li><a href=\"https:\/\/birimler.atauni.edu.tr\/iletisim-fakultesi\/wp-content\/uploads\/sites\/66\/2025\/12\/106-Aralik-2025-1.pdf\" target=\"_blank\" rel=\"noopener\">2025 Aral\u0131k\u00a0<\/a><\/li><li><a href=\"https:\/\/birimler.atauni.edu.tr\/iletisim-fakultesi\/wp-content\/uploads\/sites\/66\/2025\/05\/105-Aralik-2024-1.pdf\" target=\"_blank\" rel=\"noopener\">2024 Aral\u0131k<\/a><\/li><li><a href=\"https:\/\/birimler.atauni.edu.tr\/iletisim-fakultesi\/wp-content\/uploads\/sites\/66\/2020\/07\/103-Aralik-2023.pdf\" target=\"_blank\" rel=\"noopener\">2023 Aral\u0131k<\/a><\/li><li><a href=\"https:\/\/birimler.atauni.edu.tr\/iletisim-fakultesi\/wp-content\/uploads\/sites\/66\/2020\/07\/102-Aralik-20222.pdf\" target=\"_blank\" rel=\"noopener\">2022 Aral\u0131k<\/a><\/li><li><a href=\"https:\/\/birimler.atauni.edu.tr\/iletisim-fakultesi\/wp-content\/uploads\/sites\/66\/2020\/07\/101-Haziran-2022.pdf\" target=\"_blank\" rel=\"noopener\">2022 Haziran<\/a><\/li><li><a href=\"https:\/\/birimler.atauni.edu.tr\/iletisim-fakultesi\/wp-content\/uploads\/sites\/66\/2020\/07\/2021-Aralik.pdf\" target=\"_blank\" rel=\"noopener\">2021 Aral\u0131k<\/a><\/li><li><a href=\"https:\/\/birimler.atauni.edu.tr\/iletisim-fakultesi\/wp-content\/uploads\/sites\/66\/2020\/07\/2020-Ocak-Subat.pdf\" target=\"_blank\" rel=\"noopener\">2020 Ocak \u015eubat<\/a><\/li><li><a href=\"https:\/\/birimler.atauni.edu.tr\/iletisim-fakultesi\/wp-content\/uploads\/sites\/66\/2020\/07\/2019-Subat-Mart.pdf\" target=\"_blank\" rel=\"noopener\">2019 \u015eubat Mart<\/a><\/li><li><a href=\"https:\/\/birimler.atauni.edu.tr\/iletisim-fakultesi\/wp-content\/uploads\/sites\/66\/2020\/07\/2018-Eylul-Ekim.pdf\" target=\"_blank\" rel=\"noopener\">2018 Eyl\u00fcl-Ekim<\/a><\/li><li><a href=\"https:\/\/birimler.atauni.edu.tr\/iletisim-fakultesi\/wp-content\/uploads\/sites\/66\/2020\/07\/2018-Mart-Nisan.pdf\" target=\"_blank\" rel=\"noopener\">2018 Mart-Nisan<\/a><\/li><li><a href=\"https:\/\/birimler.atauni.edu.tr\/iletisim-fakultesi\/wp-content\/uploads\/sites\/66\/2020\/07\/2018-Ocak-Subat.pdf\" target=\"_blank\" rel=\"noopener\">2018 Ocak \u015eubat<\/a><\/li><li><a href=\"https:\/\/birimler.atauni.edu.tr\/iletisim-fakultesi\/wp-content\/uploads\/sites\/66\/2020\/07\/2017-Kasim-Aralik.pdf\" target=\"_blank\" rel=\"noopener\">2017 Kas\u0131m-Aral\u0131k<\/a><\/li><li><a href=\"https:\/\/birimler.atauni.edu.tr\/iletisim-fakultesi\/wp-content\/uploads\/sites\/66\/2020\/07\/2017-Eylul-Ekim.pdf\" target=\"_blank\" rel=\"noopener\">2017 Eyl\u00fcl-Ekim<\/a><\/li><li><a href=\"https:\/\/birimler.atauni.edu.tr\/iletisim-fakultesi\/wp-content\/uploads\/sites\/66\/2020\/07\/2017-Mart-Nisan.pdf\" target=\"_blank\" rel=\"noopener\">2017 Mart Nisan<\/a><\/li><li><a href=\"https:\/\/birimler.atauni.edu.tr\/iletisim-fakultesi\/wp-content\/uploads\/sites\/66\/2020\/07\/2017-Ocak-Subat.pdf\" target=\"_blank\" rel=\"noopener\">2017 Ocak \u015eubat<\/a><\/li><li><a href=\"https:\/\/birimler.atauni.edu.tr\/iletisim-fakultesi\/wp-content\/uploads\/sites\/66\/2020\/07\/2016-Aralik.pdf\" target=\"_blank\" rel=\"noopener\">2016 Aral\u0131k<\/a><\/li><li><a href=\"https:\/\/birimler.atauni.edu.tr\/iletisim-fakultesi\/wp-content\/uploads\/sites\/66\/2020\/07\/2016-Ekim-Kasim.pdf\" target=\"_blank\" rel=\"noopener\">2016 Ekim-Kas\u0131m<\/a><\/li><\/ul><\/li><\/ul>\t\t\t\t\t\t\t\t<\/div>\n\t\t\t\t<\/div>\n\t\t\t\t\t<\/div>\n\t\t<\/div>\n\t\t\t\t\t<\/div>\n\t\t<\/section>\n\t\t\t\t<\/div>\n\t\t","protected":false},"excerpt":{"rendered":"<p>Atat\u00fcrk \u0130leti\u015fim \u00d6\u011frenci Gazetesi Atat\u00fcrk \u0130leti\u015fim Gazetesi, \u0130leti\u015fim Fak\u00fcltesi \u00f6\u011frenci uygulama gazetesidir. Gazete \u00f6ncelikle Gazetecilik B\u00f6l\u00fcm\u00fc \u00f6\u011frencileri olmak \u00fczere t\u00fcm Fak\u00fclte \u00f6\u011frencilerinin haber, foto\u011fraf, deneme vb. \u00e7al\u0131\u015fmalar\u0131n\u0131n de\u011ferlendirilmesi amac\u0131yla \u00e7\u0131kmaktad\u0131r. Gazete e\u011fitim-\u00f6\u011fretim d\u00f6nemi boyunca ayl\u0131k olarak yay\u0131mlanmaktad\u0131r. Gazetede gazetecili\u011fin evrensel kurallar\u0131na, e\u011fitsel ama\u00e7lara ve Atat\u00fcrk \u00dcniversitesi kurumsal kimlik politikalar\u0131na uygun hareket edilmesi esast\u0131r. Gazete Uygulama [&hellip;]<\/p>\n","protected":false},"author":55,"featured_media":0,"parent":0,"menu_order":0,"comment_status":"closed","ping_status":"closed","template":"elementor_header_footer","meta":{"footnotes":""},"class_list":["post-14616","page","type-page","status-publish","hentry"],"_links":{"self":[{"href":"https:\/\/atauni.edu.tr\/iletisim-fakultesi\/wp-json\/wp\/v2\/pages\/14616","targetHints":{"allow":["GET"]}}],"collection":[{"href":"https:\/\/atauni.edu.tr\/iletisim-fakultesi\/wp-json\/wp\/v2\/pages"}],"about":[{"href":"https:\/\/atauni.edu.tr\/iletisim-fakultesi\/wp-json\/wp\/v2\/types\/page"}],"author":[{"embeddable":true,"href":"https:\/\/atauni.edu.tr\/iletisim-fakultesi\/wp-json\/wp\/v2\/users\/55"}],"replies":[{"embeddable":true,"href":"https:\/\/atauni.edu.tr\/iletisim-fakultesi\/wp-json\/wp\/v2\/comments?post=14616"}],"version-history":[{"count":22,"href":"https:\/\/atauni.edu.tr\/iletisim-fakultesi\/wp-json\/wp\/v2\/pages\/14616\/revisions"}],"predecessor-version":[{"id":18459,"href":"https:\/\/atauni.edu.tr\/iletisim-fakultesi\/wp-json\/wp\/v2\/pages\/14616\/revisions\/18459"}],"wp:attachment":[{"href":"https:\/\/atauni.edu.tr\/iletisim-fakultesi\/wp-json\/wp\/v2\/media?parent=14616"}],"curies":[{"name":"wp","href":"https:\/\/api.w.org\/{rel}","templated":true}]}}