{"id":15812,"date":"2024-02-13T13:35:28","date_gmt":"2024-02-13T10:35:28","guid":{"rendered":"https:\/\/birimler.atauni.edu.tr\/iletisim-fakultesi\/?page_id=15812"},"modified":"2024-02-13T13:36:47","modified_gmt":"2024-02-13T10:36:47","slug":"stratejik-planlar","status":"publish","type":"page","link":"https:\/\/atauni.edu.tr\/iletisim-fakultesi\/stratejik-planlar\/","title":{"rendered":"Stratejik Planlar"},"content":{"rendered":"\t\t<div data-elementor-type=\"wp-page\" data-elementor-id=\"15812\" class=\"elementor elementor-15812\" data-elementor-post-type=\"page\">\n\t\t\t\t\t\t<section class=\"elementor-section elementor-top-section elementor-element elementor-element-bbc617e elementor-section-boxed elementor-section-height-default elementor-section-height-default\" data-id=\"bbc617e\" data-element_type=\"section\">\n\t\t\t\t\t\t<div class=\"elementor-container elementor-column-gap-default\">\n\t\t\t\t\t<div class=\"elementor-column elementor-col-100 elementor-top-column elementor-element elementor-element-8a0baae\" data-id=\"8a0baae\" data-element_type=\"column\">\n\t\t\t<div class=\"elementor-widget-wrap elementor-element-populated\">\n\t\t\t\t\t\t<div class=\"elementor-element elementor-element-8a02d77 elementor-widget elementor-widget-heading\" data-id=\"8a02d77\" data-element_type=\"widget\" data-widget_type=\"heading.default\">\n\t\t\t\t<div class=\"elementor-widget-container\">\n\t\t\t\t\t<h2 class=\"elementor-heading-title elementor-size-default\">Stratejik Planlar<\/h2>\t\t\t\t<\/div>\n\t\t\t\t<\/div>\n\t\t\t\t<div class=\"elementor-element elementor-element-215b445 elementor-widget-divider--view-line elementor-widget elementor-widget-divider\" data-id=\"215b445\" data-element_type=\"widget\" data-widget_type=\"divider.default\">\n\t\t\t\t<div class=\"elementor-widget-container\">\n\t\t\t\t\t\t\t<div class=\"elementor-divider\">\n\t\t\t<span class=\"elementor-divider-separator\">\n\t\t\t\t\t\t<\/span>\n\t\t<\/div>\n\t\t\t\t\t\t<\/div>\n\t\t\t\t<\/div>\n\t\t\t\t\t<\/div>\n\t\t<\/div>\n\t\t\t\t\t<\/div>\n\t\t<\/section>\n\t\t\t\t<section class=\"elementor-section elementor-top-section elementor-element elementor-element-6d20cbe elementor-section-boxed elementor-section-height-default elementor-section-height-default\" data-id=\"6d20cbe\" data-element_type=\"section\">\n\t\t\t\t\t\t<div class=\"elementor-container elementor-column-gap-default\">\n\t\t\t\t\t<div class=\"elementor-column elementor-col-100 elementor-top-column elementor-element elementor-element-3f78bc1\" data-id=\"3f78bc1\" data-element_type=\"column\">\n\t\t\t<div class=\"elementor-widget-wrap elementor-element-populated\">\n\t\t\t\t\t\t<div class=\"elementor-element elementor-element-8315ac6 elementor-widget elementor-widget-text-editor\" data-id=\"8315ac6\" data-element_type=\"widget\" data-widget_type=\"text-editor.default\">\n\t\t\t\t<div class=\"elementor-widget-container\">\n\t\t\t\t\t\t\t\t\t<ul><li><a href=\"https:\/\/birimler.atauni.edu.tr\/iletisim-fakultesi\/wp-content\/uploads\/sites\/66\/2020\/07\/stratejik_Plan-2024-2028-Revize-08.02.2024.pdf\" target=\"_blank\" rel=\"noopener\">\u0130leti\u015fim Fak\u00fcltesi Stratejik Plan\u0131 2024-2028<\/a><\/li><li><a href=\"https:\/\/birimler.atauni.edu.tr\/iletisim-fakultesi\/wp-content\/uploads\/sites\/66\/2020\/07\/EK-4.Iletisim-Fakultesi-Stratejik-Plan-2019-2023.pdf\" target=\"_blank\" rel=\"noopener\">\u0130leti\u015fim Fak\u00fcltesi Stratejik Plan\u0131 2019-2023<\/a><\/li><\/ul>\t\t\t\t\t\t\t\t<\/div>\n\t\t\t\t<\/div>\n\t\t\t\t\t<\/div>\n\t\t<\/div>\n\t\t\t\t\t<\/div>\n\t\t<\/section>\n\t\t\t\t<\/div>\n\t\t","protected":false},"excerpt":{"rendered":"<p>Stratejik Planlar \u0130leti\u015fim Fak\u00fcltesi Stratejik Plan\u0131 2024-2028 \u0130leti\u015fim Fak\u00fcltesi Stratejik Plan\u0131 2019-2023<\/p>\n","protected":false},"author":55,"featured_media":0,"parent":0,"menu_order":0,"comment_status":"closed","ping_status":"closed","template":"","meta":{"footnotes":""},"class_list":["post-15812","page","type-page","status-publish","hentry"],"_links":{"self":[{"href":"https:\/\/atauni.edu.tr\/iletisim-fakultesi\/wp-json\/wp\/v2\/pages\/15812","targetHints":{"allow":["GET"]}}],"collection":[{"href":"https:\/\/atauni.edu.tr\/iletisim-fakultesi\/wp-json\/wp\/v2\/pages"}],"about":[{"href":"https:\/\/atauni.edu.tr\/iletisim-fakultesi\/wp-json\/wp\/v2\/types\/page"}],"author":[{"embeddable":true,"href":"https:\/\/atauni.edu.tr\/iletisim-fakultesi\/wp-json\/wp\/v2\/users\/55"}],"replies":[{"embeddable":true,"href":"https:\/\/atauni.edu.tr\/iletisim-fakultesi\/wp-json\/wp\/v2\/comments?post=15812"}],"version-history":[{"count":4,"href":"https:\/\/atauni.edu.tr\/iletisim-fakultesi\/wp-json\/wp\/v2\/pages\/15812\/revisions"}],"predecessor-version":[{"id":15816,"href":"https:\/\/atauni.edu.tr\/iletisim-fakultesi\/wp-json\/wp\/v2\/pages\/15812\/revisions\/15816"}],"wp:attachment":[{"href":"https:\/\/atauni.edu.tr\/iletisim-fakultesi\/wp-json\/wp\/v2\/media?parent=15812"}],"curies":[{"name":"wp","href":"https:\/\/api.w.org\/{rel}","templated":true}]}}