{"id":17621,"date":"2025-04-17T14:27:09","date_gmt":"2025-04-17T11:27:09","guid":{"rendered":"https:\/\/birimler.atauni.edu.tr\/iletisim-fakultesi\/?page_id=17621"},"modified":"2026-02-24T10:58:57","modified_gmt":"2026-02-24T07:58:57","slug":"yeni-medya-ve-iletisim-bolumu","status":"publish","type":"page","link":"https:\/\/atauni.edu.tr\/iletisim-fakultesi\/yeni-medya-ve-iletisim-bolumu\/","title":{"rendered":"Yeni Medya ve \u0130leti\u015fim B\u00f6l\u00fcm\u00fc"},"content":{"rendered":"\t\t<div data-elementor-type=\"wp-page\" data-elementor-id=\"17621\" class=\"elementor elementor-17621\" data-elementor-post-type=\"page\">\n\t\t\t\t\t\t<section class=\"elementor-section elementor-top-section elementor-element elementor-element-46c2cb5d elementor-section-boxed elementor-section-height-default elementor-section-height-default\" data-id=\"46c2cb5d\" data-element_type=\"section\">\n\t\t\t\t\t\t<div class=\"elementor-container elementor-column-gap-default\">\n\t\t\t\t\t<div class=\"elementor-column elementor-col-100 elementor-top-column elementor-element elementor-element-299813e7\" data-id=\"299813e7\" data-element_type=\"column\">\n\t\t\t<div class=\"elementor-widget-wrap elementor-element-populated\">\n\t\t\t\t\t\t<div class=\"elementor-element elementor-element-3ec495a9 elementor-widget elementor-widget-heading\" data-id=\"3ec495a9\" data-element_type=\"widget\" data-widget_type=\"heading.default\">\n\t\t\t\t<div class=\"elementor-widget-container\">\n\t\t\t\t\t<h2 class=\"elementor-heading-title elementor-size-default\">Yeni Medya ve \u0130leti\u015fim B\u00f6l\u00fcm\u00fc<\/h2>\t\t\t\t<\/div>\n\t\t\t\t<\/div>\n\t\t\t\t<div class=\"elementor-element elementor-element-2092e3b3 elementor-widget-divider--view-line elementor-widget elementor-widget-divider\" data-id=\"2092e3b3\" data-element_type=\"widget\" data-widget_type=\"divider.default\">\n\t\t\t\t<div class=\"elementor-widget-container\">\n\t\t\t\t\t\t\t<div class=\"elementor-divider\">\n\t\t\t<span class=\"elementor-divider-separator\">\n\t\t\t\t\t\t<\/span>\n\t\t<\/div>\n\t\t\t\t\t\t<\/div>\n\t\t\t\t<\/div>\n\t\t\t\t\t<\/div>\n\t\t<\/div>\n\t\t\t\t\t<\/div>\n\t\t<\/section>\n\t\t\t\t<section class=\"elementor-section elementor-top-section elementor-element elementor-element-f866e4d elementor-section-boxed elementor-section-height-default elementor-section-height-default\" data-id=\"f866e4d\" data-element_type=\"section\">\n\t\t\t\t\t\t<div class=\"elementor-container elementor-column-gap-default\">\n\t\t\t\t\t<div class=\"elementor-column elementor-col-100 elementor-top-column elementor-element elementor-element-295b6ef\" data-id=\"295b6ef\" data-element_type=\"column\">\n\t\t\t<div class=\"elementor-widget-wrap elementor-element-populated\">\n\t\t\t\t\t\t<div class=\"elementor-element elementor-element-7bef6e8 elementor-tabs-view-vertical elementor-widget elementor-widget-tabs\" data-id=\"7bef6e8\" data-element_type=\"widget\" data-widget_type=\"tabs.default\">\n\t\t\t\t<div class=\"elementor-widget-container\">\n\t\t\t\t\t\t\t<div class=\"elementor-tabs\">\n\t\t\t<div class=\"elementor-tabs-wrapper\" role=\"tablist\" >\n\t\t\t\t\t\t\t\t\t<div id=\"elementor-tab-title-1291\" class=\"elementor-tab-title elementor-tab-desktop-title\" aria-selected=\"true\" data-tab=\"1\" role=\"tab\" tabindex=\"0\" aria-controls=\"elementor-tab-content-1291\" aria-expanded=\"false\">Hakk\u0131nda<\/div>\n\t\t\t\t\t\t\t\t\t<div id=\"elementor-tab-title-1292\" class=\"elementor-tab-title elementor-tab-desktop-title\" aria-selected=\"false\" data-tab=\"2\" role=\"tab\" tabindex=\"-1\" aria-controls=\"elementor-tab-content-1292\" aria-expanded=\"false\">Y\u00f6netim<\/div>\n\t\t\t\t\t\t\t\t\t<div id=\"elementor-tab-title-1293\" class=\"elementor-tab-title elementor-tab-desktop-title\" aria-selected=\"false\" data-tab=\"3\" role=\"tab\" tabindex=\"-1\" aria-controls=\"elementor-tab-content-1293\" aria-expanded=\"false\">Tarih\u00e7e<\/div>\n\t\t\t\t\t\t\t\t\t<div id=\"elementor-tab-title-1294\" class=\"elementor-tab-title elementor-tab-desktop-title\" aria-selected=\"false\" data-tab=\"4\" role=\"tab\" tabindex=\"-1\" aria-controls=\"elementor-tab-content-1294\" aria-expanded=\"false\">Misyon ve Vizyon<\/div>\n\t\t\t\t\t\t\t\t\t<div id=\"elementor-tab-title-1295\" class=\"elementor-tab-title elementor-tab-desktop-title\" aria-selected=\"false\" data-tab=\"5\" role=\"tab\" tabindex=\"-1\" aria-controls=\"elementor-tab-content-1295\" aria-expanded=\"false\">Akademik Personel<\/div>\n\t\t\t\t\t\t\t\t\t<div id=\"elementor-tab-title-1296\" class=\"elementor-tab-title elementor-tab-desktop-title\" aria-selected=\"false\" data-tab=\"6\" role=\"tab\" tabindex=\"-1\" aria-controls=\"elementor-tab-content-1296\" aria-expanded=\"false\">7 Katmanl\u0131 Y\u00f6neti\u015fim Modeli<\/div>\n\t\t\t\t\t\t\t<\/div>\n\t\t\t<div class=\"elementor-tabs-content-wrapper\" role=\"tablist\" aria-orientation=\"vertical\">\n\t\t\t\t\t\t\t\t\t<div class=\"elementor-tab-title elementor-tab-mobile-title\" aria-selected=\"true\" data-tab=\"1\" role=\"tab\" tabindex=\"0\" aria-controls=\"elementor-tab-content-1291\" aria-expanded=\"false\">Hakk\u0131nda<\/div>\n\t\t\t\t\t<div id=\"elementor-tab-content-1291\" class=\"elementor-tab-content elementor-clearfix\" data-tab=\"1\" role=\"tabpanel\" aria-labelledby=\"elementor-tab-title-1291\" tabindex=\"0\" hidden=\"false\"><p>Yeni Medya ve \u0130leti\u015fim B\u00f6l\u00fcm\u00fc, dijital \u00e7a\u011f\u0131n ileti\u015fim bi\u00e7imlerini, teknolojik yeniliklerini ve toplumsal etkilerini disiplinler aras\u0131 bir bak\u0131\u015f a\u00e7\u0131s\u0131yla ele almaktad\u0131r. B\u00f6l\u00fcm, \u00f6\u011frencilerine yaln\u0131zca dijital i\u00e7erik t\u00fcketicisi de\u011fil, ayn\u0131 zamanda ele\u015ftirel d\u00fc\u015f\u00fcnebilen, i\u00e7erik \u00fcretebilen ve dijital d\u00fcnyay\u0131 etik bi\u00e7imde y\u00f6nlendirebilen bireyler olma becerisi kazand\u0131rmay\u0131 ama\u00e7lamaktad\u0131r.<\/p><p>Yeni medya; sosyal medya, dijital oyunlar, veri gazetecili\u011fi, podcast yay\u0131nc\u0131l\u0131\u011f\u0131, art\u0131r\u0131lm\u0131\u015f ger\u00e7eklik, yapay zek\u00e2 destekli ileti\u015fim gibi \u00e7ok \u00e7e\u015fitli alanlar\u0131 kapsamaktad\u0131r. Bu b\u00f6l\u00fcm, s\u00f6z konusu alanlarda yenilik\u00e7i, kat\u0131l\u0131mc\u0131 ve ele\u015ftirel d\u00fc\u015f\u00fcnceye dayal\u0131 bir e\u011fitim anlay\u0131\u015f\u0131 benimsemektedir.<\/p><\/div>\n\t\t\t\t\t\t\t\t\t<div class=\"elementor-tab-title elementor-tab-mobile-title\" aria-selected=\"false\" data-tab=\"2\" role=\"tab\" tabindex=\"-1\" aria-controls=\"elementor-tab-content-1292\" aria-expanded=\"false\">Y\u00f6netim<\/div>\n\t\t\t\t\t<div id=\"elementor-tab-content-1292\" class=\"elementor-tab-content elementor-clearfix\" data-tab=\"2\" role=\"tabpanel\" aria-labelledby=\"elementor-tab-title-1292\" tabindex=\"0\" hidden=\"hidden\"><table width=\"330\"><tbody><tr><td width=\"266\">Do\u00e7.Dr. Zeynep DEM\u0130RC\u0130O\u011eLU B\u0130R\u0130C\u0130K\u00a0<b>(B\u00f6l\u00fcm Ba\u015fkan\u0131)<\/b><\/td><td width=\"64\"><a href=\"https:\/\/avesis.atauni.edu.tr\/zeynepd\" target=\"_blank\" rel=\"noopener\"><b>Detay<\/b><\/a><\/td><\/tr><tr><td>Dr. \u00d6\u011fr. \u00dcyesi H\u00fcriye SUBA\u015eI <b>(B\u00f6l\u00fcm Ba\u015fkan Yard\u0131mc\u0131s\u0131)<\/b><\/td><td><a href=\"https:\/\/avesis.atauni.edu.tr\/huriyesubasi\" target=\"_blank\" rel=\"noopener\"><b>Detay<\/b><\/a><\/td><\/tr><tr><td>Dr. \u00d6\u011fr. \u00dcyesi Abdulkerim AYDIN <b>(B\u00f6l\u00fcm Ba\u015fkan Yard\u0131mc\u0131s\u0131)<\/b><\/td><td><a href=\"https:\/\/avesis.atauni.edu.tr\/abdulkerim.aydin\" target=\"_blank\" rel=\"noopener\"><b>Detay<\/b><\/a><\/td><\/tr><tr><td>\u00a0<\/td><td>\u00a0<\/td><\/tr><\/tbody><\/table><\/div>\n\t\t\t\t\t\t\t\t\t<div class=\"elementor-tab-title elementor-tab-mobile-title\" aria-selected=\"false\" data-tab=\"3\" role=\"tab\" tabindex=\"-1\" aria-controls=\"elementor-tab-content-1293\" aria-expanded=\"false\">Tarih\u00e7e<\/div>\n\t\t\t\t\t<div id=\"elementor-tab-content-1293\" class=\"elementor-tab-content elementor-clearfix\" data-tab=\"3\" role=\"tabpanel\" aria-labelledby=\"elementor-tab-title-1293\" tabindex=\"0\" hidden=\"hidden\"><p>Atat\u00fcrk \u00dcniversitesi Yeni Medya ve \u0130leti\u015fim B\u00f6l\u00fcm\u00fc 2024 y\u0131l\u0131nda kurulmu\u015ftur.\u00a0 Dijital d\u00f6n\u00fc\u015f\u00fcm\u00fcn h\u0131z kazand\u0131\u011f\u0131 21. y\u00fczy\u0131lda, ileti\u015fim s\u00fcre\u00e7lerinin b\u00fcy\u00fck bir k\u0131sm\u0131 geleneksel mecralardan dijital platformlara kaym\u0131\u015f; bu durum ileti\u015fim e\u011fitiminin kapsam ve y\u00f6ntemlerinde k\u00f6kl\u00fc bir de\u011fi\u015fim ihtiyac\u0131n\u0131 do\u011furmu\u015ftur. Bu ba\u011flamda, Yeni Medya ve \u0130leti\u015fim B\u00f6l\u00fcm\u00fc, Atat\u00fcrk \u00dcniversitesi \u0130leti\u015fim Fak\u00fcltesi b\u00fcnyesinde dijital \u00e7a\u011f\u0131n ileti\u015fim gereksinimlerine yan\u0131t verebilecek nitelikli bireyler yeti\u015ftirmek amac\u0131yla kurulmu\u015ftur.<\/p><p>B\u00f6l\u00fcm, kurulu\u015fundan itibaren yenilik\u00e7i, disiplinler aras\u0131 ve uygulama temelli bir e\u011fitim anlay\u0131\u015f\u0131n\u0131 benimsemi\u015f; sosyal medya, dijital gazetecilik, veri gazetecili\u011fi, dijital k\u00fclt\u00fcr, yapay zek\u00e2 ve medya, dijital etik gibi \u00e7a\u011fda\u015f ders i\u00e7erikleriyle m\u00fcfredat\u0131n\u0131 s\u00fcrekli g\u00fcncellemi\u015ftir. B\u00f6ylece, \u00f6\u011frencilerine yaln\u0131zca teorik bilgi de\u011fil; dijital \u00fcretim, i\u00e7erik tasar\u0131m\u0131, veri analiti\u011fi ve medya okuryazarl\u0131\u011f\u0131 konular\u0131nda g\u00fc\u00e7l\u00fc bir uygulama altyap\u0131s\u0131 sunmaktad\u0131r.<\/p><\/div>\n\t\t\t\t\t\t\t\t\t<div class=\"elementor-tab-title elementor-tab-mobile-title\" aria-selected=\"false\" data-tab=\"4\" role=\"tab\" tabindex=\"-1\" aria-controls=\"elementor-tab-content-1294\" aria-expanded=\"false\">Misyon ve Vizyon<\/div>\n\t\t\t\t\t<div id=\"elementor-tab-content-1294\" class=\"elementor-tab-content elementor-clearfix\" data-tab=\"4\" role=\"tabpanel\" aria-labelledby=\"elementor-tab-title-1294\" tabindex=\"0\" hidden=\"hidden\"><h5>Vizyonumuz<\/h5><p>Dijital d\u00f6n\u00fc\u015f\u00fcm s\u00fcrecinde, etik de\u011ferlere duyarl\u0131, yenilik\u00e7i, ele\u015ftirel ve \u00fcretken ileti\u015fim profesyonelleri yeti\u015ftiren, ulusal ve uluslararas\u0131 d\u00fczeyde sayg\u0131n bir akademik merkez olmak.<\/p><h5>Misyonumuz<\/h5><p>Yeni medya teknolojilerinin toplumsal, k\u00fclt\u00fcrel ve etik boyutlar\u0131n\u0131 inceleyen; dijital \u00e7a\u011f\u0131n f\u0131rsat ve risklerini ele\u015ftirel bi\u00e7imde de\u011ferlendiren; kat\u0131l\u0131mc\u0131, yarat\u0131c\u0131 ve s\u00fcrd\u00fcr\u00fclebilir bir dijital ileti\u015fim k\u00fclt\u00fcr\u00fcn\u00fcn geli\u015fimine katk\u0131 sa\u011flayan bireyler yeti\u015ftirmektir.<\/p><\/div>\n\t\t\t\t\t\t\t\t\t<div class=\"elementor-tab-title elementor-tab-mobile-title\" aria-selected=\"false\" data-tab=\"5\" role=\"tab\" tabindex=\"-1\" aria-controls=\"elementor-tab-content-1295\" aria-expanded=\"false\">Akademik Personel<\/div>\n\t\t\t\t\t<div id=\"elementor-tab-content-1295\" class=\"elementor-tab-content elementor-clearfix\" data-tab=\"5\" role=\"tabpanel\" aria-labelledby=\"elementor-tab-title-1295\" tabindex=\"0\" hidden=\"hidden\"><table width=\"330\"><tbody><tr><td width=\"266\">Do\u00e7.Dr. Zeynep DEM\u0130RC\u0130O\u011eLU B\u0130R\u0130C\u0130K\u00a0<b>(B\u00f6l\u00fcm Ba\u015fkan\u0131)<\/b><\/td><td width=\"64\"><a href=\"https:\/\/avesis.atauni.edu.tr\/zeynepd\" target=\"_blank\" rel=\"noopener\"><b>Detay<\/b><\/a><\/td><\/tr><tr><td>Dr. \u00d6\u011fr. \u00dcyesi H\u00fcriye SUBA\u015eI<\/td><td><a href=\"https:\/\/avesis.atauni.edu.tr\/huriyesubasi\" target=\"_blank\" rel=\"noopener\"><b>Detay<\/b><\/a><\/td><\/tr><tr><td>Dr. \u00d6\u011fr. \u00dcyesi Abdulkerim AYDIN<\/td><td><a href=\"https:\/\/avesis.atauni.edu.tr\/abdulkerim.aydin\" target=\"_blank\" rel=\"noopener\"><b>Detay<\/b><\/a><\/td><\/tr><tr><td>Dr. \u00d6\u011fr. \u00dcyesi Ta\u015fk\u0131n ERDO\u011eAN<\/td><td><a href=\"https:\/\/avesis.atauni.edu.tr\/taskin.erdogan\" target=\"_blank\" rel=\"noopener\"><b>Detay<\/b><\/a><\/td><\/tr><tr><td>Ar\u015f. G\u00f6r. Hatice \u015eebnem DERV\u0130\u015eO\u011eLU<\/td><td><a href=\"https:\/\/avesis.atauni.edu.tr\/haticedervisoglu\" target=\"_blank\" rel=\"noopener\"><strong>Detay<\/strong><\/a><\/td><\/tr><\/tbody><\/table><\/div>\n\t\t\t\t\t\t\t\t\t<div class=\"elementor-tab-title elementor-tab-mobile-title\" aria-selected=\"false\" data-tab=\"6\" role=\"tab\" tabindex=\"-1\" aria-controls=\"elementor-tab-content-1296\" aria-expanded=\"false\">7 Katmanl\u0131 Y\u00f6neti\u015fim Modeli<\/div>\n\t\t\t\t\t<div id=\"elementor-tab-content-1296\" class=\"elementor-tab-content elementor-clearfix\" data-tab=\"6\" role=\"tabpanel\" aria-labelledby=\"elementor-tab-title-1296\" tabindex=\"0\" hidden=\"hidden\"><p><img fetchpriority=\"high\" decoding=\"async\" class=\"alignnone wp-image-10972 size-full\" src=\"http:\/\/birimler.atauni.edu.tr\/iletisim-fakultesi\/wp-content\/uploads\/sites\/66\/2020\/07\/BolumGorevSemasi.png\" alt=\"\" width=\"1920\" height=\"1080\" srcset=\"https:\/\/atauni.edu.tr\/iletisim-fakultesi\/wp-content\/uploads\/sites\/66\/2020\/07\/BolumGorevSemasi.png 1920w, https:\/\/atauni.edu.tr\/iletisim-fakultesi\/wp-content\/uploads\/sites\/66\/2020\/07\/BolumGorevSemasi-300x169.png 300w, https:\/\/atauni.edu.tr\/iletisim-fakultesi\/wp-content\/uploads\/sites\/66\/2020\/07\/BolumGorevSemasi-1024x576.png 1024w, https:\/\/atauni.edu.tr\/iletisim-fakultesi\/wp-content\/uploads\/sites\/66\/2020\/07\/BolumGorevSemasi-768x432.png 768w, https:\/\/atauni.edu.tr\/iletisim-fakultesi\/wp-content\/uploads\/sites\/66\/2020\/07\/BolumGorevSemasi-1536x864.png 1536w, https:\/\/atauni.edu.tr\/iletisim-fakultesi\/wp-content\/uploads\/sites\/66\/2020\/07\/BolumGorevSemasi-600x338.png 600w, https:\/\/atauni.edu.tr\/iletisim-fakultesi\/wp-content\/uploads\/sites\/66\/2020\/07\/BolumGorevSemasi-560x315.png 560w\" sizes=\"(max-width: 1920px) 100vw, 1920px\" \/><\/p><\/div>\n\t\t\t\t\t\t\t<\/div>\n\t\t<\/div>\n\t\t\t\t\t\t<\/div>\n\t\t\t\t<\/div>\n\t\t\t\t\t<\/div>\n\t\t<\/div>\n\t\t\t\t\t<\/div>\n\t\t<\/section>\n\t\t\t\t<section class=\"elementor-section elementor-top-section elementor-element elementor-element-1806822 elementor-section-boxed elementor-section-height-default elementor-section-height-default\" data-id=\"1806822\" data-element_type=\"section\">\n\t\t\t\t\t\t<div class=\"elementor-container elementor-column-gap-default\">\n\t\t\t\t\t<div class=\"elementor-column elementor-col-100 elementor-top-column elementor-element elementor-element-6463c1e\" data-id=\"6463c1e\" data-element_type=\"column\">\n\t\t\t<div class=\"elementor-widget-wrap elementor-element-populated\">\n\t\t\t\t\t\t<div class=\"elementor-element elementor-element-5d2b944 elementor-widget elementor-widget-spacer\" data-id=\"5d2b944\" data-element_type=\"widget\" data-widget_type=\"spacer.default\">\n\t\t\t\t<div class=\"elementor-widget-container\">\n\t\t\t\t\t\t\t<div class=\"elementor-spacer\">\n\t\t\t<div class=\"elementor-spacer-inner\"><\/div>\n\t\t<\/div>\n\t\t\t\t\t\t<\/div>\n\t\t\t\t<\/div>\n\t\t\t\t\t<\/div>\n\t\t<\/div>\n\t\t\t\t\t<\/div>\n\t\t<\/section>\n\t\t\t\t<\/div>\n\t\t","protected":false},"excerpt":{"rendered":"<p>Yeni Medya ve \u0130leti\u015fim B\u00f6l\u00fcm\u00fc Hakk\u0131nda Y\u00f6netim Tarih\u00e7e Misyon ve Vizyon Akademik Personel 7 Katmanl\u0131 Y\u00f6neti\u015fim Modeli Hakk\u0131nda Yeni Medya ve \u0130leti\u015fim B\u00f6l\u00fcm\u00fc, dijital \u00e7a\u011f\u0131n ileti\u015fim bi\u00e7imlerini, teknolojik yeniliklerini ve toplumsal etkilerini disiplinler aras\u0131 bir bak\u0131\u015f a\u00e7\u0131s\u0131yla ele almaktad\u0131r. B\u00f6l\u00fcm, \u00f6\u011frencilerine yaln\u0131zca dijital i\u00e7erik t\u00fcketicisi de\u011fil, ayn\u0131 zamanda ele\u015ftirel d\u00fc\u015f\u00fcnebilen, i\u00e7erik \u00fcretebilen ve dijital d\u00fcnyay\u0131 [&hellip;]<\/p>\n","protected":false},"author":55,"featured_media":0,"parent":0,"menu_order":0,"comment_status":"closed","ping_status":"closed","template":"elementor_header_footer","meta":{"footnotes":""},"class_list":["post-17621","page","type-page","status-publish","hentry"],"_links":{"self":[{"href":"https:\/\/atauni.edu.tr\/iletisim-fakultesi\/wp-json\/wp\/v2\/pages\/17621","targetHints":{"allow":["GET"]}}],"collection":[{"href":"https:\/\/atauni.edu.tr\/iletisim-fakultesi\/wp-json\/wp\/v2\/pages"}],"about":[{"href":"https:\/\/atauni.edu.tr\/iletisim-fakultesi\/wp-json\/wp\/v2\/types\/page"}],"author":[{"embeddable":true,"href":"https:\/\/atauni.edu.tr\/iletisim-fakultesi\/wp-json\/wp\/v2\/users\/55"}],"replies":[{"embeddable":true,"href":"https:\/\/atauni.edu.tr\/iletisim-fakultesi\/wp-json\/wp\/v2\/comments?post=17621"}],"version-history":[{"count":23,"href":"https:\/\/atauni.edu.tr\/iletisim-fakultesi\/wp-json\/wp\/v2\/pages\/17621\/revisions"}],"predecessor-version":[{"id":18645,"href":"https:\/\/atauni.edu.tr\/iletisim-fakultesi\/wp-json\/wp\/v2\/pages\/17621\/revisions\/18645"}],"wp:attachment":[{"href":"https:\/\/atauni.edu.tr\/iletisim-fakultesi\/wp-json\/wp\/v2\/media?parent=17621"}],"curies":[{"name":"wp","href":"https:\/\/api.w.org\/{rel}","templated":true}]}}