{"id":18187,"date":"2025-11-10T13:44:04","date_gmt":"2025-11-10T10:44:04","guid":{"rendered":"https:\/\/birimler.atauni.edu.tr\/iletisim-fakultesi\/?page_id=18187"},"modified":"2025-11-10T14:03:48","modified_gmt":"2025-11-10T11:03:48","slug":"2024-2025-lisans-kariyer-mentor-danismanliklari","status":"publish","type":"page","link":"https:\/\/atauni.edu.tr\/iletisim-fakultesi\/2024-2025-lisans-kariyer-mentor-danismanliklari\/","title":{"rendered":"2024-2025 Lisans Kariyer\/Mentor Dan\u0131\u015fmanl\u0131klar\u0131"},"content":{"rendered":"\t\t<div data-elementor-type=\"wp-page\" data-elementor-id=\"18187\" class=\"elementor elementor-18187\" data-elementor-post-type=\"page\">\n\t\t\t\t\t\t<section class=\"elementor-section elementor-top-section elementor-element elementor-element-bbc617e elementor-section-boxed elementor-section-height-default elementor-section-height-default\" data-id=\"bbc617e\" data-element_type=\"section\">\n\t\t\t\t\t\t<div class=\"elementor-container elementor-column-gap-default\">\n\t\t\t\t\t<div class=\"elementor-column elementor-col-100 elementor-top-column elementor-element elementor-element-8a0baae\" data-id=\"8a0baae\" data-element_type=\"column\">\n\t\t\t<div class=\"elementor-widget-wrap elementor-element-populated\">\n\t\t\t\t\t\t<div class=\"elementor-element elementor-element-8a02d77 elementor-widget elementor-widget-heading\" data-id=\"8a02d77\" data-element_type=\"widget\" data-widget_type=\"heading.default\">\n\t\t\t\t<div class=\"elementor-widget-container\">\n\t\t\t\t\t<h2 class=\"elementor-heading-title elementor-size-default\">2024-2025 Lisans Kariyer\/Mentor Dan\u0131\u015fmanl\u0131klar\u0131<\/h2>\t\t\t\t<\/div>\n\t\t\t\t<\/div>\n\t\t\t\t<div class=\"elementor-element elementor-element-215b445 elementor-widget-divider--view-line elementor-widget elementor-widget-divider\" data-id=\"215b445\" data-element_type=\"widget\" data-widget_type=\"divider.default\">\n\t\t\t\t<div class=\"elementor-widget-container\">\n\t\t\t\t\t\t\t<div class=\"elementor-divider\">\n\t\t\t<span class=\"elementor-divider-separator\">\n\t\t\t\t\t\t<\/span>\n\t\t<\/div>\n\t\t\t\t\t\t<\/div>\n\t\t\t\t<\/div>\n\t\t\t\t\t<\/div>\n\t\t<\/div>\n\t\t\t\t\t<\/div>\n\t\t<\/section>\n\t\t\t\t<section class=\"elementor-section elementor-top-section elementor-element elementor-element-3d0c2d8 elementor-section-boxed elementor-section-height-default elementor-section-height-default\" data-id=\"3d0c2d8\" data-element_type=\"section\">\n\t\t\t\t\t\t<div class=\"elementor-container elementor-column-gap-default\">\n\t\t\t\t\t<div class=\"elementor-column elementor-col-100 elementor-top-column elementor-element elementor-element-2a75e62\" data-id=\"2a75e62\" data-element_type=\"column\">\n\t\t\t<div class=\"elementor-widget-wrap elementor-element-populated\">\n\t\t\t\t\t\t<div class=\"elementor-element elementor-element-3511060 elementor-tabs-view-horizontal elementor-widget elementor-widget-tabs\" data-id=\"3511060\" data-element_type=\"widget\" data-widget_type=\"tabs.default\">\n\t\t\t\t<div class=\"elementor-widget-container\">\n\t\t\t\t\t\t\t<div class=\"elementor-tabs\">\n\t\t\t<div class=\"elementor-tabs-wrapper\" role=\"tablist\" >\n\t\t\t\t\t\t\t\t\t<div id=\"elementor-tab-title-5561\" class=\"elementor-tab-title elementor-tab-desktop-title\" aria-selected=\"true\" data-tab=\"1\" role=\"tab\" tabindex=\"0\" aria-controls=\"elementor-tab-content-5561\" aria-expanded=\"false\">Gazetecilik B\u00f6l\u00fcm\u00fc<\/div>\n\t\t\t\t\t\t\t\t\t<div id=\"elementor-tab-title-5562\" class=\"elementor-tab-title elementor-tab-desktop-title\" aria-selected=\"false\" data-tab=\"2\" role=\"tab\" tabindex=\"-1\" aria-controls=\"elementor-tab-content-5562\" aria-expanded=\"false\">Halkla \u0130li\u015fkiler ve Tan\u0131t\u0131m B\u00f6l\u00fcm\u00fc<\/div>\n\t\t\t\t\t\t\t\t\t<div id=\"elementor-tab-title-5563\" class=\"elementor-tab-title elementor-tab-desktop-title\" aria-selected=\"false\" data-tab=\"3\" role=\"tab\" tabindex=\"-1\" aria-controls=\"elementor-tab-content-5563\" aria-expanded=\"false\">Radyo Televizyon ve Sinema B\u00f6l\u00fcm\u00fc<\/div>\n\t\t\t\t\t\t\t\t\t<div id=\"elementor-tab-title-5564\" class=\"elementor-tab-title elementor-tab-desktop-title\" aria-selected=\"false\" data-tab=\"4\" role=\"tab\" tabindex=\"-1\" aria-controls=\"elementor-tab-content-5564\" aria-expanded=\"false\">Yeni Medya ve \u0130leti\u015fim B\u00f6l\u00fcm\u00fc<\/div>\n\t\t\t\t\t\t\t<\/div>\n\t\t\t<div class=\"elementor-tabs-content-wrapper\" role=\"tablist\" aria-orientation=\"vertical\">\n\t\t\t\t\t\t\t\t\t<div class=\"elementor-tab-title elementor-tab-mobile-title\" aria-selected=\"true\" data-tab=\"1\" role=\"tab\" tabindex=\"0\" aria-controls=\"elementor-tab-content-5561\" aria-expanded=\"false\">Gazetecilik B\u00f6l\u00fcm\u00fc<\/div>\n\t\t\t\t\t<div id=\"elementor-tab-content-5561\" class=\"elementor-tab-content elementor-clearfix\" data-tab=\"1\" role=\"tabpanel\" aria-labelledby=\"elementor-tab-title-5561\" tabindex=\"0\" hidden=\"false\"><table width=\"483\"><tbody><tr><td colspan=\"2\" width=\"483\"><h5><strong>Gazetecilik B\u00f6l\u00fcm\u00fc Lisans Kariyer\/Mentor Dan\u0131\u015fmanl\u0131klar\u0131<\/strong><\/h5><\/td><\/tr><tr><td><strong>S\u0131n\u0131f<\/strong><\/td><td><strong>Kariyer\/Mentor Dan\u0131\u015fman\u0131<\/strong><\/td><\/tr><tr><td>I. S\u0131n\u0131f<\/td><td>Prof.Dr. H\u00fcseyin K\u00d6SE<\/td><\/tr><tr><td>II. S\u0131n\u0131f<\/td><td>Prof.Dr. Elif K\u00dc\u00c7\u00dcK DURUR<\/td><\/tr><tr><td>III. S\u0131n\u0131f<\/td><td>Do\u00e7.Dr. \u0130brahim Etem Z\u0130NDEREN<\/td><\/tr><tr><td>IV. S\u0131n\u0131f<\/td><td>Prof.Dr. Hakan TEM\u0130ZT\u00dcRK<\/td><\/tr><\/tbody><\/table><\/div>\n\t\t\t\t\t\t\t\t\t<div class=\"elementor-tab-title elementor-tab-mobile-title\" aria-selected=\"false\" data-tab=\"2\" role=\"tab\" tabindex=\"-1\" aria-controls=\"elementor-tab-content-5562\" aria-expanded=\"false\">Halkla \u0130li\u015fkiler ve Tan\u0131t\u0131m B\u00f6l\u00fcm\u00fc<\/div>\n\t\t\t\t\t<div id=\"elementor-tab-content-5562\" class=\"elementor-tab-content elementor-clearfix\" data-tab=\"2\" role=\"tabpanel\" aria-labelledby=\"elementor-tab-title-5562\" tabindex=\"0\" hidden=\"hidden\"><table width=\"366\"><tbody><tr><td colspan=\"2\" width=\"366\"><h5><strong>Halkla \u0130li\u015fkiler ve Tan\u0131t\u0131m B\u00f6l\u00fcm\u00fc Lisans Kariyer\/Mentor Dan\u0131\u015fmanl\u0131klar\u0131<\/strong><\/h5><\/td><\/tr><tr><td><strong>S\u0131n\u0131f<\/strong><\/td><td><strong>Kariyer\/Mentor Dan\u0131\u015fman\u0131<\/strong><\/td><\/tr><tr><td>I. S\u0131n\u0131f<\/td><td>Prof.Dr. Eyyup AKBULUT<\/td><\/tr><tr><td>II. S\u0131n\u0131f<\/td><td>Prof.Dr. Mehmet Serdar ERC\u0130\u015e<\/td><\/tr><tr><td>III. S\u0131n\u0131f<\/td><td>Prof.Dr. Derya \u00d6CAL<\/td><\/tr><tr><td>IV. S\u0131n\u0131f<\/td><td>Prof.Dr. Fatma GE\u00c7\u0130KL\u0130<\/td><\/tr><tr><td>I. S\u0131n\u0131f (II. \u00d6\u011fretim)<\/td><td>Do\u00e7.Dr. Fatih DE\u011e\u0130RMENC\u0130<\/td><\/tr><tr><td>II. S\u0131n\u0131f (II. \u00d6\u011fretim)<\/td><td>Do\u00e7.Dr. Meryem OKUMU\u015e<\/td><\/tr><tr><td>III. S\u0131n\u0131f (II. \u00d6\u011fretim)<\/td><td>Do\u00e7.Dr. Sait Sinan AT\u0130LGAN<\/td><\/tr><tr><td>IV. S\u0131n\u0131f (II. \u00d6\u011fretim)<\/td><td>Do\u00e7.Dr. Ayhan DO\u011eAN<\/td><\/tr><\/tbody><\/table><\/div>\n\t\t\t\t\t\t\t\t\t<div class=\"elementor-tab-title elementor-tab-mobile-title\" aria-selected=\"false\" data-tab=\"3\" role=\"tab\" tabindex=\"-1\" aria-controls=\"elementor-tab-content-5563\" aria-expanded=\"false\">Radyo Televizyon ve Sinema B\u00f6l\u00fcm\u00fc<\/div>\n\t\t\t\t\t<div id=\"elementor-tab-content-5563\" class=\"elementor-tab-content elementor-clearfix\" data-tab=\"3\" role=\"tabpanel\" aria-labelledby=\"elementor-tab-title-5563\" tabindex=\"0\" hidden=\"hidden\"><table width=\"349\"><tbody><tr><td colspan=\"2\" width=\"349\"><h5><strong>Radyo, Televizyon ve Sinema B\u00f6l\u00fcm\u00fc Lisans Kariyer\/Mentor Dan\u0131\u015fmanl\u0131klar\u0131<\/strong><\/h5><\/td><\/tr><tr><td><strong>S\u0131n\u0131f<\/strong><\/td><td><strong>Kariyer\/Mentor Dan\u0131\u015fman\u0131<\/strong><\/td><\/tr><tr><td>I. S\u0131n\u0131f<\/td><td>Do\u00e7.Dr. \u00dclhak \u00c7\u0130MEN<\/td><\/tr><tr><td>II. S\u0131n\u0131f<\/td><td>Do\u00e7.Dr. \u0130rfan HIDIRO\u011eLU<\/td><\/tr><tr><td>III. S\u0131n\u0131f<\/td><td>Prof.Dr. Asl\u0131 YURD\u0130G\u00dcL<\/td><\/tr><tr><td>IV. S\u0131n\u0131f<\/td><td>Prof.Dr. Naci \u0130SP\u0130R<\/td><\/tr><tr><td>I. S\u0131n\u0131f (II. \u00d6\u011fretim)<\/td><td>Do\u00e7.Dr. Serhat ERDEM<\/td><\/tr><tr><td>II. S\u0131n\u0131f (II. \u00d6\u011fretim)<\/td><td>Do\u00e7.Dr. Semra KOTAN<\/td><\/tr><tr><td>III. S\u0131n\u0131f (II. \u00d6\u011fretim)<\/td><td>Prof.Dr. Yusuf YURD\u0130G\u00dcL<\/td><\/tr><tr><td>IV. S\u0131n\u0131f (II. \u00d6\u011fretim)<\/td><td>Prof.Dr. Adem YILMAZ<\/td><\/tr><\/tbody><\/table><\/div>\n\t\t\t\t\t\t\t\t\t<div class=\"elementor-tab-title elementor-tab-mobile-title\" aria-selected=\"false\" data-tab=\"4\" role=\"tab\" tabindex=\"-1\" aria-controls=\"elementor-tab-content-5564\" aria-expanded=\"false\">Yeni Medya ve \u0130leti\u015fim B\u00f6l\u00fcm\u00fc<\/div>\n\t\t\t\t\t<div id=\"elementor-tab-content-5564\" class=\"elementor-tab-content elementor-clearfix\" data-tab=\"4\" role=\"tabpanel\" aria-labelledby=\"elementor-tab-title-5564\" tabindex=\"0\" hidden=\"hidden\"><table width=\"349\">\n<tbody>\n<tr>\n<td colspan=\"2\" width=\"349\">\n<h5><strong>Yeni Medya ve \u0130leti\u015fim B\u00f6l\u00fcm\u00fc Lisans Kariyer\/Mentor Dan\u0131\u015fmanl\u0131klar\u0131<\/strong><\/h5>\n<\/td>\n<\/tr>\n<tr>\n<td><strong>S\u0131n\u0131f<\/strong><\/td>\n<td><strong>Kariyer\/Mentor Dan\u0131\u015fman\u0131<\/strong><\/td>\n<\/tr>\n<tr>\n<td>I. S\u0131n\u0131f<\/td>\n<td>Do\u00e7.Dr. Zeynep DEM\u0130RC\u0130O\u011eLU B\u0130R\u0130C\u0130K<\/td>\n<\/tr>\n\n<\/tbody>\n<\/table><\/div>\n\t\t\t\t\t\t\t<\/div>\n\t\t<\/div>\n\t\t\t\t\t\t<\/div>\n\t\t\t\t<\/div>\n\t\t\t\t\t<\/div>\n\t\t<\/div>\n\t\t\t\t\t<\/div>\n\t\t<\/section>\n\t\t\t\t<\/div>\n\t\t","protected":false},"excerpt":{"rendered":"<p>2024-2025 Lisans Kariyer\/Mentor Dan\u0131\u015fmanl\u0131klar\u0131 Gazetecilik B\u00f6l\u00fcm\u00fc Halkla \u0130li\u015fkiler ve Tan\u0131t\u0131m B\u00f6l\u00fcm\u00fc Radyo Televizyon ve Sinema B\u00f6l\u00fcm\u00fc Yeni Medya ve \u0130leti\u015fim B\u00f6l\u00fcm\u00fc Gazetecilik B\u00f6l\u00fcm\u00fc Gazetecilik B\u00f6l\u00fcm\u00fc Lisans Kariyer\/Mentor Dan\u0131\u015fmanl\u0131klar\u0131 S\u0131n\u0131f Kariyer\/Mentor Dan\u0131\u015fman\u0131 I. S\u0131n\u0131f Prof.Dr. H\u00fcseyin K\u00d6SE II. S\u0131n\u0131f Prof.Dr. Elif K\u00dc\u00c7\u00dcK DURUR III. S\u0131n\u0131f Do\u00e7.Dr. \u0130brahim Etem Z\u0130NDEREN IV. S\u0131n\u0131f Prof.Dr. Hakan TEM\u0130ZT\u00dcRK Halkla \u0130li\u015fkiler [&hellip;]<\/p>\n","protected":false},"author":55,"featured_media":0,"parent":0,"menu_order":0,"comment_status":"closed","ping_status":"closed","template":"","meta":{"footnotes":""},"class_list":["post-18187","page","type-page","status-publish","hentry"],"_links":{"self":[{"href":"https:\/\/atauni.edu.tr\/iletisim-fakultesi\/wp-json\/wp\/v2\/pages\/18187","targetHints":{"allow":["GET"]}}],"collection":[{"href":"https:\/\/atauni.edu.tr\/iletisim-fakultesi\/wp-json\/wp\/v2\/pages"}],"about":[{"href":"https:\/\/atauni.edu.tr\/iletisim-fakultesi\/wp-json\/wp\/v2\/types\/page"}],"author":[{"embeddable":true,"href":"https:\/\/atauni.edu.tr\/iletisim-fakultesi\/wp-json\/wp\/v2\/users\/55"}],"replies":[{"embeddable":true,"href":"https:\/\/atauni.edu.tr\/iletisim-fakultesi\/wp-json\/wp\/v2\/comments?post=18187"}],"version-history":[{"count":7,"href":"https:\/\/atauni.edu.tr\/iletisim-fakultesi\/wp-json\/wp\/v2\/pages\/18187\/revisions"}],"predecessor-version":[{"id":18198,"href":"https:\/\/atauni.edu.tr\/iletisim-fakultesi\/wp-json\/wp\/v2\/pages\/18187\/revisions\/18198"}],"wp:attachment":[{"href":"https:\/\/atauni.edu.tr\/iletisim-fakultesi\/wp-json\/wp\/v2\/media?parent=18187"}],"curies":[{"name":"wp","href":"https:\/\/api.w.org\/{rel}","templated":true}]}}