{"id":5674,"date":"2021-07-13T10:47:12","date_gmt":"2021-07-13T07:47:12","guid":{"rendered":"https:\/\/portaltest.atauni.edu.tr\/muhendislik-fakultesi\/?page_id=5674"},"modified":"2025-12-25T10:18:36","modified_gmt":"2025-12-25T07:18:36","slug":"fakulte-kurulu","status":"publish","type":"page","link":"https:\/\/atauni.edu.tr\/iletisim-fakultesi\/fakulte-kurulu\/","title":{"rendered":"Fak\u00fclte Kurulu"},"content":{"rendered":"\t\t<div data-elementor-type=\"wp-page\" data-elementor-id=\"5674\" class=\"elementor elementor-5674\" data-elementor-post-type=\"page\">\n\t\t\t\t\t\t<section class=\"elementor-section elementor-top-section elementor-element elementor-element-46c2cb5d elementor-section-boxed elementor-section-height-default elementor-section-height-default\" data-id=\"46c2cb5d\" data-element_type=\"section\">\n\t\t\t\t\t\t<div class=\"elementor-container elementor-column-gap-default\">\n\t\t\t\t\t<div class=\"elementor-column elementor-col-100 elementor-top-column elementor-element elementor-element-299813e7\" data-id=\"299813e7\" data-element_type=\"column\">\n\t\t\t<div class=\"elementor-widget-wrap elementor-element-populated\">\n\t\t\t\t\t\t<div class=\"elementor-element elementor-element-3ec495a9 elementor-widget elementor-widget-heading\" data-id=\"3ec495a9\" data-element_type=\"widget\" data-widget_type=\"heading.default\">\n\t\t\t\t<div class=\"elementor-widget-container\">\n\t\t\t\t\t<h2 class=\"elementor-heading-title elementor-size-default\">Fak\u00fclte Kurulu<\/h2>\t\t\t\t<\/div>\n\t\t\t\t<\/div>\n\t\t\t\t<div class=\"elementor-element elementor-element-2092e3b3 elementor-widget-divider--view-line elementor-widget elementor-widget-divider\" data-id=\"2092e3b3\" data-element_type=\"widget\" data-widget_type=\"divider.default\">\n\t\t\t\t<div class=\"elementor-widget-container\">\n\t\t\t\t\t\t\t<div class=\"elementor-divider\">\n\t\t\t<span class=\"elementor-divider-separator\">\n\t\t\t\t\t\t<\/span>\n\t\t<\/div>\n\t\t\t\t\t\t<\/div>\n\t\t\t\t<\/div>\n\t\t\t\t\t<\/div>\n\t\t<\/div>\n\t\t\t\t\t<\/div>\n\t\t<\/section>\n\t\t\t\t<section class=\"elementor-section elementor-top-section elementor-element elementor-element-7727b5a elementor-section-boxed elementor-section-height-default elementor-section-height-default\" data-id=\"7727b5a\" data-element_type=\"section\">\n\t\t\t\t\t\t<div class=\"elementor-container elementor-column-gap-default\">\n\t\t\t\t\t<div class=\"elementor-column elementor-col-100 elementor-top-column elementor-element elementor-element-590a86b\" data-id=\"590a86b\" data-element_type=\"column\">\n\t\t\t<div class=\"elementor-widget-wrap elementor-element-populated\">\n\t\t\t\t\t\t<div class=\"elementor-element elementor-element-e02a6b9 elementor-widget elementor-widget-text-editor\" data-id=\"e02a6b9\" data-element_type=\"widget\" data-widget_type=\"text-editor.default\">\n\t\t\t\t<div class=\"elementor-widget-container\">\n\t\t\t\t\t\t\t\t\t<ul><li><strong>Prof. Dr.\u00a0<\/strong><span style=\"font-weight: bolder\">Raci TA\u015eCIO\u011eLU<\/span>\u00a0(Dekan)<\/li><li><strong>Prof. Dr. Raci TA\u015eCIO\u011eLU<\/strong> (B\u00f6l\u00fcm Ba\u015fkan\u0131)<\/li><li><strong>Do\u00e7. Dr. Asl\u0131 K\u00d6SEO\u011eLU<\/strong> (B\u00f6l\u00fcm Ba\u015fkan\u0131 V.)<\/li><li><span style=\"font-weight: bold\">Prof. Dr. Asl\u0131 YURD\u0130G\u00dcL<\/span> (B\u00f6l\u00fcm Ba\u015fkan\u0131)<\/li><li><strong>Do\u00e7. Dr. Zeynep DEM\u0130RC\u0130O\u011eLU B\u0130R\u0130C\u0130K<\/strong> (B\u00f6l\u00fcm Ba\u015fkan\u0131)<\/li><li><strong>Prof. Dr. Derya \u00d6CAL<\/strong> (Prof. Temsilcisi)<\/li><li><strong>Prof. Dr. Naci \u0130SP\u0130R<\/strong> (Prof. Temsilcisi)<\/li><li><span style=\"font-weight: bold\">Prof. Dr. Yusuf YURD\u0130G\u00dcL<\/span>\u00a0(Prof. Temsilcisi)\u00a0<\/li><li><strong>Do\u00e7. Dr. \u0130rfan HIDIRO\u011eLU<\/strong> (Do\u00e7. Temsilcisi)<\/li><li><b>Do\u00e7. Dr. Ayhan DO\u011eAN<\/b> (Do\u00e7. Temsilcisi)\u00a0<\/li><li><strong>Dr. \u00d6\u011fr. \u00dcyesi Ta\u015fk\u0131n ERDO\u011eAN\u00a0<\/strong>(Dr. \u00d6\u011fr. \u00dcyesi Temsilcisi)<\/li><li><strong>Mustafa R\u00dc\u015eEN<\/strong> (Raport\u00f6r)<\/li><\/ul>\t\t\t\t\t\t\t\t<\/div>\n\t\t\t\t<\/div>\n\t\t\t\t\t<\/div>\n\t\t<\/div>\n\t\t\t\t\t<\/div>\n\t\t<\/section>\n\t\t\t\t<section class=\"elementor-section elementor-top-section elementor-element elementor-element-52173e3 elementor-section-boxed elementor-section-height-default elementor-section-height-default\" data-id=\"52173e3\" data-element_type=\"section\">\n\t\t\t\t\t\t<div class=\"elementor-container elementor-column-gap-default\">\n\t\t\t\t\t<div class=\"elementor-column elementor-col-100 elementor-top-column elementor-element elementor-element-76edde3\" data-id=\"76edde3\" data-element_type=\"column\">\n\t\t\t<div class=\"elementor-widget-wrap elementor-element-populated\">\n\t\t\t\t\t\t<div class=\"elementor-element elementor-element-4b4ec77 elementor-widget elementor-widget-spacer\" data-id=\"4b4ec77\" data-element_type=\"widget\" data-widget_type=\"spacer.default\">\n\t\t\t\t<div class=\"elementor-widget-container\">\n\t\t\t\t\t\t\t<div class=\"elementor-spacer\">\n\t\t\t<div class=\"elementor-spacer-inner\"><\/div>\n\t\t<\/div>\n\t\t\t\t\t\t<\/div>\n\t\t\t\t<\/div>\n\t\t\t\t\t<\/div>\n\t\t<\/div>\n\t\t\t\t\t<\/div>\n\t\t<\/section>\n\t\t\t\t<\/div>\n\t\t","protected":false},"excerpt":{"rendered":"<p>Fak\u00fclte Kurulu Prof. Dr.\u00a0Raci TA\u015eCIO\u011eLU\u00a0(Dekan) Prof. Dr. Raci TA\u015eCIO\u011eLU (B\u00f6l\u00fcm Ba\u015fkan\u0131) Do\u00e7. Dr. Asl\u0131 K\u00d6SEO\u011eLU (B\u00f6l\u00fcm Ba\u015fkan\u0131 V.) Prof. Dr. Asl\u0131 YURD\u0130G\u00dcL (B\u00f6l\u00fcm Ba\u015fkan\u0131) Do\u00e7. Dr. Zeynep DEM\u0130RC\u0130O\u011eLU B\u0130R\u0130C\u0130K (B\u00f6l\u00fcm Ba\u015fkan\u0131) Prof. Dr. Derya \u00d6CAL (Prof. Temsilcisi) Prof. Dr. Naci \u0130SP\u0130R (Prof. Temsilcisi) Prof. Dr. Yusuf YURD\u0130G\u00dcL\u00a0(Prof. Temsilcisi)\u00a0 Do\u00e7. Dr. \u0130rfan HIDIRO\u011eLU (Do\u00e7. Temsilcisi) Do\u00e7. [&hellip;]<\/p>\n","protected":false},"author":1,"featured_media":0,"parent":0,"menu_order":0,"comment_status":"closed","ping_status":"closed","template":"elementor_header_footer","meta":{"footnotes":""},"class_list":["post-5674","page","type-page","status-publish","hentry"],"_links":{"self":[{"href":"https:\/\/atauni.edu.tr\/iletisim-fakultesi\/wp-json\/wp\/v2\/pages\/5674","targetHints":{"allow":["GET"]}}],"collection":[{"href":"https:\/\/atauni.edu.tr\/iletisim-fakultesi\/wp-json\/wp\/v2\/pages"}],"about":[{"href":"https:\/\/atauni.edu.tr\/iletisim-fakultesi\/wp-json\/wp\/v2\/types\/page"}],"author":[{"embeddable":true,"href":"https:\/\/atauni.edu.tr\/iletisim-fakultesi\/wp-json\/wp\/v2\/users\/1"}],"replies":[{"embeddable":true,"href":"https:\/\/atauni.edu.tr\/iletisim-fakultesi\/wp-json\/wp\/v2\/comments?post=5674"}],"version-history":[{"count":71,"href":"https:\/\/atauni.edu.tr\/iletisim-fakultesi\/wp-json\/wp\/v2\/pages\/5674\/revisions"}],"predecessor-version":[{"id":18407,"href":"https:\/\/atauni.edu.tr\/iletisim-fakultesi\/wp-json\/wp\/v2\/pages\/5674\/revisions\/18407"}],"wp:attachment":[{"href":"https:\/\/atauni.edu.tr\/iletisim-fakultesi\/wp-json\/wp\/v2\/media?parent=5674"}],"curies":[{"name":"wp","href":"https:\/\/api.w.org\/{rel}","templated":true}]}}