{"id":5691,"date":"2021-07-13T10:56:29","date_gmt":"2021-07-13T07:56:29","guid":{"rendered":"https:\/\/portaltest.atauni.edu.tr\/muhendislik-fakultesi\/?page_id=5691"},"modified":"2025-12-25T10:16:16","modified_gmt":"2025-12-25T07:16:16","slug":"yonetim-kurulu","status":"publish","type":"page","link":"https:\/\/atauni.edu.tr\/iletisim-fakultesi\/yonetim-kurulu\/","title":{"rendered":"Y\u00f6netim Kurulu"},"content":{"rendered":"\t\t<div data-elementor-type=\"wp-page\" data-elementor-id=\"5691\" class=\"elementor elementor-5691\" data-elementor-post-type=\"page\">\n\t\t\t\t\t\t<section class=\"elementor-section elementor-top-section elementor-element elementor-element-46c2cb5d elementor-section-boxed elementor-section-height-default elementor-section-height-default\" data-id=\"46c2cb5d\" data-element_type=\"section\">\n\t\t\t\t\t\t<div class=\"elementor-container elementor-column-gap-default\">\n\t\t\t\t\t<div class=\"elementor-column elementor-col-100 elementor-top-column elementor-element elementor-element-299813e7\" data-id=\"299813e7\" data-element_type=\"column\">\n\t\t\t<div class=\"elementor-widget-wrap elementor-element-populated\">\n\t\t\t\t\t\t<div class=\"elementor-element elementor-element-3ec495a9 elementor-widget elementor-widget-heading\" data-id=\"3ec495a9\" data-element_type=\"widget\" data-widget_type=\"heading.default\">\n\t\t\t\t<div class=\"elementor-widget-container\">\n\t\t\t\t\t<h2 class=\"elementor-heading-title elementor-size-default\">Y\u00f6netim Kurulu<\/h2>\t\t\t\t<\/div>\n\t\t\t\t<\/div>\n\t\t\t\t<div class=\"elementor-element elementor-element-2092e3b3 elementor-widget-divider--view-line elementor-widget elementor-widget-divider\" data-id=\"2092e3b3\" data-element_type=\"widget\" data-widget_type=\"divider.default\">\n\t\t\t\t<div class=\"elementor-widget-container\">\n\t\t\t\t\t\t\t<div class=\"elementor-divider\">\n\t\t\t<span class=\"elementor-divider-separator\">\n\t\t\t\t\t\t<\/span>\n\t\t<\/div>\n\t\t\t\t\t\t<\/div>\n\t\t\t\t<\/div>\n\t\t\t\t\t<\/div>\n\t\t<\/div>\n\t\t\t\t\t<\/div>\n\t\t<\/section>\n\t\t\t\t<section class=\"elementor-section elementor-top-section elementor-element elementor-element-fbeb077 elementor-section-boxed elementor-section-height-default elementor-section-height-default\" data-id=\"fbeb077\" data-element_type=\"section\">\n\t\t\t\t\t\t<div class=\"elementor-container elementor-column-gap-default\">\n\t\t\t\t\t<div class=\"elementor-column elementor-col-100 elementor-top-column elementor-element elementor-element-4105572\" data-id=\"4105572\" data-element_type=\"column\">\n\t\t\t<div class=\"elementor-widget-wrap elementor-element-populated\">\n\t\t\t\t\t\t<div class=\"elementor-element elementor-element-e23f401 elementor-widget elementor-widget-text-editor\" data-id=\"e23f401\" data-element_type=\"widget\" data-widget_type=\"text-editor.default\">\n\t\t\t\t<div class=\"elementor-widget-container\">\n\t\t\t\t\t\t\t\t\t<ul><li><strong>Prof. Dr.\u00a0<\/strong><span style=\"font-weight: bolder\">Raci TA\u015eCIO\u011eLU<\/span>\u00a0(Dekan-Ba\u015fkan)<\/li><li><strong><span style=\"text-align: -webkit-match-parent;letter-spacing: 0px\">Prof. Dr. Derya \u00d6CAL<\/span><\/strong><span style=\"text-align: -webkit-match-parent;letter-spacing: 0px\">\u00a0<\/span><span style=\"text-align: -webkit-match-parent;letter-spacing: 0px\">(Prof. Temsilcisi)<\/span><\/li><li><span style=\"text-align: -webkit-match-parent;letter-spacing: 0px\"><b>Prof. Dr. Asl\u0131 YURD\u0130G\u00dcL<\/b> (Prof. Temsilcisi)<\/span><\/li><li><span style=\"text-align: -webkit-match-parent;letter-spacing: 0px\"><b>Prof.Dr. Eyyup AKBULUT <\/b>(Prof. Temsilcisi)<\/span><\/li><li><strong><span style=\"text-align: -webkit-match-parent;letter-spacing: 0px\">Do\u00e7. Dr. Ayhan DO\u011eAN<\/span><\/strong><span style=\"text-align: -webkit-match-parent;letter-spacing: 0px\">\u00a0<\/span><span style=\"text-align: -webkit-match-parent;letter-spacing: 0px\">(Do\u00e7. Temsilcisi)<\/span><\/li><li><strong>Do\u00e7. Dr. Zeynep DEM\u0130RC\u0130O\u011eLU B\u0130R\u0130C\u0130K <\/strong>(Do\u00e7. Temsilcisi)<\/li><li><strong style=\"text-align: -webkit-match-parent;color: var( --e-global-color-text );font-size: 1rem;letter-spacing: 0px\"><span style=\"text-align: -webkit-match-parent;letter-spacing: 0px\">Dr. \u00d6\u011fr. \u00dcyesi Ta\u015fk\u0131n ERDO\u011eAN<\/span><\/strong><span style=\"text-align: -webkit-match-parent;color: var( --e-global-color-text );font-size: 1rem;letter-spacing: 0px\">\u00a0<\/span><span style=\"text-align: -webkit-match-parent;color: var( --e-global-color-text );font-size: 1rem;letter-spacing: 0px\">(Dr. \u00d6\u011fr. \u00dcyesi Temsilcisi)<\/span><\/li><li><span style=\"text-align: -webkit-match-parent;letter-spacing: 0px\"><b>Mustafa R\u00dc\u015eEN<\/b> (Raport\u00f6r)<\/span><\/li><\/ul>\t\t\t\t\t\t\t\t<\/div>\n\t\t\t\t<\/div>\n\t\t\t\t\t<\/div>\n\t\t<\/div>\n\t\t\t\t\t<\/div>\n\t\t<\/section>\n\t\t\t\t<section class=\"elementor-section elementor-top-section elementor-element elementor-element-e5dfdc3 elementor-section-boxed elementor-section-height-default elementor-section-height-default\" data-id=\"e5dfdc3\" data-element_type=\"section\">\n\t\t\t\t\t\t<div class=\"elementor-container elementor-column-gap-default\">\n\t\t\t\t\t<div class=\"elementor-column elementor-col-100 elementor-top-column elementor-element elementor-element-0e7cb33\" data-id=\"0e7cb33\" data-element_type=\"column\">\n\t\t\t<div class=\"elementor-widget-wrap\">\n\t\t\t\t\t\t\t<\/div>\n\t\t<\/div>\n\t\t\t\t\t<\/div>\n\t\t<\/section>\n\t\t\t\t<section class=\"elementor-section elementor-top-section elementor-element elementor-element-f1615c7 elementor-section-boxed elementor-section-height-default elementor-section-height-default\" data-id=\"f1615c7\" data-element_type=\"section\">\n\t\t\t\t\t\t<div class=\"elementor-container elementor-column-gap-default\">\n\t\t\t\t\t<div class=\"elementor-column elementor-col-100 elementor-top-column elementor-element elementor-element-4fafbf2\" data-id=\"4fafbf2\" data-element_type=\"column\">\n\t\t\t<div class=\"elementor-widget-wrap elementor-element-populated\">\n\t\t\t\t\t\t<div class=\"elementor-element elementor-element-2094a93 elementor-widget elementor-widget-spacer\" data-id=\"2094a93\" data-element_type=\"widget\" data-widget_type=\"spacer.default\">\n\t\t\t\t<div class=\"elementor-widget-container\">\n\t\t\t\t\t\t\t<div class=\"elementor-spacer\">\n\t\t\t<div class=\"elementor-spacer-inner\"><\/div>\n\t\t<\/div>\n\t\t\t\t\t\t<\/div>\n\t\t\t\t<\/div>\n\t\t\t\t\t<\/div>\n\t\t<\/div>\n\t\t\t\t\t<\/div>\n\t\t<\/section>\n\t\t\t\t<\/div>\n\t\t","protected":false},"excerpt":{"rendered":"<p>Y\u00f6netim Kurulu Prof. Dr.\u00a0Raci TA\u015eCIO\u011eLU\u00a0(Dekan-Ba\u015fkan) Prof. Dr. Derya \u00d6CAL\u00a0(Prof. Temsilcisi) Prof. Dr. Asl\u0131 YURD\u0130G\u00dcL (Prof. Temsilcisi) Prof.Dr. Eyyup AKBULUT (Prof. Temsilcisi) Do\u00e7. Dr. Ayhan DO\u011eAN\u00a0(Do\u00e7. Temsilcisi) Do\u00e7. Dr. Zeynep DEM\u0130RC\u0130O\u011eLU B\u0130R\u0130C\u0130K (Do\u00e7. Temsilcisi) Dr. \u00d6\u011fr. \u00dcyesi Ta\u015fk\u0131n ERDO\u011eAN\u00a0(Dr. \u00d6\u011fr. \u00dcyesi Temsilcisi) Mustafa R\u00dc\u015eEN (Raport\u00f6r)<\/p>\n","protected":false},"author":1,"featured_media":0,"parent":0,"menu_order":0,"comment_status":"closed","ping_status":"closed","template":"elementor_header_footer","meta":{"footnotes":""},"class_list":["post-5691","page","type-page","status-publish","hentry"],"_links":{"self":[{"href":"https:\/\/atauni.edu.tr\/iletisim-fakultesi\/wp-json\/wp\/v2\/pages\/5691","targetHints":{"allow":["GET"]}}],"collection":[{"href":"https:\/\/atauni.edu.tr\/iletisim-fakultesi\/wp-json\/wp\/v2\/pages"}],"about":[{"href":"https:\/\/atauni.edu.tr\/iletisim-fakultesi\/wp-json\/wp\/v2\/types\/page"}],"author":[{"embeddable":true,"href":"https:\/\/atauni.edu.tr\/iletisim-fakultesi\/wp-json\/wp\/v2\/users\/1"}],"replies":[{"embeddable":true,"href":"https:\/\/atauni.edu.tr\/iletisim-fakultesi\/wp-json\/wp\/v2\/comments?post=5691"}],"version-history":[{"count":83,"href":"https:\/\/atauni.edu.tr\/iletisim-fakultesi\/wp-json\/wp\/v2\/pages\/5691\/revisions"}],"predecessor-version":[{"id":18404,"href":"https:\/\/atauni.edu.tr\/iletisim-fakultesi\/wp-json\/wp\/v2\/pages\/5691\/revisions\/18404"}],"wp:attachment":[{"href":"https:\/\/atauni.edu.tr\/iletisim-fakultesi\/wp-json\/wp\/v2\/media?parent=5691"}],"curies":[{"name":"wp","href":"https:\/\/api.w.org\/{rel}","templated":true}]}}