{"id":5774,"date":"2021-07-13T13:54:52","date_gmt":"2021-07-13T10:54:52","guid":{"rendered":"https:\/\/portaltest.atauni.edu.tr\/muhendislik-fakultesi\/?page_id=5774"},"modified":"2022-01-30T20:09:25","modified_gmt":"2022-01-30T17:09:25","slug":"tarihce","status":"publish","type":"page","link":"https:\/\/atauni.edu.tr\/iletisim-fakultesi\/tarihce\/","title":{"rendered":"Tarih\u00e7e"},"content":{"rendered":"\t\t<div data-elementor-type=\"wp-page\" data-elementor-id=\"5774\" class=\"elementor elementor-5774\" data-elementor-post-type=\"page\">\n\t\t\t\t\t\t<section class=\"elementor-section elementor-top-section elementor-element elementor-element-46c2cb5d elementor-section-boxed elementor-section-height-default elementor-section-height-default\" data-id=\"46c2cb5d\" data-element_type=\"section\">\n\t\t\t\t\t\t<div class=\"elementor-container elementor-column-gap-default\">\n\t\t\t\t\t<div class=\"elementor-column elementor-col-100 elementor-top-column elementor-element elementor-element-299813e7\" data-id=\"299813e7\" data-element_type=\"column\">\n\t\t\t<div class=\"elementor-widget-wrap elementor-element-populated\">\n\t\t\t\t\t\t<div class=\"elementor-element elementor-element-3ec495a9 elementor-widget elementor-widget-heading\" data-id=\"3ec495a9\" data-element_type=\"widget\" data-widget_type=\"heading.default\">\n\t\t\t\t<div class=\"elementor-widget-container\">\n\t\t\t\t\t<h2 class=\"elementor-heading-title elementor-size-default\"><font style=\"vertical-align: inherit\"><font style=\"vertical-align: inherit\">Tarih\u00e7e<\/font><\/font><font style=\"vertical-align: inherit\"><\/font><\/h2>\t\t\t\t<\/div>\n\t\t\t\t<\/div>\n\t\t\t\t<div class=\"elementor-element elementor-element-2092e3b3 elementor-widget-divider--view-line elementor-widget elementor-widget-divider\" data-id=\"2092e3b3\" data-element_type=\"widget\" data-widget_type=\"divider.default\">\n\t\t\t\t<div class=\"elementor-widget-container\">\n\t\t\t\t\t\t\t<div class=\"elementor-divider\">\n\t\t\t<span class=\"elementor-divider-separator\">\n\t\t\t\t\t\t<\/span>\n\t\t<\/div>\n\t\t\t\t\t\t<\/div>\n\t\t\t\t<\/div>\n\t\t\t\t\t<\/div>\n\t\t<\/div>\n\t\t\t\t\t<\/div>\n\t\t<\/section>\n\t\t\t\t<section class=\"elementor-section elementor-top-section elementor-element elementor-element-596d0b9 elementor-section-boxed elementor-section-height-default elementor-section-height-default\" data-id=\"596d0b9\" data-element_type=\"section\">\n\t\t\t\t\t\t<div class=\"elementor-container elementor-column-gap-default\">\n\t\t\t\t\t<div class=\"elementor-column elementor-col-50 elementor-top-column elementor-element elementor-element-a112898\" data-id=\"a112898\" data-element_type=\"column\">\n\t\t\t<div class=\"elementor-widget-wrap elementor-element-populated\">\n\t\t\t\t\t\t<div class=\"elementor-element elementor-element-39a583d elementor-widget elementor-widget-text-editor\" data-id=\"39a583d\" data-element_type=\"widget\" data-widget_type=\"text-editor.default\">\n\t\t\t\t<div class=\"elementor-widget-container\">\n\t\t\t\t\t\t\t\t\t<p>Atat\u00fcrk \u00dcniversitesi, \u0130leti\u015fim Fak\u00fcltesi 04.07.1997 tarih ve 23039 say\u0131l\u0131 Resmi Gazete\u2019 de yay\u0131mlanan 97\/9535 say\u0131l\u0131 Bakanlar Kurulu karar\u0131 ile kurulmu\u015ftur.\u00a0<\/p><p>Y\u00fcksek \u00d6\u011fretim Kurumu\u2019nun 16.12.1997 tarihli Y\u00fcr\u00fctme Kurulu toplant\u0131s\u0131nda al\u0131nan kararla \u0130leti\u015fim Fak\u00fcltesi b\u00fcnyesinde; Radyo-Televizyon ve Sinema, Gazetecilik, Halkla \u0130li\u015fkiler ve Tan\u0131t\u0131m b\u00f6l\u00fcmlerinin kurulmas\u0131 \u00f6ng\u00f6r\u00fclm\u00fc\u015ft\u00fcr.\u00a0<\/p><p>\u0130leti\u015fim Fak\u00fcltesi, ilk olarak T\u0131p Fak\u00fcltesi binas\u0131n\u0131n ikinci kat\u0131nda Radyo-Televizyon ve Sinema b\u00f6l\u00fcm\u00fc ile e\u011fitim ve \u00f6\u011fretimine ba\u015flam\u0131\u015ft\u0131r. Ocak 2006 tarihi itibariyle G\u00fczel Sanatlar Fak\u00fcltesi binas\u0131nda ge\u00e7ici olarak tahsis edilen yere ta\u015f\u0131nan fak\u00fclte, e\u011fitim ve \u00f6\u011fretim faaliyetlerini \u00fc\u00e7 b\u00f6l\u00fcm olarak bu binada s\u00fcrd\u00fcrm\u00fc\u015f, A\u011fustos 2019 itibariyle de yeni yap\u0131lan hizmet binas\u0131na ta\u015f\u0131nm\u0131\u015ft\u0131r.\u00a0<\/p><p>2547 say\u0131l\u0131 Y\u00fcksek\u00f6\u011fretim Kanunu\u2019nun 22.06.2017 tarihli 21. Maddesi gere\u011fince fak\u00fcltemizde mevcut 3 b\u00f6l\u00fcme Anabilim Dallar\u0131 kurulmu\u015ftur. Bu ba\u011flamda, lisans\u00fcst\u00fc e\u011fitim veren Radyo-Televizyon ve Sinema b\u00f6l\u00fcm\u00fcnde Temel \u0130leti\u015fim Bilimleri (Doktora), Radyo-Televizyon ve Sinema(Y\u00fcksek Lisans); Halkla \u0130li\u015fkiler ve Tan\u0131t\u0131m b\u00f6l\u00fcm\u00fcnde Halkla \u0130li\u015fkiler ve Tan\u0131t\u0131m(Doktora-Y\u00fcksek Lisans); Gazetecilik b\u00f6l\u00fcm\u00fcnde Gazetecilik(Doktora-Y\u00fcksek Lisans)\u00a0 ana bilim dallar\u0131 mevcuttur. Fak\u00fcltemizde 11 Profes\u00f6r, 8 Do\u00e7ent, 13 Dr. \u00d6\u011fretim \u00dcyesi, 8 Ara\u015ft\u0131rma G\u00f6revlisi ve 3 \u00d6\u011fretim G\u00f6revlisi olmak \u00fczere, toplam 43 akademik personel ile 20 idari ve teknik personel mevcuttur.\u00a0<\/p><p>Fak\u00fcltemizin yeni yerle\u015fkesinde teknolojik revizelere uygun modern derslikleri, toplant\u0131 salonlar\u0131, bilgisayar laboratuvar\u0131, k\u00fct\u00fcphane ve teknik ortamlar\u0131 mevcuttur. Fak\u00fclte k\u00fct\u00fcphanesindeki bilgi kaynaklar\u0131 Uluslararas\u0131 LC S\u0131n\u0131flama Sistemi ile tasnif edilmi\u015f ve bilgisayar ortam\u0131na aktar\u0131larak okuyucular\u0131n hizmetine sunulmu\u015ftur.\u00a0 Bilgisayar Laboratuvar\u0131, Masa\u00fcst\u00fc Yay\u0131nc\u0131l\u0131k Odas\u0131, Atat\u00fcrk \u0130leti\u015fim Gazetesi, Radyo \u00dcniversite, Reklam At\u00f6lyesi, Halkla \u0130li\u015fkiler \u00dcnitesi, Televizyon St\u00fcdyosu, Film At\u00f6lyesi, Dijital Kurgu Birimi, Reji ve Seslendirme St\u00fcdyolar\u0131ndan olu\u015fan uygulama birimleri \u00f6\u011frencilerimizin alm\u0131\u015f olduklar\u0131 teorik bilgileri peki\u015ftirmeleri amac\u0131yla kullan\u0131lmaktad\u0131r.<\/p>\t\t\t\t\t\t\t\t<\/div>\n\t\t\t\t<\/div>\n\t\t\t\t\t<\/div>\n\t\t<\/div>\n\t\t\t\t<div class=\"elementor-column elementor-col-50 elementor-top-column elementor-element elementor-element-7498371\" data-id=\"7498371\" data-element_type=\"column\">\n\t\t\t<div class=\"elementor-widget-wrap elementor-element-populated\">\n\t\t\t\t\t\t<div class=\"elementor-element elementor-element-39b3e8e elementor-widget elementor-widget-image\" data-id=\"39b3e8e\" data-element_type=\"widget\" data-widget_type=\"image.default\">\n\t\t\t\t<div class=\"elementor-widget-container\">\n\t\t\t\t\t\t\t\t\t\t\t\t\t\t\t<img fetchpriority=\"high\" decoding=\"async\" width=\"1024\" height=\"575\" src=\"https:\/\/atauni.edu.tr\/iletisim-fakultesi\/wp-content\/uploads\/sites\/66\/2022\/01\/60-scaled-kopya-1024x575.jpg\" class=\"attachment-large size-large wp-image-10660\" alt=\"\" srcset=\"https:\/\/atauni.edu.tr\/iletisim-fakultesi\/wp-content\/uploads\/sites\/66\/2022\/01\/60-scaled-kopya-1024x575.jpg 1024w, https:\/\/atauni.edu.tr\/iletisim-fakultesi\/wp-content\/uploads\/sites\/66\/2022\/01\/60-scaled-kopya-300x169.jpg 300w, https:\/\/atauni.edu.tr\/iletisim-fakultesi\/wp-content\/uploads\/sites\/66\/2022\/01\/60-scaled-kopya-768x431.jpg 768w, https:\/\/atauni.edu.tr\/iletisim-fakultesi\/wp-content\/uploads\/sites\/66\/2022\/01\/60-scaled-kopya-1536x863.jpg 1536w, https:\/\/atauni.edu.tr\/iletisim-fakultesi\/wp-content\/uploads\/sites\/66\/2022\/01\/60-scaled-kopya-2048x1150.jpg 2048w, https:\/\/atauni.edu.tr\/iletisim-fakultesi\/wp-content\/uploads\/sites\/66\/2022\/01\/60-scaled-kopya-600x337.jpg 600w, https:\/\/atauni.edu.tr\/iletisim-fakultesi\/wp-content\/uploads\/sites\/66\/2022\/01\/60-scaled-kopya-560x315.jpg 560w\" sizes=\"(max-width: 1024px) 100vw, 1024px\" \/>\t\t\t\t\t\t\t\t\t\t\t\t\t\t\t<\/div>\n\t\t\t\t<\/div>\n\t\t\t\t<div class=\"elementor-element elementor-element-45db094 elementor-widget elementor-widget-image\" data-id=\"45db094\" data-element_type=\"widget\" data-widget_type=\"image.default\">\n\t\t\t\t<div class=\"elementor-widget-container\">\n\t\t\t\t\t\t\t\t\t\t\t\t\t\t\t<img decoding=\"async\" width=\"1024\" height=\"575\" src=\"https:\/\/atauni.edu.tr\/iletisim-fakultesi\/wp-content\/uploads\/sites\/66\/2022\/01\/60-scaled-kopya2-1024x575.jpg\" class=\"attachment-large size-large wp-image-10671\" alt=\"\" srcset=\"https:\/\/atauni.edu.tr\/iletisim-fakultesi\/wp-content\/uploads\/sites\/66\/2022\/01\/60-scaled-kopya2-1024x575.jpg 1024w, https:\/\/atauni.edu.tr\/iletisim-fakultesi\/wp-content\/uploads\/sites\/66\/2022\/01\/60-scaled-kopya2-300x169.jpg 300w, https:\/\/atauni.edu.tr\/iletisim-fakultesi\/wp-content\/uploads\/sites\/66\/2022\/01\/60-scaled-kopya2-768x431.jpg 768w, https:\/\/atauni.edu.tr\/iletisim-fakultesi\/wp-content\/uploads\/sites\/66\/2022\/01\/60-scaled-kopya2-1536x863.jpg 1536w, https:\/\/atauni.edu.tr\/iletisim-fakultesi\/wp-content\/uploads\/sites\/66\/2022\/01\/60-scaled-kopya2-2048x1150.jpg 2048w, https:\/\/atauni.edu.tr\/iletisim-fakultesi\/wp-content\/uploads\/sites\/66\/2022\/01\/60-scaled-kopya2-600x337.jpg 600w, https:\/\/atauni.edu.tr\/iletisim-fakultesi\/wp-content\/uploads\/sites\/66\/2022\/01\/60-scaled-kopya2-560x315.jpg 560w\" sizes=\"(max-width: 1024px) 100vw, 1024px\" \/>\t\t\t\t\t\t\t\t\t\t\t\t\t\t\t<\/div>\n\t\t\t\t<\/div>\n\t\t\t\t\t<\/div>\n\t\t<\/div>\n\t\t\t\t\t<\/div>\n\t\t<\/section>\n\t\t\t\t<section class=\"elementor-section elementor-top-section elementor-element elementor-element-7c6d00a elementor-section-boxed elementor-section-height-default elementor-section-height-default\" data-id=\"7c6d00a\" data-element_type=\"section\">\n\t\t\t\t\t\t<div class=\"elementor-container elementor-column-gap-default\">\n\t\t\t\t\t<div class=\"elementor-column elementor-col-100 elementor-top-column elementor-element elementor-element-9947b51\" data-id=\"9947b51\" data-element_type=\"column\">\n\t\t\t<div class=\"elementor-widget-wrap\">\n\t\t\t\t\t\t\t<\/div>\n\t\t<\/div>\n\t\t\t\t\t<\/div>\n\t\t<\/section>\n\t\t\t\t<\/div>\n\t\t","protected":false},"excerpt":{"rendered":"<p>Tarih\u00e7e Atat\u00fcrk \u00dcniversitesi, \u0130leti\u015fim Fak\u00fcltesi 04.07.1997 tarih ve 23039 say\u0131l\u0131 Resmi Gazete\u2019 de yay\u0131mlanan 97\/9535 say\u0131l\u0131 Bakanlar Kurulu karar\u0131 ile kurulmu\u015ftur.\u00a0 Y\u00fcksek \u00d6\u011fretim Kurumu\u2019nun 16.12.1997 tarihli Y\u00fcr\u00fctme Kurulu toplant\u0131s\u0131nda al\u0131nan kararla \u0130leti\u015fim Fak\u00fcltesi b\u00fcnyesinde; Radyo-Televizyon ve Sinema, Gazetecilik, Halkla \u0130li\u015fkiler ve Tan\u0131t\u0131m b\u00f6l\u00fcmlerinin kurulmas\u0131 \u00f6ng\u00f6r\u00fclm\u00fc\u015ft\u00fcr.\u00a0 \u0130leti\u015fim Fak\u00fcltesi, ilk olarak T\u0131p Fak\u00fcltesi binas\u0131n\u0131n ikinci kat\u0131nda Radyo-Televizyon [&hellip;]<\/p>\n","protected":false},"author":1,"featured_media":0,"parent":0,"menu_order":0,"comment_status":"closed","ping_status":"closed","template":"elementor_header_footer","meta":{"footnotes":""},"class_list":["post-5774","page","type-page","status-publish","hentry"],"_links":{"self":[{"href":"https:\/\/atauni.edu.tr\/iletisim-fakultesi\/wp-json\/wp\/v2\/pages\/5774","targetHints":{"allow":["GET"]}}],"collection":[{"href":"https:\/\/atauni.edu.tr\/iletisim-fakultesi\/wp-json\/wp\/v2\/pages"}],"about":[{"href":"https:\/\/atauni.edu.tr\/iletisim-fakultesi\/wp-json\/wp\/v2\/types\/page"}],"author":[{"embeddable":true,"href":"https:\/\/atauni.edu.tr\/iletisim-fakultesi\/wp-json\/wp\/v2\/users\/1"}],"replies":[{"embeddable":true,"href":"https:\/\/atauni.edu.tr\/iletisim-fakultesi\/wp-json\/wp\/v2\/comments?post=5774"}],"version-history":[{"count":62,"href":"https:\/\/atauni.edu.tr\/iletisim-fakultesi\/wp-json\/wp\/v2\/pages\/5774\/revisions"}],"predecessor-version":[{"id":11719,"href":"https:\/\/atauni.edu.tr\/iletisim-fakultesi\/wp-json\/wp\/v2\/pages\/5774\/revisions\/11719"}],"wp:attachment":[{"href":"https:\/\/atauni.edu.tr\/iletisim-fakultesi\/wp-json\/wp\/v2\/media?parent=5774"}],"curies":[{"name":"wp","href":"https:\/\/api.w.org\/{rel}","templated":true}]}}