{"id":5807,"date":"2021-07-13T14:25:31","date_gmt":"2021-07-13T11:25:31","guid":{"rendered":"https:\/\/portaltest.atauni.edu.tr\/muhendislik-fakultesi\/?page_id=5807"},"modified":"2026-02-05T09:50:52","modified_gmt":"2026-02-05T06:50:52","slug":"ders-programlari","status":"publish","type":"page","link":"https:\/\/atauni.edu.tr\/iletisim-fakultesi\/ders-programlari\/","title":{"rendered":"Ders Programlar\u0131"},"content":{"rendered":"\t\t<div data-elementor-type=\"wp-page\" data-elementor-id=\"5807\" class=\"elementor elementor-5807\" data-elementor-post-type=\"page\">\n\t\t\t\t\t\t<section class=\"elementor-section elementor-top-section elementor-element elementor-element-46c2cb5d elementor-section-boxed elementor-section-height-default elementor-section-height-default\" data-id=\"46c2cb5d\" data-element_type=\"section\">\n\t\t\t\t\t\t<div class=\"elementor-container elementor-column-gap-default\">\n\t\t\t\t\t<div class=\"elementor-column elementor-col-100 elementor-top-column elementor-element elementor-element-299813e7\" data-id=\"299813e7\" data-element_type=\"column\">\n\t\t\t<div class=\"elementor-widget-wrap elementor-element-populated\">\n\t\t\t\t\t\t<div class=\"elementor-element elementor-element-3ec495a9 elementor-widget elementor-widget-heading\" data-id=\"3ec495a9\" data-element_type=\"widget\" data-widget_type=\"heading.default\">\n\t\t\t\t<div class=\"elementor-widget-container\">\n\t\t\t\t\t<h2 class=\"elementor-heading-title elementor-size-default\">Ders Programlar\u0131<\/h2>\t\t\t\t<\/div>\n\t\t\t\t<\/div>\n\t\t\t\t<div class=\"elementor-element elementor-element-2092e3b3 elementor-widget-divider--view-line elementor-widget elementor-widget-divider\" data-id=\"2092e3b3\" data-element_type=\"widget\" data-widget_type=\"divider.default\">\n\t\t\t\t<div class=\"elementor-widget-container\">\n\t\t\t\t\t\t\t<div class=\"elementor-divider\">\n\t\t\t<span class=\"elementor-divider-separator\">\n\t\t\t\t\t\t<\/span>\n\t\t<\/div>\n\t\t\t\t\t\t<\/div>\n\t\t\t\t<\/div>\n\t\t\t\t\t<\/div>\n\t\t<\/div>\n\t\t\t\t\t<\/div>\n\t\t<\/section>\n\t\t\t\t<section class=\"elementor-section elementor-top-section elementor-element elementor-element-2fe097c elementor-section-boxed elementor-section-height-default elementor-section-height-default\" data-id=\"2fe097c\" data-element_type=\"section\">\n\t\t\t\t\t\t<div class=\"elementor-container elementor-column-gap-default\">\n\t\t\t\t\t<div class=\"elementor-column elementor-col-100 elementor-top-column elementor-element elementor-element-98cbf70\" data-id=\"98cbf70\" data-element_type=\"column\">\n\t\t\t<div class=\"elementor-widget-wrap elementor-element-populated\">\n\t\t\t\t\t\t<div class=\"elementor-element elementor-element-bc720d7 elementor-tabs-view-vertical elementor-widget elementor-widget-tabs\" data-id=\"bc720d7\" data-element_type=\"widget\" data-widget_type=\"tabs.default\">\n\t\t\t\t<div class=\"elementor-widget-container\">\n\t\t\t\t\t\t\t<div class=\"elementor-tabs\">\n\t\t\t<div class=\"elementor-tabs-wrapper\" role=\"tablist\" >\n\t\t\t\t\t\t\t\t\t<div id=\"elementor-tab-title-1971\" class=\"elementor-tab-title elementor-tab-desktop-title\" aria-selected=\"true\" data-tab=\"1\" role=\"tab\" tabindex=\"0\" aria-controls=\"elementor-tab-content-1971\" aria-expanded=\"false\">2025-2026 Bahar D\u00f6nemi<\/div>\n\t\t\t\t\t\t\t\t\t<div id=\"elementor-tab-title-1972\" class=\"elementor-tab-title elementor-tab-desktop-title\" aria-selected=\"false\" data-tab=\"2\" role=\"tab\" tabindex=\"-1\" aria-controls=\"elementor-tab-content-1972\" aria-expanded=\"false\">2025-2026 G\u00fcz D\u00f6nemi<\/div>\n\t\t\t\t\t\t\t\t\t<div id=\"elementor-tab-title-1973\" class=\"elementor-tab-title elementor-tab-desktop-title\" aria-selected=\"false\" data-tab=\"3\" role=\"tab\" tabindex=\"-1\" aria-controls=\"elementor-tab-content-1973\" aria-expanded=\"false\">2024-2025 Bahar D\u00f6nemi<\/div>\n\t\t\t\t\t\t\t\t\t<div id=\"elementor-tab-title-1974\" class=\"elementor-tab-title elementor-tab-desktop-title\" aria-selected=\"false\" data-tab=\"4\" role=\"tab\" tabindex=\"-1\" aria-controls=\"elementor-tab-content-1974\" aria-expanded=\"false\">2024-2025 G\u00fcz D\u00f6nemi<\/div>\n\t\t\t\t\t\t\t\t\t<div id=\"elementor-tab-title-1975\" class=\"elementor-tab-title elementor-tab-desktop-title\" aria-selected=\"false\" data-tab=\"5\" role=\"tab\" tabindex=\"-1\" aria-controls=\"elementor-tab-content-1975\" aria-expanded=\"false\">2023-2024 Bahar D\u00f6nemi<\/div>\n\t\t\t\t\t\t\t\t\t<div id=\"elementor-tab-title-1976\" class=\"elementor-tab-title elementor-tab-desktop-title\" aria-selected=\"false\" data-tab=\"6\" role=\"tab\" tabindex=\"-1\" aria-controls=\"elementor-tab-content-1976\" aria-expanded=\"false\">2023-2024 G\u00fcz D\u00f6nemi<\/div>\n\t\t\t\t\t\t\t\t\t<div id=\"elementor-tab-title-1977\" class=\"elementor-tab-title elementor-tab-desktop-title\" aria-selected=\"false\" data-tab=\"7\" role=\"tab\" tabindex=\"-1\" aria-controls=\"elementor-tab-content-1977\" aria-expanded=\"false\">2022-2023 Bahar D\u00f6nemi<\/div>\n\t\t\t\t\t\t\t\t\t<div id=\"elementor-tab-title-1978\" class=\"elementor-tab-title elementor-tab-desktop-title\" aria-selected=\"false\" data-tab=\"8\" role=\"tab\" tabindex=\"-1\" aria-controls=\"elementor-tab-content-1978\" aria-expanded=\"false\">2022-2023 G\u00fcz D\u00f6nemi<\/div>\n\t\t\t\t\t\t\t\t\t<div id=\"elementor-tab-title-1979\" class=\"elementor-tab-title elementor-tab-desktop-title\" aria-selected=\"false\" data-tab=\"9\" role=\"tab\" tabindex=\"-1\" aria-controls=\"elementor-tab-content-1979\" aria-expanded=\"false\">2021-2022 Bahar D\u00f6nemi<\/div>\n\t\t\t\t\t\t\t\t\t<div id=\"elementor-tab-title-19710\" class=\"elementor-tab-title elementor-tab-desktop-title\" aria-selected=\"false\" data-tab=\"10\" role=\"tab\" tabindex=\"-1\" aria-controls=\"elementor-tab-content-19710\" aria-expanded=\"false\">2021-2022 G\u00fcz D\u00f6nemi<\/div>\n\t\t\t\t\t\t\t<\/div>\n\t\t\t<div class=\"elementor-tabs-content-wrapper\" role=\"tablist\" aria-orientation=\"vertical\">\n\t\t\t\t\t\t\t\t\t<div class=\"elementor-tab-title elementor-tab-mobile-title\" aria-selected=\"true\" data-tab=\"1\" role=\"tab\" tabindex=\"0\" aria-controls=\"elementor-tab-content-1971\" aria-expanded=\"false\">2025-2026 Bahar D\u00f6nemi<\/div>\n\t\t\t\t\t<div id=\"elementor-tab-content-1971\" class=\"elementor-tab-content elementor-clearfix\" data-tab=\"1\" role=\"tabpanel\" aria-labelledby=\"elementor-tab-title-1971\" tabindex=\"0\" hidden=\"false\"><p><a href=\"https:\/\/birimler.atauni.edu.tr\/iletisim-fakultesi\/duyurular\/2026\/2025-2026-egitim-ogretim-yili-bahar-donemi-ders-programlari-lisans-ve-lisansustu\/\" target=\"_blank\" rel=\"noopener\">2025-2026 Bahar D\u00f6nemi Ders Programlar\u0131 (Lisans ve Lisans\u00fcst\u00fc)<\/a><\/p><\/div>\n\t\t\t\t\t\t\t\t\t<div class=\"elementor-tab-title elementor-tab-mobile-title\" aria-selected=\"false\" data-tab=\"2\" role=\"tab\" tabindex=\"-1\" aria-controls=\"elementor-tab-content-1972\" aria-expanded=\"false\">2025-2026 G\u00fcz D\u00f6nemi<\/div>\n\t\t\t\t\t<div id=\"elementor-tab-content-1972\" class=\"elementor-tab-content elementor-clearfix\" data-tab=\"2\" role=\"tabpanel\" aria-labelledby=\"elementor-tab-title-1972\" tabindex=\"0\" hidden=\"hidden\"><p><a href=\"https:\/\/birimler.atauni.edu.tr\/iletisim-fakultesi\/duyurular\/2025\/2025-2026-egitim-ogretim-yili-guz-donemi-ders-programlari-lisans-ve-lisansustu\/\" target=\"_blank\" rel=\"noopener\">2025-2026 G\u00fcz D\u00f6nemi Ders Programlar\u0131 (Lisans ve Lisans\u00fcst\u00fc)<\/a><\/p><\/div>\n\t\t\t\t\t\t\t\t\t<div class=\"elementor-tab-title elementor-tab-mobile-title\" aria-selected=\"false\" data-tab=\"3\" role=\"tab\" tabindex=\"-1\" aria-controls=\"elementor-tab-content-1973\" aria-expanded=\"false\">2024-2025 Bahar D\u00f6nemi<\/div>\n\t\t\t\t\t<div id=\"elementor-tab-content-1973\" class=\"elementor-tab-content elementor-clearfix\" data-tab=\"3\" role=\"tabpanel\" aria-labelledby=\"elementor-tab-title-1973\" tabindex=\"0\" hidden=\"hidden\"><p><a href=\"https:\/\/birimler.atauni.edu.tr\/iletisim-fakultesi\/duyurular\/2025\/2024-2025-egitim-ogretim-yili-bahar-donemi-ders-programlari-lisans-ve-lisansustu\/\" target=\"_blank\" rel=\"noopener\">2024-2025 Bahar D\u00f6nemi Ders Programlar\u0131 (Lisans ve Lisans\u00fcst\u00fc)<\/a><\/p><\/div>\n\t\t\t\t\t\t\t\t\t<div class=\"elementor-tab-title elementor-tab-mobile-title\" aria-selected=\"false\" data-tab=\"4\" role=\"tab\" tabindex=\"-1\" aria-controls=\"elementor-tab-content-1974\" aria-expanded=\"false\">2024-2025 G\u00fcz D\u00f6nemi<\/div>\n\t\t\t\t\t<div id=\"elementor-tab-content-1974\" class=\"elementor-tab-content elementor-clearfix\" data-tab=\"4\" role=\"tabpanel\" aria-labelledby=\"elementor-tab-title-1974\" tabindex=\"0\" hidden=\"hidden\"><p><a href=\"https:\/\/birimler.atauni.edu.tr\/iletisim-fakultesi\/duyurular\/2024\/2024-2025-egitim-ogretim-yili-guz-donemi-ders-programlari-lisans-ve-lisansustu\/\" target=\"_blank\" rel=\"noopener\">2024-2025 G\u00fcz D\u00f6nemi Ders Programlar\u0131 (Lisans ve Lisans\u00fcst\u00fc)<\/a><\/p><\/div>\n\t\t\t\t\t\t\t\t\t<div class=\"elementor-tab-title elementor-tab-mobile-title\" aria-selected=\"false\" data-tab=\"5\" role=\"tab\" tabindex=\"-1\" aria-controls=\"elementor-tab-content-1975\" aria-expanded=\"false\">2023-2024 Bahar D\u00f6nemi<\/div>\n\t\t\t\t\t<div id=\"elementor-tab-content-1975\" class=\"elementor-tab-content elementor-clearfix\" data-tab=\"5\" role=\"tabpanel\" aria-labelledby=\"elementor-tab-title-1975\" tabindex=\"0\" hidden=\"hidden\"><p><a href=\"https:\/\/birimler.atauni.edu.tr\/iletisim-fakultesi\/duyurular\/2024\/2023-2024-egitim-ogretim-yili-bahar-donemi-lisans-ders-programlari\/\" target=\"_blank\" rel=\"noopener\">2023-2024 Bahar D\u00f6nemi Ders Programlar\u0131 (Lisans)<\/a><\/p><p><a href=\"https:\/\/birimler.atauni.edu.tr\/iletisim-fakultesi\/duyurular\/2024\/2023-2024-egitim-ogretim-yili-bahar-donemi-lisansustu-ders-programlari\/\" target=\"_blank\" rel=\"noopener\">2023-2024 Bahar D\u00f6nemi Ders Programlar\u0131 (Lisans\u00fcst\u00fc)<\/a><\/p><\/div>\n\t\t\t\t\t\t\t\t\t<div class=\"elementor-tab-title elementor-tab-mobile-title\" aria-selected=\"false\" data-tab=\"6\" role=\"tab\" tabindex=\"-1\" aria-controls=\"elementor-tab-content-1976\" aria-expanded=\"false\">2023-2024 G\u00fcz D\u00f6nemi<\/div>\n\t\t\t\t\t<div id=\"elementor-tab-content-1976\" class=\"elementor-tab-content elementor-clearfix\" data-tab=\"6\" role=\"tabpanel\" aria-labelledby=\"elementor-tab-title-1976\" tabindex=\"0\" hidden=\"hidden\"><p><a href=\"https:\/\/birimler.atauni.edu.tr\/iletisim-fakultesi\/duyurular\/2023\/2023-2024-egitim-ogretim-yili-guz-donemi-ders-programlari-lisans-ve-lisansustu\/\" target=\"_blank\" rel=\"noopener\">2023-2024 G\u00fcz D\u00f6nemi Ders Programlar\u0131 (Lisans ve Lisans\u00fcst\u00fc)<\/a><\/p><\/div>\n\t\t\t\t\t\t\t\t\t<div class=\"elementor-tab-title elementor-tab-mobile-title\" aria-selected=\"false\" data-tab=\"7\" role=\"tab\" tabindex=\"-1\" aria-controls=\"elementor-tab-content-1977\" aria-expanded=\"false\">2022-2023 Bahar D\u00f6nemi<\/div>\n\t\t\t\t\t<div id=\"elementor-tab-content-1977\" class=\"elementor-tab-content elementor-clearfix\" data-tab=\"7\" role=\"tabpanel\" aria-labelledby=\"elementor-tab-title-1977\" tabindex=\"0\" hidden=\"hidden\"><p><a href=\"https:\/\/birimler.atauni.edu.tr\/iletisim-fakultesi\/duyurular\/2023\/2022-2023-ogretim-yili-bahar-donemi-ders-programlari\/\" target=\"_blank\" rel=\"noopener\">2022-2023 Bahar D\u00f6nemi Ders Programlar\u0131 (Lisans)<\/a><\/p><p><a href=\"https:\/\/birimler.atauni.edu.tr\/iletisim-fakultesi\/duyurular\/2023\/2022-2023-ogretim-yili-bahar-donemi-ders-programlari-yuksek-lisans-ve-doktora\/\" target=\"_blank\" rel=\"noopener\">2022-2023 Bahar D\u00f6nemi Ders Programlar\u0131 (Y\u00fcksek Lisans ve Doktora)<\/a><\/p><\/div>\n\t\t\t\t\t\t\t\t\t<div class=\"elementor-tab-title elementor-tab-mobile-title\" aria-selected=\"false\" data-tab=\"8\" role=\"tab\" tabindex=\"-1\" aria-controls=\"elementor-tab-content-1978\" aria-expanded=\"false\">2022-2023 G\u00fcz D\u00f6nemi<\/div>\n\t\t\t\t\t<div id=\"elementor-tab-content-1978\" class=\"elementor-tab-content elementor-clearfix\" data-tab=\"8\" role=\"tabpanel\" aria-labelledby=\"elementor-tab-title-1978\" tabindex=\"0\" hidden=\"hidden\"><p><a href=\"https:\/\/birimler.atauni.edu.tr\/iletisim-fakultesi\/wp-content\/uploads\/sites\/66\/2020\/07\/Ders-Programlari-2022-2023-Guz-Donemi-SON10.xlsx\" target=\"_blank\" rel=\"noopener\">2022-2023 G\u00fcz D\u00f6nemi Ders Program\u0131 (T\u00fcm B\u00f6l\u00fcmler)<\/a><\/p><\/div>\n\t\t\t\t\t\t\t\t\t<div class=\"elementor-tab-title elementor-tab-mobile-title\" aria-selected=\"false\" data-tab=\"9\" role=\"tab\" tabindex=\"-1\" aria-controls=\"elementor-tab-content-1979\" aria-expanded=\"false\">2021-2022 Bahar D\u00f6nemi<\/div>\n\t\t\t\t\t<div id=\"elementor-tab-content-1979\" class=\"elementor-tab-content elementor-clearfix\" data-tab=\"9\" role=\"tabpanel\" aria-labelledby=\"elementor-tab-title-1979\" tabindex=\"0\" hidden=\"hidden\"><p><a href=\"https:\/\/birimler.atauni.edu.tr\/iletisim-fakultesi\/wp-content\/uploads\/sites\/66\/2020\/07\/Ders-Programi-24-Subat.xlsx\" target=\"_blank\" rel=\"noopener\">2021-2022 Bahar D\u00f6nemi Ders Program\u0131 (T\u00fcm B\u00f6l\u00fcmler)<\/a><\/p><\/div>\n\t\t\t\t\t\t\t\t\t<div class=\"elementor-tab-title elementor-tab-mobile-title\" aria-selected=\"false\" data-tab=\"10\" role=\"tab\" tabindex=\"-1\" aria-controls=\"elementor-tab-content-19710\" aria-expanded=\"false\">2021-2022 G\u00fcz D\u00f6nemi<\/div>\n\t\t\t\t\t<div id=\"elementor-tab-content-19710\" class=\"elementor-tab-content elementor-clearfix\" data-tab=\"10\" role=\"tabpanel\" aria-labelledby=\"elementor-tab-title-19710\" tabindex=\"0\" hidden=\"hidden\"><p><a href=\"https:\/\/birimler.atauni.edu.tr\/iletisim-fakultesi\/wp-content\/uploads\/sites\/66\/2020\/07\/Tum-Bolumler-Ders-Programlari-06.10.2021.xlsx\" target=\"_blank\" rel=\"noopener\">2021-2022 G\u00fcz D\u00f6nemi Ders Program\u0131 (T\u00fcm B\u00f6l\u00fcmler)<\/a><\/p><\/div>\n\t\t\t\t\t\t\t<\/div>\n\t\t<\/div>\n\t\t\t\t\t\t<\/div>\n\t\t\t\t<\/div>\n\t\t\t\t\t<\/div>\n\t\t<\/div>\n\t\t\t\t\t<\/div>\n\t\t<\/section>\n\t\t\t\t<section class=\"elementor-section elementor-top-section elementor-element elementor-element-e09c6c2 elementor-section-boxed elementor-section-height-default elementor-section-height-default\" data-id=\"e09c6c2\" data-element_type=\"section\">\n\t\t\t\t\t\t<div class=\"elementor-container elementor-column-gap-default\">\n\t\t\t\t\t<div class=\"elementor-column elementor-col-100 elementor-top-column elementor-element elementor-element-80d3943\" data-id=\"80d3943\" data-element_type=\"column\">\n\t\t\t<div class=\"elementor-widget-wrap elementor-element-populated\">\n\t\t\t\t\t\t<div class=\"elementor-element elementor-element-8c91fbb elementor-widget elementor-widget-spacer\" data-id=\"8c91fbb\" data-element_type=\"widget\" data-widget_type=\"spacer.default\">\n\t\t\t\t<div class=\"elementor-widget-container\">\n\t\t\t\t\t\t\t<div class=\"elementor-spacer\">\n\t\t\t<div class=\"elementor-spacer-inner\"><\/div>\n\t\t<\/div>\n\t\t\t\t\t\t<\/div>\n\t\t\t\t<\/div>\n\t\t\t\t\t<\/div>\n\t\t<\/div>\n\t\t\t\t\t<\/div>\n\t\t<\/section>\n\t\t\t\t<\/div>\n\t\t","protected":false},"excerpt":{"rendered":"<p>Ders Programlar\u0131 2025-2026 Bahar D\u00f6nemi 2025-2026 G\u00fcz D\u00f6nemi 2024-2025 Bahar D\u00f6nemi 2024-2025 G\u00fcz D\u00f6nemi 2023-2024 Bahar D\u00f6nemi 2023-2024 G\u00fcz D\u00f6nemi 2022-2023 Bahar D\u00f6nemi 2022-2023 G\u00fcz D\u00f6nemi 2021-2022 Bahar D\u00f6nemi 2021-2022 G\u00fcz D\u00f6nemi 2025-2026 Bahar D\u00f6nemi 2025-2026 Bahar D\u00f6nemi Ders Programlar\u0131 (Lisans ve Lisans\u00fcst\u00fc) 2025-2026 G\u00fcz D\u00f6nemi 2025-2026 G\u00fcz D\u00f6nemi Ders Programlar\u0131 (Lisans ve Lisans\u00fcst\u00fc) 2024-2025 [&hellip;]<\/p>\n","protected":false},"author":1,"featured_media":0,"parent":0,"menu_order":0,"comment_status":"closed","ping_status":"closed","template":"elementor_header_footer","meta":{"footnotes":""},"class_list":["post-5807","page","type-page","status-publish","hentry"],"_links":{"self":[{"href":"https:\/\/atauni.edu.tr\/iletisim-fakultesi\/wp-json\/wp\/v2\/pages\/5807","targetHints":{"allow":["GET"]}}],"collection":[{"href":"https:\/\/atauni.edu.tr\/iletisim-fakultesi\/wp-json\/wp\/v2\/pages"}],"about":[{"href":"https:\/\/atauni.edu.tr\/iletisim-fakultesi\/wp-json\/wp\/v2\/types\/page"}],"author":[{"embeddable":true,"href":"https:\/\/atauni.edu.tr\/iletisim-fakultesi\/wp-json\/wp\/v2\/users\/1"}],"replies":[{"embeddable":true,"href":"https:\/\/atauni.edu.tr\/iletisim-fakultesi\/wp-json\/wp\/v2\/comments?post=5807"}],"version-history":[{"count":119,"href":"https:\/\/atauni.edu.tr\/iletisim-fakultesi\/wp-json\/wp\/v2\/pages\/5807\/revisions"}],"predecessor-version":[{"id":18534,"href":"https:\/\/atauni.edu.tr\/iletisim-fakultesi\/wp-json\/wp\/v2\/pages\/5807\/revisions\/18534"}],"wp:attachment":[{"href":"https:\/\/atauni.edu.tr\/iletisim-fakultesi\/wp-json\/wp\/v2\/media?parent=5807"}],"curies":[{"name":"wp","href":"https:\/\/api.w.org\/{rel}","templated":true}]}}