{"id":6906,"date":"2021-12-02T14:59:25","date_gmt":"2021-12-02T11:59:25","guid":{"rendered":"https:\/\/birimler.atauni.edu.tr\/iletisim-fakultesi\/?page_id=6906"},"modified":"2025-10-14T10:12:57","modified_gmt":"2025-10-14T07:12:57","slug":"ogrenci-kulupleri","status":"publish","type":"page","link":"https:\/\/atauni.edu.tr\/iletisim-fakultesi\/ogrenci-kulupleri\/","title":{"rendered":"\u00d6\u011frenci Kul\u00fcpleri"},"content":{"rendered":"\t\t<div data-elementor-type=\"wp-page\" data-elementor-id=\"6906\" class=\"elementor elementor-6906\" data-elementor-post-type=\"page\">\n\t\t\t\t\t\t<section class=\"elementor-section elementor-top-section elementor-element elementor-element-bbc617e elementor-section-boxed elementor-section-height-default elementor-section-height-default\" data-id=\"bbc617e\" data-element_type=\"section\">\n\t\t\t\t\t\t<div class=\"elementor-container elementor-column-gap-default\">\n\t\t\t\t\t<div class=\"elementor-column elementor-col-100 elementor-top-column elementor-element elementor-element-8a0baae\" data-id=\"8a0baae\" data-element_type=\"column\">\n\t\t\t<div class=\"elementor-widget-wrap elementor-element-populated\">\n\t\t\t\t\t\t<div class=\"elementor-element elementor-element-8a02d77 elementor-widget elementor-widget-heading\" data-id=\"8a02d77\" data-element_type=\"widget\" data-widget_type=\"heading.default\">\n\t\t\t\t<div class=\"elementor-widget-container\">\n\t\t\t\t\t<h2 class=\"elementor-heading-title elementor-size-default\">\u00d6\u011frenci Kul\u00fcpleri<\/h2>\t\t\t\t<\/div>\n\t\t\t\t<\/div>\n\t\t\t\t<div class=\"elementor-element elementor-element-215b445 elementor-widget-divider--view-line elementor-widget elementor-widget-divider\" data-id=\"215b445\" data-element_type=\"widget\" data-widget_type=\"divider.default\">\n\t\t\t\t<div class=\"elementor-widget-container\">\n\t\t\t\t\t\t\t<div class=\"elementor-divider\">\n\t\t\t<span class=\"elementor-divider-separator\">\n\t\t\t\t\t\t<\/span>\n\t\t<\/div>\n\t\t\t\t\t\t<\/div>\n\t\t\t\t<\/div>\n\t\t\t\t\t<\/div>\n\t\t<\/div>\n\t\t\t\t\t<\/div>\n\t\t<\/section>\n\t\t\t\t<section class=\"elementor-section elementor-top-section elementor-element elementor-element-e310fe3 elementor-section-boxed elementor-section-height-default elementor-section-height-default\" data-id=\"e310fe3\" data-element_type=\"section\">\n\t\t\t\t\t\t<div class=\"elementor-container elementor-column-gap-default\">\n\t\t\t\t\t<div class=\"elementor-column elementor-col-100 elementor-top-column elementor-element elementor-element-4cf90bf\" data-id=\"4cf90bf\" data-element_type=\"column\">\n\t\t\t<div class=\"elementor-widget-wrap elementor-element-populated\">\n\t\t\t\t\t\t<div class=\"elementor-element elementor-element-694dfd5 elementor-widget elementor-widget-text-editor\" data-id=\"694dfd5\" data-element_type=\"widget\" data-widget_type=\"text-editor.default\">\n\t\t\t\t<div class=\"elementor-widget-container\">\n\t\t\t\t\t\t\t\t\t<table width=\"680\">\n<tbody>\n<tr>\n<td width=\"329\"><b>Kul\u00fcb\u00fcn Ad\u0131<\/b><\/td>\n<td width=\"307\"><b>Kul\u00fcp Ba\u015fkan\u0131<\/b><\/td>\n<td width=\"244\"><b>Kul\u00fcp Dan\u0131\u015fman\u0131<\/b><\/td>\n<\/tr>\n<tr>\n<td>Ak\u0131l Fikir Kul\u00fcb\u00fc<\/td>\n<td>Atakan YILMAZ<\/td>\n<td>Dr. \u00d6\u011fr. \u00dcyesi Derya S\u00dcMER<\/td>\n<\/tr>\n<tr>\n<td>\u0130leti\u015fim Kul\u00fcb\u00fc<\/td>\n<td>Beyza \u00c7OBAN<\/td>\n<td>Do\u00e7. Dr. Fatih DE\u011e\u0130RMENC\u0130<\/td>\n<\/tr>\n<tr>\n<td>Odak Foto\u011fraf\u00e7\u0131l\u0131k ve Gezi Kul\u00fcb\u00fc<\/td>\n<td>\u00d6mer YAL\u00c7IN<\/td>\n<td>Ar\u015f.G\u00f6r. Muhammet Burak KAYGUSUZ<\/td>\n<\/tr>\n<tr>\n<td>Gen\u00e7 Kariyerim Kul\u00fcb\u00fc<\/td>\n<td>Ay\u015fe YAL\u00c7IN<\/td>\n<td>Prof. Dr. Elif K\u00dc\u00c7\u00dcK DURUR<\/td>\n<\/tr>\n<tr>\n<td>Katarsis Tiyatro Kul\u00fcb\u00fc<\/td>\n<td>Emirhan ER\u00c7\u0130KL\u0130<\/td>\n<td>Do\u00e7.Dr. Semra KOTAN<\/td>\n<\/tr>\n<tr>\n<td>Afet ve Kriz Y\u00f6netimi-\u0130\u015f Sa\u011fl\u0131\u011f\u0131 ve G\u00fcvenli\u011fi Kul\u00fcb\u00fc<\/td>\n<td>Hava \u015eEKER<\/td>\n<td>Do\u00e7. Dr. Ayhan DO\u011eAN<\/td>\n<\/tr>\n<tr>\n<td>\u015eiir Kul\u00fcb\u00fc<\/td>\n<td>Cansu KIY<\/td>\n<td>Do\u00e7. Dr. Yelda KORKUT<\/td>\n<\/tr>\n<tr>\n<td>Kariyer Rotas\u0131<\/td>\n<td>Yusuf Ahmetcan DEM\u0130R<br><\/td>\n<td>Prof. Dr. Hakan TEM\u0130ZT\u00dcRK<\/td>\n<\/tr>\n<tr>\n<td>Dezenformasyonla M\u00fccadele Kul\u00fcb\u00fc<\/td>\n<td>Dilan ATMACA<br><\/td>\n<td>Do\u00e7. Dr. Asl\u0131 K\u00d6SEO\u011eLU<\/td>\n<\/tr>\n<\/tbody>\n<\/table>\t\t\t\t\t\t\t\t<\/div>\n\t\t\t\t<\/div>\n\t\t\t\t\t<\/div>\n\t\t<\/div>\n\t\t\t\t\t<\/div>\n\t\t<\/section>\n\t\t\t\t<\/div>\n\t\t","protected":false},"excerpt":{"rendered":"<p>\u00d6\u011frenci Kul\u00fcpleri Kul\u00fcb\u00fcn Ad\u0131 Kul\u00fcp Ba\u015fkan\u0131 Kul\u00fcp Dan\u0131\u015fman\u0131 Ak\u0131l Fikir Kul\u00fcb\u00fc Atakan YILMAZ Dr. \u00d6\u011fr. \u00dcyesi Derya S\u00dcMER \u0130leti\u015fim Kul\u00fcb\u00fc Beyza \u00c7OBAN Do\u00e7. Dr. Fatih DE\u011e\u0130RMENC\u0130 Odak Foto\u011fraf\u00e7\u0131l\u0131k ve Gezi Kul\u00fcb\u00fc \u00d6mer YAL\u00c7IN Ar\u015f.G\u00f6r. Muhammet Burak KAYGUSUZ Gen\u00e7 Kariyerim Kul\u00fcb\u00fc Ay\u015fe YAL\u00c7IN Prof. Dr. Elif K\u00dc\u00c7\u00dcK DURUR Katarsis Tiyatro Kul\u00fcb\u00fc Emirhan ER\u00c7\u0130KL\u0130 Do\u00e7.Dr. Semra KOTAN [&hellip;]<\/p>\n","protected":false},"author":55,"featured_media":0,"parent":0,"menu_order":0,"comment_status":"closed","ping_status":"closed","template":"","meta":{"footnotes":""},"class_list":["post-6906","page","type-page","status-publish","hentry"],"_links":{"self":[{"href":"https:\/\/atauni.edu.tr\/iletisim-fakultesi\/wp-json\/wp\/v2\/pages\/6906","targetHints":{"allow":["GET"]}}],"collection":[{"href":"https:\/\/atauni.edu.tr\/iletisim-fakultesi\/wp-json\/wp\/v2\/pages"}],"about":[{"href":"https:\/\/atauni.edu.tr\/iletisim-fakultesi\/wp-json\/wp\/v2\/types\/page"}],"author":[{"embeddable":true,"href":"https:\/\/atauni.edu.tr\/iletisim-fakultesi\/wp-json\/wp\/v2\/users\/55"}],"replies":[{"embeddable":true,"href":"https:\/\/atauni.edu.tr\/iletisim-fakultesi\/wp-json\/wp\/v2\/comments?post=6906"}],"version-history":[{"count":47,"href":"https:\/\/atauni.edu.tr\/iletisim-fakultesi\/wp-json\/wp\/v2\/pages\/6906\/revisions"}],"predecessor-version":[{"id":18015,"href":"https:\/\/atauni.edu.tr\/iletisim-fakultesi\/wp-json\/wp\/v2\/pages\/6906\/revisions\/18015"}],"wp:attachment":[{"href":"https:\/\/atauni.edu.tr\/iletisim-fakultesi\/wp-json\/wp\/v2\/media?parent=6906"}],"curies":[{"name":"wp","href":"https:\/\/api.w.org\/{rel}","templated":true}]}}