{"id":7555,"date":"2021-12-28T15:42:32","date_gmt":"2021-12-28T12:42:32","guid":{"rendered":"https:\/\/birimler.atauni.edu.tr\/iletisim-fakultesi\/?page_id=7555"},"modified":"2022-01-28T15:00:43","modified_gmt":"2022-01-28T12:00:43","slug":"haberler","status":"publish","type":"page","link":"https:\/\/atauni.edu.tr\/iletisim-fakultesi\/haberler\/","title":{"rendered":"Haberler"},"content":{"rendered":"\t\t<div data-elementor-type=\"wp-page\" data-elementor-id=\"7555\" class=\"elementor elementor-7555\" data-elementor-post-type=\"page\">\n\t\t\t\t\t\t<section class=\"elementor-section elementor-top-section elementor-element elementor-element-cdeb325 elementor-section-boxed elementor-section-height-default elementor-section-height-default\" data-id=\"cdeb325\" data-element_type=\"section\">\n\t\t\t\t\t\t<div class=\"elementor-container elementor-column-gap-default\">\n\t\t\t\t\t<div class=\"elementor-column elementor-col-100 elementor-top-column elementor-element elementor-element-a8f1891\" data-id=\"a8f1891\" data-element_type=\"column\">\n\t\t\t<div class=\"elementor-widget-wrap elementor-element-populated\">\n\t\t\t\t\t\t<div class=\"elementor-element elementor-element-bcb8c9b elementor-widget elementor-widget-heading\" data-id=\"bcb8c9b\" data-element_type=\"widget\" data-widget_type=\"heading.default\">\n\t\t\t\t<div class=\"elementor-widget-container\">\n\t\t\t\t\t<h2 class=\"elementor-heading-title elementor-size-default\"><font style=\"vertical-align: inherit\"><font style=\"vertical-align: inherit\">T\u00fcm Haberler<\/font><\/font><font style=\"vertical-align: inherit\"><\/font><\/h2>\t\t\t\t<\/div>\n\t\t\t\t<\/div>\n\t\t\t\t<div class=\"elementor-element elementor-element-c43b97a elementor-widget-divider--view-line elementor-widget elementor-widget-divider\" data-id=\"c43b97a\" data-element_type=\"widget\" data-widget_type=\"divider.default\">\n\t\t\t\t<div class=\"elementor-widget-container\">\n\t\t\t\t\t\t\t<div class=\"elementor-divider\">\n\t\t\t<span class=\"elementor-divider-separator\">\n\t\t\t\t\t\t<\/span>\n\t\t<\/div>\n\t\t\t\t\t\t<\/div>\n\t\t\t\t<\/div>\n\t\t\t\t\t<\/div>\n\t\t<\/div>\n\t\t\t\t\t<\/div>\n\t\t<\/section>\n\t\t\t\t<section class=\"elementor-section elementor-top-section elementor-element elementor-element-58cc4d3 elementor-section-boxed elementor-section-height-default elementor-section-height-default\" data-id=\"58cc4d3\" data-element_type=\"section\">\n\t\t\t\t\t\t<div class=\"elementor-container elementor-column-gap-default\">\n\t\t\t\t\t<div class=\"elementor-column elementor-col-100 elementor-top-column elementor-element elementor-element-e0593f0\" data-id=\"e0593f0\" data-element_type=\"column\">\n\t\t\t<div class=\"elementor-widget-wrap elementor-element-populated\">\n\t\t\t\t\t\t<div class=\"elementor-element elementor-element-eaddf6a elementor-grid-4 elementor-grid-tablet-2 elementor-grid-mobile-1 elementor-posts--thumbnail-top elementor-invisible elementor-widget elementor-widget-posts\" data-id=\"eaddf6a\" data-element_type=\"widget\" data-settings=\"{&quot;classic_columns&quot;:&quot;4&quot;,&quot;classic_row_gap&quot;:{&quot;unit&quot;:&quot;px&quot;,&quot;size&quot;:&quot;20&quot;,&quot;sizes&quot;:[]},&quot;pagination_type&quot;:&quot;load_more_infinite_scroll&quot;,&quot;_animation&quot;:&quot;slideInUp&quot;,&quot;classic_columns_tablet&quot;:&quot;2&quot;,&quot;classic_columns_mobile&quot;:&quot;1&quot;,&quot;classic_row_gap_tablet&quot;:{&quot;unit&quot;:&quot;px&quot;,&quot;size&quot;:&quot;&quot;,&quot;sizes&quot;:[]},&quot;classic_row_gap_mobile&quot;:{&quot;unit&quot;:&quot;px&quot;,&quot;size&quot;:&quot;&quot;,&quot;sizes&quot;:[]},&quot;load_more_spinner&quot;:{&quot;value&quot;:&quot;fas fa-spinner&quot;,&quot;library&quot;:&quot;fa-solid&quot;}}\" data-widget_type=\"posts.classic\">\n\t\t\t\t<div class=\"elementor-widget-container\">\n\t\t\t\t\t\t\t<div class=\"elementor-posts-container elementor-posts elementor-posts--skin-classic elementor-grid\" role=\"list\">\n\t\t\t\t<article class=\"elementor-post elementor-grid-item post-18705 post type-post status-publish format-standard has-post-thumbnail hentry category-haberler\" role=\"listitem\">\n\t\t\t\t<a class=\"elementor-post__thumbnail__link\" href=\"https:\/\/atauni.edu.tr\/iletisim-fakultesi\/haberler\/2026\/fakultemizden-uluslararasi-basari\/\" tabindex=\"-1\" >\n\t\t\t<div class=\"elementor-post__thumbnail\"><img fetchpriority=\"high\" decoding=\"async\" width=\"300\" height=\"167\" src=\"https:\/\/atauni.edu.tr\/iletisim-fakultesi\/wp-content\/uploads\/sites\/66\/2026\/03\/-Fakultemizden-Uluslararasi-Basari\u2796-Fakultemiz-Yeni-Medya-ve-Iletisim-Ana-Bilim-Dali-ogretim--e1774420672778-300x167.jpg\" class=\"attachment-medium size-medium wp-image-18706\" alt=\"\" srcset=\"https:\/\/atauni.edu.tr\/iletisim-fakultesi\/wp-content\/uploads\/sites\/66\/2026\/03\/-Fakultemizden-Uluslararasi-Basari\u2796-Fakultemiz-Yeni-Medya-ve-Iletisim-Ana-Bilim-Dali-ogretim--e1774420672778-300x167.jpg 300w, https:\/\/atauni.edu.tr\/iletisim-fakultesi\/wp-content\/uploads\/sites\/66\/2026\/03\/-Fakultemizden-Uluslararasi-Basari\u2796-Fakultemiz-Yeni-Medya-ve-Iletisim-Ana-Bilim-Dali-ogretim--e1774420672778-1024x569.jpg 1024w, https:\/\/atauni.edu.tr\/iletisim-fakultesi\/wp-content\/uploads\/sites\/66\/2026\/03\/-Fakultemizden-Uluslararasi-Basari\u2796-Fakultemiz-Yeni-Medya-ve-Iletisim-Ana-Bilim-Dali-ogretim--e1774420672778-768x427.jpg 768w, https:\/\/atauni.edu.tr\/iletisim-fakultesi\/wp-content\/uploads\/sites\/66\/2026\/03\/-Fakultemizden-Uluslararasi-Basari\u2796-Fakultemiz-Yeni-Medya-ve-Iletisim-Ana-Bilim-Dali-ogretim--e1774420672778-600x333.jpg 600w, https:\/\/atauni.edu.tr\/iletisim-fakultesi\/wp-content\/uploads\/sites\/66\/2026\/03\/-Fakultemizden-Uluslararasi-Basari\u2796-Fakultemiz-Yeni-Medya-ve-Iletisim-Ana-Bilim-Dali-ogretim--e1774420672778-560x311.jpg 560w, https:\/\/atauni.edu.tr\/iletisim-fakultesi\/wp-content\/uploads\/sites\/66\/2026\/03\/-Fakultemizden-Uluslararasi-Basari\u2796-Fakultemiz-Yeni-Medya-ve-Iletisim-Ana-Bilim-Dali-ogretim--e1774420672778.jpg 1080w\" sizes=\"(max-width: 300px) 100vw, 300px\" \/><\/div>\n\t\t<\/a>\n\t\t\t\t<div class=\"elementor-post__text\">\n\t\t\t\t<h3 class=\"elementor-post__title\">\n\t\t\t<a href=\"https:\/\/atauni.edu.tr\/iletisim-fakultesi\/haberler\/2026\/fakultemizden-uluslararasi-basari\/\" >\n\t\t\t\tFak\u00fcltemizden Uluslararas\u0131 Ba\u015far\u0131\t\t\t<\/a>\n\t\t<\/h3>\n\t\t\t\t<div class=\"elementor-post__meta-data\">\n\t\t\t\t\t<span class=\"elementor-post-date\">\n\t\t\t24.03.2026\t\t<\/span>\n\t\t\t\t<\/div>\n\t\t\n\t\t<a class=\"elementor-post__read-more\" href=\"https:\/\/atauni.edu.tr\/iletisim-fakultesi\/haberler\/2026\/fakultemizden-uluslararasi-basari\/\" aria-label=\"Read more about Fak\u00fcltemizden Uluslararas\u0131 Ba\u015far\u0131\" tabindex=\"-1\" >\n\t\t\tHaberi Oku\t\t<\/a>\n\n\t\t\t\t<\/div>\n\t\t\t\t<\/article>\n\t\t\t\t<article class=\"elementor-post elementor-grid-item post-18688 post type-post status-publish format-standard has-post-thumbnail hentry category-haberler\" role=\"listitem\">\n\t\t\t\t<a class=\"elementor-post__thumbnail__link\" href=\"https:\/\/atauni.edu.tr\/iletisim-fakultesi\/haberler\/2026\/fakultemizden-buyuk-akademik-basari\/\" tabindex=\"-1\" >\n\t\t\t<div class=\"elementor-post__thumbnail\"><img decoding=\"async\" width=\"300\" height=\"211\" src=\"https:\/\/atauni.edu.tr\/iletisim-fakultesi\/wp-content\/uploads\/sites\/66\/2026\/03\/1-1-e1774420855495-300x211.jpg\" class=\"attachment-medium size-medium wp-image-18689\" alt=\"\" srcset=\"https:\/\/atauni.edu.tr\/iletisim-fakultesi\/wp-content\/uploads\/sites\/66\/2026\/03\/1-1-e1774420855495-300x211.jpg 300w, https:\/\/atauni.edu.tr\/iletisim-fakultesi\/wp-content\/uploads\/sites\/66\/2026\/03\/1-1-e1774420855495-1024x721.jpg 1024w, https:\/\/atauni.edu.tr\/iletisim-fakultesi\/wp-content\/uploads\/sites\/66\/2026\/03\/1-1-e1774420855495-768x540.jpg 768w, https:\/\/atauni.edu.tr\/iletisim-fakultesi\/wp-content\/uploads\/sites\/66\/2026\/03\/1-1-e1774420855495-600x422.jpg 600w, https:\/\/atauni.edu.tr\/iletisim-fakultesi\/wp-content\/uploads\/sites\/66\/2026\/03\/1-1-e1774420855495-560x394.jpg 560w, https:\/\/atauni.edu.tr\/iletisim-fakultesi\/wp-content\/uploads\/sites\/66\/2026\/03\/1-1-e1774420855495.jpg 1080w\" sizes=\"(max-width: 300px) 100vw, 300px\" \/><\/div>\n\t\t<\/a>\n\t\t\t\t<div class=\"elementor-post__text\">\n\t\t\t\t<h3 class=\"elementor-post__title\">\n\t\t\t<a href=\"https:\/\/atauni.edu.tr\/iletisim-fakultesi\/haberler\/2026\/fakultemizden-buyuk-akademik-basari\/\" >\n\t\t\t\tFak\u00fcltemizden B\u00fcy\u00fck Akademik Ba\u015far\u0131!\t\t\t<\/a>\n\t\t<\/h3>\n\t\t\t\t<div class=\"elementor-post__meta-data\">\n\t\t\t\t\t<span class=\"elementor-post-date\">\n\t\t\t18.03.2026\t\t<\/span>\n\t\t\t\t<\/div>\n\t\t\n\t\t<a class=\"elementor-post__read-more\" href=\"https:\/\/atauni.edu.tr\/iletisim-fakultesi\/haberler\/2026\/fakultemizden-buyuk-akademik-basari\/\" aria-label=\"Read more about Fak\u00fcltemizden B\u00fcy\u00fck Akademik Ba\u015far\u0131!\" tabindex=\"-1\" >\n\t\t\tHaberi Oku\t\t<\/a>\n\n\t\t\t\t<\/div>\n\t\t\t\t<\/article>\n\t\t\t\t<article class=\"elementor-post elementor-grid-item post-18679 post type-post status-publish format-standard has-post-thumbnail hentry category-haberler\" role=\"listitem\">\n\t\t\t\t<a class=\"elementor-post__thumbnail__link\" href=\"https:\/\/atauni.edu.tr\/iletisim-fakultesi\/haberler\/2026\/radyo-universitede-bagimliliga-hayir-saglikli-yasama-evet\/\" tabindex=\"-1\" >\n\t\t\t<div class=\"elementor-post__thumbnail\"><img decoding=\"async\" width=\"300\" height=\"164\" src=\"https:\/\/atauni.edu.tr\/iletisim-fakultesi\/wp-content\/uploads\/sites\/66\/2026\/03\/1-e1773823641211-300x164.jpg\" class=\"attachment-medium size-medium wp-image-18680\" alt=\"\" srcset=\"https:\/\/atauni.edu.tr\/iletisim-fakultesi\/wp-content\/uploads\/sites\/66\/2026\/03\/1-e1773823641211-300x164.jpg 300w, https:\/\/atauni.edu.tr\/iletisim-fakultesi\/wp-content\/uploads\/sites\/66\/2026\/03\/1-e1773823641211-1024x559.jpg 1024w, https:\/\/atauni.edu.tr\/iletisim-fakultesi\/wp-content\/uploads\/sites\/66\/2026\/03\/1-e1773823641211-768x420.jpg 768w, https:\/\/atauni.edu.tr\/iletisim-fakultesi\/wp-content\/uploads\/sites\/66\/2026\/03\/1-e1773823641211-600x328.jpg 600w, https:\/\/atauni.edu.tr\/iletisim-fakultesi\/wp-content\/uploads\/sites\/66\/2026\/03\/1-e1773823641211-560x306.jpg 560w, https:\/\/atauni.edu.tr\/iletisim-fakultesi\/wp-content\/uploads\/sites\/66\/2026\/03\/1-e1773823641211.jpg 1080w\" sizes=\"(max-width: 300px) 100vw, 300px\" \/><\/div>\n\t\t<\/a>\n\t\t\t\t<div class=\"elementor-post__text\">\n\t\t\t\t<h3 class=\"elementor-post__title\">\n\t\t\t<a href=\"https:\/\/atauni.edu.tr\/iletisim-fakultesi\/haberler\/2026\/radyo-universitede-bagimliliga-hayir-saglikli-yasama-evet\/\" >\n\t\t\t\tRadyo \u00dcniversite\u2019de \u201cBa\u011f\u0131ml\u0131l\u0131\u011fa Hay\u0131r, Sa\u011fl\u0131kl\u0131 Ya\u015fama Evet!\u201d\t\t\t<\/a>\n\t\t<\/h3>\n\t\t\t\t<div class=\"elementor-post__meta-data\">\n\t\t\t\t\t<span class=\"elementor-post-date\">\n\t\t\t06.03.2026\t\t<\/span>\n\t\t\t\t<\/div>\n\t\t\n\t\t<a class=\"elementor-post__read-more\" href=\"https:\/\/atauni.edu.tr\/iletisim-fakultesi\/haberler\/2026\/radyo-universitede-bagimliliga-hayir-saglikli-yasama-evet\/\" aria-label=\"Read more about Radyo \u00dcniversite\u2019de \u201cBa\u011f\u0131ml\u0131l\u0131\u011fa Hay\u0131r, Sa\u011fl\u0131kl\u0131 Ya\u015fama Evet!\u201d\" tabindex=\"-1\" >\n\t\t\tHaberi Oku\t\t<\/a>\n\n\t\t\t\t<\/div>\n\t\t\t\t<\/article>\n\t\t\t\t<article class=\"elementor-post elementor-grid-item post-18699 post type-post status-publish format-standard has-post-thumbnail hentry category-haberler\" role=\"listitem\">\n\t\t\t\t<a class=\"elementor-post__thumbnail__link\" href=\"https:\/\/atauni.edu.tr\/iletisim-fakultesi\/haberler\/2026\/fakultemizden-uluslararasi-literature-katki\/\" tabindex=\"-1\" >\n\t\t\t<div class=\"elementor-post__thumbnail\"><img loading=\"lazy\" decoding=\"async\" width=\"300\" height=\"185\" src=\"https:\/\/atauni.edu.tr\/iletisim-fakultesi\/wp-content\/uploads\/sites\/66\/2026\/03\/-Fakultemizden-Uluslararasi-Literature-Katki\u2796-Yeni-Medya-ve-Iletisim-Anabilim-Dali-ogretim-uye-e1774420740456-300x185.jpg\" class=\"attachment-medium size-medium wp-image-18700\" alt=\"\" srcset=\"https:\/\/atauni.edu.tr\/iletisim-fakultesi\/wp-content\/uploads\/sites\/66\/2026\/03\/-Fakultemizden-Uluslararasi-Literature-Katki\u2796-Yeni-Medya-ve-Iletisim-Anabilim-Dali-ogretim-uye-e1774420740456-300x185.jpg 300w, https:\/\/atauni.edu.tr\/iletisim-fakultesi\/wp-content\/uploads\/sites\/66\/2026\/03\/-Fakultemizden-Uluslararasi-Literature-Katki\u2796-Yeni-Medya-ve-Iletisim-Anabilim-Dali-ogretim-uye-e1774420740456-1024x631.jpg 1024w, https:\/\/atauni.edu.tr\/iletisim-fakultesi\/wp-content\/uploads\/sites\/66\/2026\/03\/-Fakultemizden-Uluslararasi-Literature-Katki\u2796-Yeni-Medya-ve-Iletisim-Anabilim-Dali-ogretim-uye-e1774420740456-768x474.jpg 768w, https:\/\/atauni.edu.tr\/iletisim-fakultesi\/wp-content\/uploads\/sites\/66\/2026\/03\/-Fakultemizden-Uluslararasi-Literature-Katki\u2796-Yeni-Medya-ve-Iletisim-Anabilim-Dali-ogretim-uye-e1774420740456-600x370.jpg 600w, https:\/\/atauni.edu.tr\/iletisim-fakultesi\/wp-content\/uploads\/sites\/66\/2026\/03\/-Fakultemizden-Uluslararasi-Literature-Katki\u2796-Yeni-Medya-ve-Iletisim-Anabilim-Dali-ogretim-uye-e1774420740456-560x345.jpg 560w, https:\/\/atauni.edu.tr\/iletisim-fakultesi\/wp-content\/uploads\/sites\/66\/2026\/03\/-Fakultemizden-Uluslararasi-Literature-Katki\u2796-Yeni-Medya-ve-Iletisim-Anabilim-Dali-ogretim-uye-e1774420740456.jpg 1080w\" sizes=\"(max-width: 300px) 100vw, 300px\" \/><\/div>\n\t\t<\/a>\n\t\t\t\t<div class=\"elementor-post__text\">\n\t\t\t\t<h3 class=\"elementor-post__title\">\n\t\t\t<a href=\"https:\/\/atauni.edu.tr\/iletisim-fakultesi\/haberler\/2026\/fakultemizden-uluslararasi-literature-katki\/\" >\n\t\t\t\tFak\u00fcltemizden Uluslararas\u0131 Literat\u00fcre Katk\u0131\t\t\t<\/a>\n\t\t<\/h3>\n\t\t\t\t<div class=\"elementor-post__meta-data\">\n\t\t\t\t\t<span class=\"elementor-post-date\">\n\t\t\t23.02.2026\t\t<\/span>\n\t\t\t\t<\/div>\n\t\t\n\t\t<a class=\"elementor-post__read-more\" href=\"https:\/\/atauni.edu.tr\/iletisim-fakultesi\/haberler\/2026\/fakultemizden-uluslararasi-literature-katki\/\" aria-label=\"Read more about Fak\u00fcltemizden Uluslararas\u0131 Literat\u00fcre Katk\u0131\" tabindex=\"-1\" >\n\t\t\tHaberi Oku\t\t<\/a>\n\n\t\t\t\t<\/div>\n\t\t\t\t<\/article>\n\t\t\t\t<article class=\"elementor-post elementor-grid-item post-18611 post type-post status-publish format-standard has-post-thumbnail hentry category-haberler\" role=\"listitem\">\n\t\t\t\t<a class=\"elementor-post__thumbnail__link\" href=\"https:\/\/atauni.edu.tr\/iletisim-fakultesi\/haberler\/2026\/hakikat-ve-sorumluluk-sosyal-medya-dezenformasyon-ve-cimer-ekseninde-iletisim\/\" tabindex=\"-1\" >\n\t\t\t<div class=\"elementor-post__thumbnail\"><img loading=\"lazy\" decoding=\"async\" width=\"300\" height=\"130\" src=\"https:\/\/atauni.edu.tr\/iletisim-fakultesi\/wp-content\/uploads\/sites\/66\/2026\/02\/ccc-e1771395941407-300x130.png\" class=\"attachment-medium size-medium wp-image-18612\" alt=\"\" srcset=\"https:\/\/atauni.edu.tr\/iletisim-fakultesi\/wp-content\/uploads\/sites\/66\/2026\/02\/ccc-e1771395941407-300x130.png 300w, https:\/\/atauni.edu.tr\/iletisim-fakultesi\/wp-content\/uploads\/sites\/66\/2026\/02\/ccc-e1771395941407-1024x444.png 1024w, https:\/\/atauni.edu.tr\/iletisim-fakultesi\/wp-content\/uploads\/sites\/66\/2026\/02\/ccc-e1771395941407-768x333.png 768w, https:\/\/atauni.edu.tr\/iletisim-fakultesi\/wp-content\/uploads\/sites\/66\/2026\/02\/ccc-e1771395941407-600x260.png 600w, https:\/\/atauni.edu.tr\/iletisim-fakultesi\/wp-content\/uploads\/sites\/66\/2026\/02\/ccc-e1771395941407-560x243.png 560w, https:\/\/atauni.edu.tr\/iletisim-fakultesi\/wp-content\/uploads\/sites\/66\/2026\/02\/ccc-e1771395941407.png 1080w\" sizes=\"(max-width: 300px) 100vw, 300px\" \/><\/div>\n\t\t<\/a>\n\t\t\t\t<div class=\"elementor-post__text\">\n\t\t\t\t<h3 class=\"elementor-post__title\">\n\t\t\t<a href=\"https:\/\/atauni.edu.tr\/iletisim-fakultesi\/haberler\/2026\/hakikat-ve-sorumluluk-sosyal-medya-dezenformasyon-ve-cimer-ekseninde-iletisim\/\" >\n\t\t\t\tHakikat ve Sorumluluk: Sosyal Medya, Dezenformasyon ve C\u0130MER Ekseninde \u0130leti\u015fim\t\t\t<\/a>\n\t\t<\/h3>\n\t\t\t\t<div class=\"elementor-post__meta-data\">\n\t\t\t\t\t<span class=\"elementor-post-date\">\n\t\t\t16.02.2026\t\t<\/span>\n\t\t\t\t<\/div>\n\t\t\n\t\t<a class=\"elementor-post__read-more\" href=\"https:\/\/atauni.edu.tr\/iletisim-fakultesi\/haberler\/2026\/hakikat-ve-sorumluluk-sosyal-medya-dezenformasyon-ve-cimer-ekseninde-iletisim\/\" aria-label=\"Read more about Hakikat ve Sorumluluk: Sosyal Medya, Dezenformasyon ve C\u0130MER Ekseninde \u0130leti\u015fim\" tabindex=\"-1\" >\n\t\t\tHaberi Oku\t\t<\/a>\n\n\t\t\t\t<\/div>\n\t\t\t\t<\/article>\n\t\t\t\t<article class=\"elementor-post elementor-grid-item post-18596 post type-post status-publish format-standard has-post-thumbnail hentry category-haberler\" role=\"listitem\">\n\t\t\t\t<a class=\"elementor-post__thumbnail__link\" href=\"https:\/\/atauni.edu.tr\/iletisim-fakultesi\/haberler\/2026\/asrin-ihyasi-panelinde-guclu-turkiye-vurgusu\/\" tabindex=\"-1\" >\n\t\t\t<div class=\"elementor-post__thumbnail\"><img loading=\"lazy\" decoding=\"async\" width=\"300\" height=\"300\" src=\"https:\/\/atauni.edu.tr\/iletisim-fakultesi\/wp-content\/uploads\/sites\/66\/2026\/02\/SaveClip.App_632072803_18017552345811511_598760887594912635_n-e1771395001290-300x300.jpg\" class=\"attachment-medium size-medium wp-image-18597\" alt=\"\" srcset=\"https:\/\/atauni.edu.tr\/iletisim-fakultesi\/wp-content\/uploads\/sites\/66\/2026\/02\/SaveClip.App_632072803_18017552345811511_598760887594912635_n-e1771395001290-300x300.jpg 300w, https:\/\/atauni.edu.tr\/iletisim-fakultesi\/wp-content\/uploads\/sites\/66\/2026\/02\/SaveClip.App_632072803_18017552345811511_598760887594912635_n-e1771395001290-1024x1020.jpg 1024w, https:\/\/atauni.edu.tr\/iletisim-fakultesi\/wp-content\/uploads\/sites\/66\/2026\/02\/SaveClip.App_632072803_18017552345811511_598760887594912635_n-e1771395001290-150x150.jpg 150w, https:\/\/atauni.edu.tr\/iletisim-fakultesi\/wp-content\/uploads\/sites\/66\/2026\/02\/SaveClip.App_632072803_18017552345811511_598760887594912635_n-e1771395001290-768x765.jpg 768w, https:\/\/atauni.edu.tr\/iletisim-fakultesi\/wp-content\/uploads\/sites\/66\/2026\/02\/SaveClip.App_632072803_18017552345811511_598760887594912635_n-e1771395001290-600x598.jpg 600w, https:\/\/atauni.edu.tr\/iletisim-fakultesi\/wp-content\/uploads\/sites\/66\/2026\/02\/SaveClip.App_632072803_18017552345811511_598760887594912635_n-e1771395001290-560x558.jpg 560w, https:\/\/atauni.edu.tr\/iletisim-fakultesi\/wp-content\/uploads\/sites\/66\/2026\/02\/SaveClip.App_632072803_18017552345811511_598760887594912635_n-e1771395001290.jpg 1440w\" sizes=\"(max-width: 300px) 100vw, 300px\" \/><\/div>\n\t\t<\/a>\n\t\t\t\t<div class=\"elementor-post__text\">\n\t\t\t\t<h3 class=\"elementor-post__title\">\n\t\t\t<a href=\"https:\/\/atauni.edu.tr\/iletisim-fakultesi\/haberler\/2026\/asrin-ihyasi-panelinde-guclu-turkiye-vurgusu\/\" >\n\t\t\t\tAsr\u0131n \u0130hyas\u0131 Panelinde G\u00fc\u00e7l\u00fc T\u00fcrkiye Vurgusu\t\t\t<\/a>\n\t\t<\/h3>\n\t\t\t\t<div class=\"elementor-post__meta-data\">\n\t\t\t\t\t<span class=\"elementor-post-date\">\n\t\t\t11.02.2026\t\t<\/span>\n\t\t\t\t<\/div>\n\t\t\n\t\t<a class=\"elementor-post__read-more\" href=\"https:\/\/atauni.edu.tr\/iletisim-fakultesi\/haberler\/2026\/asrin-ihyasi-panelinde-guclu-turkiye-vurgusu\/\" aria-label=\"Read more about Asr\u0131n \u0130hyas\u0131 Panelinde G\u00fc\u00e7l\u00fc T\u00fcrkiye Vurgusu\" tabindex=\"-1\" >\n\t\t\tHaberi Oku\t\t<\/a>\n\n\t\t\t\t<\/div>\n\t\t\t\t<\/article>\n\t\t\t\t<article class=\"elementor-post elementor-grid-item post-18505 post type-post status-publish format-standard has-post-thumbnail hentry category-haberler\" role=\"listitem\">\n\t\t\t\t<a class=\"elementor-post__thumbnail__link\" href=\"https:\/\/atauni.edu.tr\/iletisim-fakultesi\/haberler\/2026\/fakultemizde-emeklilik-gururu-nusret-ozdemire-veda-yemegi\/\" tabindex=\"-1\" >\n\t\t\t<div class=\"elementor-post__thumbnail\"><img loading=\"lazy\" decoding=\"async\" width=\"300\" height=\"140\" src=\"https:\/\/atauni.edu.tr\/iletisim-fakultesi\/wp-content\/uploads\/sites\/66\/2026\/01\/3-e1769599699959-300x140.jpg\" class=\"attachment-medium size-medium wp-image-18508\" alt=\"\" srcset=\"https:\/\/atauni.edu.tr\/iletisim-fakultesi\/wp-content\/uploads\/sites\/66\/2026\/01\/3-e1769599699959-300x140.jpg 300w, https:\/\/atauni.edu.tr\/iletisim-fakultesi\/wp-content\/uploads\/sites\/66\/2026\/01\/3-e1769599699959-1024x479.jpg 1024w, https:\/\/atauni.edu.tr\/iletisim-fakultesi\/wp-content\/uploads\/sites\/66\/2026\/01\/3-e1769599699959-768x359.jpg 768w, https:\/\/atauni.edu.tr\/iletisim-fakultesi\/wp-content\/uploads\/sites\/66\/2026\/01\/3-e1769599699959-600x281.jpg 600w, https:\/\/atauni.edu.tr\/iletisim-fakultesi\/wp-content\/uploads\/sites\/66\/2026\/01\/3-e1769599699959-560x262.jpg 560w, https:\/\/atauni.edu.tr\/iletisim-fakultesi\/wp-content\/uploads\/sites\/66\/2026\/01\/3-e1769599699959.jpg 1440w\" sizes=\"(max-width: 300px) 100vw, 300px\" \/><\/div>\n\t\t<\/a>\n\t\t\t\t<div class=\"elementor-post__text\">\n\t\t\t\t<h3 class=\"elementor-post__title\">\n\t\t\t<a href=\"https:\/\/atauni.edu.tr\/iletisim-fakultesi\/haberler\/2026\/fakultemizde-emeklilik-gururu-nusret-ozdemire-veda-yemegi\/\" >\n\t\t\t\tFak\u00fcltemizde Emeklilik Gururu: Nusret \u00d6zdemir\u2019e Veda Yeme\u011fi\t\t\t<\/a>\n\t\t<\/h3>\n\t\t\t\t<div class=\"elementor-post__meta-data\">\n\t\t\t\t\t<span class=\"elementor-post-date\">\n\t\t\t26.01.2026\t\t<\/span>\n\t\t\t\t<\/div>\n\t\t\n\t\t<a class=\"elementor-post__read-more\" href=\"https:\/\/atauni.edu.tr\/iletisim-fakultesi\/haberler\/2026\/fakultemizde-emeklilik-gururu-nusret-ozdemire-veda-yemegi\/\" aria-label=\"Read more about Fak\u00fcltemizde Emeklilik Gururu: Nusret \u00d6zdemir\u2019e Veda Yeme\u011fi\" tabindex=\"-1\" >\n\t\t\tHaberi Oku\t\t<\/a>\n\n\t\t\t\t<\/div>\n\t\t\t\t<\/article>\n\t\t\t\t<article class=\"elementor-post elementor-grid-item post-18499 post type-post status-publish format-standard has-post-thumbnail hentry category-haberler\" role=\"listitem\">\n\t\t\t\t<a class=\"elementor-post__thumbnail__link\" href=\"https:\/\/atauni.edu.tr\/iletisim-fakultesi\/haberler\/2026\/ataturk-universitesi-iletisim-fakultesi-yonetimi-yilin-kareleri-oylamasina-katildi\/\" tabindex=\"-1\" >\n\t\t\t<div class=\"elementor-post__thumbnail\"><img loading=\"lazy\" decoding=\"async\" width=\"300\" height=\"169\" src=\"https:\/\/atauni.edu.tr\/iletisim-fakultesi\/wp-content\/uploads\/sites\/66\/2026\/01\/thumbs_b_c_95c380eb28339702ce1fb18d5b4ff047-300x169.jpg\" class=\"attachment-medium size-medium wp-image-18500\" alt=\"\" srcset=\"https:\/\/atauni.edu.tr\/iletisim-fakultesi\/wp-content\/uploads\/sites\/66\/2026\/01\/thumbs_b_c_95c380eb28339702ce1fb18d5b4ff047-300x169.jpg 300w, https:\/\/atauni.edu.tr\/iletisim-fakultesi\/wp-content\/uploads\/sites\/66\/2026\/01\/thumbs_b_c_95c380eb28339702ce1fb18d5b4ff047-768x433.jpg 768w, https:\/\/atauni.edu.tr\/iletisim-fakultesi\/wp-content\/uploads\/sites\/66\/2026\/01\/thumbs_b_c_95c380eb28339702ce1fb18d5b4ff047-600x338.jpg 600w, https:\/\/atauni.edu.tr\/iletisim-fakultesi\/wp-content\/uploads\/sites\/66\/2026\/01\/thumbs_b_c_95c380eb28339702ce1fb18d5b4ff047-560x316.jpg 560w, https:\/\/atauni.edu.tr\/iletisim-fakultesi\/wp-content\/uploads\/sites\/66\/2026\/01\/thumbs_b_c_95c380eb28339702ce1fb18d5b4ff047.jpg 864w\" sizes=\"(max-width: 300px) 100vw, 300px\" \/><\/div>\n\t\t<\/a>\n\t\t\t\t<div class=\"elementor-post__text\">\n\t\t\t\t<h3 class=\"elementor-post__title\">\n\t\t\t<a href=\"https:\/\/atauni.edu.tr\/iletisim-fakultesi\/haberler\/2026\/ataturk-universitesi-iletisim-fakultesi-yonetimi-yilin-kareleri-oylamasina-katildi\/\" >\n\t\t\t\tAtat\u00fcrk \u00dcniversitesi \u0130leti\u015fim Fak\u00fcltesi Y\u00f6netimi &#8220;Y\u0131l\u0131n Kareleri&#8221; Oylamas\u0131na Kat\u0131ld\u0131\t\t\t<\/a>\n\t\t<\/h3>\n\t\t\t\t<div class=\"elementor-post__meta-data\">\n\t\t\t\t\t<span class=\"elementor-post-date\">\n\t\t\t12.01.2026\t\t<\/span>\n\t\t\t\t<\/div>\n\t\t\n\t\t<a class=\"elementor-post__read-more\" href=\"https:\/\/atauni.edu.tr\/iletisim-fakultesi\/haberler\/2026\/ataturk-universitesi-iletisim-fakultesi-yonetimi-yilin-kareleri-oylamasina-katildi\/\" aria-label=\"Read more about Atat\u00fcrk \u00dcniversitesi \u0130leti\u015fim Fak\u00fcltesi Y\u00f6netimi &#8220;Y\u0131l\u0131n Kareleri&#8221; Oylamas\u0131na Kat\u0131ld\u0131\" tabindex=\"-1\" >\n\t\t\tHaberi Oku\t\t<\/a>\n\n\t\t\t\t<\/div>\n\t\t\t\t<\/article>\n\t\t\t\t<\/div>\n\t\t\t\t\t<span class=\"e-load-more-spinner\">\n\t\t\t\t<i aria-hidden=\"true\" class=\"fas fa-spinner\"><\/i>\t\t\t<\/span>\n\t\t\n\t\t\t\t<div class=\"e-load-more-anchor\" data-page=\"1\" data-max-page=\"19\" data-next-page=\"https:\/\/atauni.edu.tr\/iletisim-fakultesi\/wp-json\/wp\/v2\/pages\/7555\/page\/2\/\"><\/div>\n\t\t\t\t<div class=\"e-load-more-message\"><\/div>\n\t\t\t\t\t\t<\/div>\n\t\t\t\t<\/div>\n\t\t\t\t\t<\/div>\n\t\t<\/div>\n\t\t\t\t\t<\/div>\n\t\t<\/section>\n\t\t\t\t<\/div>\n\t\t","protected":false},"excerpt":{"rendered":"<p>T\u00fcm Haberler<\/p>\n","protected":false},"author":55,"featured_media":0,"parent":0,"menu_order":0,"comment_status":"closed","ping_status":"closed","template":"","meta":{"footnotes":""},"class_list":["post-7555","page","type-page","status-publish","hentry"],"_links":{"self":[{"href":"https:\/\/atauni.edu.tr\/iletisim-fakultesi\/wp-json\/wp\/v2\/pages\/7555","targetHints":{"allow":["GET"]}}],"collection":[{"href":"https:\/\/atauni.edu.tr\/iletisim-fakultesi\/wp-json\/wp\/v2\/pages"}],"about":[{"href":"https:\/\/atauni.edu.tr\/iletisim-fakultesi\/wp-json\/wp\/v2\/types\/page"}],"author":[{"embeddable":true,"href":"https:\/\/atauni.edu.tr\/iletisim-fakultesi\/wp-json\/wp\/v2\/users\/55"}],"replies":[{"embeddable":true,"href":"https:\/\/atauni.edu.tr\/iletisim-fakultesi\/wp-json\/wp\/v2\/comments?post=7555"}],"version-history":[{"count":37,"href":"https:\/\/atauni.edu.tr\/iletisim-fakultesi\/wp-json\/wp\/v2\/pages\/7555\/revisions"}],"predecessor-version":[{"id":11645,"href":"https:\/\/atauni.edu.tr\/iletisim-fakultesi\/wp-json\/wp\/v2\/pages\/7555\/revisions\/11645"}],"wp:attachment":[{"href":"https:\/\/atauni.edu.tr\/iletisim-fakultesi\/wp-json\/wp\/v2\/media?parent=7555"}],"curies":[{"name":"wp","href":"https:\/\/api.w.org\/{rel}","templated":true}]}}