{"id":8336,"date":"2022-01-03T11:21:42","date_gmt":"2022-01-03T08:21:42","guid":{"rendered":"https:\/\/birimler.atauni.edu.tr\/iletisim-fakultesi\/?page_id=8336"},"modified":"2023-09-04T14:10:24","modified_gmt":"2023-09-04T11:10:24","slug":"odullerimiz","status":"publish","type":"page","link":"https:\/\/atauni.edu.tr\/iletisim-fakultesi\/odullerimiz\/","title":{"rendered":"\u00d6d\u00fcllerimiz"},"content":{"rendered":"\t\t<div data-elementor-type=\"wp-page\" data-elementor-id=\"8336\" class=\"elementor elementor-8336\" data-elementor-post-type=\"page\">\n\t\t\t\t\t\t<section class=\"elementor-section elementor-top-section elementor-element elementor-element-46c2cb5d elementor-section-boxed elementor-section-height-default elementor-section-height-default\" data-id=\"46c2cb5d\" data-element_type=\"section\">\n\t\t\t\t\t\t<div class=\"elementor-container elementor-column-gap-default\">\n\t\t\t\t\t<div class=\"elementor-column elementor-col-100 elementor-top-column elementor-element elementor-element-299813e7\" data-id=\"299813e7\" data-element_type=\"column\">\n\t\t\t<div class=\"elementor-widget-wrap elementor-element-populated\">\n\t\t\t\t\t\t<div class=\"elementor-element elementor-element-3ec495a9 elementor-widget elementor-widget-heading\" data-id=\"3ec495a9\" data-element_type=\"widget\" data-widget_type=\"heading.default\">\n\t\t\t\t<div class=\"elementor-widget-container\">\n\t\t\t\t\t<h2 class=\"elementor-heading-title elementor-size-default\">\u00d6d\u00fcllerimiz<\/h2>\t\t\t\t<\/div>\n\t\t\t\t<\/div>\n\t\t\t\t<div class=\"elementor-element elementor-element-2092e3b3 elementor-widget-divider--view-line elementor-widget elementor-widget-divider\" data-id=\"2092e3b3\" data-element_type=\"widget\" data-widget_type=\"divider.default\">\n\t\t\t\t<div class=\"elementor-widget-container\">\n\t\t\t\t\t\t\t<div class=\"elementor-divider\">\n\t\t\t<span class=\"elementor-divider-separator\">\n\t\t\t\t\t\t<\/span>\n\t\t<\/div>\n\t\t\t\t\t\t<\/div>\n\t\t\t\t<\/div>\n\t\t\t\t\t<\/div>\n\t\t<\/div>\n\t\t\t\t\t<\/div>\n\t\t<\/section>\n\t\t\t\t<section class=\"elementor-section elementor-top-section elementor-element elementor-element-1748cb6 elementor-section-boxed elementor-section-height-default elementor-section-height-default\" data-id=\"1748cb6\" data-element_type=\"section\">\n\t\t\t\t\t\t<div class=\"elementor-container elementor-column-gap-default\">\n\t\t\t\t\t<div class=\"elementor-column elementor-col-100 elementor-top-column elementor-element elementor-element-86ac09f\" data-id=\"86ac09f\" data-element_type=\"column\">\n\t\t\t<div class=\"elementor-widget-wrap elementor-element-populated\">\n\t\t\t\t\t\t<div class=\"elementor-element elementor-element-1446222 elementor-align-start elementor-icon-list--layout-traditional elementor-list-item-link-full_width elementor-widget elementor-widget-icon-list\" data-id=\"1446222\" data-element_type=\"widget\" data-widget_type=\"icon-list.default\">\n\t\t\t\t<div class=\"elementor-widget-container\">\n\t\t\t\t\t\t\t<ul class=\"elementor-icon-list-items\">\n\t\t\t\t\t\t\t<li class=\"elementor-icon-list-item\">\n\t\t\t\t\t\t\t\t\t\t\t<span class=\"elementor-icon-list-icon\">\n\t\t\t\t\t\t\t<i aria-hidden=\"true\" class=\"fas fa-film\"><\/i>\t\t\t\t\t\t<\/span>\n\t\t\t\t\t\t\t\t\t\t<span class=\"elementor-icon-list-text\"><b>2023 <\/b>-  <span style=\"font-family: arial, helvetica, sans-serif;font-size: 16px\">30.Uluslararas\u0131 Adana Alt\u0131n Koza Film Festivali&nbsp;<\/span><span style=\"font-family: arial, helvetica, sans-serif;font-size: 16px\">Ulusal \u00d6\u011frenci Filmleri, Belgesel kategorisinde Finalist<\/span>&nbsp; (<span style=\"font-family: arial, helvetica, sans-serif;font-size: 16px\">Burak Aslan<\/span> - \"<span style=\"font-family: arial, helvetica, sans-serif;font-size: 16px\">Kay\u0131p: Dengbej\"<\/span><\/span>\n\t\t\t\t\t\t\t\t\t<\/li>\n\t\t\t\t\t\t\t\t<li class=\"elementor-icon-list-item\">\n\t\t\t\t\t\t\t\t\t\t\t<span class=\"elementor-icon-list-icon\">\n\t\t\t\t\t\t\t<i aria-hidden=\"true\" class=\"fas fa-film\"><\/i>\t\t\t\t\t\t<\/span>\n\t\t\t\t\t\t\t\t\t\t<span class=\"elementor-icon-list-text\"><b>2023 <\/b>-  Yunanistan Uluslararas\u0131 Liber Film Festivali En \u0130yi Deneysel Film \u00d6d\u00fcl\u00fc (Onurhan \u00c7allar ve Ay\u015fe Kaya - \"Hegemony\")<\/span>\n\t\t\t\t\t\t\t\t\t<\/li>\n\t\t\t\t\t\t\t\t<li class=\"elementor-icon-list-item\">\n\t\t\t\t\t\t\t\t\t\t\t<span class=\"elementor-icon-list-icon\">\n\t\t\t\t\t\t\t<i aria-hidden=\"true\" class=\"fas fa-film\"><\/i>\t\t\t\t\t\t<\/span>\n\t\t\t\t\t\t\t\t\t\t<span class=\"elementor-icon-list-text\"><b>2022 <\/b>-  New York Urbanite Arts&amp;Film Festival 2022 \u00d6zel Se\u00e7ki Olarak G\u00f6sterim Hakk\u0131 (Burak Aslan - \"Ak\u00fcm\u00fcle\")<\/span>\n\t\t\t\t\t\t\t\t\t<\/li>\n\t\t\t\t\t\t\t\t<li class=\"elementor-icon-list-item\">\n\t\t\t\t\t\t\t\t\t\t\t<span class=\"elementor-icon-list-icon\">\n\t\t\t\t\t\t\t<i aria-hidden=\"true\" class=\"fas fa-film\"><\/i>\t\t\t\t\t\t<\/span>\n\t\t\t\t\t\t\t\t\t\t<span class=\"elementor-icon-list-text\"><b>2022 <\/b>- Sel\u00e7uk \u00dcniversitesi \u0130leti\u015fim Fak\u00fcltesi 20. KISA-CA Uluslararas\u0131 \u00d6\u011frenci Filmleri Festivali Deneysel Film kategorisinde 1.lik \u00d6d\u00fcl\u00fc (Onurhan \u00c7allar)<\/span>\n\t\t\t\t\t\t\t\t\t<\/li>\n\t\t\t\t\t\t\t\t<li class=\"elementor-icon-list-item\">\n\t\t\t\t\t\t\t\t\t\t\t<span class=\"elementor-icon-list-icon\">\n\t\t\t\t\t\t\t<i aria-hidden=\"true\" class=\"fas fa-globe\"><\/i>\t\t\t\t\t\t<\/span>\n\t\t\t\t\t\t\t\t\t\t<span class=\"elementor-icon-list-text\"><b>2021 <\/b>- 31. Ayd\u0131n Do\u011fan Gen\u00e7 \u0130leti\u015fimciler Yar\u0131\u015fmas\u0131 \u0130nternet Yay\u0131nc\u0131l\u0131\u011f\u0131 Dal\u0131nda 3.l\u00fck \u00d6d\u00fcl\u00fc (Yasin Muhammed Yavuz ve Abdulkadir Bayrakdar)<\/span>\n\t\t\t\t\t\t\t\t\t<\/li>\n\t\t\t\t\t\t\t\t<li class=\"elementor-icon-list-item\">\n\t\t\t\t\t\t\t\t\t\t\t<span class=\"elementor-icon-list-icon\">\n\t\t\t\t\t\t\t<i aria-hidden=\"true\" class=\"fas fa-camera\"><\/i>\t\t\t\t\t\t<\/span>\n\t\t\t\t\t\t\t\t\t\t<span class=\"elementor-icon-list-text\"><b>2020 <\/b>- Assisi International Contemporary Art Exhibition \u201cOpen the Doors\u201d isimli foto\u011fraf\u0131yla Kat\u0131l\u0131mc\u0131 Foto\u011fraf\u00e7\u0131 Salva Vakilzadeh<\/span>\n\t\t\t\t\t\t\t\t\t<\/li>\n\t\t\t\t\t\t\t\t<li class=\"elementor-icon-list-item\">\n\t\t\t\t\t\t\t\t\t\t\t<span class=\"elementor-icon-list-icon\">\n\t\t\t\t\t\t\t<i aria-hidden=\"true\" class=\"fas fa-film\"><\/i>\t\t\t\t\t\t<\/span>\n\t\t\t\t\t\t\t\t\t\t<span class=\"elementor-icon-list-text\"><b>2020 <\/b>- 2. Sinek\u00fclt\u00fcr \u00dcniversiteleraras\u0131 K\u0131sa Film Yar\u0131\u015fmas\u0131 Kurmaca Kategorisi Finalisti (Adem G\u00f6rken)<\/span>\n\t\t\t\t\t\t\t\t\t<\/li>\n\t\t\t\t\t\t\t\t<li class=\"elementor-icon-list-item\">\n\t\t\t\t\t\t\t\t\t\t\t<span class=\"elementor-icon-list-icon\">\n\t\t\t\t\t\t\t<i aria-hidden=\"true\" class=\"fas fa-globe\"><\/i>\t\t\t\t\t\t<\/span>\n\t\t\t\t\t\t\t\t\t\t<span class=\"elementor-icon-list-text\"><b>2020 <\/b>- TRT Gelece\u011fin \u0130leti\u015fimcileri Yar\u0131\u015fmas\u0131 \u0130nternet Yay\u0131nc\u0131l\u0131\u011f\u0131 \u0130nternet Sitesi Kategorisi \u0130kincilik \u00d6d\u00fcl\u00fc (Yasin Muhammet Yavuz)<\/span>\n\t\t\t\t\t\t\t\t\t<\/li>\n\t\t\t\t\t\t\t\t<li class=\"elementor-icon-list-item\">\n\t\t\t\t\t\t\t\t\t\t\t<span class=\"elementor-icon-list-icon\">\n\t\t\t\t\t\t\t<i aria-hidden=\"true\" class=\"fas fa-film\"><\/i>\t\t\t\t\t\t<\/span>\n\t\t\t\t\t\t\t\t\t\t<span class=\"elementor-icon-list-text\"><b>2020 <\/b>- 12. Rotary Uluslararas\u0131 K\u0131sa Film Festivali Deneysel Kategorisi Mansiyon \u00d6d\u00fcl\u00fc (Feyzullah Erikli)<\/span>\n\t\t\t\t\t\t\t\t\t<\/li>\n\t\t\t\t\t\t\t\t<li class=\"elementor-icon-list-item\">\n\t\t\t\t\t\t\t\t\t\t\t<span class=\"elementor-icon-list-icon\">\n\t\t\t\t\t\t\t<i aria-hidden=\"true\" class=\"fas fa-film\"><\/i>\t\t\t\t\t\t<\/span>\n\t\t\t\t\t\t\t\t\t\t<span class=\"elementor-icon-list-text\"><b>2019 <\/b>- 20. \u0130zmir K\u0131sa Film Festivali Deneysel Film Kategorisi Finalisti (Feyzullah Erikli)<\/span>\n\t\t\t\t\t\t\t\t\t<\/li>\n\t\t\t\t\t\t\t\t<li class=\"elementor-icon-list-item\">\n\t\t\t\t\t\t\t\t\t\t\t<span class=\"elementor-icon-list-icon\">\n\t\t\t\t\t\t\t<i aria-hidden=\"true\" class=\"fas fa-film\"><\/i>\t\t\t\t\t\t<\/span>\n\t\t\t\t\t\t\t\t\t\t<span class=\"elementor-icon-list-text\"><b>2019 <\/b>- Mojo Italy Festival Uzun Hikaye Kategorisi Birincilik \u00d6d\u00fcl\u00fc (Ahmet Gargili)<\/span>\n\t\t\t\t\t\t\t\t\t<\/li>\n\t\t\t\t\t\t\t\t<li class=\"elementor-icon-list-item\">\n\t\t\t\t\t\t\t\t\t\t\t<span class=\"elementor-icon-list-icon\">\n\t\t\t\t\t\t\t<i aria-hidden=\"true\" class=\"fas fa-film\"><\/i>\t\t\t\t\t\t<\/span>\n\t\t\t\t\t\t\t\t\t\t<span class=\"elementor-icon-list-text\"><b>2019 <\/b>- 26. Adana Alt\u0131n Koza Film Festivali Ulusal \u00d6\u011frenci Filmleri Yar\u0131\u015fmas\u0131 Deneysel Kategorisi Finalisti (Feyzullah Erikli)<\/span>\n\t\t\t\t\t\t\t\t\t<\/li>\n\t\t\t\t\t\t\t\t<li class=\"elementor-icon-list-item\">\n\t\t\t\t\t\t\t\t\t\t\t<span class=\"elementor-icon-list-icon\">\n\t\t\t\t\t\t\t<i aria-hidden=\"true\" class=\"fas fa-globe\"><\/i>\t\t\t\t\t\t<\/span>\n\t\t\t\t\t\t\t\t\t\t<span class=\"elementor-icon-list-text\"><b>2019 <\/b>- TRT Gelece\u011fin \u0130leti\u015fimcileri Yar\u0131\u015fmas\u0131 \u0130nternet Yay\u0131nc\u0131l\u0131\u011f\u0131 \u0130nternet Sitesi Kategorisi \u00dc\u00e7\u00fcnc\u00fcl\u00fck \u00d6d\u00fcl\u00fc (Yasin Muhammet Yavuz)<\/span>\n\t\t\t\t\t\t\t\t\t<\/li>\n\t\t\t\t\t\t\t\t<li class=\"elementor-icon-list-item\">\n\t\t\t\t\t\t\t\t\t\t\t<span class=\"elementor-icon-list-icon\">\n\t\t\t\t\t\t\t<i aria-hidden=\"true\" class=\"fas fa-film\"><\/i>\t\t\t\t\t\t<\/span>\n\t\t\t\t\t\t\t\t\t\t<span class=\"elementor-icon-list-text\"><b>2019 <\/b>-<b> <\/b>Hayata Ba\u011f\u0131\u015f Derne\u011fi K\u0131sa Film Yar\u0131\u015fmas\u0131 Mansiyon \u00d6d\u00fcl\u00fc (\u0130smail Hakk\u0131 Akkurt)<\/span>\n\t\t\t\t\t\t\t\t\t<\/li>\n\t\t\t\t\t\t\t\t<li class=\"elementor-icon-list-item\">\n\t\t\t\t\t\t\t\t\t\t\t<span class=\"elementor-icon-list-icon\">\n\t\t\t\t\t\t\t<i aria-hidden=\"true\" class=\"fas fa-tv\"><\/i>\t\t\t\t\t\t<\/span>\n\t\t\t\t\t\t\t\t\t\t<span class=\"elementor-icon-list-text\"><b>2018 <\/b>- TRT Gelece\u011fin \u0130leti\u015fimcileri Yar\u0131\u015fmas\u0131 Televizyon Haberi Kategorisi \u00dc\u00e7\u00fcnc\u00fcl\u00fck \u00d6d\u00fcl\u00fc (O\u011fuzhan Bozkurt, Yelda Y\u0131lmaz)<\/span>\n\t\t\t\t\t\t\t\t\t<\/li>\n\t\t\t\t\t\t\t\t<li class=\"elementor-icon-list-item\">\n\t\t\t\t\t\t\t\t\t\t\t<span class=\"elementor-icon-list-icon\">\n\t\t\t\t\t\t\t<i aria-hidden=\"true\" class=\"fas fa-globe\"><\/i>\t\t\t\t\t\t<\/span>\n\t\t\t\t\t\t\t\t\t\t<span class=\"elementor-icon-list-text\"><b>2018 <\/b>- TRT Gelece\u011fin \u0130leti\u015fimcileri Yar\u0131\u015fmas\u0131 \u0130nternet Yay\u0131nc\u0131l\u0131\u011f\u0131 Sosyal Medya Projesi Kategorisi \u0130kincilik \u00d6d\u00fcl\u00fc (Cemal Turan Kaya, Alper \u00c7olak, Ya\u011fmur Y\u0131ld\u0131r\u0131m, Elif \u015eahin, Nilsu Lokumcu)<\/span>\n\t\t\t\t\t\t\t\t\t<\/li>\n\t\t\t\t\t\t\t\t<li class=\"elementor-icon-list-item\">\n\t\t\t\t\t\t\t\t\t\t\t<span class=\"elementor-icon-list-icon\">\n\t\t\t\t\t\t\t<i aria-hidden=\"true\" class=\"fas fa-microphone\"><\/i>\t\t\t\t\t\t<\/span>\n\t\t\t\t\t\t\t\t\t\t<span class=\"elementor-icon-list-text\"><b>2018 <\/b>- TRT Gelece\u011fin \u0130leti\u015fimcileri Yar\u0131\u015fmas\u0131 Radyo Yay\u0131nc\u0131l\u0131\u011f\u0131 Drama Program\u0131 Kategorisi \u00dc\u00e7\u00fcnc\u00fcl\u00fck \u00d6d\u00fcl\u00fc (Ay\u015fenur \u0130ldeniz)<\/span>\n\t\t\t\t\t\t\t\t\t<\/li>\n\t\t\t\t\t\t\t\t<li class=\"elementor-icon-list-item\">\n\t\t\t\t\t\t\t\t\t\t\t<span class=\"elementor-icon-list-icon\">\n\t\t\t\t\t\t\t<i aria-hidden=\"true\" class=\"fas fa-film\"><\/i>\t\t\t\t\t\t<\/span>\n\t\t\t\t\t\t\t\t\t\t<span class=\"elementor-icon-list-text\"><b>2018 <\/b>- 25. Adana Film Festivali Ulusal \u00d6\u011frenci Filmleri Yar\u0131\u015fmas\u0131 Deneysel Film Kategorisi Finalisti (\u00d6mer Furkan K\u0131l\u0131\u00e7)<\/span>\n\t\t\t\t\t\t\t\t\t<\/li>\n\t\t\t\t\t\t\t\t<li class=\"elementor-icon-list-item\">\n\t\t\t\t\t\t\t\t\t\t\t<span class=\"elementor-icon-list-icon\">\n\t\t\t\t\t\t\t<i aria-hidden=\"true\" class=\"fas fa-microphone\"><\/i>\t\t\t\t\t\t<\/span>\n\t\t\t\t\t\t\t\t\t\t<span class=\"elementor-icon-list-text\"><b>2017 <\/b>- TRT Gelece\u011fin \u0130leti\u015fimcileri Yar\u0131\u015fmas\u0131 Radyo Yay\u0131nc\u0131l\u0131\u011f\u0131 E\u011fitim, K\u00fclt\u00fcr, M\u00fczik ve Belgesel Program\u0131 Kategorisi \u00dc\u00e7\u00fcnc\u00fcl\u00fck \u00d6d\u00fcl\u00fc (Nurdan M\u00fcniro\u011flu)<\/span>\n\t\t\t\t\t\t\t\t\t<\/li>\n\t\t\t\t\t\t\t\t<li class=\"elementor-icon-list-item\">\n\t\t\t\t\t\t\t\t\t\t\t<span class=\"elementor-icon-list-icon\">\n\t\t\t\t\t\t\t<i aria-hidden=\"true\" class=\"fas fa-newspaper\"><\/i>\t\t\t\t\t\t<\/span>\n\t\t\t\t\t\t\t\t\t\t<span class=\"elementor-icon-list-text\"><b>2016 <\/b>- T\u00fcrkiye Haber Kameramanlar\u0131 Derne\u011fi Zoom Gen\u00e7 \u0130leti\u015fimciler Haber Yar\u0131\u015fmas\u0131 Birincilik \u00d6d\u00fcl\u00fc (Semra Kara, Hedayatullah Sharif)<\/span>\n\t\t\t\t\t\t\t\t\t<\/li>\n\t\t\t\t\t\t\t\t<li class=\"elementor-icon-list-item\">\n\t\t\t\t\t\t\t\t\t\t\t<span class=\"elementor-icon-list-icon\">\n\t\t\t\t\t\t\t<i aria-hidden=\"true\" class=\"fas fa-newspaper\"><\/i>\t\t\t\t\t\t<\/span>\n\t\t\t\t\t\t\t\t\t\t<span class=\"elementor-icon-list-text\"><b>2014 <\/b>- Ayd\u0131n Do\u011fan Vakf\u0131 26. Gen\u00e7 \u0130leti\u015fimciler Yar\u0131\u015fmas\u0131 Yaz\u0131l\u0131 Haber Kategorisi \u0130kincilik \u00d6d\u00fcl\u00fc (Fatma Sar\u0131kaya)<\/span>\n\t\t\t\t\t\t\t\t\t<\/li>\n\t\t\t\t\t\t\t\t<li class=\"elementor-icon-list-item\">\n\t\t\t\t\t\t\t\t\t\t\t<span class=\"elementor-icon-list-icon\">\n\t\t\t\t\t\t\t<i aria-hidden=\"true\" class=\"fas fa-globe\"><\/i>\t\t\t\t\t\t<\/span>\n\t\t\t\t\t\t\t\t\t\t<span class=\"elementor-icon-list-text\"><b>2013 <\/b>- Ayd\u0131n Do\u011fan Vakf\u0131 25. Gen\u00e7 \u0130leti\u015fimciler Yar\u0131\u015fmas\u0131 \u0130nternet Yay\u0131nc\u0131l\u0131\u011f\u0131 Kategorisi \u00dc\u00e7\u00fcnc\u00fcl\u00fck \u00d6d\u00fcl\u00fc (Yusuf Akdeniz, Celal Can Vatanda\u015f)<\/span>\n\t\t\t\t\t\t\t\t\t<\/li>\n\t\t\t\t\t\t\t\t<li class=\"elementor-icon-list-item\">\n\t\t\t\t\t\t\t\t\t\t\t<span class=\"elementor-icon-list-icon\">\n\t\t\t\t\t\t\t<i aria-hidden=\"true\" class=\"fas fa-globe\"><\/i>\t\t\t\t\t\t<\/span>\n\t\t\t\t\t\t\t\t\t\t<span class=\"elementor-icon-list-text\"><b>2013 <\/b>- Ayd\u0131n Do\u011fan Vakf\u0131 25. Gen\u00e7 \u0130leti\u015fimciler Yar\u0131\u015fmas\u0131 \u0130nternet Yay\u0131nc\u0131l\u0131\u011f\u0131 Kategorisi \u0130kincilik \u00d6d\u00fcl\u00fc (Emre Y\u00fcksel Karata\u015f)<\/span>\n\t\t\t\t\t\t\t\t\t<\/li>\n\t\t\t\t\t\t\t\t<li class=\"elementor-icon-list-item\">\n\t\t\t\t\t\t\t\t\t\t\t<span class=\"elementor-icon-list-icon\">\n\t\t\t\t\t\t\t<i aria-hidden=\"true\" class=\"fas fa-video\"><\/i>\t\t\t\t\t\t<\/span>\n\t\t\t\t\t\t\t\t\t\t<span class=\"elementor-icon-list-text\"><b>2013 <\/b>- Avrupa Birli\u011fi T\u00fcrkiye Delegasyonu \u0130nsan Haklar\u0131 Online Video Yar\u0131\u015fmas\u0131 \u0130kincilik \u00d6d\u00fcl\u00fc (Koray S\u00f6\u011f\u00fct)<\/span>\n\t\t\t\t\t\t\t\t\t<\/li>\n\t\t\t\t\t\t\t\t<li class=\"elementor-icon-list-item\">\n\t\t\t\t\t\t\t\t\t\t\t<span class=\"elementor-icon-list-icon\">\n\t\t\t\t\t\t\t<i aria-hidden=\"true\" class=\"fas fa-globe\"><\/i>\t\t\t\t\t\t<\/span>\n\t\t\t\t\t\t\t\t\t\t<span class=\"elementor-icon-list-text\"><b>2012 <\/b>- Ayd\u0131n Do\u011fan Vakf\u0131 24. Gen\u00e7 \u0130leti\u015fimciler Yar\u0131\u015fmas\u0131 \u0130nternet Yay\u0131nc\u0131l\u0131\u011f\u0131 Kategorisi Birincilik \u00d6d\u00fcl\u00fc (Celal Can Vatanda\u015f)<\/span>\n\t\t\t\t\t\t\t\t\t<\/li>\n\t\t\t\t\t\t\t\t<li class=\"elementor-icon-list-item\">\n\t\t\t\t\t\t\t\t\t\t\t<span class=\"elementor-icon-list-icon\">\n\t\t\t\t\t\t\t<i aria-hidden=\"true\" class=\"fas fa-paint-brush\"><\/i>\t\t\t\t\t\t<\/span>\n\t\t\t\t\t\t\t\t\t\t<span class=\"elementor-icon-list-text\"><b>2006 <\/b>- Ayd\u0131n Do\u011fan Vakf\u0131 18. Gen\u00e7 \u0130leti\u015fimciler Yar\u0131\u015fmas\u0131 Grafik Tasar\u0131m Kategorisi \u0130kincilik \u00d6d\u00fcl\u00fc (Rayif Sevimli)<\/span>\n\t\t\t\t\t\t\t\t\t<\/li>\n\t\t\t\t\t\t\t\t<li class=\"elementor-icon-list-item\">\n\t\t\t\t\t\t\t\t\t\t\t<span class=\"elementor-icon-list-icon\">\n\t\t\t\t\t\t\t<i aria-hidden=\"true\" class=\"fas fa-video\"><\/i>\t\t\t\t\t\t<\/span>\n\t\t\t\t\t\t\t\t\t\t<span class=\"elementor-icon-list-text\"><b>2006 <\/b>- Ayd\u0131n Do\u011fan Vakf\u0131 18. Gen\u00e7 \u0130leti\u015fimciler Yar\u0131\u015fmas\u0131 \u0130nternet Reklam\u0131 Kategorisi \u0130kincilik \u00d6d\u00fcl\u00fc (Rayif Sevimli)<\/span>\n\t\t\t\t\t\t\t\t\t<\/li>\n\t\t\t\t\t\t\t\t<li class=\"elementor-icon-list-item\">\n\t\t\t\t\t\t\t\t\t\t\t<span class=\"elementor-icon-list-icon\">\n\t\t\t\t\t\t\t<i aria-hidden=\"true\" class=\"fas fa-film\"><\/i>\t\t\t\t\t\t<\/span>\n\t\t\t\t\t\t\t\t\t\t<span class=\"elementor-icon-list-text\"><b>2006 <\/b>- Ayd\u0131n Do\u011fan Vakf\u0131 18. Gen\u00e7 \u0130leti\u015fimciler Yar\u0131\u015fmas\u0131 Reklam Filmi Senaryosu Kategorisi \u00dc\u00e7\u00fcnc\u00fcl\u00fck \u00d6d\u00fcl\u00fc (\u0130brahim Kaya)<\/span>\n\t\t\t\t\t\t\t\t\t<\/li>\n\t\t\t\t\t\t\t\t<li class=\"elementor-icon-list-item\">\n\t\t\t\t\t\t\t\t\t\t\t<span class=\"elementor-icon-list-icon\">\n\t\t\t\t\t\t\t<i aria-hidden=\"true\" class=\"fas fa-video\"><\/i>\t\t\t\t\t\t<\/span>\n\t\t\t\t\t\t\t\t\t\t<span class=\"elementor-icon-list-text\"><b>2006 <\/b>- Ayd\u0131n Do\u011fan Vakf\u0131 18. Gen\u00e7 \u0130leti\u015fimciler Yar\u0131\u015fmas\u0131 Bas\u0131n Reklam\u0131 Kategorisi \u0130kincilik \u00d6d\u00fcl\u00fc (Rayif Sevimli)<\/span>\n\t\t\t\t\t\t\t\t\t<\/li>\n\t\t\t\t\t\t\t\t<li class=\"elementor-icon-list-item\">\n\t\t\t\t\t\t\t\t\t\t\t<span class=\"elementor-icon-list-icon\">\n\t\t\t\t\t\t\t<i aria-hidden=\"true\" class=\"fas fa-film\"><\/i>\t\t\t\t\t\t<\/span>\n\t\t\t\t\t\t\t\t\t\t<span class=\"elementor-icon-list-text\"><b>2006 <\/b>- 53. Cannes Lions Uluslararas\u0131 Reklam Festivali T\u00fcrkiye \u00f6\u011frenci temsilcisi (Rayif Sevimli)<\/span>\n\t\t\t\t\t\t\t\t\t<\/li>\n\t\t\t\t\t\t\t\t<li class=\"elementor-icon-list-item\">\n\t\t\t\t\t\t\t\t\t\t\t<span class=\"elementor-icon-list-icon\">\n\t\t\t\t\t\t\t<i aria-hidden=\"true\" class=\"fas fa-film\"><\/i>\t\t\t\t\t\t<\/span>\n\t\t\t\t\t\t\t\t\t\t<span class=\"elementor-icon-list-text\"><b>2006 <\/b>- Ayd\u0131n Do\u011fan Vakf\u0131 18. Gen\u00e7 \u0130leti\u015fimciler Yar\u0131\u015fmas\u0131 A\u00e7\u0131k Hava Reklam\u0131 Kategorisi Birincilik \u00d6d\u00fcl\u00fc (Rayif Sevimli)<\/span>\n\t\t\t\t\t\t\t\t\t<\/li>\n\t\t\t\t\t\t\t\t<li class=\"elementor-icon-list-item\">\n\t\t\t\t\t\t\t\t\t\t\t<span class=\"elementor-icon-list-icon\">\n\t\t\t\t\t\t\t<i aria-hidden=\"true\" class=\"fas fa-film\"><\/i>\t\t\t\t\t\t<\/span>\n\t\t\t\t\t\t\t\t\t\t<span class=\"elementor-icon-list-text\"><b>2005 <\/b>- Ayd\u0131n Do\u011fan Vakf\u0131 17. Gen\u00e7 \u0130leti\u015fimciler Yar\u0131\u015fmas\u0131 Televizyon Jeneri\u011fi Kategorisi Birincilik \u00d6d\u00fcl\u00fc (Rayif Sevimli)<\/span>\n\t\t\t\t\t\t\t\t\t<\/li>\n\t\t\t\t\t\t\t\t<li class=\"elementor-icon-list-item\">\n\t\t\t\t\t\t\t\t\t\t\t<span class=\"elementor-icon-list-icon\">\n\t\t\t\t\t\t\t<i aria-hidden=\"true\" class=\"fas fa-film\"><\/i>\t\t\t\t\t\t<\/span>\n\t\t\t\t\t\t\t\t\t\t<span class=\"elementor-icon-list-text\"><b>2005 <\/b>- T.C. K\u00fclt\u00fcr ve Turizm Bakanl\u0131\u011f\u0131 Gelece\u011fin Sinemas\u0131 Yar\u0131\u015fmas\u0131 Kurmaca Film Kategorisi Yap\u0131m Deste\u011fi (Rayif Sevimli)<\/span>\n\t\t\t\t\t\t\t\t\t<\/li>\n\t\t\t\t\t\t\t\t<li class=\"elementor-icon-list-item\">\n\t\t\t\t\t\t\t\t\t\t\t<span class=\"elementor-icon-list-icon\">\n\t\t\t\t\t\t\t<i aria-hidden=\"true\" class=\"fas fa-newspaper\"><\/i>\t\t\t\t\t\t<\/span>\n\t\t\t\t\t\t\t\t\t\t<span class=\"elementor-icon-list-text\"><b>2004 <\/b>- Do\u011fu Anadolu Gazeteciler Cemiyeti 2003 Y\u0131l\u0131 Ba\u015far\u0131l\u0131 Gazeteciler Yar\u0131\u015fmas\u0131 Gazete Haberi Dal\u0131nda Birincilik \u00d6d\u00fcl\u00fc (\"T\u00fcrk Kad\u0131n\u0131 Daha Etkin Bir Konuma Nas\u0131l Getirilebilir?\" ba\u015fl\u0131kl\u0131 haber ile Ersin Esen)<\/span>\n\t\t\t\t\t\t\t\t\t<\/li>\n\t\t\t\t\t\t\t\t<li class=\"elementor-icon-list-item\">\n\t\t\t\t\t\t\t\t\t\t\t<span class=\"elementor-icon-list-icon\">\n\t\t\t\t\t\t\t<i aria-hidden=\"true\" class=\"fas fa-microphone\"><\/i>\t\t\t\t\t\t<\/span>\n\t\t\t\t\t\t\t\t\t\t<span class=\"elementor-icon-list-text\"><b>2004 <\/b>- Do\u011fu Anadolu Gazeteciler Cemiyeti 2003 Y\u0131l\u0131 Ba\u015far\u0131l\u0131 Gazeteciler Yar\u0131\u015fmas\u0131 Radyo Program\u0131 Dal\u0131nda Birincilik \u00d6d\u00fcl\u00fc (\"Toplumsal Cinsiyet E\u015fitli\u011fi\" ile Ferhat Ka\u00e7ar)<\/span>\n\t\t\t\t\t\t\t\t\t<\/li>\n\t\t\t\t\t\t\t\t<li class=\"elementor-icon-list-item\">\n\t\t\t\t\t\t\t\t\t\t\t<span class=\"elementor-icon-list-icon\">\n\t\t\t\t\t\t\t<i aria-hidden=\"true\" class=\"fas fa-film\"><\/i>\t\t\t\t\t\t<\/span>\n\t\t\t\t\t\t\t\t\t\t<span class=\"elementor-icon-list-text\"><b>2004 <\/b>- Do\u011fu Anadolu Gazeteciler Cemiyeti 2003 Y\u0131l\u0131 Ba\u015far\u0131l\u0131 Gazeteciler Yar\u0131\u015fmas\u0131 G\u00f6rsel Dal\u0131nda Gen\u00e7 \u0130leti\u015fimciler Te\u015fvik \u00d6d\u00fcl\u00fc (\"Alvarl\u0131 Efe Belgeseli\" ile Erdal Codur)<\/span>\n\t\t\t\t\t\t\t\t\t<\/li>\n\t\t\t\t\t\t\t\t<li class=\"elementor-icon-list-item\">\n\t\t\t\t\t\t\t\t\t\t\t<span class=\"elementor-icon-list-icon\">\n\t\t\t\t\t\t\t<i aria-hidden=\"true\" class=\"fas fa-film\"><\/i>\t\t\t\t\t\t<\/span>\n\t\t\t\t\t\t\t\t\t\t<span class=\"elementor-icon-list-text\"><b>2004 <\/b>- Sel\u00e7uk \u00dcniversitesi \u0130leti\u015fim Fak\u00fcltesi KI-SA-CA Ulusal \u00d6\u011frenci Filmleri Festivali Kurmaca Film Dal\u0131nda Birincilik (\"Umudun B\u00fcy\u00fcs\u00fc\" ba\u015fl\u0131kl\u0131 \u00e7al\u0131\u015fma ile Ercan Erdemir)<\/span>\n\t\t\t\t\t\t\t\t\t<\/li>\n\t\t\t\t\t\t\t\t<li class=\"elementor-icon-list-item\">\n\t\t\t\t\t\t\t\t\t\t\t<span class=\"elementor-icon-list-icon\">\n\t\t\t\t\t\t\t<i aria-hidden=\"true\" class=\"fas fa-film\"><\/i>\t\t\t\t\t\t<\/span>\n\t\t\t\t\t\t\t\t\t\t<span class=\"elementor-icon-list-text\"><b>2004 <\/b>- Sel\u00e7uk \u00dcniversitesi \u0130leti\u015fim Fak\u00fcltesi KI-SA-CA Ulusal \u00d6\u011frenci Filmleri Festivali Belgesel Dal\u0131nda Birincilik (\"Zaman Akar\" ba\u015fl\u0131kl\u0131 \u00e7al\u0131\u015fma ile Galip Erayd\u0131n)<\/span>\n\t\t\t\t\t\t\t\t\t<\/li>\n\t\t\t\t\t\t\t\t<li class=\"elementor-icon-list-item\">\n\t\t\t\t\t\t\t\t\t\t\t<span class=\"elementor-icon-list-icon\">\n\t\t\t\t\t\t\t<i aria-hidden=\"true\" class=\"fas fa-film\"><\/i>\t\t\t\t\t\t<\/span>\n\t\t\t\t\t\t\t\t\t\t<span class=\"elementor-icon-list-text\"><b>2003 <\/b>- Van Y\u00fcz\u00fcnc\u00fc Y\u0131l \u00dcniversitesi Belgesel Film Yar\u0131\u015fmas\u0131 J\u00fcri \u00d6zel \u00d6d\u00fcl\u00fc (\"Cevap\" ba\u015fl\u0131kl\u0131 \u00e7al\u0131\u015fma ile Elif Kesekler ve Elif Aslank\u0131l\u0131\u00e7)<\/span>\n\t\t\t\t\t\t\t\t\t<\/li>\n\t\t\t\t\t\t\t\t<li class=\"elementor-icon-list-item\">\n\t\t\t\t\t\t\t\t\t\t\t<span class=\"elementor-icon-list-icon\">\n\t\t\t\t\t\t\t<i aria-hidden=\"true\" class=\"fas fa-film\"><\/i>\t\t\t\t\t\t<\/span>\n\t\t\t\t\t\t\t\t\t\t<span class=\"elementor-icon-list-text\"><b>2003 <\/b>- Van Y\u00fcz\u00fcnc\u00fc Y\u0131l \u00dcniversitesi Belgesel Film Yar\u0131\u015fmas\u0131 Birincilik \u00d6d\u00fcl\u00fc (\"Ge\u00e7mi\u015f Zaman Olur ki\" ba\u015fl\u0131kl\u0131 \u00e7al\u0131\u015fma ile Duygu \u00d6zsoy ve Tu\u011fba Elmac\u0131)<\/span>\n\t\t\t\t\t\t\t\t\t<\/li>\n\t\t\t\t\t\t<\/ul>\n\t\t\t\t\t\t<\/div>\n\t\t\t\t<\/div>\n\t\t\t\t<div class=\"elementor-element elementor-element-8584be8 elementor-widget elementor-widget-spacer\" data-id=\"8584be8\" data-element_type=\"widget\" data-widget_type=\"spacer.default\">\n\t\t\t\t<div class=\"elementor-widget-container\">\n\t\t\t\t\t\t\t<div class=\"elementor-spacer\">\n\t\t\t<div class=\"elementor-spacer-inner\"><\/div>\n\t\t<\/div>\n\t\t\t\t\t\t<\/div>\n\t\t\t\t<\/div>\n\t\t\t\t\t<\/div>\n\t\t<\/div>\n\t\t\t\t\t<\/div>\n\t\t<\/section>\n\t\t\t\t<\/div>\n\t\t","protected":false},"excerpt":{"rendered":"<p>\u00d6d\u00fcllerimiz 2023 &#8211; 30.Uluslararas\u0131 Adana Alt\u0131n Koza Film Festivali&nbsp;Ulusal \u00d6\u011frenci Filmleri, Belgesel kategorisinde Finalist&nbsp; (Burak Aslan &#8211; &#8220;Kay\u0131p: Dengbej&#8221; 2023 &#8211; Yunanistan Uluslararas\u0131 Liber Film Festivali En \u0130yi Deneysel Film \u00d6d\u00fcl\u00fc (Onurhan \u00c7allar ve Ay\u015fe Kaya &#8211; &#8220;Hegemony&#8221;) 2022 &#8211; New York Urbanite Arts&amp;Film Festival 2022 \u00d6zel Se\u00e7ki Olarak G\u00f6sterim Hakk\u0131 (Burak Aslan &#8211; &#8220;Ak\u00fcm\u00fcle&#8221;) [&hellip;]<\/p>\n","protected":false},"author":55,"featured_media":0,"parent":0,"menu_order":0,"comment_status":"closed","ping_status":"closed","template":"elementor_header_footer","meta":{"footnotes":""},"class_list":["post-8336","page","type-page","status-publish","hentry"],"_links":{"self":[{"href":"https:\/\/atauni.edu.tr\/iletisim-fakultesi\/wp-json\/wp\/v2\/pages\/8336","targetHints":{"allow":["GET"]}}],"collection":[{"href":"https:\/\/atauni.edu.tr\/iletisim-fakultesi\/wp-json\/wp\/v2\/pages"}],"about":[{"href":"https:\/\/atauni.edu.tr\/iletisim-fakultesi\/wp-json\/wp\/v2\/types\/page"}],"author":[{"embeddable":true,"href":"https:\/\/atauni.edu.tr\/iletisim-fakultesi\/wp-json\/wp\/v2\/users\/55"}],"replies":[{"embeddable":true,"href":"https:\/\/atauni.edu.tr\/iletisim-fakultesi\/wp-json\/wp\/v2\/comments?post=8336"}],"version-history":[{"count":151,"href":"https:\/\/atauni.edu.tr\/iletisim-fakultesi\/wp-json\/wp\/v2\/pages\/8336\/revisions"}],"predecessor-version":[{"id":14940,"href":"https:\/\/atauni.edu.tr\/iletisim-fakultesi\/wp-json\/wp\/v2\/pages\/8336\/revisions\/14940"}],"wp:attachment":[{"href":"https:\/\/atauni.edu.tr\/iletisim-fakultesi\/wp-json\/wp\/v2\/media?parent=8336"}],"curies":[{"name":"wp","href":"https:\/\/api.w.org\/{rel}","templated":true}]}}