{"id":5682,"date":"2021-07-13T10:10:01","date_gmt":"2021-07-13T07:10:01","guid":{"rendered":"https:\/\/portaltest.atauni.edu.tr\/bilgisayar-muhendisligi\/?page_id=5682"},"modified":"2022-05-15T23:14:10","modified_gmt":"2022-05-15T20:14:10","slug":"misyon-vizyon-ve-temel-degerler","status":"publish","type":"page","link":"https:\/\/atauni.edu.tr\/ingiliz-dili-egitimi-abd\/misyon-vizyon-ve-temel-degerler\/","title":{"rendered":"Misyon, Vizyon ve Temel De\u011ferler"},"content":{"rendered":"\t\t<div data-elementor-type=\"wp-page\" data-elementor-id=\"5682\" class=\"elementor elementor-5682\" data-elementor-post-type=\"page\">\n\t\t\t\t\t\t<section class=\"elementor-section elementor-top-section elementor-element elementor-element-730d320 elementor-section-boxed elementor-section-height-default elementor-section-height-default\" data-id=\"730d320\" data-element_type=\"section\">\n\t\t\t\t\t\t<div class=\"elementor-container elementor-column-gap-default\">\n\t\t\t\t\t<div class=\"elementor-column elementor-col-100 elementor-top-column elementor-element elementor-element-753d0860\" data-id=\"753d0860\" data-element_type=\"column\">\n\t\t\t<div class=\"elementor-widget-wrap\">\n\t\t\t\t\t\t\t<\/div>\n\t\t<\/div>\n\t\t\t\t\t<\/div>\n\t\t<\/section>\n\t\t\t\t<section class=\"elementor-section elementor-top-section elementor-element elementor-element-9be811a elementor-section-boxed elementor-section-height-default elementor-section-height-default\" data-id=\"9be811a\" data-element_type=\"section\">\n\t\t\t\t\t\t<div class=\"elementor-container elementor-column-gap-default\">\n\t\t\t\t\t<div class=\"elementor-column elementor-col-100 elementor-top-column elementor-element elementor-element-1ed847b7\" data-id=\"1ed847b7\" data-element_type=\"column\">\n\t\t\t<div class=\"elementor-widget-wrap elementor-element-populated\">\n\t\t\t\t\t\t<div class=\"elementor-element elementor-element-4ce0d07f elementor-widget elementor-widget-heading\" data-id=\"4ce0d07f\" data-element_type=\"widget\" data-widget_type=\"heading.default\">\n\t\t\t\t<div class=\"elementor-widget-container\">\n\t\t\t\t\t<h2 class=\"elementor-heading-title elementor-size-default\">Misyon, Vizyon ve Temel De\u011ferler<\/h2>\t\t\t\t<\/div>\n\t\t\t\t<\/div>\n\t\t\t\t<div class=\"elementor-element elementor-element-63260862 elementor-widget-divider--view-line elementor-widget elementor-widget-divider\" data-id=\"63260862\" data-element_type=\"widget\" data-widget_type=\"divider.default\">\n\t\t\t\t<div class=\"elementor-widget-container\">\n\t\t\t\t\t\t\t<div class=\"elementor-divider\">\n\t\t\t<span class=\"elementor-divider-separator\">\n\t\t\t\t\t\t<\/span>\n\t\t<\/div>\n\t\t\t\t\t\t<\/div>\n\t\t\t\t<\/div>\n\t\t\t\t\t<\/div>\n\t\t<\/div>\n\t\t\t\t\t<\/div>\n\t\t<\/section>\n\t\t\t\t<section class=\"elementor-section elementor-top-section elementor-element elementor-element-681db8b elementor-section-boxed elementor-section-height-default elementor-section-height-default\" data-id=\"681db8b\" data-element_type=\"section\">\n\t\t\t\t\t\t<div class=\"elementor-container elementor-column-gap-default\">\n\t\t\t\t\t<div class=\"elementor-column elementor-col-100 elementor-top-column elementor-element elementor-element-ad4dac5\" data-id=\"ad4dac5\" data-element_type=\"column\">\n\t\t\t<div class=\"elementor-widget-wrap elementor-element-populated\">\n\t\t\t\t\t\t<div class=\"elementor-element elementor-element-2f96b3d elementor-widget elementor-widget-text-editor\" data-id=\"2f96b3d\" data-element_type=\"widget\" data-widget_type=\"text-editor.default\">\n\t\t\t\t<div class=\"elementor-widget-container\">\n\t\t\t\t\t\t\t\t\t<div><h2>Misyonumuz<\/h2><p><span style=\"letter-spacing: 0px\">Atat\u00fcrk \u00dcniversitesi, \u0130ngiliz Dili E\u011fitimi Anabilim Dal\u0131 olarak misyonumuz, Atat\u00fcrk \u0130lke ve \u0130nk\u0131laplar\u0131n\u0131 benimsemi\u015f, k\u00fclt\u00fcrl\u00fc, ara\u015ft\u0131rmac\u0131, olgun ve geni\u015f bir bak\u0131\u015f a\u00e7\u0131s\u0131na sahip, \u00e7a\u011f\u0131n gereklerinin fark\u0131nda olan ve kendini s\u00fcrekli olarak geli\u015ftirmeyi ama\u00e7layan \u0130ngilizce \u00f6\u011fretmenleri yeti\u015ftirmek ve \u00f6\u011fretmen adaylar\u0131na alanlar\u0131yla ilgili ileri d\u00fczeyde bilgi ve becerileri kazand\u0131rarak, onlar\u0131 ba\u015far\u0131l\u0131, etkin birer \u00f6\u011fretmen olarak hayata kazand\u0131rmakt\u0131r.<\/span><\/p><\/div><div><h2>Vizyonumuz<\/h2><p>\u0130ngiliz Dili E\u011fitimi alan\u0131nda \u00e7a\u011fda\u015f, yenili\u011fe a\u00e7\u0131k, ba\u015far\u0131ya odakl\u0131, bilimsel etik ilkelere sayg\u0131l\u0131 ve demokrasi bilinciyle hareket eden akademisyenlerin liderli\u011finde, \u00f6\u011fretmenlik mesle\u011finin gerektirdi\u011fi sorumluluk ve yeterliliklere sahip,\u00a0 Atat\u00fcrk \u0130lke ve Ink\u0131laplar\u0131n\u0131 benimsemi\u015f, insan haklar\u0131na sayg\u0131l\u0131, nitelikli ve daima ba\u015far\u0131y\u0131 hedefleyen \u00f6\u011fretmenlerin yeti\u015ftirildi\u011fi bir ortam olu\u015fturmak ve gerek verdi\u011fi e\u011fitim gerekse yapt\u0131\u011f\u0131 akademik \u00e7al\u0131\u015fmalarla faaliyet alan\u0131nda \u00f6rnek te\u015fkil ederek, mensubu olmaktan onur duyulan bir anabilim dal\u0131 olma do\u011frultusunda bilgi ve hizmet \u00fcretebilmektir.<\/p><\/div>\t\t\t\t\t\t\t\t<\/div>\n\t\t\t\t<\/div>\n\t\t\t\t\t<\/div>\n\t\t<\/div>\n\t\t\t\t\t<\/div>\n\t\t<\/section>\n\t\t\t\t<\/div>\n\t\t","protected":false},"excerpt":{"rendered":"<p>Misyon, Vizyon ve Temel De\u011ferler Misyonumuz Atat\u00fcrk \u00dcniversitesi, \u0130ngiliz Dili E\u011fitimi Anabilim Dal\u0131 olarak misyonumuz, Atat\u00fcrk \u0130lke ve \u0130nk\u0131laplar\u0131n\u0131 benimsemi\u015f, k\u00fclt\u00fcrl\u00fc, ara\u015ft\u0131rmac\u0131, olgun ve geni\u015f bir bak\u0131\u015f a\u00e7\u0131s\u0131na sahip, \u00e7a\u011f\u0131n gereklerinin fark\u0131nda olan ve kendini s\u00fcrekli olarak geli\u015ftirmeyi ama\u00e7layan \u0130ngilizce \u00f6\u011fretmenleri yeti\u015ftirmek ve \u00f6\u011fretmen adaylar\u0131na alanlar\u0131yla ilgili ileri d\u00fczeyde bilgi ve becerileri kazand\u0131rarak, onlar\u0131 ba\u015far\u0131l\u0131, [&hellip;]<\/p>\n","protected":false},"author":1,"featured_media":0,"parent":0,"menu_order":0,"comment_status":"closed","ping_status":"closed","template":"elementor_header_footer","meta":{"footnotes":""},"class_list":["post-5682","page","type-page","status-publish","hentry"],"_links":{"self":[{"href":"https:\/\/atauni.edu.tr\/ingiliz-dili-egitimi-abd\/wp-json\/wp\/v2\/pages\/5682","targetHints":{"allow":["GET"]}}],"collection":[{"href":"https:\/\/atauni.edu.tr\/ingiliz-dili-egitimi-abd\/wp-json\/wp\/v2\/pages"}],"about":[{"href":"https:\/\/atauni.edu.tr\/ingiliz-dili-egitimi-abd\/wp-json\/wp\/v2\/types\/page"}],"author":[{"embeddable":true,"href":"https:\/\/atauni.edu.tr\/ingiliz-dili-egitimi-abd\/wp-json\/wp\/v2\/users\/1"}],"replies":[{"embeddable":true,"href":"https:\/\/atauni.edu.tr\/ingiliz-dili-egitimi-abd\/wp-json\/wp\/v2\/comments?post=5682"}],"version-history":[{"count":11,"href":"https:\/\/atauni.edu.tr\/ingiliz-dili-egitimi-abd\/wp-json\/wp\/v2\/pages\/5682\/revisions"}],"predecessor-version":[{"id":6227,"href":"https:\/\/atauni.edu.tr\/ingiliz-dili-egitimi-abd\/wp-json\/wp\/v2\/pages\/5682\/revisions\/6227"}],"wp:attachment":[{"href":"https:\/\/atauni.edu.tr\/ingiliz-dili-egitimi-abd\/wp-json\/wp\/v2\/media?parent=5682"}],"curies":[{"name":"wp","href":"https:\/\/api.w.org\/{rel}","templated":true}]}}