{"id":5638,"date":"2021-07-13T09:49:25","date_gmt":"2021-07-13T06:49:25","guid":{"rendered":"https:\/\/portaltest.atauni.edu.tr\/bilgisayar-muhendisligi\/?page_id=5638"},"modified":"2021-12-17T15:44:59","modified_gmt":"2021-12-17T12:44:59","slug":"tarihce","status":"publish","type":"page","link":"https:\/\/atauni.edu.tr\/ingiliz-dili-ve-edebiyati\/tarihce\/","title":{"rendered":"Tarih\u00e7e"},"content":{"rendered":"\t\t<div data-elementor-type=\"wp-page\" data-elementor-id=\"5638\" class=\"elementor elementor-5638\" data-elementor-post-type=\"page\">\n\t\t\t\t\t\t<section class=\"elementor-section elementor-top-section elementor-element elementor-element-730d320 elementor-section-boxed elementor-section-height-default elementor-section-height-default\" data-id=\"730d320\" data-element_type=\"section\">\n\t\t\t\t\t\t<div class=\"elementor-container elementor-column-gap-default\">\n\t\t\t\t\t<div class=\"elementor-column elementor-col-100 elementor-top-column elementor-element elementor-element-753d0860\" data-id=\"753d0860\" data-element_type=\"column\">\n\t\t\t<div class=\"elementor-widget-wrap\">\n\t\t\t\t\t\t\t<\/div>\n\t\t<\/div>\n\t\t\t\t\t<\/div>\n\t\t<\/section>\n\t\t\t\t<section class=\"elementor-section elementor-top-section elementor-element elementor-element-9be811a elementor-section-boxed elementor-section-height-default elementor-section-height-default\" data-id=\"9be811a\" data-element_type=\"section\">\n\t\t\t\t\t\t<div class=\"elementor-container elementor-column-gap-default\">\n\t\t\t\t\t<div class=\"elementor-column elementor-col-100 elementor-top-column elementor-element elementor-element-1ed847b7\" data-id=\"1ed847b7\" data-element_type=\"column\">\n\t\t\t<div class=\"elementor-widget-wrap elementor-element-populated\">\n\t\t\t\t\t\t<div class=\"elementor-element elementor-element-4ce0d07f elementor-widget elementor-widget-heading\" data-id=\"4ce0d07f\" data-element_type=\"widget\" data-widget_type=\"heading.default\">\n\t\t\t\t<div class=\"elementor-widget-container\">\n\t\t\t\t\t<h2 class=\"elementor-heading-title elementor-size-default\">Tarih\u00e7e<\/h2>\t\t\t\t<\/div>\n\t\t\t\t<\/div>\n\t\t\t\t<div class=\"elementor-element elementor-element-63260862 elementor-widget-divider--view-line elementor-widget elementor-widget-divider\" data-id=\"63260862\" data-element_type=\"widget\" data-widget_type=\"divider.default\">\n\t\t\t\t<div class=\"elementor-widget-container\">\n\t\t\t\t\t\t\t<div class=\"elementor-divider\">\n\t\t\t<span class=\"elementor-divider-separator\">\n\t\t\t\t\t\t<\/span>\n\t\t<\/div>\n\t\t\t\t\t\t<\/div>\n\t\t\t\t<\/div>\n\t\t\t\t\t<\/div>\n\t\t<\/div>\n\t\t\t\t\t<\/div>\n\t\t<\/section>\n\t\t\t\t<section class=\"elementor-section elementor-top-section elementor-element elementor-element-681db8b elementor-section-boxed elementor-section-height-default elementor-section-height-default\" data-id=\"681db8b\" data-element_type=\"section\">\n\t\t\t\t\t\t<div class=\"elementor-container elementor-column-gap-default\">\n\t\t\t\t\t<div class=\"elementor-column elementor-col-100 elementor-top-column elementor-element elementor-element-ad4dac5\" data-id=\"ad4dac5\" data-element_type=\"column\">\n\t\t\t<div class=\"elementor-widget-wrap elementor-element-populated\">\n\t\t\t\t\t\t<div class=\"elementor-element elementor-element-2f96b3d elementor-widget elementor-widget-text-editor\" data-id=\"2f96b3d\" data-element_type=\"widget\" data-widget_type=\"text-editor.default\">\n\t\t\t\t<div class=\"elementor-widget-container\">\n\t\t\t\t\t\t\t\t\t<p>\u00a0\u0130ngiliz Dili ve Edebiyat\u0131 B\u00f6l\u00fcm\u00fc, Edebiyat Fak\u00fcltesi&#8217;nin en eski birimlerinden biridir. \u0130ngiliz Dili\u00a0<span style=\"letter-spacing: 0px\">ve Edebiyat\u0131 B\u00f6l\u00fcm\u00fc 4 y\u0131ll\u0131k bir program olmakla birlikte, kay\u0131t yapt\u0131ran \u00f6\u011frencilerimizden\u00a0<\/span><span style=\"letter-spacing: 0px\">seviye tespit s\u0131nav\u0131n\u0131 ba\u015faramayanlara B\u00f6l\u00fcm\u00fcm\u00fcz b\u00fcnyesinde \u0130ngilizce haz\u0131rl\u0131k program\u0131\u00a0<\/span><span style=\"letter-spacing: 0px\">uygulanmaktad\u0131r. Haz\u0131rl\u0131k Program\u0131m\u0131z\u0131n i\u00e7eri\u011finde bulunan yaz\u0131l\u0131 ve s\u00f6zl\u00fc \u0130ngilizce, \u00e7eviri ve ara\u015ft\u0131rma teknikleri gibi derslerin amac\u0131 da \u00f6\u011frencilerin dil kullanma becerilerini geli\u015ftirmektir.<\/span><\/p><p>Haz\u0131rl\u0131k s\u0131n\u0131f\u0131yla birlikte 5 y\u0131ll\u0131k program\u0131n temel amac\u0131 \u00f6\u011frencilere \u0130ngiliz Dili ve Edebiyat\u0131 alanlar\u0131nda kapsaml\u0131 bir e\u011fitim vermenin yan\u0131 s\u0131ra s\u00f6zl\u00fc ve yaz\u0131l\u0131 \u0130ngilizce dil kullan\u0131m becerilerini en \u00fcst seviyeye \u00e7\u0131karmalar\u0131na yard\u0131mc\u0131 olmakt\u0131r. \u00d6\u011frenciler, ilk y\u0131ldan itibaren dil dersleri ve \u0130ngiliz Dili ve Edebiyat\u0131ndan \u00e7e\u015fitli d\u00f6nemlere ait eser \u00f6rnekleriyle, mitoloji, drama, tarih ve Amerikan k\u00fclt\u00fcr\u00fc ve edebiyat\u0131 gibi edebiyat\u0131n k\u00f6klerine \u0131\u015f\u0131k tutan konularla birlikte kapsaml\u0131 bir \u00f6\u011frenim s\u00fcreci ya\u015farlar. B\u00f6ylece \u0130ngiliz Dili ve Edebiyat\u0131 B\u00f6l\u00fcm\u00fc \u00f6\u011frencileri, alan bilgilerini etkin bi\u00e7imde kullanabilen, s\u00f6zl\u00fc ve yaz\u0131l\u0131 ifade becerileriyle fark yaratan ki\u015filer olarak diploma al\u0131rlar. Alanlar\u0131nda uzman \u00f6\u011fretim elemanlar\u0131m\u0131z\u0131n temel hedefi, ele\u015ftirel ve analitik d\u00fc\u015f\u00fcnce y\u00f6ntemlerini \u00f6z\u00fcmsemi\u015f, kendilerini etkili bir \u015fekilde ifade etme becerisine sahip bireylerin yeti\u015fmesine yard\u0131mc\u0131 olmakt\u0131r. Bu anlamda, b\u00f6l\u00fcm program\u0131ndaki dersler arac\u0131l\u0131\u011f\u0131yla, \u00f6\u011frencilerin yaln\u0131zca alanda sa\u011flam bir temel kazanmalar\u0131 de\u011fil, ki\u015fisel olarak da geli\u015fmelerine \u00f6nem verilmektedir. \u0130ngiliz Dili ve Edebiyat\u0131 e\u011fitim-\u00f6\u011fretim program\u0131 sonunda mezun olmaya hak kazanan \u00f6\u011frencilerimiz Milli E\u011fitim Bakanl\u0131\u011f\u0131, \u00f6zel okullar\/kolejler ve di\u011fer kurumsal dershanelerin b\u00fcnyesinde ya da geli\u015ftirdikleri yetenekleri bak\u0131m\u0131ndan di\u011fer bir\u00e7ok meslek grubunda (radyo-gazete-televizyon-bili\u015fim, yay\u0131nc\u0131l\u0131k-\u00e7evirmenlik, turizm, uluslararas\u0131\/halkla ili\u015fkiler, bankac\u0131l\u0131k sekt\u00f6r\u00fc vb) tercih edilmekte ve i\u015f imk\u00e2n\u0131 bulabilmektedirler.<\/p><p>Ayr\u0131ca B\u00f6l\u00fcm\u00fcm\u00fcz b\u00fcnyesinde Lisans e\u011fitiminin yan\u0131nda \u0130ngiliz Dili ve Edebiyat\u0131 Anabilim\u00a0<span style=\"letter-spacing: 0px\">Dal\u0131nda Y\u00fcksek Lisans (tezli) ve Doktora programlar\u0131 y\u00fcr\u00fct\u00fclerek, \u00fclkemizin ihtiya\u00e7 duydu\u011fu \u00f6\u011fretim \u00fcyesi yeti\u015ftirme konusunda da \u00f6nemli hizmetler verilmektedir.<\/span><\/p>\t\t\t\t\t\t\t\t<\/div>\n\t\t\t\t<\/div>\n\t\t\t\t\t<\/div>\n\t\t<\/div>\n\t\t\t\t\t<\/div>\n\t\t<\/section>\n\t\t\t\t<\/div>\n\t\t","protected":false},"excerpt":{"rendered":"<p>Tarih\u00e7e \u00a0\u0130ngiliz Dili ve Edebiyat\u0131 B\u00f6l\u00fcm\u00fc, Edebiyat Fak\u00fcltesi&#8217;nin en eski birimlerinden biridir. \u0130ngiliz Dili\u00a0ve Edebiyat\u0131 B\u00f6l\u00fcm\u00fc 4 y\u0131ll\u0131k bir program olmakla birlikte, kay\u0131t yapt\u0131ran \u00f6\u011frencilerimizden\u00a0seviye tespit s\u0131nav\u0131n\u0131 ba\u015faramayanlara B\u00f6l\u00fcm\u00fcm\u00fcz b\u00fcnyesinde \u0130ngilizce haz\u0131rl\u0131k program\u0131\u00a0uygulanmaktad\u0131r. Haz\u0131rl\u0131k Program\u0131m\u0131z\u0131n i\u00e7eri\u011finde bulunan yaz\u0131l\u0131 ve s\u00f6zl\u00fc \u0130ngilizce, \u00e7eviri ve ara\u015ft\u0131rma teknikleri gibi derslerin amac\u0131 da \u00f6\u011frencilerin dil kullanma becerilerini geli\u015ftirmektir. Haz\u0131rl\u0131k [&hellip;]<\/p>\n","protected":false},"author":1,"featured_media":0,"parent":0,"menu_order":0,"comment_status":"closed","ping_status":"closed","template":"","meta":{"footnotes":""},"class_list":["post-5638","page","type-page","status-publish","hentry"],"_links":{"self":[{"href":"https:\/\/atauni.edu.tr\/ingiliz-dili-ve-edebiyati\/wp-json\/wp\/v2\/pages\/5638","targetHints":{"allow":["GET"]}}],"collection":[{"href":"https:\/\/atauni.edu.tr\/ingiliz-dili-ve-edebiyati\/wp-json\/wp\/v2\/pages"}],"about":[{"href":"https:\/\/atauni.edu.tr\/ingiliz-dili-ve-edebiyati\/wp-json\/wp\/v2\/types\/page"}],"author":[{"embeddable":true,"href":"https:\/\/atauni.edu.tr\/ingiliz-dili-ve-edebiyati\/wp-json\/wp\/v2\/users\/1"}],"replies":[{"embeddable":true,"href":"https:\/\/atauni.edu.tr\/ingiliz-dili-ve-edebiyati\/wp-json\/wp\/v2\/comments?post=5638"}],"version-history":[{"count":28,"href":"https:\/\/atauni.edu.tr\/ingiliz-dili-ve-edebiyati\/wp-json\/wp\/v2\/pages\/5638\/revisions"}],"predecessor-version":[{"id":6281,"href":"https:\/\/atauni.edu.tr\/ingiliz-dili-ve-edebiyati\/wp-json\/wp\/v2\/pages\/5638\/revisions\/6281"}],"wp:attachment":[{"href":"https:\/\/atauni.edu.tr\/ingiliz-dili-ve-edebiyati\/wp-json\/wp\/v2\/media?parent=5638"}],"curies":[{"name":"wp","href":"https:\/\/api.w.org\/{rel}","templated":true}]}}