{"id":5751,"date":"2021-07-13T12:50:27","date_gmt":"2021-07-13T09:50:27","guid":{"rendered":"https:\/\/portaltest.atauni.edu.tr\/bilgisayar-muhendisligi\/?page_id=5751"},"modified":"2026-02-10T09:49:23","modified_gmt":"2026-02-10T06:49:23","slug":"lisansustu-ders-listesi","status":"publish","type":"page","link":"https:\/\/atauni.edu.tr\/ingiliz-dili-ve-edebiyati\/lisansustu-ders-listesi\/","title":{"rendered":"Ders Listesi"},"content":{"rendered":"\t\t<div data-elementor-type=\"wp-page\" data-elementor-id=\"5751\" class=\"elementor elementor-5751\" data-elementor-post-type=\"page\">\n\t\t\t\t\t\t<section class=\"elementor-section elementor-top-section elementor-element elementor-element-8321b4b elementor-section-boxed elementor-section-height-default elementor-section-height-default\" data-id=\"8321b4b\" data-element_type=\"section\">\n\t\t\t\t\t\t<div class=\"elementor-container elementor-column-gap-default\">\n\t\t\t\t\t<div class=\"elementor-column elementor-col-100 elementor-top-column elementor-element elementor-element-b46a8c2\" data-id=\"b46a8c2\" data-element_type=\"column\">\n\t\t\t<div class=\"elementor-widget-wrap elementor-element-populated\">\n\t\t\t\t\t\t<div class=\"elementor-element elementor-element-94ff7db elementor-widget elementor-widget-pdf_viewer\" data-id=\"94ff7db\" data-element_type=\"widget\" data-widget_type=\"pdf_viewer.default\">\n\t\t\t\t<div class=\"elementor-widget-container\">\n\t\t\t\t\t<iframe src=\"https:\/\/docs.google.com\/viewer?url=http:\/\/birimler.atauni.edu.tr\/ingiliz-dili-ve-edebiyati\/wp-content\/uploads\/sites\/125\/2026\/02\/2025-2026-IDE-bahar-lisansustu-ders-programi.pdf&amp;embedded=true\" style=\"display: block; margin-left: auto; margin-right: auto; width: 1500px; height: 1500px;\" frameborder=\"1\" marginheight=\"0px\" marginwidth=\"0px\" allowfullscreen><\/iframe>\t\t\t\t<\/div>\n\t\t\t\t<\/div>\n\t\t\t\t\t<\/div>\n\t\t<\/div>\n\t\t\t\t\t<\/div>\n\t\t<\/section>\n\t\t\t\t<section class=\"elementor-section elementor-top-section elementor-element elementor-element-522e13d elementor-section-boxed elementor-section-height-default elementor-section-height-default\" data-id=\"522e13d\" data-element_type=\"section\">\n\t\t\t\t\t\t<div class=\"elementor-container elementor-column-gap-default\">\n\t\t\t\t\t<div class=\"elementor-column elementor-col-100 elementor-top-column elementor-element elementor-element-a139243\" data-id=\"a139243\" data-element_type=\"column\">\n\t\t\t<div class=\"elementor-widget-wrap elementor-element-populated\">\n\t\t\t\t\t\t<div class=\"elementor-element elementor-element-a2d880a elementor-widget elementor-widget-text-editor\" data-id=\"a2d880a\" data-element_type=\"widget\" data-widget_type=\"text-editor.default\">\n\t\t\t\t<div class=\"elementor-widget-container\">\n\t\t\t\t\t\t\t\t\t<p>Ders program\u0131n\u0131 g\u00f6r\u00fcnt\u00fcleyemiyorsan\u0131z <a href=\"http:\/\/birimler.atauni.edu.tr\/ingiliz-dili-ve-edebiyati\/wp-content\/uploads\/sites\/125\/2026\/02\/2025-2026-IDE-bahar-lisansustu-ders-programi.pdf\">buraya<\/a> t\u0131klay\u0131n.<\/p>\t\t\t\t\t\t\t\t<\/div>\n\t\t\t\t<\/div>\n\t\t\t\t\t<\/div>\n\t\t<\/div>\n\t\t\t\t\t<\/div>\n\t\t<\/section>\n\t\t\t\t<\/div>\n\t\t","protected":false},"excerpt":{"rendered":"<p>Ders program\u0131n\u0131 g\u00f6r\u00fcnt\u00fcleyemiyorsan\u0131z buraya t\u0131klay\u0131n.<\/p>\n","protected":false},"author":1,"featured_media":0,"parent":0,"menu_order":0,"comment_status":"closed","ping_status":"closed","template":"elementor_header_footer","meta":{"footnotes":""},"class_list":["post-5751","page","type-page","status-publish","hentry"],"_links":{"self":[{"href":"https:\/\/atauni.edu.tr\/ingiliz-dili-ve-edebiyati\/wp-json\/wp\/v2\/pages\/5751","targetHints":{"allow":["GET"]}}],"collection":[{"href":"https:\/\/atauni.edu.tr\/ingiliz-dili-ve-edebiyati\/wp-json\/wp\/v2\/pages"}],"about":[{"href":"https:\/\/atauni.edu.tr\/ingiliz-dili-ve-edebiyati\/wp-json\/wp\/v2\/types\/page"}],"author":[{"embeddable":true,"href":"https:\/\/atauni.edu.tr\/ingiliz-dili-ve-edebiyati\/wp-json\/wp\/v2\/users\/1"}],"replies":[{"embeddable":true,"href":"https:\/\/atauni.edu.tr\/ingiliz-dili-ve-edebiyati\/wp-json\/wp\/v2\/comments?post=5751"}],"version-history":[{"count":38,"href":"https:\/\/atauni.edu.tr\/ingiliz-dili-ve-edebiyati\/wp-json\/wp\/v2\/pages\/5751\/revisions"}],"predecessor-version":[{"id":9068,"href":"https:\/\/atauni.edu.tr\/ingiliz-dili-ve-edebiyati\/wp-json\/wp\/v2\/pages\/5751\/revisions\/9068"}],"wp:attachment":[{"href":"https:\/\/atauni.edu.tr\/ingiliz-dili-ve-edebiyati\/wp-json\/wp\/v2\/media?parent=5751"}],"curies":[{"name":"wp","href":"https:\/\/api.w.org\/{rel}","templated":true}]}}