{"id":7123,"date":"2023-02-02T09:51:27","date_gmt":"2023-02-02T06:51:27","guid":{"rendered":"https:\/\/birimler.atauni.edu.tr\/ingiliz-dili-ve-edebiyati\/?page_id=7123"},"modified":"2023-02-02T10:19:46","modified_gmt":"2023-02-02T07:19:46","slug":"memnuniyet-anketleri","status":"publish","type":"page","link":"https:\/\/atauni.edu.tr\/ingiliz-dili-ve-edebiyati\/memnuniyet-anketleri\/","title":{"rendered":"Memnuniyet Anketleri"},"content":{"rendered":"\t\t<div data-elementor-type=\"wp-page\" data-elementor-id=\"7123\" class=\"elementor elementor-7123\" data-elementor-post-type=\"page\">\n\t\t\t\t\t\t<section class=\"elementor-section elementor-top-section elementor-element elementor-element-683e777 elementor-section-boxed elementor-section-height-default elementor-section-height-default\" data-id=\"683e777\" data-element_type=\"section\">\n\t\t\t\t\t\t<div class=\"elementor-container elementor-column-gap-default\">\n\t\t\t\t\t<div class=\"elementor-column elementor-col-100 elementor-top-column elementor-element elementor-element-241249a\" data-id=\"241249a\" data-element_type=\"column\">\n\t\t\t<div class=\"elementor-widget-wrap elementor-element-populated\">\n\t\t\t\t\t\t<div class=\"elementor-element elementor-element-8b08018 elementor-widget elementor-widget-text-editor\" data-id=\"8b08018\" data-element_type=\"widget\" data-widget_type=\"text-editor.default\">\n\t\t\t\t<div class=\"elementor-widget-container\">\n\t\t\t\t\t\t\t\t\t<p><a href=\"https:\/\/forms.gle\/Xgjq3J7BVtYovkD36\">\u00d6\u011frenci Memnuniyet Anketi i\u00e7in T\u0131klay\u0131n\u0131z<\/a><\/p><p>https:\/\/forms.gle\/Xgjq3J7BVtYovkD36<\/p><p><a href=\"https:\/\/forms.gle\/mcJGafE1c8WqinuF6\">Mezun Memnuniyet Anketi i\u00e7in T\u0131klay\u0131n\u0131z<\/a><\/p><p>https:\/\/forms.gle\/mcJGafE1c8WqinuF6<\/p>\t\t\t\t\t\t\t\t<\/div>\n\t\t\t\t<\/div>\n\t\t\t\t\t<\/div>\n\t\t<\/div>\n\t\t\t\t\t<\/div>\n\t\t<\/section>\n\t\t\t\t<\/div>\n\t\t","protected":false},"excerpt":{"rendered":"<p>\u00d6\u011frenci Memnuniyet Anketi i\u00e7in T\u0131klay\u0131n\u0131z https:\/\/forms.gle\/Xgjq3J7BVtYovkD36 Mezun Memnuniyet Anketi i\u00e7in T\u0131klay\u0131n\u0131z https:\/\/forms.gle\/mcJGafE1c8WqinuF6<\/p>\n","protected":false},"author":111,"featured_media":0,"parent":0,"menu_order":0,"comment_status":"closed","ping_status":"closed","template":"","meta":{"footnotes":""},"class_list":["post-7123","page","type-page","status-publish","hentry"],"_links":{"self":[{"href":"https:\/\/atauni.edu.tr\/ingiliz-dili-ve-edebiyati\/wp-json\/wp\/v2\/pages\/7123","targetHints":{"allow":["GET"]}}],"collection":[{"href":"https:\/\/atauni.edu.tr\/ingiliz-dili-ve-edebiyati\/wp-json\/wp\/v2\/pages"}],"about":[{"href":"https:\/\/atauni.edu.tr\/ingiliz-dili-ve-edebiyati\/wp-json\/wp\/v2\/types\/page"}],"author":[{"embeddable":true,"href":"https:\/\/atauni.edu.tr\/ingiliz-dili-ve-edebiyati\/wp-json\/wp\/v2\/users\/111"}],"replies":[{"embeddable":true,"href":"https:\/\/atauni.edu.tr\/ingiliz-dili-ve-edebiyati\/wp-json\/wp\/v2\/comments?post=7123"}],"version-history":[{"count":22,"href":"https:\/\/atauni.edu.tr\/ingiliz-dili-ve-edebiyati\/wp-json\/wp\/v2\/pages\/7123\/revisions"}],"predecessor-version":[{"id":7151,"href":"https:\/\/atauni.edu.tr\/ingiliz-dili-ve-edebiyati\/wp-json\/wp\/v2\/pages\/7123\/revisions\/7151"}],"wp:attachment":[{"href":"https:\/\/atauni.edu.tr\/ingiliz-dili-ve-edebiyati\/wp-json\/wp\/v2\/media?parent=7123"}],"curies":[{"name":"wp","href":"https:\/\/api.w.org\/{rel}","templated":true}]}}