{"id":7219,"date":"2023-03-30T11:25:29","date_gmt":"2023-03-30T08:25:29","guid":{"rendered":"https:\/\/birimler.atauni.edu.tr\/ingiliz-dili-ve-edebiyati\/?page_id=7219"},"modified":"2023-03-30T11:52:43","modified_gmt":"2023-03-30T08:52:43","slug":"program-ogretim-amaclari","status":"publish","type":"page","link":"https:\/\/atauni.edu.tr\/ingiliz-dili-ve-edebiyati\/program-ogretim-amaclari\/","title":{"rendered":"Program \u00d6\u011fretim Ama\u00e7lar\u0131"},"content":{"rendered":"\t\t<div data-elementor-type=\"wp-page\" data-elementor-id=\"7219\" class=\"elementor elementor-7219\" data-elementor-post-type=\"page\">\n\t\t\t\t\t\t<section class=\"elementor-section elementor-top-section elementor-element elementor-element-06a29a5 elementor-section-boxed elementor-section-height-default elementor-section-height-default\" data-id=\"06a29a5\" data-element_type=\"section\">\n\t\t\t\t\t\t<div class=\"elementor-container elementor-column-gap-default\">\n\t\t\t\t\t<div class=\"elementor-column elementor-col-100 elementor-top-column elementor-element elementor-element-17db4fb\" data-id=\"17db4fb\" data-element_type=\"column\">\n\t\t\t<div class=\"elementor-widget-wrap elementor-element-populated\">\n\t\t\t\t\t\t<div class=\"elementor-element elementor-element-59e79e9 elementor-widget elementor-widget-text-editor\" data-id=\"59e79e9\" data-element_type=\"widget\" data-widget_type=\"text-editor.default\">\n\t\t\t\t<div class=\"elementor-widget-container\">\n\t\t\t\t\t\t\t\t\t<p><strong>\u0130ngiliz Dili ve Edebiyat\u0131 Program\u0131 \u00d6\u011fretim Ama\u00e7lar\u0131 alanla ili\u015fkili ulusal akreditasyon kurulu\u015fu (<a href=\"http:\/\/fedek.org.tr\/\">FEDEK<\/a>) tan\u0131mlar\u0131 g\u00f6z \u00f6n\u00fcnde bulundurularak belirlenmi\u015ftir.<\/strong><\/p><p><strong>P\u00d6A-1: <\/strong>\u00d6\u011frencilere \u0130ngiliz dili, k\u00fclt\u00fcr\u00fc, tarihi ve edebiyat\u0131 hakk\u0131nda gerekli bilgi ve donan\u0131m\u0131 kazand\u0131rmak.<\/p><p><strong>P\u00d6A-2: <\/strong>\u00d6\u011frencileri ele\u015ftirel bak\u0131\u015f a\u00e7\u0131s\u0131na sahip, analiz yetene\u011fi geli\u015fmi\u015f, etkili ileti\u015fim kurabilen, yarat\u0131c\u0131, sorumluluklar\u0131n\u0131n bilincinde olan ve mesleki etik bilincine sahip filologlar olarak yeti\u015ftirmek.<\/p><p><strong>P\u00d6A-3: <\/strong>\u0130ngiliz ve Amerikan edebiyat\u0131 arac\u0131l\u0131\u011f\u0131yla \u00f6\u011frencilerin k\u00fclt\u00fcrleraras\u0131 ileti\u015fim kurabilen ve bu k\u00fclt\u00fcrleri yorumlayabilen bireyler olarak yeti\u015fmelerini sa\u011flamak.<\/p><p><strong>P\u00d6A-4: <\/strong>\u00dclkemizin ve toplumumuzun de\u011ferlerini Bat\u0131n\u0131n de\u011ferleriyle birle\u015ftirebilen, bu de\u011ferleri do\u011fru ve etkili bir bi\u00e7imde \u00f6z\u00fcmseyen ve bunu ifade edebilen bireyler yeti\u015ftirmek.<\/p><p><strong>P\u00d6A-5: <\/strong>\u00d6\u011frencilerin \u0130ngilizceyi ileri seviyede kullanmalar\u0131n\u0131 sa\u011flaman\u0131n yan\u0131 s\u0131ra onlara bu dili \u00f6\u011fretme yetisini kazand\u0131rmak.<\/p><p><strong>P\u00d6A-6: <\/strong>\u00d6\u011frencilerin \u00e7a\u011f\u0131n gerekliliklerine uyum sa\u011flayabilen ve bili\u015fim teknolojilerini etkin bir \u015fekilde kullanabilen bireyler olarak yeti\u015fmelerini sa\u011flamak.<\/p><p><strong>P\u00d6A-7: <\/strong>\u00d6\u011frencileri, alanlar\u0131nda ara\u015ft\u0131rma yapabilen ve bu ara\u015ft\u0131rmalar\u0131 tarafs\u0131z ve bilimsel bir bak\u0131\u015f a\u00e7\u0131s\u0131 ile de\u011ferlendirebilen bireyler olarak topluma kazand\u0131rmak.<\/p><p><strong>Program \u00d6\u011fretim Ama\u00e7lar\u0131n\u0131n FEDEK Tan\u0131m\u0131yla Uyumu<\/strong><\/p><table><tbody><tr><td width=\"50\">\u00a0<\/td><td width=\"50\"><p>F\u00c71<\/p><\/td><td width=\"50\"><p>F\u00c72<\/p><\/td><td width=\"50\"><p>F\u00c73<\/p><\/td><td width=\"50\"><p>F\u00c74<\/p><\/td><td width=\"50\"><p>F\u00c75<\/p><\/td><td width=\"50\"><p>F\u00c76<\/p><\/td><td width=\"50\"><p>F\u00c77<\/p><\/td><td width=\"50\"><p>F\u00c78<\/p><\/td><td width=\"50\"><p>F\u00c79<\/p><\/td><td width=\"50\"><p>F\u00c710<\/p><\/td><td width=\"50\"><p>F\u00c711<\/p><\/td><\/tr><tr><td width=\"50\"><p>P\u00d6A1<\/p><\/td><td width=\"50\"><p>\u2713<\/p><\/td><td width=\"50\">\u00a0<\/td><td width=\"50\"><p>\u2713<\/p><\/td><td width=\"50\">\u00a0<\/td><td width=\"50\">\u00a0<\/td><td width=\"50\">\u00a0<\/td><td width=\"50\">\u00a0<\/td><td width=\"50\"><p>\u2713<\/p><\/td><td width=\"50\">\u00a0<\/td><td width=\"50\">\u00a0<\/td><td width=\"50\">\u00a0<\/td><\/tr><tr><td width=\"50\"><p>P\u00d6A2<\/p><\/td><td width=\"50\"><p>\u2713<\/p><\/td><td width=\"50\"><p>\u2713<\/p><\/td><td width=\"50\"><p>\u2713<\/p><\/td><td width=\"50\">\u00a0<\/td><td width=\"50\">\u00a0<\/td><td width=\"50\"><p>\u2713<\/p><\/td><td width=\"50\"><p>\u2713<\/p><\/td><td width=\"50\">\u00a0<\/td><td width=\"50\"><p>\u2713<\/p><\/td><td width=\"50\"><p>\u2713<\/p><\/td><td width=\"50\">\u00a0<\/td><\/tr><tr><td width=\"50\"><p>P\u00d6A3<\/p><\/td><td width=\"50\"><p>\u2713<\/p><\/td><td width=\"50\"><p>\u2713<\/p><\/td><td width=\"50\"><p>\u2713<\/p><\/td><td width=\"50\">\u00a0<\/td><td width=\"50\">\u00a0<\/td><td width=\"50\"><p>\u2713<\/p><\/td><td width=\"50\"><p>\u2713<\/p><\/td><td width=\"50\">\u00a0<\/td><td width=\"50\"><p>\u2713<\/p><\/td><td width=\"50\">\u00a0<\/td><td width=\"50\"><p>\u2713<\/p><\/td><\/tr><tr><td width=\"50\"><p>P\u00d6A4<\/p><\/td><td width=\"50\"><p>\u2713<\/p><\/td><td width=\"50\"><p>\u2713<\/p><\/td><td width=\"50\"><p>\u2713<\/p><\/td><td width=\"50\">\u00a0<\/td><td width=\"50\">\u00a0<\/td><td width=\"50\">\u00a0<\/td><td width=\"50\"><p>\u2713<\/p><\/td><td width=\"50\">\u00a0<\/td><td width=\"50\">\u00a0<\/td><td width=\"50\"><p>\u2713<\/p><\/td><td width=\"50\"><p>\u2713<\/p><\/td><\/tr><tr><td width=\"50\"><p>P\u00d6A5<\/p><\/td><td width=\"50\"><p>\u2713<\/p><\/td><td width=\"50\"><p>\u2713<\/p><\/td><td width=\"50\">\u00a0<\/td><td width=\"50\">\u00a0<\/td><td width=\"50\">\u00a0<\/td><td width=\"50\">\u00a0<\/td><td width=\"50\">\u00a0<\/td><td width=\"50\"><p>\u2713<\/p><\/td><td width=\"50\">\u00a0<\/td><td width=\"50\">\u00a0<\/td><td width=\"50\">\u00a0<\/td><\/tr><tr><td width=\"50\"><p>P\u00d6A6<\/p><\/td><td width=\"50\"><p>\u2713<\/p><\/td><td width=\"50\">\u00a0<\/td><td width=\"50\"><p>\u2713<\/p><\/td><td width=\"50\">\u00a0<\/td><td width=\"50\"><p>\u2713<\/p><\/td><td width=\"50\">\u00a0<\/td><td width=\"50\">\u00a0<\/td><td width=\"50\">\u00a0<\/td><td width=\"50\"><p>\u2713<\/p><\/td><td width=\"50\">\u00a0<\/td><td width=\"50\">\u00a0<\/td><\/tr><tr><td width=\"50\"><p>P\u00d6A7<\/p><\/td><td width=\"50\"><p>\u2713<\/p><\/td><td width=\"50\"><p>\u2713<\/p><\/td><td width=\"50\">\u00a0<\/td><td width=\"50\">\u00a0<\/td><td width=\"50\"><p>\u2713<\/p><\/td><td width=\"50\">\u00a0<\/td><td width=\"50\">\u00a0<\/td><td width=\"50\">\u00a0<\/td><td width=\"50\"><p>\u2713<\/p><\/td><td width=\"50\">\u00a0<\/td><td width=\"50\"><p>\u2713<\/p><\/td><\/tr><\/tbody><\/table>\t\t\t\t\t\t\t\t<\/div>\n\t\t\t\t<\/div>\n\t\t\t\t\t<\/div>\n\t\t<\/div>\n\t\t\t\t\t<\/div>\n\t\t<\/section>\n\t\t\t\t<\/div>\n\t\t","protected":false},"excerpt":{"rendered":"<p>\u0130ngiliz Dili ve Edebiyat\u0131 Program\u0131 \u00d6\u011fretim Ama\u00e7lar\u0131 alanla ili\u015fkili ulusal akreditasyon kurulu\u015fu (FEDEK) tan\u0131mlar\u0131 g\u00f6z \u00f6n\u00fcnde bulundurularak belirlenmi\u015ftir. P\u00d6A-1: \u00d6\u011frencilere \u0130ngiliz dili, k\u00fclt\u00fcr\u00fc, tarihi ve edebiyat\u0131 hakk\u0131nda gerekli bilgi ve donan\u0131m\u0131 kazand\u0131rmak. P\u00d6A-2: \u00d6\u011frencileri ele\u015ftirel bak\u0131\u015f a\u00e7\u0131s\u0131na sahip, analiz yetene\u011fi geli\u015fmi\u015f, etkili ileti\u015fim kurabilen, yarat\u0131c\u0131, sorumluluklar\u0131n\u0131n bilincinde olan ve mesleki etik bilincine sahip filologlar olarak [&hellip;]<\/p>\n","protected":false},"author":111,"featured_media":0,"parent":0,"menu_order":0,"comment_status":"closed","ping_status":"closed","template":"","meta":{"footnotes":""},"class_list":["post-7219","page","type-page","status-publish","hentry"],"_links":{"self":[{"href":"https:\/\/atauni.edu.tr\/ingiliz-dili-ve-edebiyati\/wp-json\/wp\/v2\/pages\/7219","targetHints":{"allow":["GET"]}}],"collection":[{"href":"https:\/\/atauni.edu.tr\/ingiliz-dili-ve-edebiyati\/wp-json\/wp\/v2\/pages"}],"about":[{"href":"https:\/\/atauni.edu.tr\/ingiliz-dili-ve-edebiyati\/wp-json\/wp\/v2\/types\/page"}],"author":[{"embeddable":true,"href":"https:\/\/atauni.edu.tr\/ingiliz-dili-ve-edebiyati\/wp-json\/wp\/v2\/users\/111"}],"replies":[{"embeddable":true,"href":"https:\/\/atauni.edu.tr\/ingiliz-dili-ve-edebiyati\/wp-json\/wp\/v2\/comments?post=7219"}],"version-history":[{"count":10,"href":"https:\/\/atauni.edu.tr\/ingiliz-dili-ve-edebiyati\/wp-json\/wp\/v2\/pages\/7219\/revisions"}],"predecessor-version":[{"id":7242,"href":"https:\/\/atauni.edu.tr\/ingiliz-dili-ve-edebiyati\/wp-json\/wp\/v2\/pages\/7219\/revisions\/7242"}],"wp:attachment":[{"href":"https:\/\/atauni.edu.tr\/ingiliz-dili-ve-edebiyati\/wp-json\/wp\/v2\/media?parent=7219"}],"curies":[{"name":"wp","href":"https:\/\/api.w.org\/{rel}","templated":true}]}}