{"id":7221,"date":"2023-03-30T11:25:48","date_gmt":"2023-03-30T08:25:48","guid":{"rendered":"https:\/\/birimler.atauni.edu.tr\/ingiliz-dili-ve-edebiyati\/?page_id=7221"},"modified":"2023-03-30T11:54:43","modified_gmt":"2023-03-30T08:54:43","slug":"program-ciktilari","status":"publish","type":"page","link":"https:\/\/atauni.edu.tr\/ingiliz-dili-ve-edebiyati\/program-ciktilari\/","title":{"rendered":"Program \u00c7\u0131kt\u0131lar\u0131"},"content":{"rendered":"\t\t<div data-elementor-type=\"wp-page\" data-elementor-id=\"7221\" class=\"elementor elementor-7221\" data-elementor-post-type=\"page\">\n\t\t\t\t\t\t<section class=\"elementor-section elementor-top-section elementor-element elementor-element-37ffe31 elementor-section-boxed elementor-section-height-default elementor-section-height-default\" data-id=\"37ffe31\" data-element_type=\"section\">\n\t\t\t\t\t\t<div class=\"elementor-container elementor-column-gap-default\">\n\t\t\t\t\t<div class=\"elementor-column elementor-col-100 elementor-top-column elementor-element elementor-element-947ecc7\" data-id=\"947ecc7\" data-element_type=\"column\">\n\t\t\t<div class=\"elementor-widget-wrap elementor-element-populated\">\n\t\t\t\t\t\t<div class=\"elementor-element elementor-element-690d659 elementor-widget elementor-widget-text-editor\" data-id=\"690d659\" data-element_type=\"widget\" data-widget_type=\"text-editor.default\">\n\t\t\t\t<div class=\"elementor-widget-container\">\n\t\t\t\t\t\t\t\t\t<p><strong>\u0130ngiliz Dili ve Edebiyat\u0131 Program\u0131 \u00c7\u0131kt\u0131lar\u0131<\/strong> <strong>ilgili derslerde, okuma, ders, seminer, \u00f6dev, web tabanl\u0131 \u00f6\u011frenme, proje haz\u0131rlama, grup \u00f6devi, ba\u011f\u0131ms\u0131z \u00f6dev, stajlar, grup \u00e7al\u0131\u015fmas\u0131, serbest \u00e7al\u0131\u015fma, tart\u0131\u015fma gibi yakla\u015f\u0131m ve uygulamalar g\u00f6z \u00f6n\u00fcnde bulundurularak haz\u0131rlanm\u0131\u015f, s\u0131n\u0131fland\u0131r\u0131lm\u0131\u015f ve e\u015fle\u015ftirilmi\u015ftir.\u00a0<\/strong><\/p><p><strong>P\u00c71<\/strong>. G\u00fc\u00e7l\u00fc ileti\u015fim ve \u00f6rg\u00fctleme becerilerini, k\u00fclt\u00fcrleraras\u0131 ortamlarda mesleki ve akademik ama\u00e7lar \u00e7er\u00e7evesinde sosyal ve ki\u015fisel geli\u015fim i\u00e7in kullanabilirler. Her d\u00f6nem ilgili anabilim dal\u0131nda sunum yap\u0131lmas\u0131 planlanan dersleri alan \u00f6\u011frenciler, anabilim dal\u0131 ba\u015fkanl\u0131\u011f\u0131nca ilgili \u00f6\u011fretim \u00fcyelerine payla\u015ft\u0131r\u0131l\u0131r. Sunum konusunu alan \u00f6\u011frenciler, program \u00e7\u0131kt\u0131s\u0131na g\u00f6re haz\u0131rl\u0131klar\u0131n\u0131 yapar ve d\u00f6nem i\u00e7erisinde birka\u00e7 defa konular\u0131yla ilgili sunumlar\u0131 ger\u00e7ekle\u015ftirirler.<\/p><p><strong>P\u00c72<\/strong>. Yaz\u0131n, sanat ve dil incelemelerine ele\u015ftirel ve kuramsal yakla\u015f\u0131mlar\u0131 kavrayarak, \u00f6zellikle yaz\u0131nsal metinleri, k\u00fclt\u00fcrel \u00fcretim ve de\u011fi\u015fim alanlar\u0131n\u0131n estetik yap\u0131tlar\u0131 olarak okuyabilir, yorumlayabilir ve de\u011ferlendirebilirler. B\u00f6l\u00fcm\u00fcm\u00fczde \u00e7a\u011f\u0131m\u0131z\u0131n gereklerine uygun sosyal i\u00e7erikli zorunlu ve se\u00e7meli dersler sunulur. Bu derslerdeki kendine \u00f6zg\u00fc de\u011ferlendirme y\u00f6ntemleri kullan\u0131l\u0131r.<\/p><p><strong>P\u00c73<\/strong>. Yaz\u0131l\u0131 metni ve metnin arkas\u0131ndaki d\u00fcnyay\u0131 yorumlarken, kendi k\u00fclt\u00fcrlerini ve ba\u015fta \u0130ngiliz k\u00fclt\u00fcr\u00fc olmak \u00fczere ba\u015fka k\u00fclt\u00fcrleri \u00f6\u011frenebilir ve \u00f6z k\u00fclt\u00fcrlerine katk\u0131da bulunabilirler. \u00d6\u011frencilerimize t\u00fcm derslerde uygulad\u0131\u011f\u0131m\u0131z k\u0131sa s\u0131nav, \u00f6dev, ara s\u0131nav, final s\u0131nav\u0131 ve dersi alan \u00f6\u011frenci say\u0131s\u0131n\u0131n az oldu\u011fu se\u00e7meli derslerde uygulad\u0131\u011f\u0131m\u0131z tak\u0131m\/grup \u00e7al\u0131\u015fmas\u0131, \u00f6dev haz\u0131rlama, \u00f6devi sunma faaliyetleri bu program \u00e7\u0131kt\u0131s\u0131n\u0131 desteklemektedir.<\/p><p><strong>P\u00c74<\/strong>. Tarih i\u00e7inde geli\u015ftirilmi\u015f olan farkl\u0131 dil e\u011fitim y\u00f6ntemleri hakk\u0131nda bilgi sahibi olup y\u00f6ntemlere uygun ders planlar\u0131 ve etkinlikler haz\u0131rlay\u0131p uygulayabilirler. Farkl\u0131 d\u00f6nem ve t\u00fcrlerin tarihi, bi\u00e7imlerinden hareketle yaz\u0131nsal s\u00f6ylem \u00e7\u00f6z\u00fcmlemesi yapabilirler. Program haricinde al\u0131nan formasyon e\u011fitimi ve staj s\u00fcreci arac\u0131l\u0131\u011f\u0131yla ger\u00e7ekle\u015ftirilir. S\u00f6z konusu programda ger\u00e7ekle\u015ftirilen k\u0131sa s\u0131nav, ara s\u0131nav, d\u00f6nem sonu s\u0131nav\u0131, \u00f6dev ve s\u00f6zl\u00fc sunumlar yoluyla desteklenir.<\/p><p><strong>P\u00c75<\/strong>. \u00c7eviri uzmanl\u0131\u011f\u0131 isteyen alanlarda \u00e7eviri yetkinli\u011fi kazanabilirler. S\u00f6z konusu alana ait 3-4, 5-6 ve 7-8. D\u00f6nemlerde verilen \u00c7eviri derslerinde \u00e7e\u015fitli uygulamalar, \u00f6devler, sunumlar ve ara s\u0131nav, d\u00f6nem sonu s\u0131navlar\u0131 arac\u0131l\u0131\u011f\u0131yla desteklenir.<\/p><p><strong>P\u00c76<\/strong>. Bat\u0131 k\u00fclt\u00fcr\u00fcn\u00fcn temelini olu\u015fturan mitoloji, klasik ve neo-klasik sanat anlay\u0131\u015flar\u0131, R\u00f6nesans ve Reformasyon gibi Bat\u0131 tarihine y\u00f6n veren olaylar\u0131 rahatl\u0131kla alg\u0131layabilirler. \u0130\u00e7erisinde s\u00f6z konusu \u00e7\u0131kt\u0131ya ait her yar\u0131y\u0131lda mevcut olan derslerde k\u0131sa s\u0131nav, ara s\u0131nav, d\u00f6nem sonu s\u0131nav\u0131, \u00f6dev ve s\u00f6zl\u00fc sunumlar yoluyla takip edilir ve desteklenir.<\/p><p><strong>P\u00c77<\/strong>. \u0130ngilizcenin \u00f6\u011fretilmesine etkisi olan e\u011fitim ve psikoloji gibi farkl\u0131 bilim dallar\u0131 kapsam\u0131nda ileri s\u00fcr\u00fclm\u00fc\u015f teorileri ve bunlar\u0131n dil e\u011fitimindeki yans\u0131malar\u0131n\u0131 \u00f6z\u00fcmseyebilirler. Program haricinde al\u0131nan formasyon e\u011fitimi ve staj s\u00fcreci arac\u0131l\u0131\u011f\u0131yla ger\u00e7ekle\u015ftirilir. S\u00f6z konusu programda ger\u00e7ekle\u015ftirilen k\u0131sa s\u0131nav, ara s\u0131nav, d\u00f6nem sonu s\u0131nav\u0131, \u00f6dev ve s\u00f6zl\u00fc sunumlar yoluyla desteklenir.<\/p><p><strong>P\u00c78<\/strong>. Akademik disiplinin tarihi, kuram\u0131 ve y\u00f6ntemlerine ili\u015fkin bilgiyi kullanarak yaz\u0131nsal metinlerin arka planlar\u0131n\u0131, yap\u0131lar\u0131n\u0131, anlamlar\u0131n\u0131 ve ay\u0131r\u0131c\u0131 \u00f6zelliklerini kavrayarak okuyabilir, yorumlayabilir ve a\u00e7\u0131mlayabilirler. \u00d6\u011frenciler bu \u00e7\u0131kt\u0131ya ula\u015fmak i\u00e7in k\u0131sa s\u0131nav, ara s\u0131nav, d\u00f6nem sonu s\u0131nav\u0131, \u00f6dev ve s\u00f6zl\u00fc sunumlar yoluyla de\u011ferlendirilir. Ayr\u0131ca b\u00f6l\u00fcm b\u00fcnyesinde ger\u00e7ekle\u015ftirilen akademik faaliyetlere kat\u0131l\u0131mlar\u0131 sa\u011flanarak geli\u015fimleri desteklenir.<\/p><p><strong>P\u00c79<\/strong>. \u0130ngilizcenin kullan\u0131ld\u0131\u011f\u0131 bir ortamda kendilerini \u00e7e\u015fitli d\u00fczeylerde ifade edebilir, yaz\u0131l\u0131 ve s\u00f6zl\u00fc olarak ileti\u015fim kurabilirler. \u00d6\u011frenciler bu \u00e7\u0131kt\u0131ya ula\u015fmak i\u00e7in k\u0131sa s\u0131nav, ara s\u0131nav, d\u00f6nem sonu s\u0131nav\u0131, \u00f6dev ve s\u00f6zl\u00fc sunumlar yoluyla de\u011ferlendirilir. Ayr\u0131ca s\u00f6z konusu \u00e7\u0131kt\u0131ya ait \u00e7e\u015fitli dersler arac\u0131l\u0131\u011f\u0131yla sunum ve ifade becerileri desteklenir.<\/p><p><strong>P\u00c710<\/strong>. \u0130ngilizcenin sesbilimsel, morfolojik, semantik, etimolojik \u00f6zelliklerini kavrayabilirler. Tarihsel dilbilim, edim-bilim, anlambilim, bi\u00e7embilim, g\u00f6stergebilim, ruh-dilbilim ve ilgili alanlarda bilgi sahibi olabilirler. \u00d6\u011frenciler bu \u00e7\u0131kt\u0131ya ula\u015fmak i\u00e7in Dilbilim alan\u0131yla ilgili derslerde k\u0131sa s\u0131nav, ara s\u0131nav, d\u00f6nem sonu s\u0131nav\u0131, \u00f6dev ve s\u00f6zl\u00fc sunumlar yoluyla desteklenir.<\/p><p><strong>P\u00c711<\/strong>. \u0130kinci dil edinimi teorilerini ve alandaki sorunlar\u0131 ve \u00e7\u00f6z\u00fcmlerini kavrayabilirler. Yaz\u0131nsal yap\u0131tlarda, ki\u015fi, zaman, uzam ve olay \u00f6rg\u00fcs\u00fc, bak\u0131\u015f a\u00e7\u0131lar\u0131, imgeler, izlekler ile ilgili \u00f6zellikleri anlamland\u0131rma ve yorumlama etkinliklerinde bulunabilirler. \u00d6\u011frenciler bu \u00e7\u0131kt\u0131ya ula\u015fmak i\u00e7in Dil \u00d6\u011fretim Y\u00f6ntemleri ve Metotlar\u0131 alan\u0131yla ilgili derslerde k\u0131sa s\u0131nav, ara s\u0131nav, d\u00f6nem sonu s\u0131nav\u0131, \u00f6dev ve s\u00f6zl\u00fc sunumlar yoluyla desteklenir.<\/p><p><strong>P\u00c712<\/strong>. Frans\u0131zcaya veya Almancaya ait temel kavram ve kurallar\u0131 kavrayabilirler. Frans\u0131zcay\u0131 veya Almancay\u0131 yaz\u0131l\u0131 ve s\u00f6zl\u00fc olarak ihtiya\u00e7lar\u0131n\u0131 kar\u015f\u0131layacak \u015fekilde kullanabilirler. \u00d6\u011frenciler bu \u00e7\u0131kt\u0131ya ula\u015fmak i\u00e7in b\u00f6l\u00fcm b\u00fcnyesinde mevcut iki farkl\u0131 yabanc\u0131 dilden birini se\u00e7er ve bu dile ait geli\u015fim s\u00fcre\u00e7leri ilgili derslerde k\u0131sa s\u0131nav, ara s\u0131nav, d\u00f6nem sonu s\u0131nav\u0131, \u00f6dev ve s\u00f6zl\u00fc sunumlar yoluyla desteklenir.<\/p><p><strong>P\u00c713<\/strong>. A\u00e7\u0131klay\u0131c\u0131, tart\u0131\u015fmac\u0131 ya da ikna edici yaz\u0131m bi\u00e7imlerini kullanarak bilimsel kurallara uygun \u00e7al\u0131\u015fma yapabilirler. Ele\u015ftirel teknikler ve terminolojileri hakk\u0131nda bilgi sahibi olabilirler ve bu bilgiyi kullanarak edebi metinleri \u00e7\u00f6z\u00fcmleyebilirler. \u00d6\u011frenciler bu \u00e7\u0131kt\u0131ya ula\u015fmak i\u00e7in ele\u015ftiri, metin \u00e7\u00f6z\u00fcmleme ve yazma becerileri alan\u0131yla ilgili derslerde k\u0131sa s\u0131nav, ara s\u0131nav, d\u00f6nem sonu s\u0131nav\u0131, \u00f6dev ve s\u00f6zl\u00fc sunumlar yoluyla desteklenir.<\/p><p><strong>P\u00c714<\/strong>. Amerikan edebiyat\u0131n\u0131n d\u00f6nemleri, yazar ve eserleri hakk\u0131nda ayr\u0131nt\u0131l\u0131 bilgiye sahip olabilirler. Amerikan edebiyat\u0131n\u0131, tarihini ve entelekt\u00fcel arka plan\u0131n\u0131 kavrayabilirler. Bu \u00e7\u0131kt\u0131ya ula\u015fmak isteyen \u00f6\u011frenciler, Amerikan K\u00fclt\u00fcr\u00fc, Tarihi, Politikas\u0131 ve Edebiyat\u0131 alan\u0131yla ilgili derslerde k\u0131sa s\u0131nav, ara s\u0131nav, d\u00f6nem sonu s\u0131nav\u0131, \u00f6dev ve s\u00f6zl\u00fc sunumlar yoluyla desteklenir.<\/p><p><strong>P\u00c715<\/strong>. Sosyal bilimler alan\u0131nda \u00e7a\u011fda\u015f kuramlar\u0131n ortaya \u00e7\u0131k\u0131\u015f ve geli\u015fim s\u00fcre\u00e7leri hakk\u0131nda bilgi edinebilir ve d\u00fc\u015f\u00fcnsel artalanlar\u0131n\u0131 geni\u015fletebilirler. Akademik disiplin i\u00e7indeki (e\u011fretilemeye duyarl\u0131l\u0131k, sembollerin yorumu, izleksel geli\u015fmelerin ve derin yap\u0131lar\u0131n fark edilmesi gibi) kavray\u0131\u015f tarzlar\u0131n\u0131 (sinema, televizyon, reklam end\u00fcstrisi gibi) di\u011fer alanlara uygulayabilirler. Bu \u00e7\u0131kt\u0131ya ula\u015fmak isteyen \u00f6\u011frenciler, Medya \u00c7al\u0131\u015fmalar\u0131, Film \u00c7al\u0131\u015fmalar\u0131, \u015eiir, Roman ve Tiyatro alan\u0131yla ilgili derslerde k\u0131sa s\u0131nav, ara s\u0131nav, d\u00f6nem sonu s\u0131nav\u0131, \u00f6dev ve s\u00f6zl\u00fc sunumlar yoluyla desteklenir.<\/p>\t\t\t\t\t\t\t\t<\/div>\n\t\t\t\t<\/div>\n\t\t\t\t\t<\/div>\n\t\t<\/div>\n\t\t\t\t\t<\/div>\n\t\t<\/section>\n\t\t\t\t<\/div>\n\t\t","protected":false},"excerpt":{"rendered":"<p>\u0130ngiliz Dili ve Edebiyat\u0131 Program\u0131 \u00c7\u0131kt\u0131lar\u0131 ilgili derslerde, okuma, ders, seminer, \u00f6dev, web tabanl\u0131 \u00f6\u011frenme, proje haz\u0131rlama, grup \u00f6devi, ba\u011f\u0131ms\u0131z \u00f6dev, stajlar, grup \u00e7al\u0131\u015fmas\u0131, serbest \u00e7al\u0131\u015fma, tart\u0131\u015fma gibi yakla\u015f\u0131m ve uygulamalar g\u00f6z \u00f6n\u00fcnde bulundurularak haz\u0131rlanm\u0131\u015f, s\u0131n\u0131fland\u0131r\u0131lm\u0131\u015f ve e\u015fle\u015ftirilmi\u015ftir.\u00a0 P\u00c71. G\u00fc\u00e7l\u00fc ileti\u015fim ve \u00f6rg\u00fctleme becerilerini, k\u00fclt\u00fcrleraras\u0131 ortamlarda mesleki ve akademik ama\u00e7lar \u00e7er\u00e7evesinde sosyal ve ki\u015fisel geli\u015fim [&hellip;]<\/p>\n","protected":false},"author":111,"featured_media":0,"parent":0,"menu_order":0,"comment_status":"closed","ping_status":"closed","template":"","meta":{"footnotes":""},"class_list":["post-7221","page","type-page","status-publish","hentry"],"_links":{"self":[{"href":"https:\/\/atauni.edu.tr\/ingiliz-dili-ve-edebiyati\/wp-json\/wp\/v2\/pages\/7221","targetHints":{"allow":["GET"]}}],"collection":[{"href":"https:\/\/atauni.edu.tr\/ingiliz-dili-ve-edebiyati\/wp-json\/wp\/v2\/pages"}],"about":[{"href":"https:\/\/atauni.edu.tr\/ingiliz-dili-ve-edebiyati\/wp-json\/wp\/v2\/types\/page"}],"author":[{"embeddable":true,"href":"https:\/\/atauni.edu.tr\/ingiliz-dili-ve-edebiyati\/wp-json\/wp\/v2\/users\/111"}],"replies":[{"embeddable":true,"href":"https:\/\/atauni.edu.tr\/ingiliz-dili-ve-edebiyati\/wp-json\/wp\/v2\/comments?post=7221"}],"version-history":[{"count":7,"href":"https:\/\/atauni.edu.tr\/ingiliz-dili-ve-edebiyati\/wp-json\/wp\/v2\/pages\/7221\/revisions"}],"predecessor-version":[{"id":7248,"href":"https:\/\/atauni.edu.tr\/ingiliz-dili-ve-edebiyati\/wp-json\/wp\/v2\/pages\/7221\/revisions\/7248"}],"wp:attachment":[{"href":"https:\/\/atauni.edu.tr\/ingiliz-dili-ve-edebiyati\/wp-json\/wp\/v2\/media?parent=7221"}],"curies":[{"name":"wp","href":"https:\/\/api.w.org\/{rel}","templated":true}]}}