{"id":5682,"date":"2021-07-13T10:10:01","date_gmt":"2021-07-13T07:10:01","guid":{"rendered":"https:\/\/portaltest.atauni.edu.tr\/bilgisayar-muhendisligi\/?page_id=5682"},"modified":"2024-10-12T12:45:13","modified_gmt":"2024-10-12T09:45:13","slug":"misyon-vizyon-ve-temel-degerler","status":"publish","type":"page","link":"https:\/\/atauni.edu.tr\/insaat-muhendisligi\/misyon-vizyon-ve-temel-degerler\/","title":{"rendered":"Misyon, Vizyon ve Temel De\u011ferler"},"content":{"rendered":"\t\t<div data-elementor-type=\"wp-page\" data-elementor-id=\"5682\" class=\"elementor elementor-5682\" data-elementor-post-type=\"page\">\n\t\t\t\t\t\t<section class=\"elementor-section elementor-top-section elementor-element elementor-element-730d320 elementor-section-boxed elementor-section-height-default elementor-section-height-default\" data-id=\"730d320\" data-element_type=\"section\">\n\t\t\t\t\t\t<div class=\"elementor-container elementor-column-gap-default\">\n\t\t\t\t\t<div class=\"elementor-column elementor-col-100 elementor-top-column elementor-element elementor-element-753d0860\" data-id=\"753d0860\" data-element_type=\"column\">\n\t\t\t<div class=\"elementor-widget-wrap\">\n\t\t\t\t\t\t\t<\/div>\n\t\t<\/div>\n\t\t\t\t\t<\/div>\n\t\t<\/section>\n\t\t\t\t<section class=\"elementor-section elementor-top-section elementor-element elementor-element-9be811a elementor-section-boxed elementor-section-height-default elementor-section-height-default\" data-id=\"9be811a\" data-element_type=\"section\">\n\t\t\t\t\t\t<div class=\"elementor-container elementor-column-gap-default\">\n\t\t\t\t\t<div class=\"elementor-column elementor-col-100 elementor-top-column elementor-element elementor-element-1ed847b7\" data-id=\"1ed847b7\" data-element_type=\"column\">\n\t\t\t<div class=\"elementor-widget-wrap elementor-element-populated\">\n\t\t\t\t\t\t<div class=\"elementor-element elementor-element-4ce0d07f elementor-widget elementor-widget-heading\" data-id=\"4ce0d07f\" data-element_type=\"widget\" data-widget_type=\"heading.default\">\n\t\t\t\t<div class=\"elementor-widget-container\">\n\t\t\t\t\t<h2 class=\"elementor-heading-title elementor-size-default\">Misyon, Vizyon ve Temel De\u011ferler<\/h2>\t\t\t\t<\/div>\n\t\t\t\t<\/div>\n\t\t\t\t<div class=\"elementor-element elementor-element-63260862 elementor-widget-divider--view-line elementor-widget elementor-widget-divider\" data-id=\"63260862\" data-element_type=\"widget\" data-widget_type=\"divider.default\">\n\t\t\t\t<div class=\"elementor-widget-container\">\n\t\t\t\t\t\t\t<div class=\"elementor-divider\">\n\t\t\t<span class=\"elementor-divider-separator\">\n\t\t\t\t\t\t<\/span>\n\t\t<\/div>\n\t\t\t\t\t\t<\/div>\n\t\t\t\t<\/div>\n\t\t\t\t\t<\/div>\n\t\t<\/div>\n\t\t\t\t\t<\/div>\n\t\t<\/section>\n\t\t\t\t<section class=\"elementor-section elementor-top-section elementor-element elementor-element-681db8b elementor-section-boxed elementor-section-height-default elementor-section-height-default\" data-id=\"681db8b\" data-element_type=\"section\">\n\t\t\t\t\t\t<div class=\"elementor-container elementor-column-gap-default\">\n\t\t\t\t\t<div class=\"elementor-column elementor-col-100 elementor-top-column elementor-element elementor-element-ad4dac5\" data-id=\"ad4dac5\" data-element_type=\"column\">\n\t\t\t<div class=\"elementor-widget-wrap elementor-element-populated\">\n\t\t\t\t\t\t<div class=\"elementor-element elementor-element-2f96b3d elementor-widget elementor-widget-text-editor\" data-id=\"2f96b3d\" data-element_type=\"widget\" data-widget_type=\"text-editor.default\">\n\t\t\t\t<div class=\"elementor-widget-container\">\n\t\t\t\t\t\t\t\t\t<p><strong>\u00a0 \u00a0Misyonumuz<\/strong><\/p><p>B\u00f6l\u00fcm\u00fcm\u00fcz\u00fcn misyonu, in\u015faat m\u00fchendisli\u011fi alan\u0131nda \u00e7a\u011fda\u015f ve uluslararas\u0131 standartlarda e\u011fitim vererek, m\u00fchendislik sorunlar\u0131n\u0131 \u00e7\u00f6zme yetene\u011fine sahip, yarat\u0131c\u0131, yenilik\u00e7i ve sorumluluk bilinciyle hareket eden bireyler yeti\u015ftirmektir. \u00d6\u011frencilerimizin analitik d\u00fc\u015f\u00fcnme becerilerini geli\u015ftirmek, mesleki ve etik de\u011ferlere ba\u011fl\u0131, \u00e7evreye duyarl\u0131, tak\u0131m \u00e7al\u0131\u015fmas\u0131na yatk\u0131n ve ya\u015fam boyu \u00f6\u011frenmeyi ilke edinmi\u015f in\u015faat m\u00fchendisleri olarak mezun olmalar\u0131n\u0131 sa\u011flamak temel hedefimizdir. Ayr\u0131ca, \u00fclke ve insanl\u0131k yarar\u0131na bilgi \u00fcretme, teknoloji geli\u015ftirme ve bu birikimi toplumla payla\u015farak, sanayiyle b\u00fct\u00fcnle\u015fmi\u015f bir e\u011fitim ve ara\u015ft\u0131rma kurumu olarak hizmet vermek misyonumuzun bir par\u00e7as\u0131d\u0131r.<\/p><p><strong>\u00a0 \u00a0Vizyonumuz<\/strong><\/p><p>Vizyonumuz, in\u015faat m\u00fchendisli\u011fi alan\u0131nda \u00f6nc\u00fc ve lider bir e\u011fitim ve ara\u015ft\u0131rma kurumu olmakt\u0131r. Ulusal ve uluslararas\u0131 d\u00fczeyde bilim ve teknolojiyi takip eden, ara\u015ft\u0131rma ve uygulamalar\u0131yla bilimsel geli\u015fmelere katk\u0131 sa\u011flayan; yarat\u0131c\u0131, ele\u015ftirel d\u00fc\u015f\u00fcnceye sahip, etik de\u011ferlere ba\u011fl\u0131 ve topluma hizmet etmeyi ama\u00e7layan in\u015faat m\u00fchendisleri yeti\u015ftirmeyi hedeflemekteyiz. T\u00fcm e\u011fitim ve ara\u015ft\u0131rma faaliyetlerimizde m\u00fckemmelli\u011fi arayan, bilginin payla\u015f\u0131m\u0131 ve yay\u0131l\u0131m\u0131 ile \u00fclkemizin ve insanl\u0131\u011f\u0131n geli\u015fimine katk\u0131 sunmay\u0131 ama\u00e7layan bir b\u00f6l\u00fcm olmay\u0131 s\u00fcrd\u00fcrece\u011fiz. &#8220;Gelece\u011fin yap\u0131s\u0131n\u0131 kuruyoruz; bilgiyle, azimle ve ustal\u0131kla y\u00fckseliyoruz&#8221; ilkesini benimseyerek, s\u00fcrekli geli\u015fen, yeniliklere h\u0131zla uyum sa\u011flayan ve alan\u0131nda lider bir b\u00f6l\u00fcm olarak varl\u0131\u011f\u0131m\u0131z\u0131 s\u00fcrd\u00fcrmek en b\u00fcy\u00fck vizyonumuzdur.<\/p><p><strong>\u00a0 \u00a0Program\u0131n E\u011fitim Ama\u00e7lar\u0131<\/strong><\/p><p>Fak\u00fcltenin t\u00fcm payda\u015flar\u0131 ile ortak bir ak\u0131l olu\u015fturarak, e\u011fitim ve \u00fclkemizin uluslararas\u0131 rekabet edebilece\u011fi \u00f6ncelikli ara\u015ft\u0131rma alanlar\u0131nda, s\u00fcrekli yenilik\u00e7i ve at\u0131l\u0131mc\u0131 bir g\u00f6rev \u00fcstlenen Atat\u00fcrk \u00dcniversitesi \u0130n\u015faat M\u00fchendisli\u011fi B\u00f6l\u00fcm\u00fc, yukar\u0131da a\u00e7\u0131klanan vizyon ve misyonu do\u011frultusunda olmak \u00fczere \u00f6rg\u00fcn \u00f6\u011fretim programlar\u0131 kapsam\u0131nda sistematik ve etkili bir in\u015faat m\u00fchendisli\u011fi e\u011fitimi verebilmek i\u00e7in a\u015fa\u011f\u0131daki program e\u011fitim ama\u00e7lar\u0131n\u0131 belirlemi\u015ftir.<\/p><ul><li>\u0130n\u015faat M\u00fchendisi olarak kamu kurumlar\u0131nda ve \u00f6zel\/t\u00fczel kurulu\u015flarda teknik personel veya y\u00f6netici olarak g\u00f6rev alabilir.<\/li><li>\u0130n\u015faat m\u00fchendisli\u011finin uygulama alanlar\u0131nda proje m\u00fchendisi, saha m\u00fchendisi veya \u015fantiye \u015fefi olarak g\u00f6rev yapabilir. Ayn\u0131 zamanda kendi m\u00fchendislik \u015firketlerini kurup geli\u015ftirebilir.<\/li><li>E\u011fitimlerini ulusal \u00fcniversitelerde lisans\u00fcst\u00fc d\u00fczeyde s\u00fcrd\u00fcrebilir, akademisyen olabilir.<\/li><\/ul>\t\t\t\t\t\t\t\t<\/div>\n\t\t\t\t<\/div>\n\t\t\t\t\t<\/div>\n\t\t<\/div>\n\t\t\t\t\t<\/div>\n\t\t<\/section>\n\t\t\t\t<\/div>\n\t\t","protected":false},"excerpt":{"rendered":"<p>Misyon, Vizyon ve Temel De\u011ferler \u00a0 \u00a0Misyonumuz B\u00f6l\u00fcm\u00fcm\u00fcz\u00fcn misyonu, in\u015faat m\u00fchendisli\u011fi alan\u0131nda \u00e7a\u011fda\u015f ve uluslararas\u0131 standartlarda e\u011fitim vererek, m\u00fchendislik sorunlar\u0131n\u0131 \u00e7\u00f6zme yetene\u011fine sahip, yarat\u0131c\u0131, yenilik\u00e7i ve sorumluluk bilinciyle hareket eden bireyler yeti\u015ftirmektir. \u00d6\u011frencilerimizin analitik d\u00fc\u015f\u00fcnme becerilerini geli\u015ftirmek, mesleki ve etik de\u011ferlere ba\u011fl\u0131, \u00e7evreye duyarl\u0131, tak\u0131m \u00e7al\u0131\u015fmas\u0131na yatk\u0131n ve ya\u015fam boyu \u00f6\u011frenmeyi ilke edinmi\u015f in\u015faat m\u00fchendisleri [&hellip;]<\/p>\n","protected":false},"author":1,"featured_media":0,"parent":0,"menu_order":0,"comment_status":"closed","ping_status":"closed","template":"elementor_header_footer","meta":{"footnotes":""},"class_list":["post-5682","page","type-page","status-publish","hentry"],"_links":{"self":[{"href":"https:\/\/atauni.edu.tr\/insaat-muhendisligi\/wp-json\/wp\/v2\/pages\/5682","targetHints":{"allow":["GET"]}}],"collection":[{"href":"https:\/\/atauni.edu.tr\/insaat-muhendisligi\/wp-json\/wp\/v2\/pages"}],"about":[{"href":"https:\/\/atauni.edu.tr\/insaat-muhendisligi\/wp-json\/wp\/v2\/types\/page"}],"author":[{"embeddable":true,"href":"https:\/\/atauni.edu.tr\/insaat-muhendisligi\/wp-json\/wp\/v2\/users\/1"}],"replies":[{"embeddable":true,"href":"https:\/\/atauni.edu.tr\/insaat-muhendisligi\/wp-json\/wp\/v2\/comments?post=5682"}],"version-history":[{"count":21,"href":"https:\/\/atauni.edu.tr\/insaat-muhendisligi\/wp-json\/wp\/v2\/pages\/5682\/revisions"}],"predecessor-version":[{"id":8254,"href":"https:\/\/atauni.edu.tr\/insaat-muhendisligi\/wp-json\/wp\/v2\/pages\/5682\/revisions\/8254"}],"wp:attachment":[{"href":"https:\/\/atauni.edu.tr\/insaat-muhendisligi\/wp-json\/wp\/v2\/media?parent=5682"}],"curies":[{"name":"wp","href":"https:\/\/api.w.org\/{rel}","templated":true}]}}