{"id":5728,"date":"2021-07-13T11:33:38","date_gmt":"2021-07-13T08:33:38","guid":{"rendered":"https:\/\/portaltest.atauni.edu.tr\/bilgisayar-muhendisligi\/?page_id=5728"},"modified":"2024-10-12T13:08:25","modified_gmt":"2024-10-12T10:08:25","slug":"bolum-tanitimi","status":"publish","type":"page","link":"https:\/\/atauni.edu.tr\/insaat-muhendisligi\/bolum-tanitimi\/","title":{"rendered":"B\u00f6l\u00fcm Tan\u0131t\u0131m\u0131"},"content":{"rendered":"\t\t<div data-elementor-type=\"wp-page\" data-elementor-id=\"5728\" class=\"elementor elementor-5728\" data-elementor-post-type=\"page\">\n\t\t\t\t\t\t<section class=\"elementor-section elementor-top-section elementor-element elementor-element-730d320 elementor-section-boxed elementor-section-height-default elementor-section-height-default\" data-id=\"730d320\" data-element_type=\"section\">\n\t\t\t\t\t\t<div class=\"elementor-container elementor-column-gap-default\">\n\t\t\t\t\t<div class=\"elementor-column elementor-col-100 elementor-top-column elementor-element elementor-element-753d0860\" data-id=\"753d0860\" data-element_type=\"column\">\n\t\t\t<div class=\"elementor-widget-wrap\">\n\t\t\t\t\t\t\t<\/div>\n\t\t<\/div>\n\t\t\t\t\t<\/div>\n\t\t<\/section>\n\t\t\t\t<section class=\"elementor-section elementor-top-section elementor-element elementor-element-9be811a elementor-section-boxed elementor-section-height-default elementor-section-height-default\" data-id=\"9be811a\" data-element_type=\"section\">\n\t\t\t\t\t\t<div class=\"elementor-container elementor-column-gap-default\">\n\t\t\t\t\t<div class=\"elementor-column elementor-col-100 elementor-top-column elementor-element elementor-element-1ed847b7\" data-id=\"1ed847b7\" data-element_type=\"column\">\n\t\t\t<div class=\"elementor-widget-wrap elementor-element-populated\">\n\t\t\t\t\t\t<div class=\"elementor-element elementor-element-4ce0d07f elementor-widget elementor-widget-heading\" data-id=\"4ce0d07f\" data-element_type=\"widget\" data-widget_type=\"heading.default\">\n\t\t\t\t<div class=\"elementor-widget-container\">\n\t\t\t\t\t<h2 class=\"elementor-heading-title elementor-size-default\">B\u00f6l\u00fcm Tan\u0131t\u0131m\u0131<\/h2>\t\t\t\t<\/div>\n\t\t\t\t<\/div>\n\t\t\t\t<div class=\"elementor-element elementor-element-63260862 elementor-widget-divider--view-line elementor-widget elementor-widget-divider\" data-id=\"63260862\" data-element_type=\"widget\" data-widget_type=\"divider.default\">\n\t\t\t\t<div class=\"elementor-widget-container\">\n\t\t\t\t\t\t\t<div class=\"elementor-divider\">\n\t\t\t<span class=\"elementor-divider-separator\">\n\t\t\t\t\t\t<\/span>\n\t\t<\/div>\n\t\t\t\t\t\t<\/div>\n\t\t\t\t<\/div>\n\t\t\t\t\t<\/div>\n\t\t<\/div>\n\t\t\t\t\t<\/div>\n\t\t<\/section>\n\t\t\t\t<section class=\"elementor-section elementor-top-section elementor-element elementor-element-681db8b elementor-section-boxed elementor-section-height-default elementor-section-height-default\" data-id=\"681db8b\" data-element_type=\"section\">\n\t\t\t\t\t\t<div class=\"elementor-container elementor-column-gap-default\">\n\t\t\t\t\t<div class=\"elementor-column elementor-col-100 elementor-top-column elementor-element elementor-element-ad4dac5\" data-id=\"ad4dac5\" data-element_type=\"column\">\n\t\t\t<div class=\"elementor-widget-wrap elementor-element-populated\">\n\t\t\t\t\t\t<div class=\"elementor-element elementor-element-2f96b3d elementor-widget elementor-widget-text-editor\" data-id=\"2f96b3d\" data-element_type=\"widget\" data-widget_type=\"text-editor.default\">\n\t\t\t\t<div class=\"elementor-widget-container\">\n\t\t\t\t\t\t\t\t\t<div>\n<p style=\"margin: 0cm 0cm 7.5pt 0cm\"><span style=\"font-size: 10.5pt;font-family: 'Arial',sans-serif;color: black\">Atat\u00fcrk \u00dcniversitesi \u0130n\u015faat M\u00fchendisli\u011fi B\u00f6l\u00fcm\u00fc 1986 y\u0131l\u0131nda kurulmu\u015ftur. B\u00f6l\u00fcm\u00fcm\u00fcz \u00f6rg\u00fcn ve ikinci \u00f6\u011fretim programlar\u0131na her y\u0131l yakla\u015f\u0131k 50 \u00f6\u011frenci kay\u0131t yapt\u0131rmaktad\u0131r. \u0130n\u015faat M\u00fchendisli\u011fi B\u00f6l\u00fcm\u00fc 6 anabilim dal\u0131 i\u00e7ermektedir. Bunlar:<\/span><\/p>\n<p style=\"margin: 0cm 0cm 7.5pt 0cm\"><span style=\"font-size: 10.5pt;font-family: 'Arial',sans-serif;color: black\">Geoteknik Anabilim Dal\u0131,<\/span><\/p>\n<p style=\"margin: 0cm 0cm 7.5pt 0cm\"><span style=\"font-size: 10.5pt;font-family: 'Arial',sans-serif;color: black\">Hidrolik Anabilim Dal\u0131,<\/span><\/p>\n<p style=\"margin: 0cm 0cm 7.5pt 0cm\"><span style=\"font-size: 10.5pt;font-family: 'Arial',sans-serif;color: black\">Mekanik Anabilim Dal\u0131,<\/span><\/p>\n<p style=\"margin: 0cm 0cm 7.5pt 0cm\"><span style=\"font-size: 10.5pt;font-family: 'Arial',sans-serif;color: black\">Ula\u015ft\u0131rma Anabilim Dal\u0131,<\/span><\/p>\n<p style=\"margin: 0cm 0cm 7.5pt 0cm\"><span style=\"font-size: 10.5pt;font-family: 'Arial',sans-serif;color: black\">Yap\u0131 Anabilim Dal\u0131,<\/span><\/p>\n<p style=\"margin: 0cm 0cm 7.5pt 0cm\"><span style=\"font-size: 10.5pt;font-family: 'Arial',sans-serif;color: black\">Yap\u0131 Malzemeleri Anabilim Dal\u0131d\u0131r.<\/span><\/p>\n<p style=\"margin: 0cm 0cm 7.5pt 0cm\"><span style=\"font-size: 10.5pt;font-family: 'Arial',sans-serif;color: black\">Fen Bilimleri Enstit\u00fcs\u00fc\u2019ne ba\u011fl\u0131 olarak \u0130n\u015faat M\u00fchendisli\u011fi Anabilim Dal\u0131, lisans ve doktora programlar\u0131 y\u00fcr\u00fctmektedir. \u0130n\u015faat M\u00fchendisli\u011fi B\u00f6l\u00fcm\u00fc b\u00fcnyesinde, Zemin Mekani\u011fi, Hidrolik, Ula\u015ft\u0131rma ve Yap\u0131 Malzemesi ve Tatbiki Mekanik Laboratuvarlar\u0131 bulunmaktad\u0131r. Bu laboratuvarlarda lisans-lisans\u00fcst\u00fc \u00f6\u011frenci deneyleri, bilimsel \u00e7al\u0131\u015fmalar ve d\u00f6ner sermaye i\u015fleri y\u00fcr\u00fct\u00fclmektedir. B\u00f6l\u00fcm\u00fcm\u00fcz 15 Profes\u00f6r, 10 Do\u00e7ent, 7 Doktor \u00d6\u011fretim \u00dcyesi ve 14 Ara\u015ft\u0131rma G\u00f6revlisi ile e\u011fitim-\u00f6\u011fretim faaliyetlerine devam etmektedir. \u0130n\u015faat M\u00fchendisli\u011fi B\u00f6l\u00fcm\u00fc, M\u00fchendislik E\u011fitim Programlar\u0131 De\u011ferlendirme ve Akreditasyon Derne\u011fi (M\u00dcDEK) taraf\u0131ndan akredite edilmi\u015f bir b\u00f6l\u00fcmd\u00fcr.<\/span><\/p>\n<\/div>\t\t\t\t\t\t\t\t<\/div>\n\t\t\t\t<\/div>\n\t\t\t\t\t<\/div>\n\t\t<\/div>\n\t\t\t\t\t<\/div>\n\t\t<\/section>\n\t\t\t\t<\/div>\n\t\t","protected":false},"excerpt":{"rendered":"<p>B\u00f6l\u00fcm Tan\u0131t\u0131m\u0131 Atat\u00fcrk \u00dcniversitesi \u0130n\u015faat M\u00fchendisli\u011fi B\u00f6l\u00fcm\u00fc 1986 y\u0131l\u0131nda kurulmu\u015ftur. B\u00f6l\u00fcm\u00fcm\u00fcz \u00f6rg\u00fcn ve ikinci \u00f6\u011fretim programlar\u0131na her y\u0131l yakla\u015f\u0131k 50 \u00f6\u011frenci kay\u0131t yapt\u0131rmaktad\u0131r. \u0130n\u015faat M\u00fchendisli\u011fi B\u00f6l\u00fcm\u00fc 6 anabilim dal\u0131 i\u00e7ermektedir. Bunlar: Geoteknik Anabilim Dal\u0131, Hidrolik Anabilim Dal\u0131, Mekanik Anabilim Dal\u0131, Ula\u015ft\u0131rma Anabilim Dal\u0131, Yap\u0131 Anabilim Dal\u0131, Yap\u0131 Malzemeleri Anabilim Dal\u0131d\u0131r. Fen Bilimleri Enstit\u00fcs\u00fc\u2019ne ba\u011fl\u0131 olarak [&hellip;]<\/p>\n","protected":false},"author":1,"featured_media":0,"parent":0,"menu_order":0,"comment_status":"closed","ping_status":"closed","template":"elementor_header_footer","meta":{"footnotes":""},"class_list":["post-5728","page","type-page","status-publish","hentry"],"_links":{"self":[{"href":"https:\/\/atauni.edu.tr\/insaat-muhendisligi\/wp-json\/wp\/v2\/pages\/5728","targetHints":{"allow":["GET"]}}],"collection":[{"href":"https:\/\/atauni.edu.tr\/insaat-muhendisligi\/wp-json\/wp\/v2\/pages"}],"about":[{"href":"https:\/\/atauni.edu.tr\/insaat-muhendisligi\/wp-json\/wp\/v2\/types\/page"}],"author":[{"embeddable":true,"href":"https:\/\/atauni.edu.tr\/insaat-muhendisligi\/wp-json\/wp\/v2\/users\/1"}],"replies":[{"embeddable":true,"href":"https:\/\/atauni.edu.tr\/insaat-muhendisligi\/wp-json\/wp\/v2\/comments?post=5728"}],"version-history":[{"count":14,"href":"https:\/\/atauni.edu.tr\/insaat-muhendisligi\/wp-json\/wp\/v2\/pages\/5728\/revisions"}],"predecessor-version":[{"id":8270,"href":"https:\/\/atauni.edu.tr\/insaat-muhendisligi\/wp-json\/wp\/v2\/pages\/5728\/revisions\/8270"}],"wp:attachment":[{"href":"https:\/\/atauni.edu.tr\/insaat-muhendisligi\/wp-json\/wp\/v2\/media?parent=5728"}],"curies":[{"name":"wp","href":"https:\/\/api.w.org\/{rel}","templated":true}]}}