{"id":6182,"date":"2021-11-30T21:17:58","date_gmt":"2021-11-30T18:17:58","guid":{"rendered":"http:\/\/birimler.atauni.edu.tr\/insaat-muhendisligi\/?page_id=6182"},"modified":"2022-02-08T18:13:10","modified_gmt":"2022-02-08T15:13:10","slug":"lisansustu","status":"publish","type":"page","link":"https:\/\/atauni.edu.tr\/insaat-muhendisligi\/lisansustu\/","title":{"rendered":"Lisans\u00fcst\u00fc"},"content":{"rendered":"\t\t<div data-elementor-type=\"wp-page\" data-elementor-id=\"6182\" class=\"elementor elementor-6182\" data-elementor-post-type=\"page\">\n\t\t\t\t\t\t<section class=\"elementor-section elementor-top-section elementor-element elementor-element-a686381 elementor-section-boxed elementor-section-height-default elementor-section-height-default\" data-id=\"a686381\" data-element_type=\"section\">\n\t\t\t\t\t\t<div class=\"elementor-container elementor-column-gap-default\">\n\t\t\t\t\t<div class=\"elementor-column elementor-col-100 elementor-top-column elementor-element elementor-element-b279e77\" data-id=\"b279e77\" data-element_type=\"column\">\n\t\t\t<div class=\"elementor-widget-wrap elementor-element-populated\">\n\t\t\t\t\t\t<div class=\"elementor-element elementor-element-6dcc40f elementor-widget elementor-widget-heading\" data-id=\"6dcc40f\" data-element_type=\"widget\" data-widget_type=\"heading.default\">\n\t\t\t\t<div class=\"elementor-widget-container\">\n\t\t\t\t\t<h2 class=\"elementor-heading-title elementor-size-default\">Lisans\u00fcst\u00fc<\/h2>\t\t\t\t<\/div>\n\t\t\t\t<\/div>\n\t\t\t\t\t<\/div>\n\t\t<\/div>\n\t\t\t\t\t<\/div>\n\t\t<\/section>\n\t\t\t\t<section class=\"elementor-section elementor-top-section elementor-element elementor-element-39a03cb elementor-section-boxed elementor-section-height-default elementor-section-height-default\" data-id=\"39a03cb\" data-element_type=\"section\">\n\t\t\t\t\t\t<div class=\"elementor-container elementor-column-gap-default\">\n\t\t\t\t\t<div class=\"elementor-column elementor-col-100 elementor-top-column elementor-element elementor-element-bc86365\" data-id=\"bc86365\" data-element_type=\"column\">\n\t\t\t<div class=\"elementor-widget-wrap elementor-element-populated\">\n\t\t\t\t\t\t<div class=\"elementor-element elementor-element-00dad0f elementor-widget-divider--view-line elementor-widget elementor-widget-divider\" data-id=\"00dad0f\" data-element_type=\"widget\" data-widget_type=\"divider.default\">\n\t\t\t\t<div class=\"elementor-widget-container\">\n\t\t\t\t\t\t\t<div class=\"elementor-divider\">\n\t\t\t<span class=\"elementor-divider-separator\">\n\t\t\t\t\t\t<\/span>\n\t\t<\/div>\n\t\t\t\t\t\t<\/div>\n\t\t\t\t<\/div>\n\t\t\t\t<div class=\"elementor-element elementor-element-7f5dbff elementor-widget elementor-widget-text-editor\" data-id=\"7f5dbff\" data-element_type=\"widget\" data-widget_type=\"text-editor.default\">\n\t\t\t\t<div class=\"elementor-widget-container\">\n\t\t\t\t\t\t\t\t\t<p><span style=\"letter-spacing: 0px\">Atat\u00fcrk \u00dcniversitesi \u0130n\u015faat M\u00fchendisli\u011fi B\u00f6l\u00fcm\u00fcnde, <\/span><a style=\"background-color: #ffffff;letter-spacing: 0px\" href=\"https:\/\/atauni.edu.tr\/fen-bilimleri-enstitusu\" target=\"_blank\" rel=\"noopener\">Fen Bilimleri Enstit\u00fcs\u00fc<\/a><span style=\"letter-spacing: 0px\">`ne ba\u011fl\u0131 olarak \u0130n\u015faat M\u00fchendisli\u011fi Anabilim Dal\u0131 olarak Geoteknik, Hidrolik, Mekanik, Yap\u0131 ve Yap\u0131 Malzemeleri alanlar\u0131nda y\u00fcksek lisans ve doktora d\u00fczeyinde e\u011fitim ve \u00f6\u011fretim verilmektedir.&nbsp;<\/span><\/p>\t\t\t\t\t\t\t\t<\/div>\n\t\t\t\t<\/div>\n\t\t\t\t\t<\/div>\n\t\t<\/div>\n\t\t\t\t\t<\/div>\n\t\t<\/section>\n\t\t\t\t<\/div>\n\t\t","protected":false},"excerpt":{"rendered":"<p>Lisans\u00fcst\u00fc Atat\u00fcrk \u00dcniversitesi \u0130n\u015faat M\u00fchendisli\u011fi B\u00f6l\u00fcm\u00fcnde, Fen Bilimleri Enstit\u00fcs\u00fc`ne ba\u011fl\u0131 olarak \u0130n\u015faat M\u00fchendisli\u011fi Anabilim Dal\u0131 olarak Geoteknik, Hidrolik, Mekanik, Yap\u0131 ve Yap\u0131 Malzemeleri alanlar\u0131nda y\u00fcksek lisans ve doktora d\u00fczeyinde e\u011fitim ve \u00f6\u011fretim verilmektedir.&nbsp;<\/p>\n","protected":false},"author":112,"featured_media":0,"parent":0,"menu_order":0,"comment_status":"closed","ping_status":"closed","template":"elementor_header_footer","meta":{"footnotes":""},"class_list":["post-6182","page","type-page","status-publish","hentry"],"_links":{"self":[{"href":"https:\/\/atauni.edu.tr\/insaat-muhendisligi\/wp-json\/wp\/v2\/pages\/6182","targetHints":{"allow":["GET"]}}],"collection":[{"href":"https:\/\/atauni.edu.tr\/insaat-muhendisligi\/wp-json\/wp\/v2\/pages"}],"about":[{"href":"https:\/\/atauni.edu.tr\/insaat-muhendisligi\/wp-json\/wp\/v2\/types\/page"}],"author":[{"embeddable":true,"href":"https:\/\/atauni.edu.tr\/insaat-muhendisligi\/wp-json\/wp\/v2\/users\/112"}],"replies":[{"embeddable":true,"href":"https:\/\/atauni.edu.tr\/insaat-muhendisligi\/wp-json\/wp\/v2\/comments?post=6182"}],"version-history":[{"count":27,"href":"https:\/\/atauni.edu.tr\/insaat-muhendisligi\/wp-json\/wp\/v2\/pages\/6182\/revisions"}],"predecessor-version":[{"id":7180,"href":"https:\/\/atauni.edu.tr\/insaat-muhendisligi\/wp-json\/wp\/v2\/pages\/6182\/revisions\/7180"}],"wp:attachment":[{"href":"https:\/\/atauni.edu.tr\/insaat-muhendisligi\/wp-json\/wp\/v2\/media?parent=6182"}],"curies":[{"name":"wp","href":"https:\/\/api.w.org\/{rel}","templated":true}]}}