{"id":5682,"date":"2021-07-13T10:10:01","date_gmt":"2021-07-13T07:10:01","guid":{"rendered":"https:\/\/portaltest.atauni.edu.tr\/bilgisayar-muhendisligi\/?page_id=5682"},"modified":"2021-08-27T15:48:11","modified_gmt":"2021-08-27T12:48:11","slug":"misyon-vizyon-ve-temel-degerler","status":"publish","type":"page","link":"https:\/\/atauni.edu.tr\/insan-kaynaklari-ofisi\/misyon-vizyon-ve-temel-degerler\/","title":{"rendered":"Misyon, Vizyon ve Temel De\u011ferler"},"content":{"rendered":"\t\t<div data-elementor-type=\"wp-page\" data-elementor-id=\"5682\" class=\"elementor elementor-5682\" data-elementor-post-type=\"page\">\n\t\t\t\t\t\t<section class=\"elementor-section elementor-top-section elementor-element elementor-element-730d320 elementor-section-boxed elementor-section-height-default elementor-section-height-default\" data-id=\"730d320\" data-element_type=\"section\">\n\t\t\t\t\t\t<div class=\"elementor-container elementor-column-gap-default\">\n\t\t\t\t\t<div class=\"elementor-column elementor-col-100 elementor-top-column elementor-element elementor-element-753d0860\" data-id=\"753d0860\" data-element_type=\"column\">\n\t\t\t<div class=\"elementor-widget-wrap\">\n\t\t\t\t\t\t\t<\/div>\n\t\t<\/div>\n\t\t\t\t\t<\/div>\n\t\t<\/section>\n\t\t\t\t<section class=\"elementor-section elementor-top-section elementor-element elementor-element-9be811a elementor-section-boxed elementor-section-height-default elementor-section-height-default\" data-id=\"9be811a\" data-element_type=\"section\">\n\t\t\t\t\t\t<div class=\"elementor-container elementor-column-gap-default\">\n\t\t\t\t\t<div class=\"elementor-column elementor-col-100 elementor-top-column elementor-element elementor-element-1ed847b7\" data-id=\"1ed847b7\" data-element_type=\"column\">\n\t\t\t<div class=\"elementor-widget-wrap elementor-element-populated\">\n\t\t\t\t\t\t<div class=\"elementor-element elementor-element-4ce0d07f elementor-widget elementor-widget-heading\" data-id=\"4ce0d07f\" data-element_type=\"widget\" data-widget_type=\"heading.default\">\n\t\t\t\t<div class=\"elementor-widget-container\">\n\t\t\t\t\t<h2 class=\"elementor-heading-title elementor-size-default\">Misyon, Vizyon ve Temel De\u011ferler<\/h2>\t\t\t\t<\/div>\n\t\t\t\t<\/div>\n\t\t\t\t<div class=\"elementor-element elementor-element-63260862 elementor-widget-divider--view-line elementor-widget elementor-widget-divider\" data-id=\"63260862\" data-element_type=\"widget\" data-widget_type=\"divider.default\">\n\t\t\t\t<div class=\"elementor-widget-container\">\n\t\t\t\t\t\t\t<div class=\"elementor-divider\">\n\t\t\t<span class=\"elementor-divider-separator\">\n\t\t\t\t\t\t<\/span>\n\t\t<\/div>\n\t\t\t\t\t\t<\/div>\n\t\t\t\t<\/div>\n\t\t\t\t\t<\/div>\n\t\t<\/div>\n\t\t\t\t\t<\/div>\n\t\t<\/section>\n\t\t\t\t<section class=\"elementor-section elementor-top-section elementor-element elementor-element-681db8b elementor-section-boxed elementor-section-height-default elementor-section-height-default\" data-id=\"681db8b\" data-element_type=\"section\">\n\t\t\t\t\t\t<div class=\"elementor-container elementor-column-gap-default\">\n\t\t\t\t\t<div class=\"elementor-column elementor-col-100 elementor-top-column elementor-element elementor-element-ad4dac5\" data-id=\"ad4dac5\" data-element_type=\"column\">\n\t\t\t<div class=\"elementor-widget-wrap elementor-element-populated\">\n\t\t\t\t\t\t<div class=\"elementor-element elementor-element-2f96b3d elementor-widget elementor-widget-text-editor\" data-id=\"2f96b3d\" data-element_type=\"widget\" data-widget_type=\"text-editor.default\">\n\t\t\t\t<div class=\"elementor-widget-container\">\n\t\t\t\t\t\t\t\t\t<p>Atat\u00fcrk \u00dcniversitesi \u0130nsan Kaynaklar\u0131 Ofisi, \u00fcniversitenin insan g\u00fcc\u00fcn\u00fc etkin ve verimli \u015fekilde y\u00f6netmek amac\u0131yla kurulmu\u015ftur. Ofisimizin temel amac\u0131, personelin i\u015fe al\u0131m\u0131ndan e\u011fitimine, Performans de\u011ferlendirmesinden \u00f6d\u00fcllendirilmesine kadar t\u00fcm s\u00fcre\u00e7leri kapsayan bir yap\u0131 olu\u015fturmakt\u0131r.<\/p>\n<p>Misyonumuz, personelimizin yetkinli\u011fini ve memnuniyetini art\u0131rarak, \u00fcniversitemizin vizyonuna ula\u015fmas\u0131na katk\u0131da bulunmakt\u0131r. Bunu ger\u00e7ekle\u015ftirirken, insan kaynaklar\u0131 y\u00f6netimindeki en iyi uygulamalar\u0131 takip etmek ve s\u00fcrekli iyile\u015ftirme yakla\u015f\u0131m\u0131n\u0131 benimsemek esas al\u0131nmaktad\u0131r.<\/p>\n<p>Vizyonumuz, Atat\u00fcrk \u00dcniversitesi&#8217;nin hedeflerine ula\u015fabilmesi i\u00e7in gerekli olan g\u00fc\u00e7l\u00fc, motive ve yetkin bir personel yap\u0131s\u0131n\u0131 olu\u015fturarak, \u00fcniversitemizin e\u011fitim, ara\u015ft\u0131rma ve topluma hizmet misyonunu desteklemektir. Bunun i\u00e7in personelimizle birlikte \u00e7al\u0131\u015farak, onlar\u0131n geli\u015fimine ve ba\u015far\u0131s\u0131na odaklan\u0131yoruz.<\/p>\n<p>Temel de\u011ferlerimiz aras\u0131nda, personelimizin sayg\u0131nl\u0131\u011f\u0131, adil ve \u015feffaf y\u00f6netim, s\u00fcrekli \u00f6\u011frenme ve geli\u015fim, tak\u0131m ruhu ve m\u00fc\u015fteri memnuniyeti bulunmaktad\u0131r. Bu de\u011ferleri benimseyerek, \u00fcniversitemizdeki t\u00fcm bireylerin birbirlerine ve kuruma kar\u015f\u0131 g\u00fcven duymalar\u0131n\u0131 sa\u011flamak hedeflenmektedir.<\/p>\n<p>Atat\u00fcrk \u00dcniversitesi \u0130nsan Kaynaklar\u0131 Ofisi olarak, personelimizin \u00fcniversite i\u00e7erisindeki yeri ve \u00f6nemini s\u00fcrekli vurgulamaya \u00e7al\u0131\u015farak, onlar\u0131n haklar\u0131n\u0131 koruyup geli\u015ftirmeyi ama\u00e7l\u0131yoruz. Ayr\u0131ca, i\u015f birli\u011fi i\u00e7erisinde oldu\u011fumuz di\u011fer birimlerle de koordinasyon halinde \u00e7al\u0131\u015farak, \u00fcniversitemizin genel hedeflerine ula\u015fmas\u0131na katk\u0131da bulunmay\u0131 hedefliyoruz.<\/p>\t\t\t\t\t\t\t\t<\/div>\n\t\t\t\t<\/div>\n\t\t\t\t\t<\/div>\n\t\t<\/div>\n\t\t\t\t\t<\/div>\n\t\t<\/section>\n\t\t\t\t<\/div>\n\t\t","protected":false},"excerpt":{"rendered":"<p>Misyon, Vizyon ve Temel De\u011ferler Lorem Ipsum Nedir? Lorem Ipsum, dizgi ve bask\u0131 end\u00fcstrisinde kullan\u0131lan m\u0131g\u0131r metinlerdir. Lorem Ipsum, ad\u0131 bilinmeyen bir matbaac\u0131n\u0131n bir hurufat numune kitab\u0131 olu\u015fturmak \u00fczere bir yaz\u0131 galerisini alarak kar\u0131\u015ft\u0131rd\u0131\u011f\u0131 1500&#8217;lerden beri end\u00fcstri standard\u0131 sahte metinler olarak kullan\u0131lm\u0131\u015ft\u0131r. Be\u015fy\u00fcz y\u0131l boyunca varl\u0131\u011f\u0131n\u0131 s\u00fcrd\u00fcrmekle kalmam\u0131\u015f, ayn\u0131 zamanda pek de\u011fi\u015fmeden elektronik dizgiye de [&hellip;]<\/p>\n","protected":false},"author":1,"featured_media":0,"parent":0,"menu_order":0,"comment_status":"closed","ping_status":"closed","template":"elementor_header_footer","meta":{"footnotes":""},"class_list":["post-5682","page","type-page","status-publish","hentry"],"_links":{"self":[{"href":"https:\/\/atauni.edu.tr\/insan-kaynaklari-ofisi\/wp-json\/wp\/v2\/pages\/5682","targetHints":{"allow":["GET"]}}],"collection":[{"href":"https:\/\/atauni.edu.tr\/insan-kaynaklari-ofisi\/wp-json\/wp\/v2\/pages"}],"about":[{"href":"https:\/\/atauni.edu.tr\/insan-kaynaklari-ofisi\/wp-json\/wp\/v2\/types\/page"}],"author":[{"embeddable":true,"href":"https:\/\/atauni.edu.tr\/insan-kaynaklari-ofisi\/wp-json\/wp\/v2\/users\/1"}],"replies":[{"embeddable":true,"href":"https:\/\/atauni.edu.tr\/insan-kaynaklari-ofisi\/wp-json\/wp\/v2\/comments?post=5682"}],"version-history":[{"count":8,"href":"https:\/\/atauni.edu.tr\/insan-kaynaklari-ofisi\/wp-json\/wp\/v2\/pages\/5682\/revisions"}],"predecessor-version":[{"id":6079,"href":"https:\/\/atauni.edu.tr\/insan-kaynaklari-ofisi\/wp-json\/wp\/v2\/pages\/5682\/revisions\/6079"}],"wp:attachment":[{"href":"https:\/\/atauni.edu.tr\/insan-kaynaklari-ofisi\/wp-json\/wp\/v2\/media?parent=5682"}],"curies":[{"name":"wp","href":"https:\/\/api.w.org\/{rel}","templated":true}]}}