{"id":5638,"date":"2021-07-13T09:49:25","date_gmt":"2021-07-13T06:49:25","guid":{"rendered":"https:\/\/portaltest.atauni.edu.tr\/bilgisayar-muhendisligi\/?page_id=5638"},"modified":"2021-09-13T10:21:35","modified_gmt":"2021-09-13T07:21:35","slug":"tarihce","status":"publish","type":"page","link":"https:\/\/atauni.edu.tr\/insan-kaynaklari-yonetimi-1\/tarihce\/","title":{"rendered":"Tarih\u00e7e"},"content":{"rendered":"\t\t<div data-elementor-type=\"wp-page\" data-elementor-id=\"5638\" class=\"elementor elementor-5638\" data-elementor-post-type=\"page\">\n\t\t\t\t\t\t<section class=\"elementor-section elementor-top-section elementor-element elementor-element-730d320 elementor-section-boxed elementor-section-height-default elementor-section-height-default\" data-id=\"730d320\" data-element_type=\"section\">\n\t\t\t\t\t\t<div class=\"elementor-container elementor-column-gap-default\">\n\t\t\t\t\t<div class=\"elementor-column elementor-col-100 elementor-top-column elementor-element elementor-element-753d0860\" data-id=\"753d0860\" data-element_type=\"column\">\n\t\t\t<div class=\"elementor-widget-wrap\">\n\t\t\t\t\t\t\t<\/div>\n\t\t<\/div>\n\t\t\t\t\t<\/div>\n\t\t<\/section>\n\t\t\t\t<section class=\"elementor-section elementor-top-section elementor-element elementor-element-9be811a elementor-section-boxed elementor-section-height-default elementor-section-height-default\" data-id=\"9be811a\" data-element_type=\"section\">\n\t\t\t\t\t\t<div class=\"elementor-container elementor-column-gap-default\">\n\t\t\t\t\t<div class=\"elementor-column elementor-col-100 elementor-top-column elementor-element elementor-element-1ed847b7\" data-id=\"1ed847b7\" data-element_type=\"column\">\n\t\t\t<div class=\"elementor-widget-wrap elementor-element-populated\">\n\t\t\t\t\t\t<div class=\"elementor-element elementor-element-4ce0d07f elementor-widget elementor-widget-heading\" data-id=\"4ce0d07f\" data-element_type=\"widget\" data-widget_type=\"heading.default\">\n\t\t\t\t<div class=\"elementor-widget-container\">\n\t\t\t\t\t<h2 class=\"elementor-heading-title elementor-size-default\">Tarih\u00e7e<\/h2>\t\t\t\t<\/div>\n\t\t\t\t<\/div>\n\t\t\t\t<div class=\"elementor-element elementor-element-63260862 elementor-widget-divider--view-line elementor-widget elementor-widget-divider\" data-id=\"63260862\" data-element_type=\"widget\" data-widget_type=\"divider.default\">\n\t\t\t\t<div class=\"elementor-widget-container\">\n\t\t\t\t\t\t\t<div class=\"elementor-divider\">\n\t\t\t<span class=\"elementor-divider-separator\">\n\t\t\t\t\t\t<\/span>\n\t\t<\/div>\n\t\t\t\t\t\t<\/div>\n\t\t\t\t<\/div>\n\t\t\t\t\t<\/div>\n\t\t<\/div>\n\t\t\t\t\t<\/div>\n\t\t<\/section>\n\t\t\t\t<section class=\"elementor-section elementor-top-section elementor-element elementor-element-681db8b elementor-section-boxed elementor-section-height-default elementor-section-height-default\" data-id=\"681db8b\" data-element_type=\"section\">\n\t\t\t\t\t\t<div class=\"elementor-container elementor-column-gap-default\">\n\t\t\t\t\t<div class=\"elementor-column elementor-col-100 elementor-top-column elementor-element elementor-element-ad4dac5\" data-id=\"ad4dac5\" data-element_type=\"column\">\n\t\t\t<div class=\"elementor-widget-wrap elementor-element-populated\">\n\t\t\t\t\t\t<div class=\"elementor-element elementor-element-2f96b3d elementor-widget elementor-widget-text-editor\" data-id=\"2f96b3d\" data-element_type=\"widget\" data-widget_type=\"text-editor.default\">\n\t\t\t\t<div class=\"elementor-widget-container\">\n\t\t\t\t\t\t\t\t\t<p>Atat\u00fcrk \u00dcniversitesi, uzun ve k\u00f6kl\u00fc bir ge\u00e7mi\u015fe sahip olan bir y\u00fcksek\u00f6\u011fretim kurumudur. \u00dcniversitenin tarihi, Cumhuriyetin ilk y\u0131llar\u0131na kadar uzanmaktad\u0131r.<\/p>\n<p>\u00dcniversite, \u00fclkenin e\u011fitim ve \u00f6\u011fretim alan\u0131ndaki ihtiya\u00e7lar\u0131n\u0131 kar\u015f\u0131lamak amac\u0131yla kurulmu\u015ftur. Kuruldu\u011fu g\u00fcnden bu yana, Atat\u00fcrk \u00dcniversitesi, toplumun sosyal, k\u00fclt\u00fcrel ve ekonomik geli\u015fimine katk\u0131da bulunmay\u0131 ama\u00e7 edinmi\u015ftir.<\/p>\n<p>Bu do\u011frultuda, \u00fcniversite, \u00e7e\u015fitli akademik birimleri, ara\u015ft\u0131rma merkezleri ve uygulamal\u0131 e\u011fitim olanaklar\u0131 ile \u00f6\u011frencilere geni\u015f kapsaml\u0131 bir \u00f6\u011frenim ortam\u0131 sunmaktad\u0131r. Ayr\u0131ca, Atat\u00fcrk \u00dcniversitesi, ulusal ve uluslararas\u0131 i\u015fbirlikleri ile de akademik ve k\u00fclt\u00fcrel al\u0131\u015fveri\u015fi te\u015fvik etmektedir.<\/p>\n<p>\u00dcniversitenin \u0130nsan Kaynaklar\u0131 Y\u00f6netimi birimi, \u00e7al\u0131\u015fanlar\u0131n geli\u015fimi, memnuniyeti ve verimlili\u011fi i\u00e7in \u00e7al\u0131\u015fmaktad\u0131r. Bu birim, personel al\u0131m\u0131, e\u011fitim ve \u00f6\u011fretim faaliyetleri, performans de\u011ferlendirmesi gibi konularda\u91cd\u8981 g\u00f6revler \u00fcstlenmektedir.<\/p>\n<p>Atat\u00fcrk \u00dcniversitesi, e\u011fitim-\u00f6\u011fretim etkinliklerinin yan\u0131 s\u0131ra, toplumun de\u011fi\u015fik kesimlerine hitap eden k\u00fclt\u00fcr-sanat etkinlikleri ve sosyal sorumluluk projelerine de \u00f6nem vermektedir. Bu \u015fekilde, \u00fcniversite, topluma hizmet anlay\u0131\u015f\u0131n\u0131 somut olarak uygulamaya \u00e7al\u0131\u015fmaktad\u0131r.<\/p>\n<p>\u00dcniversitenin k\u00f6kl\u00fc ge\u00e7mi\u015fi, akademik ba\u015far\u0131lar\u0131 ve toplumsal katk\u0131lar\u0131yla birlikte, Atat\u00fcrk \u00dcniversitesi, \u00fclkenin \u00f6nde gelen y\u00fcksek\u00f6\u011fretim kurumlar\u0131 aras\u0131nda yer almaktad\u0131r.<\/p>\t\t\t\t\t\t\t\t<\/div>\n\t\t\t\t<\/div>\n\t\t\t\t\t<\/div>\n\t\t<\/div>\n\t\t\t\t\t<\/div>\n\t\t<\/section>\n\t\t\t\t<\/div>\n\t\t","protected":false},"excerpt":{"rendered":"<p>Tarih\u00e7e Lorem Ipsum Nedir? Lorem Ipsum, dizgi ve bask\u0131 end\u00fcstrisinde kullan\u0131lan m\u0131g\u0131r metinlerdir. Lorem Ipsum, ad\u0131 bilinmeyen bir matbaac\u0131n\u0131n bir hurufat numune kitab\u0131 olu\u015fturmak \u00fczere bir yaz\u0131 galerisini alarak kar\u0131\u015ft\u0131rd\u0131\u011f\u0131 1500&#8217;lerden beri end\u00fcstri standard\u0131 sahte metinler olarak kullan\u0131lm\u0131\u015ft\u0131r. Be\u015fy\u00fcz y\u0131l boyunca varl\u0131\u011f\u0131n\u0131 s\u00fcrd\u00fcrmekle kalmam\u0131\u015f, ayn\u0131 zamanda pek de\u011fi\u015fmeden elektronik dizgiye de s\u0131\u00e7ram\u0131\u015ft\u0131r. 1960&#8217;larda Lorem Ipsum [&hellip;]<\/p>\n","protected":false},"author":1,"featured_media":0,"parent":0,"menu_order":0,"comment_status":"closed","ping_status":"closed","template":"","meta":{"footnotes":""},"class_list":["post-5638","page","type-page","status-publish","hentry"],"_links":{"self":[{"href":"https:\/\/atauni.edu.tr\/insan-kaynaklari-yonetimi-1\/wp-json\/wp\/v2\/pages\/5638","targetHints":{"allow":["GET"]}}],"collection":[{"href":"https:\/\/atauni.edu.tr\/insan-kaynaklari-yonetimi-1\/wp-json\/wp\/v2\/pages"}],"about":[{"href":"https:\/\/atauni.edu.tr\/insan-kaynaklari-yonetimi-1\/wp-json\/wp\/v2\/types\/page"}],"author":[{"embeddable":true,"href":"https:\/\/atauni.edu.tr\/insan-kaynaklari-yonetimi-1\/wp-json\/wp\/v2\/users\/1"}],"replies":[{"embeddable":true,"href":"https:\/\/atauni.edu.tr\/insan-kaynaklari-yonetimi-1\/wp-json\/wp\/v2\/comments?post=5638"}],"version-history":[{"count":22,"href":"https:\/\/atauni.edu.tr\/insan-kaynaklari-yonetimi-1\/wp-json\/wp\/v2\/pages\/5638\/revisions"}],"predecessor-version":[{"id":6117,"href":"https:\/\/atauni.edu.tr\/insan-kaynaklari-yonetimi-1\/wp-json\/wp\/v2\/pages\/5638\/revisions\/6117"}],"wp:attachment":[{"href":"https:\/\/atauni.edu.tr\/insan-kaynaklari-yonetimi-1\/wp-json\/wp\/v2\/media?parent=5638"}],"curies":[{"name":"wp","href":"https:\/\/api.w.org\/{rel}","templated":true}]}}