{"id":5682,"date":"2021-07-13T10:10:01","date_gmt":"2021-07-13T07:10:01","guid":{"rendered":"https:\/\/portaltest.atauni.edu.tr\/bilgisayar-muhendisligi\/?page_id=5682"},"modified":"2022-11-04T09:53:09","modified_gmt":"2022-11-04T06:53:09","slug":"misyon-vizyon-ve-temel-degerler","status":"publish","type":"page","link":"https:\/\/atauni.edu.tr\/insani-degerler-egitimi-uygulama-ve-arastirma-merkezi\/misyon-vizyon-ve-temel-degerler\/","title":{"rendered":"Misyon, Vizyon ve Temel De\u011ferler"},"content":{"rendered":"\t\t<div data-elementor-type=\"wp-page\" data-elementor-id=\"5682\" class=\"elementor elementor-5682\" data-elementor-post-type=\"page\">\n\t\t\t\t\t\t<section class=\"elementor-section elementor-top-section elementor-element elementor-element-730d320 elementor-section-boxed elementor-section-height-default elementor-section-height-default\" data-id=\"730d320\" data-element_type=\"section\">\n\t\t\t\t\t\t<div class=\"elementor-container elementor-column-gap-default\">\n\t\t\t\t\t<div class=\"elementor-column elementor-col-100 elementor-top-column elementor-element elementor-element-753d0860\" data-id=\"753d0860\" data-element_type=\"column\">\n\t\t\t<div class=\"elementor-widget-wrap\">\n\t\t\t\t\t\t\t<\/div>\n\t\t<\/div>\n\t\t\t\t\t<\/div>\n\t\t<\/section>\n\t\t\t\t<section class=\"elementor-section elementor-top-section elementor-element elementor-element-9be811a elementor-section-boxed elementor-section-height-default elementor-section-height-default\" data-id=\"9be811a\" data-element_type=\"section\">\n\t\t\t\t\t\t<div class=\"elementor-container elementor-column-gap-default\">\n\t\t\t\t\t<div class=\"elementor-column elementor-col-100 elementor-top-column elementor-element elementor-element-1ed847b7\" data-id=\"1ed847b7\" data-element_type=\"column\">\n\t\t\t<div class=\"elementor-widget-wrap elementor-element-populated\">\n\t\t\t\t\t\t<div class=\"elementor-element elementor-element-4ce0d07f elementor-widget elementor-widget-heading\" data-id=\"4ce0d07f\" data-element_type=\"widget\" data-widget_type=\"heading.default\">\n\t\t\t\t<div class=\"elementor-widget-container\">\n\t\t\t\t\t<h2 class=\"elementor-heading-title elementor-size-default\">De\u011fer Nedir?<\/h2>\t\t\t\t<\/div>\n\t\t\t\t<\/div>\n\t\t\t\t<div class=\"elementor-element elementor-element-63260862 elementor-widget-divider--view-line elementor-widget elementor-widget-divider\" data-id=\"63260862\" data-element_type=\"widget\" data-widget_type=\"divider.default\">\n\t\t\t\t<div class=\"elementor-widget-container\">\n\t\t\t\t\t\t\t<div class=\"elementor-divider\">\n\t\t\t<span class=\"elementor-divider-separator\">\n\t\t\t\t\t\t<\/span>\n\t\t<\/div>\n\t\t\t\t\t\t<\/div>\n\t\t\t\t<\/div>\n\t\t\t\t\t<\/div>\n\t\t<\/div>\n\t\t\t\t\t<\/div>\n\t\t<\/section>\n\t\t\t\t<section class=\"elementor-section elementor-top-section elementor-element elementor-element-681db8b elementor-section-boxed elementor-section-height-default elementor-section-height-default\" data-id=\"681db8b\" data-element_type=\"section\">\n\t\t\t\t\t\t<div class=\"elementor-container elementor-column-gap-default\">\n\t\t\t\t\t<div class=\"elementor-column elementor-col-100 elementor-top-column elementor-element elementor-element-ad4dac5\" data-id=\"ad4dac5\" data-element_type=\"column\">\n\t\t\t<div class=\"elementor-widget-wrap elementor-element-populated\">\n\t\t\t\t\t\t<div class=\"elementor-element elementor-element-2f96b3d elementor-widget elementor-widget-text-editor\" data-id=\"2f96b3d\" data-element_type=\"widget\" data-widget_type=\"text-editor.default\">\n\t\t\t\t<div class=\"elementor-widget-container\">\n\t\t\t\t\t\t\t\t\t<p><b>De\u011fer terimi bazen iyi, uygun, istenen ve de\u011ferli olarak kabul edilen objeler veya konular, bazen de insanlar\u0131n be\u011fendi\u011fi ve \u00f6nem atfetti\u011fi inan\u00e7lar\u0131 i\u00e7inde alacak kadar geni\u015f bir yelpazede kullan\u0131lmaktad\u0131r (Betralanffy, 1973; Fichter, 1996; \u00dcnal, 1981). Bu nedenle de\u011fer ve de\u011ferlerin tan\u0131mlanmas\u0131nda bilim d\u00fcnyas\u0131 uzla\u015fabilmi\u015f de\u011fildir. Zira farkl\u0131 bilimsel disiplinlere, hatta ayn\u0131 disiplin i\u00e7eri\u015finde yer alan ve kuramlar\u0131n olguyu tan\u0131mlarken hareket ettikleri at\u0131f noktalar\u0131ndaki \u00e7e\u015fitlilik bilim adamlar\u0131 bir \u00e7\u0131rp\u0131da y\u00fczlerce de\u011fer tipi ile kar\u015f\u0131 kars\u0131ya b\u0131rakmaktad\u0131r . Buna g\u00f6re yap\u0131lan de\u011fer tan\u0131mlar\u0131ndan baz\u0131lar\u0131 \u015funlard\u0131r:<\/b><\/p><p><b>T\u00fcrk Dil Kurumu (TDK) B\u00fcy\u00fck T\u00fcrk\u00e7e S\u00f6zl\u00fckte\u00a0 &#8220;de\u011fer&#8221; s\u00f6zc\u00fcg\u00fcne kar\u015f\u0131l\u0131k olarak \u015fu tan\u0131mlar bulunmaktad\u0131r.<\/b><\/p><ol><li><b>Bir \u015feyin \u00f6nemini belirlemeye yarayan soyut \u00f6l\u00e7\u00fc, bir \u015feyin de\u011fdi\u011fi kar\u015f\u0131l\u0131k, k\u0131ymet.<\/b><\/li><li><b>\u00dcst\u00fcn nitelik, meziyet, k\u0131ymet.<\/b><\/li><li><b>Ki\u015finin isteyen, gereksinim duyan bir varl\u0131k olarak nesne ile ba\u011flant\u0131s\u0131nda beliren \u015fey.<\/b><\/li><li><b>Bir ulusum sahip oldu\u011fu sosyal, k\u00fclt\u00fcrel, ekonomik ve bilimsel de\u011ferler kapsayan maddi ve manevi \u00f6\u011felerin b\u00fct\u00fcn\u00fcd\u00fcr.<\/b><\/li><\/ol><p><b>\u00a0&#8220;De\u011fer, istek, tercih ve arzular\u0131 yans\u0131tan, bir \u015feyin arzu edilebilir veya edilemez oldu\u011fu hakk\u0131mdaki inan\u00e7t\u0131r.&#8221; (G\u00fcng\u00f6r, 1993: 19).<\/b><\/p><p><b>&#8220;De\u011fer, insanlar\u0131n, hayat\u0131n anlam\u0131 ve g\u00fcnl\u00fck ya\u015fam\u0131n bi\u00e7imlendirmesi konusunda alternatif yollar aras\u0131nda bir tercih yapmalar\u0131n\u0131 sa\u011flayan, yol g\u00f6sterici nitelikteki soyut-somut ilke, inan\u00e7 veya varl\u0131klardan her biri.&#8221; ( Kirman, 2004:57).<\/b><\/p><p><b>&#8220;De\u011fer, bireyin nas\u0131l davranmas\u0131 gerekti\u011fini ili\u015fkin i\u00e7selle\u015ftirilmi\u015f bir inan\u00e7t\u0131r.&#8221; (Meydan ve Bah\u00e7e, 2010).<\/b><\/p>\t\t\t\t\t\t\t\t<\/div>\n\t\t\t\t<\/div>\n\t\t\t\t\t<\/div>\n\t\t<\/div>\n\t\t\t\t\t<\/div>\n\t\t<\/section>\n\t\t\t\t<\/div>\n\t\t","protected":false},"excerpt":{"rendered":"<p>De\u011fer Nedir? De\u011fer terimi bazen iyi, uygun, istenen ve de\u011ferli olarak kabul edilen objeler veya konular, bazen de insanlar\u0131n be\u011fendi\u011fi ve \u00f6nem atfetti\u011fi inan\u00e7lar\u0131 i\u00e7inde alacak kadar geni\u015f bir yelpazede kullan\u0131lmaktad\u0131r (Betralanffy, 1973; Fichter, 1996; \u00dcnal, 1981). Bu nedenle de\u011fer ve de\u011ferlerin tan\u0131mlanmas\u0131nda bilim d\u00fcnyas\u0131 uzla\u015fabilmi\u015f de\u011fildir. Zira farkl\u0131 bilimsel disiplinlere, hatta ayn\u0131 disiplin i\u00e7eri\u015finde [&hellip;]<\/p>\n","protected":false},"author":1,"featured_media":0,"parent":0,"menu_order":0,"comment_status":"closed","ping_status":"closed","template":"elementor_header_footer","meta":{"footnotes":""},"class_list":["post-5682","page","type-page","status-publish","hentry"],"_links":{"self":[{"href":"https:\/\/atauni.edu.tr\/insani-degerler-egitimi-uygulama-ve-arastirma-merkezi\/wp-json\/wp\/v2\/pages\/5682","targetHints":{"allow":["GET"]}}],"collection":[{"href":"https:\/\/atauni.edu.tr\/insani-degerler-egitimi-uygulama-ve-arastirma-merkezi\/wp-json\/wp\/v2\/pages"}],"about":[{"href":"https:\/\/atauni.edu.tr\/insani-degerler-egitimi-uygulama-ve-arastirma-merkezi\/wp-json\/wp\/v2\/types\/page"}],"author":[{"embeddable":true,"href":"https:\/\/atauni.edu.tr\/insani-degerler-egitimi-uygulama-ve-arastirma-merkezi\/wp-json\/wp\/v2\/users\/1"}],"replies":[{"embeddable":true,"href":"https:\/\/atauni.edu.tr\/insani-degerler-egitimi-uygulama-ve-arastirma-merkezi\/wp-json\/wp\/v2\/comments?post=5682"}],"version-history":[{"count":11,"href":"https:\/\/atauni.edu.tr\/insani-degerler-egitimi-uygulama-ve-arastirma-merkezi\/wp-json\/wp\/v2\/pages\/5682\/revisions"}],"predecessor-version":[{"id":7582,"href":"https:\/\/atauni.edu.tr\/insani-degerler-egitimi-uygulama-ve-arastirma-merkezi\/wp-json\/wp\/v2\/pages\/5682\/revisions\/7582"}],"wp:attachment":[{"href":"https:\/\/atauni.edu.tr\/insani-degerler-egitimi-uygulama-ve-arastirma-merkezi\/wp-json\/wp\/v2\/media?parent=5682"}],"curies":[{"name":"wp","href":"https:\/\/api.w.org\/{rel}","templated":true}]}}