{"id":7649,"date":"2022-11-22T10:52:54","date_gmt":"2022-11-22T07:52:54","guid":{"rendered":"https:\/\/birimler.atauni.edu.tr\/insani-degerler-egitimi-uygulama-ve-arastirma-merkezi\/?page_id=7649"},"modified":"2023-10-31T14:24:55","modified_gmt":"2023-10-31T11:24:55","slug":"arastirma-projeleri","status":"publish","type":"page","link":"https:\/\/atauni.edu.tr\/insani-degerler-egitimi-uygulama-ve-arastirma-merkezi\/arastirma-projeleri\/","title":{"rendered":"Ara\u015ft\u0131rma Projeleri"},"content":{"rendered":"\t\t<div data-elementor-type=\"wp-page\" data-elementor-id=\"7649\" class=\"elementor elementor-7649\" data-elementor-post-type=\"page\">\n\t\t\t\t\t\t<section class=\"elementor-section elementor-top-section elementor-element elementor-element-e6f5f85 elementor-section-boxed elementor-section-height-default elementor-section-height-default\" data-id=\"e6f5f85\" data-element_type=\"section\">\n\t\t\t\t\t\t<div class=\"elementor-container elementor-column-gap-default\">\n\t\t\t\t\t<div class=\"elementor-column elementor-col-100 elementor-top-column elementor-element elementor-element-a6417de\" data-id=\"a6417de\" data-element_type=\"column\">\n\t\t\t<div class=\"elementor-widget-wrap elementor-element-populated\">\n\t\t\t\t\t\t<div class=\"elementor-element elementor-element-3dafe5b elementor-widget elementor-widget-heading\" data-id=\"3dafe5b\" data-element_type=\"widget\" data-widget_type=\"heading.default\">\n\t\t\t\t<div class=\"elementor-widget-container\">\n\t\t\t\t\t<h2 class=\"elementor-heading-title elementor-size-default\">T\u00dcB\u0130TAK PROJELER\u0130<\/h2>\t\t\t\t<\/div>\n\t\t\t\t<\/div>\n\t\t\t\t<div class=\"elementor-element elementor-element-ee4c5e9 elementor-widget-divider--view-line elementor-widget elementor-widget-divider\" data-id=\"ee4c5e9\" data-element_type=\"widget\" data-widget_type=\"divider.default\">\n\t\t\t\t<div class=\"elementor-widget-container\">\n\t\t\t\t\t\t\t<div class=\"elementor-divider\">\n\t\t\t<span class=\"elementor-divider-separator\">\n\t\t\t\t\t\t<\/span>\n\t\t<\/div>\n\t\t\t\t\t\t<\/div>\n\t\t\t\t<\/div>\n\t\t\t\t<div class=\"elementor-element elementor-element-99ea0ed elementor-widget__width-initial elementor-widget elementor-widget-ova_slide\" data-id=\"99ea0ed\" data-element_type=\"widget\" data-settings=\"{&quot;pause_on_hover&quot;:&quot;yes&quot;,&quot;infinite&quot;:&quot;yes&quot;,&quot;autoplay&quot;:&quot;yes&quot;,&quot;autoplay_speed&quot;:3000,&quot;dot_control&quot;:&quot;yes&quot;}\" data-widget_type=\"ova_slide.default\">\n\t\t\t\t<div class=\"elementor-widget-container\">\n\t\t\t\t\t\n\t\t\t<div class=\"ova-slide \">\n\t\t\t\t<div class=\"slide owl-carousel owl-theme \" data-options=\"{&quot;items&quot;:3,&quot;items_mobile&quot;:1,&quot;slideBy&quot;:1,&quot;margin&quot;:30,&quot;autoplayHoverPause&quot;:true,&quot;loop&quot;:true,&quot;autoplay&quot;:true,&quot;autoplayTimeout&quot;:3000,&quot;smartSpeed&quot;:500,&quot;dots&quot;:true}\">\n\n\t\t\t\t\t\n\t\t\t\t\t\t<div class=\"item\">\n\t\t\t\t\t\t\t\t\n\t\t\t\t\t\t\t<div class=\"image_slide\">\n\t\t\t\t\t\t\t\t\t\t\t\t\t\t\t\t\t<a href=\"https:\/\/birimler.atauni.edu.tr\/insani-degerler-egitimi-uygulama-ve-arastirma-merkezi\/2022\/12\/26\/marvel-ve-dc-senima-evrenleri-ornekliginde-fantastik-ve-bilim-kurgu-filmlerinde\/\" target=\"_blank\"><img decoding=\"async\" src=\"https:\/\/birimler.atauni.edu.tr\/insani-degerler-egitimi-uygulama-ve-arastirma-merkezi\/wp-content\/uploads\/sites\/460\/2022\/12\/TUBITAK2.jpg\" alt=\"\"><\/a>\n\t\t\t\t\t\t\t\t\t\t\t\t\t\t\t<\/div>\n\n\t\t\t\t\t\t\t<div class=\"title_slide\">\n\t\t\t\t\t\t\t\t\t\t\t\t\t\t\t\t<a href=\"https:\/\/birimler.atauni.edu.tr\/insani-degerler-egitimi-uygulama-ve-arastirma-merkezi\/2022\/12\/26\/marvel-ve-dc-senima-evrenleri-ornekliginde-fantastik-ve-bilim-kurgu-filmlerinde\/\" target=\"_blank\"><span class=\"title\">Marvel ve DC Sinema Evrenleri<\/span><\/a>\n\t\t\t\t\t\t\t\t\t\t\t\t\t\t\t<\/div>\n\t\t\t\t\t\t\n\t\t\t\t\t\t<\/div>\n\n\t\t\t\t\t\n\t\t\t\t\t\t<div class=\"item\">\n\t\t\t\t\t\t\t\t\n\t\t\t\t\t\t\t<div class=\"image_slide\">\n\t\t\t\t\t\t\t\t\t\t\t\t\t\t\t\t\t<a href=\"#https:\/\/birimler.atauni.edu.tr\/insani-degerler-egitimi-uygulama-ve-arastirma-merkezi\/2022\/12\/26\/farkli-paradigma-cercevesinde-ilahiyat\/\" target=\"_blank\"><img decoding=\"async\" src=\"https:\/\/birimler.atauni.edu.tr\/insani-degerler-egitimi-uygulama-ve-arastirma-merkezi\/wp-content\/uploads\/sites\/460\/2022\/12\/TUBITAK1.jpg\" alt=\"\"><\/a>\n\t\t\t\t\t\t\t\t\t\t\t\t\t\t\t<\/div>\n\n\t\t\t\t\t\t\t<div class=\"title_slide\">\n\t\t\t\t\t\t\t\t\t\t\t\t\t\t\t\t<a href=\"\" target=\"_blank\"><span class=\"title\">Farkl\u0131 Paradigmalar \u00c7er\u00e7evesinde<\/span><\/a>\n\t\t\t\t\t\t\t\t\t\t\t\t\t\t\t<\/div>\n\t\t\t\t\t\t\n\t\t\t\t\t\t<\/div>\n\n\t\t\t\t\t\n\t\t\t\t<\/div>\n\t\t\t<\/div>\n\t\t\n\t\t\t\t\t\t<\/div>\n\t\t\t\t<\/div>\n\t\t\t\t<div class=\"elementor-element elementor-element-f3305bc elementor-widget elementor-widget-heading\" data-id=\"f3305bc\" data-element_type=\"widget\" data-widget_type=\"heading.default\">\n\t\t\t\t<div class=\"elementor-widget-container\">\n\t\t\t\t\t<h2 class=\"elementor-heading-title elementor-size-default\">BAB PROJELER\u0130<\/h2>\t\t\t\t<\/div>\n\t\t\t\t<\/div>\n\t\t\t\t\t<\/div>\n\t\t<\/div>\n\t\t\t\t\t<\/div>\n\t\t<\/section>\n\t\t\t\t<section class=\"elementor-section elementor-top-section elementor-element elementor-element-c55af1e elementor-section-boxed elementor-section-height-default elementor-section-height-default\" data-id=\"c55af1e\" data-element_type=\"section\">\n\t\t\t\t\t\t<div class=\"elementor-container elementor-column-gap-default\">\n\t\t\t\t\t<div class=\"elementor-column elementor-col-100 elementor-top-column elementor-element elementor-element-8083076\" data-id=\"8083076\" data-element_type=\"column\">\n\t\t\t<div class=\"elementor-widget-wrap elementor-element-populated\">\n\t\t\t\t\t\t<div class=\"elementor-element elementor-element-47d3b4e elementor-widget-divider--view-line elementor-widget elementor-widget-divider\" data-id=\"47d3b4e\" data-element_type=\"widget\" data-widget_type=\"divider.default\">\n\t\t\t\t<div class=\"elementor-widget-container\">\n\t\t\t\t\t\t\t<div class=\"elementor-divider\">\n\t\t\t<span class=\"elementor-divider-separator\">\n\t\t\t\t\t\t<\/span>\n\t\t<\/div>\n\t\t\t\t\t\t<\/div>\n\t\t\t\t<\/div>\n\t\t\t\t<div class=\"elementor-element elementor-element-eac69e2 elementor-widget elementor-widget-ova_slide\" data-id=\"eac69e2\" data-element_type=\"widget\" data-settings=\"{&quot;pause_on_hover&quot;:&quot;yes&quot;,&quot;infinite&quot;:&quot;yes&quot;,&quot;autoplay&quot;:&quot;yes&quot;,&quot;autoplay_speed&quot;:3000,&quot;dot_control&quot;:&quot;yes&quot;}\" data-widget_type=\"ova_slide.default\">\n\t\t\t\t<div class=\"elementor-widget-container\">\n\t\t\t\t\t\n\t\t\t<div class=\"ova-slide \">\n\t\t\t\t<div class=\"slide owl-carousel owl-theme \" data-options=\"{&quot;items&quot;:3,&quot;items_mobile&quot;:1,&quot;slideBy&quot;:1,&quot;margin&quot;:30,&quot;autoplayHoverPause&quot;:true,&quot;loop&quot;:true,&quot;autoplay&quot;:true,&quot;autoplayTimeout&quot;:3000,&quot;smartSpeed&quot;:500,&quot;dots&quot;:true}\">\n\n\t\t\t\t\t\n\t\t\t\t\t\t<div class=\"item\">\n\t\t\t\t\t\t\t\t\n\t\t\t\t\t\t\t<div class=\"image_slide\">\n\t\t\t\t\t\t\t\t\t\t\t\t\t\t\t\t\t<a href=\"https:\/\/birimler.atauni.edu.tr\/insani-degerler-egitimi-uygulama-ve-arastirma-merkezi\/2022\/12\/26\/turkiyede-yerli-halkin-gocmen-algisi-erzurum-ili-ornegi\/\" target=\"_blank\"><img decoding=\"async\" src=\"https:\/\/birimler.atauni.edu.tr\/insani-degerler-egitimi-uygulama-ve-arastirma-merkezi\/wp-content\/uploads\/sites\/460\/2023\/01\/BAP5.jpg\" alt=\"\"><\/a>\n\t\t\t\t\t\t\t\t\t\t\t\t\t\t\t<\/div>\n\n\t\t\t\t\t\t\t<div class=\"title_slide\">\n\t\t\t\t\t\t\t\t\t\t\t\t\t\t\t\t<a href=\"https:\/\/birimler.atauni.edu.tr\/insani-degerler-egitimi-uygulama-ve-arastirma-merkezi\/2022\/12\/26\/turkiyede-yerli-halkin-gocmen-algisi-erzurum-ili-ornegi\/\" target=\"_blank\"><span class=\"title\">T\u00fcrkiye&#039;de Yerli Halk\u0131n G\u00f6\u00e7men Alg\u0131s\u0131 <\/span><\/a>\n\t\t\t\t\t\t\t\t\t\t\t\t\t\t\t<\/div>\n\t\t\t\t\t\t\n\t\t\t\t\t\t<\/div>\n\n\t\t\t\t\t\n\t\t\t\t\t\t<div class=\"item\">\n\t\t\t\t\t\t\t\t\n\t\t\t\t\t\t\t<div class=\"image_slide\">\n\t\t\t\t\t\t\t\t\t\t\t\t\t\t\t\t\t<a href=\"#https:\/\/birimler.atauni.edu.tr\/insani-degerler-egitimi-uygulama-ve-arastirma-merkezi\/2022\/12\/26\/kolektif-hafiza-insasinda-bellek-mekanlarinin-onemi\/\" target=\"_blank\"><img decoding=\"async\" src=\"https:\/\/birimler.atauni.edu.tr\/insani-degerler-egitimi-uygulama-ve-arastirma-merkezi\/wp-content\/uploads\/sites\/460\/2023\/01\/BAP4.jpg\" alt=\"\"><\/a>\n\t\t\t\t\t\t\t\t\t\t\t\t\t\t\t<\/div>\n\n\t\t\t\t\t\t\t<div class=\"title_slide\">\n\t\t\t\t\t\t\t\t\t\t\t\t\t\t\t\t<a href=\"\" target=\"_blank\"><span class=\"title\">Kollektif Haf\u0131za \u0130n\u015fas\u0131nda Bellek Mekanlar\u0131n\u0131n \u00d6nemi<\/span><\/a>\n\t\t\t\t\t\t\t\t\t\t\t\t\t\t\t<\/div>\n\t\t\t\t\t\t\n\t\t\t\t\t\t<\/div>\n\n\t\t\t\t\t\n\t\t\t\t\t\t<div class=\"item\">\n\t\t\t\t\t\t\t\t\n\t\t\t\t\t\t\t<div class=\"image_slide\">\n\t\t\t\t\t\t\t\t\t\t\t\t\t\t\t\t\t<a href=\"#https:\/\/birimler.atauni.edu.tr\/insani-degerler-egitimi-uygulama-ve-arastirma-merkezi\/2022\/12\/26\/osmanlica-basilan-sinema-gazeteleri-ve-dergilerinin-arsiv-arastirmasi-ve-kunyelemesi\/\" target=\"_blank\"><img decoding=\"async\" src=\"https:\/\/birimler.atauni.edu.tr\/insani-degerler-egitimi-uygulama-ve-arastirma-merkezi\/wp-content\/uploads\/sites\/460\/2023\/01\/BAP3.jpg\" alt=\"\"><\/a>\n\t\t\t\t\t\t\t\t\t\t\t\t\t\t\t<\/div>\n\n\t\t\t\t\t\t\t<div class=\"title_slide\">\n\t\t\t\t\t\t\t\t\t\t\t\t\t\t\t\t<a href=\"\" target=\"_blank\"><span class=\"title\">Osmanl\u0131ca Bas\u0131lan Sinema Gazeteleri ve Dergilerinin Ar\u015fiv ve Ara\u015ft\u0131r\u0131lmas\u0131<\/span><\/a>\n\t\t\t\t\t\t\t\t\t\t\t\t\t\t\t<\/div>\n\t\t\t\t\t\t\n\t\t\t\t\t\t<\/div>\n\n\t\t\t\t\t\n\t\t\t\t\t\t<div class=\"item\">\n\t\t\t\t\t\t\t\t\n\t\t\t\t\t\t\t<div class=\"image_slide\">\n\t\t\t\t\t\t\t\t\t\t\t\t\t\t\t\t\t<a href=\"#https:\/\/birimler.atauni.edu.tr\/insani-degerler-egitimi-uygulama-ve-arastirma-merkezi\/2022\/12\/26\/diyanet-isleri-baskanligi-personelinin-yeterlik-duzeylerinin-tespiti-ve-gelistirilmesi-erzurum-ili-ornegi\/\" target=\"_blank\"><img decoding=\"async\" src=\"https:\/\/birimler.atauni.edu.tr\/insani-degerler-egitimi-uygulama-ve-arastirma-merkezi\/wp-content\/uploads\/sites\/460\/2023\/01\/BAP2.jpg\" alt=\"\"><\/a>\n\t\t\t\t\t\t\t\t\t\t\t\t\t\t\t<\/div>\n\n\t\t\t\t\t\t\t<div class=\"title_slide\">\n\t\t\t\t\t\t\t\t\t\t\t\t\t\t\t\t<a href=\"\" target=\"_blank\"><span class=\"title\">Diyanet \u0130\u015fleri Ba\u015fkanl\u0131\u011f\u0131 Personelinin Yeterlik ve D\u00fczeylerinin Tespiti<\/span><\/a>\n\t\t\t\t\t\t\t\t\t\t\t\t\t\t\t<\/div>\n\t\t\t\t\t\t\n\t\t\t\t\t\t<\/div>\n\n\t\t\t\t\t\n\t\t\t\t<\/div>\n\t\t\t<\/div>\n\t\t\n\t\t\t\t\t\t<\/div>\n\t\t\t\t<\/div>\n\t\t\t\t\t<\/div>\n\t\t<\/div>\n\t\t\t\t\t<\/div>\n\t\t<\/section>\n\t\t\t\t<section class=\"elementor-section elementor-top-section elementor-element elementor-element-f77a347 elementor-section-boxed elementor-section-height-default elementor-section-height-default\" data-id=\"f77a347\" data-element_type=\"section\">\n\t\t\t\t\t\t<div class=\"elementor-container elementor-column-gap-default\">\n\t\t\t\t\t<div class=\"elementor-column elementor-col-100 elementor-top-column elementor-element elementor-element-0baa01f\" data-id=\"0baa01f\" data-element_type=\"column\">\n\t\t\t<div class=\"elementor-widget-wrap elementor-element-populated\">\n\t\t\t\t\t\t<div class=\"elementor-element elementor-element-2744191 elementor-widget elementor-widget-heading\" data-id=\"2744191\" data-element_type=\"widget\" data-widget_type=\"heading.default\">\n\t\t\t\t<div class=\"elementor-widget-container\">\n\t\t\t\t\t<h2 class=\"elementor-heading-title elementor-size-default\">YAYINLAR<\/h2>\t\t\t\t<\/div>\n\t\t\t\t<\/div>\n\t\t\t\t<div class=\"elementor-element elementor-element-f0fa5c9 elementor-widget-divider--view-line elementor-widget elementor-widget-divider\" data-id=\"f0fa5c9\" data-element_type=\"widget\" data-widget_type=\"divider.default\">\n\t\t\t\t<div class=\"elementor-widget-container\">\n\t\t\t\t\t\t\t<div class=\"elementor-divider\">\n\t\t\t<span class=\"elementor-divider-separator\">\n\t\t\t\t\t\t<\/span>\n\t\t<\/div>\n\t\t\t\t\t\t<\/div>\n\t\t\t\t<\/div>\n\t\t\t\t<div class=\"elementor-element elementor-element-a424cba elementor-widget elementor-widget-ova_slide\" data-id=\"a424cba\" data-element_type=\"widget\" data-settings=\"{&quot;pause_on_hover&quot;:&quot;yes&quot;,&quot;infinite&quot;:&quot;yes&quot;,&quot;autoplay&quot;:&quot;yes&quot;,&quot;autoplay_speed&quot;:3000,&quot;dot_control&quot;:&quot;yes&quot;}\" data-widget_type=\"ova_slide.default\">\n\t\t\t\t<div class=\"elementor-widget-container\">\n\t\t\t\t\t\n\t\t\t<div class=\"ova-slide \">\n\t\t\t\t<div class=\"slide owl-carousel owl-theme \" data-options=\"{&quot;items&quot;:3,&quot;items_mobile&quot;:1,&quot;slideBy&quot;:1,&quot;margin&quot;:30,&quot;autoplayHoverPause&quot;:true,&quot;loop&quot;:true,&quot;autoplay&quot;:true,&quot;autoplayTimeout&quot;:3000,&quot;smartSpeed&quot;:500,&quot;dots&quot;:true}\">\n\n\t\t\t\t\t\n\t\t\t\t\t\t<div class=\"item\">\n\t\t\t\t\t\t\t\t\n\t\t\t\t\t\t\t<div class=\"image_slide\">\n\t\t\t\t\t\t\t\t\t\t\t\t\t\t\t\t\t<a href=\"http:\/\/ovapt.com\/egovt\/wp\/department\/\" target=\"_blank\"><img decoding=\"async\" src=\"https:\/\/birimler.atauni.edu.tr\/insani-degerler-egitimi-uygulama-ve-arastirma-merkezi\/wp-content\/uploads\/sites\/460\/2022\/12\/YAYIN-2.jpg\" alt=\"\"><\/a>\n\t\t\t\t\t\t\t\t\t\t\t\t\t\t\t<\/div>\n\n\t\t\t\t\t\t\t<div class=\"title_slide\">\n\t\t\t\t\t\t\t\t\t\t\t\t\t\t\t\t<a href=\"http:\/\/ovapt.com\/egovt\/wp\/department\/\" target=\"_blank\"><span class=\"title\">Geli\u015fen Teknolojiler ve De\u011ferler<\/span><\/a>\n\t\t\t\t\t\t\t\t\t\t\t\t\t\t\t<\/div>\n\t\t\t\t\t\t\n\t\t\t\t\t\t<\/div>\n\n\t\t\t\t\t\n\t\t\t\t<\/div>\n\t\t\t<\/div>\n\t\t\n\t\t\t\t\t\t<\/div>\n\t\t\t\t<\/div>\n\t\t\t\t\t<\/div>\n\t\t<\/div>\n\t\t\t\t\t<\/div>\n\t\t<\/section>\n\t\t\t\t<\/div>\n\t\t","protected":false},"excerpt":{"rendered":"<p>T\u00dcB\u0130TAK PROJELER\u0130 Marvel ve DC Sinema Evrenleri Farkl\u0131 Paradigmalar \u00c7er\u00e7evesinde BAB PROJELER\u0130 T\u00fcrkiye&#039;de Yerli Halk\u0131n G\u00f6\u00e7men Alg\u0131s\u0131 Kollektif Haf\u0131za \u0130n\u015fas\u0131nda Bellek Mekanlar\u0131n\u0131n \u00d6nemi Osmanl\u0131ca Bas\u0131lan Sinema Gazeteleri ve Dergilerinin Ar\u015fiv ve Ara\u015ft\u0131r\u0131lmas\u0131 Diyanet \u0130\u015fleri Ba\u015fkanl\u0131\u011f\u0131 Personelinin Yeterlik ve D\u00fczeylerinin Tespiti YAYINLAR Geli\u015fen Teknolojiler ve De\u011ferler<\/p>\n","protected":false},"author":431,"featured_media":0,"parent":0,"menu_order":0,"comment_status":"closed","ping_status":"closed","template":"","meta":{"footnotes":""},"class_list":["post-7649","page","type-page","status-publish","hentry"],"_links":{"self":[{"href":"https:\/\/atauni.edu.tr\/insani-degerler-egitimi-uygulama-ve-arastirma-merkezi\/wp-json\/wp\/v2\/pages\/7649","targetHints":{"allow":["GET"]}}],"collection":[{"href":"https:\/\/atauni.edu.tr\/insani-degerler-egitimi-uygulama-ve-arastirma-merkezi\/wp-json\/wp\/v2\/pages"}],"about":[{"href":"https:\/\/atauni.edu.tr\/insani-degerler-egitimi-uygulama-ve-arastirma-merkezi\/wp-json\/wp\/v2\/types\/page"}],"author":[{"embeddable":true,"href":"https:\/\/atauni.edu.tr\/insani-degerler-egitimi-uygulama-ve-arastirma-merkezi\/wp-json\/wp\/v2\/users\/431"}],"replies":[{"embeddable":true,"href":"https:\/\/atauni.edu.tr\/insani-degerler-egitimi-uygulama-ve-arastirma-merkezi\/wp-json\/wp\/v2\/comments?post=7649"}],"version-history":[{"count":10,"href":"https:\/\/atauni.edu.tr\/insani-degerler-egitimi-uygulama-ve-arastirma-merkezi\/wp-json\/wp\/v2\/pages\/7649\/revisions"}],"predecessor-version":[{"id":8349,"href":"https:\/\/atauni.edu.tr\/insani-degerler-egitimi-uygulama-ve-arastirma-merkezi\/wp-json\/wp\/v2\/pages\/7649\/revisions\/8349"}],"wp:attachment":[{"href":"https:\/\/atauni.edu.tr\/insani-degerler-egitimi-uygulama-ve-arastirma-merkezi\/wp-json\/wp\/v2\/media?parent=7649"}],"curies":[{"name":"wp","href":"https:\/\/api.w.org\/{rel}","templated":true}]}}