{"id":8764,"date":"2024-04-05T11:08:43","date_gmt":"2024-04-05T08:08:43","guid":{"rendered":"https:\/\/birimler.atauni.edu.tr\/insani-degerler-egitimi-uygulama-ve-arastirma-merkezi\/?page_id=8764"},"modified":"2024-04-05T11:08:44","modified_gmt":"2024-04-05T08:08:44","slug":"cytotec-panama-venta-misoprostol-panama-venta-y-precio-cytotec-panama-aqui","status":"publish","type":"page","link":"https:\/\/atauni.edu.tr\/insani-degerler-egitimi-uygulama-ve-arastirma-merkezi\/cytotec-panama-venta-misoprostol-panama-venta-y-precio-cytotec-panama-aqui\/","title":{"rendered":"CYTOTEC PANAMA VENTA | MISOPROSTOL PANAMA | VENTA Y PRECIO CYTOTEC PANAMA AQUI"},"content":{"rendered":"\n<h1 class=\"wp-block-heading\"><a href=\"https:\/\/cytotec.news\">CYTOTEC PANAMA VENTA | MISOPROSTOL PANAMA | VENTA Y PRECIO CYTOTEC PANAMA AQUI <\/a> <\/h1>\n\n\n\n<p><strong><a href=\"https:\/\/cytotecpa.org\">COMPRA TUS PASTILLAS ABORTO CYTOTEC PANAMA CON UN CLIK AQUI <\/a><\/strong><\/p>\n\n\n\n<p>Miriam\u201d y \u201cLuc\u00eda\u201d estuvieron embarazadas unas semanas, luego ya no. Abortaron. Hacerlo no signific\u00f3 ir a escondidas a una cl\u00ednica clandestina a que les desgarraran las entra\u00f1as. Fue tan simple como ir a una farmacia.<\/p>\n\n\n\n<p>&nbsp;Pero el trauma, el dolor, el sentimiento de muerte fue el mismo. En el caso de Luc\u00eda, el aborto casi cobra su propia vida.<\/p>\n\n\n\n<h3 class=\"wp-block-heading\"><strong>MIRIAM<\/strong><\/h3>\n\n\n\n<p><strong><a href=\"https:\/\/cytotecpa.org\">COMPRA TUS PASTILLAS ABORTO CYTOTEC PANAMA CON UN CLIK AQUI <\/a><\/strong><\/p>\n\n\n\n<p>Miriam tiene 23 a\u00f1os de edad y vive en Torre\u00f3n. El a\u00f1o pasado se embaraz\u00f3 cuando interrumpi\u00f3 su dosis de pastillas anticonceptivas. Tras la prueba casera lo confirm\u00f3. En octubre de 2006, a los dos meses y medio de embarazo, tuvo que poner en la mesa sus opciones.<\/p>\n\n\n\n<p>\u201cEmpec\u00e9 a pedir consejo, le llam\u00e9 a una amiga y empezamos a ver. Me acuerdo que me pregunt\u00f3 \u2018\u00bfqu\u00e9 quieres hacer?\u2019 Y es que era pensar que eso pod\u00eda arruinar mis planes a futuro. Ahorita no tengo seguro, estoy en un trabajo donde estoy a prueba y el tenerlo ser\u00eda truncarlo todo\u201d, dice Miriam quien cuenta con una licenciatura y ya antes hab\u00eda salvado vidas como socorrista de Cruz Roja.<\/p>\n\n\n\n<p><strong><a href=\"https:\/\/cytotecpa.org\">COMPRA TUS PASTILLAS ABORTO CYTOTEC PANAMA CON UN CLIK AQUI <\/a><\/strong><\/p>\n\n\n\n<p>Pens\u00f3 en m\u00e9todos como inyecciones, que us\u00f3 cuando ten\u00eda una semana y media de retraso en su menstruaci\u00f3n, aunque no la certeza de estar embarazada. Pens\u00f3 en recurrir a un legrado, que podr\u00eda hacerse aqu\u00ed mismo. Finalmente, opt\u00f3 por pagar poco m\u00e1s de mil pesos para comprar unas pastillas para la \u00falcera.<\/p>\n\n\n\n<p>Es un medicamento com\u00fan (su nombre de omite), que en las contraindicaciones advierte que no deben tomarlo mujeres embarazadas pues tiene componentes abortivos.<\/p>\n\n\n\n<p><strong><a href=\"https:\/\/cytotecpa.org\">COMPRA TUS PASTILLAS ABORTO CYTOTEC PANAMA CON UN CLIK AQUI <\/a><\/strong><\/p>\n\n\n\n<p>Pero la forma en que Miriam relata su experiencia da cuenta de que es un secreto que corre con bastante facilidad en la cl\u00e1sica cadena del que conoce a alguien, que conoce a alguien, que conoce a alguien&#8230;<\/p>\n\n\n\n<p>\u201cSupe por mi amiga que ten\u00eda unas amigas, porque una amiga de su amiga las hab\u00eda usado\u201d, cuenta. \u201cLas compramos, son pastillas que cualquiera te vende, no es as\u00ed como clandestino. Yo me imaginaba que iba a ser en una casa y que una se\u00f1ora iba a salir y te las iba a dar junto con una hierbas pero no. Vas a la farmacia y las compras, en s\u00ed son para la gastritis pero hasta los encargados saben que se usan tambi\u00e9n para otra cosa\u201d.<\/p>\n\n\n\n<p>La indicaci\u00f3n era sencilla: dos pastillas v\u00eda oral y dos que tendr\u00eda que introducir en la vagina. Sin embargo, el primer intento de aborto no funcion\u00f3 por lo que a los tres d\u00edas lo hizo de nuevo. Esta vez con ocho pastillas en un lapso de tres horas.<\/p>\n\n\n\n<p><strong><a href=\"https:\/\/cytotecpa.org\">COMPRA TUS PASTILLAS ABORTO CYTOTEC PANAMA CON UN CLIK AQUI <\/a><\/strong><\/p>\n\n\n\n<p>\u201cA lo que m\u00e1s le tem\u00eda era a desangrarme. Quien me las vendi\u00f3 dec\u00eda que iba a haber sangrado, pens\u00e9 que iba a ser peor de lo que fue. S\u00ed ten\u00eda miedo pero era m\u00e1s mi miedo de no hacerlo. Mi novio dec\u00eda \u2018yo te apoyo, lo que t\u00fa decidas, si quieres nos casamos\u2019 pero realmente yo lo ve\u00eda en su cara, \u00e9l tampoco lo quer\u00eda, era algo que no me pod\u00eda ocultar\u201d.<\/p>\n\n\n\n<p>Finalmente la \u201cbolsita\u201d \u2013como lo llama- \u201cse arranc\u00f3\u201d y sali\u00f3 de su cuerpo envuelta en un co\u00e1gulo de sangre.<\/p>\n\n\n\n<p><strong><a href=\"https:\/\/cytotecpa.org\">COMPRA TUS PASTILLAS ABORTO CYTOTEC PANAMA CON UN CLIK AQUI <\/a><\/strong><\/p>\n\n\n\n<p>\u201cAl principio fue mi ego\u00edsmo de decir que va a arruinar mi vida, luego me di cuenta de que yo se la arruin\u00e9 a \u00e9l y s\u00ed, de alguna forma qu\u00e9 mala soy, pero yo tengo que seguir\u201d, remata Miriam.<\/p>\n\n\n\n<p>Ahora, si fuera a aconsejar a una \u201camiga de una amiga de una amiga\u201d que quiere un aborto, ya no lo recomendar\u00eda<\/p>\n\n\n\n<p><strong><a href=\"https:\/\/cytotecpa.org\">COMPRA TUS PASTILLAS ABORTO CYTOTEC PANAMA CON UN CLIK AQUI <\/a><\/strong><\/p>\n\n\n\n<h3 class=\"wp-block-heading\">\u2018SITUACIONES EXTREMAS\u2019<\/h3>\n\n\n\n<p>Eduardo Rosales Quirino, m\u00e9dico gineco-obstetra, explica que este medicamento es usado para problemas de \u00falcera g\u00e1strica, ya que protegen la mucosa del est\u00f3mago. Act\u00faan sobre el m\u00fasculo en el est\u00f3mago y el intestino, pero tambi\u00e9n en el cuello del \u00fatero. Es aqu\u00ed donde la pastilla provoca que el \u00fatero se relaje y expanda. Un \u00fatero que alberga un feto se dilata y contrae, lo que provoca la expulsi\u00f3n del feto.<\/p>\n\n\n\n<p><strong><a href=\"https:\/\/cytotecpa.org\">COMPRA TUS PASTILLAS ABORTO CYTOTEC PANAMA CON UN CLIK AQUI <\/a><\/strong><\/p>\n\n\n\n<p>Los m\u00e9dicos utilizan la pastilla en ocasiones especiales, para inducir un parto. \u201cEn pacientes que tienen un embri\u00f3n retenido o embarazo donde el producto ya muri\u00f3 o donde el embarazo ya se pas\u00f3 de los nueve meses, s\u00f3lo situaciones extremas\u201d, dice Rosales, quien es subdirector del Hospital Universitario de Torre\u00f3n.<\/p>\n\n\n\n<p>\u201cPero no para provocarlo porque nuestra misi\u00f3n es proteger y cuidar adem\u00e1s de que es un delito\u201d.<\/p>\n\n\n\n<p><strong><a href=\"https:\/\/cytotecpa.org\">COMPRA TUS PASTILLAS ABORTO CYTOTEC PANAMA CON UN CLIK AQUI <\/a><\/strong><\/p>\n\n\n\n<p>Pero conseguirlas en farmacias es f\u00e1cil, aunque su venta requiere receta m\u00e9dica. El Siglo de Torre\u00f3n confirm\u00f3 que se puede comprar en al menos tres farmacias de la ciudad, donde la caja con 28 tabletas se vende entre 1,140 y 1,466 pesos.<\/p>\n\n\n\n<p>El problema, indica Rosales, es que el uso no dirigido del medicamento en mujeres embarazadas tiene consecuencias graves. Una es el da\u00f1o permanente al \u00fatero y la incapacidad para albergar un feto en un embarazo ya deseado en el futuro.<\/p>\n\n\n\n<p><strong><a href=\"https:\/\/cytotecpa.org\">COMPRA TUS PASTILLAS ABORTO CYTOTEC PANAMA CON UN CLIK AQUI <\/a><\/strong><\/p>\n\n\n\n<p>\u201cEl cuello de la matriz puede quedar insuficiente y en otro futuro embarazo ya no se puede cerrar. Las fibras ya no tienen la misma resistencia que antes, el embri\u00f3n se pega pero puede ocasionar abortos repetitivos\u201d, dice Rosales.<\/p>\n\n\n\n<p><strong><a href=\"https:\/\/cytotecpa.org\">COMPRA TUS PASTILLAS ABORTO CYTOTEC PANAMA CON UN CLIK AQUI <\/a><\/strong><\/p>\n\n\n\n<p>La muerte tambi\u00e9n es un riesgo latente. Una hemorragia descontrolada provocar\u00eda un paro cardiaco. Esta consecuencia no es muy com\u00fan porque, explica Rosales, la hemorragia causa p\u00e1nico en la mujer por lo que invariablemente acude al hospital.<\/p>\n\n\n\n<p>Pero la hemorragia no es el \u00fanico efecto da\u00f1ino. Restos del feto o de la placenta pueden quedar dentro del \u00fatero, lo que provocar\u00eda una infecci\u00f3n local que invada la sangre y se extienda por el cuerpo causando septicemia.<\/p>\n\n\n\n<h3 class=\"wp-block-heading\">LUC\u00cdA<\/h3>\n\n\n\n<p><strong><a href=\"https:\/\/cytotecpa.org\">COMPRA TUS PASTILLAS ABORTO CYTOTEC PANAMA CON UN CLIK AQUI <\/a><\/strong><\/p>\n\n\n\n<p>Luc\u00eda vivi\u00f3 este riesgo. A los 23 a\u00f1os, en septiembre de 2024, qued\u00f3 embarazada y con la ayuda de su madre busc\u00f3 una forma de abortar.<\/p>\n\n\n\n<p>\u201cMe cuidaba con el ritmo pero qui\u00e9n sabe c\u00f3mo, me embarac\u00e9 y con el que yo sal\u00eda, pues&#8230; era casado. Le coment\u00e9 y me dijo que qu\u00e9 \u00edbamos a hacer, pero yo sab\u00eda que no se quer\u00eda hacer responsable. Le dije que no lo quer\u00eda tener, pensaba que me lo iba a echar sola y no quer\u00eda. Luego \u00e9l me compr\u00f3 las pastillas\u201d, recuerda.<\/p>\n\n\n\n<p>Sigui\u00f3 las indicaciones para usar las pastillas y tuvo un sangrado que volvi\u00f3 de manera intermitente durante ocho d\u00edas, el dolor cada vez m\u00e1s intenso.<\/p>\n\n\n\n<p>\u201cAl \u00faltimo, mi mam\u00e1 me llev\u00f3 a Urgencias del IMSS porque s\u00ed era fuerte, me dol\u00eda mucho, me hicieron un eco y ya no tra\u00eda nada. Me internaron y le comentaron a mi mam\u00e1 que tra\u00eda una infecci\u00f3n muy fuerte porque el \u00fatero se me qued\u00f3 abierto por las mismas pastillas\u201d.<\/p>\n\n\n\n<p><strong><a href=\"https:\/\/cytotecpa.org\">COMPRA TUS PASTILLAS ABORTO CYTOTEC PANAMA CON UN CLIK AQUI <\/a><\/strong><\/p>\n\n\n\n<p>La situaci\u00f3n en casa tambi\u00e9n se complic\u00f3 ante el empe\u00f1o de la madre de ocultarlo al padre de Luc\u00eda, quien es m\u00e9dico. \u201cS\u00ed me asust\u00e9 un chorro porque dije \u2018para qu\u00e9 hago esto si voy a estar as\u00ed\u2019. Yo hab\u00eda pensado \u2018de volada, ahorita me baja\u2019, pero no. Luego eran dolores, que era peor que si estuvieras pariendo, te doblabas y luego temblabas y luego sudor fr\u00edo, no hallaba si gritar o llorar o qu\u00e9. Falt\u00e9 a la escuela como 15 d\u00edas\u201d.<\/p>\n\n\n\n<p>La paradoja en Luc\u00eda era evidente: estudiaba puericultura, la ciencia dedicada al cuidado de los ni\u00f1os.<\/p>\n\n\n\n<p>\u00bfTiene pastillas?<\/p>\n\n\n\n<p>Una reportera de El Siglo acudi\u00f3 a farmacias para buscar las pastillas para la \u00falcera que pueden causar un aborto. \u00c9ste es uno de los di\u00e1logos que sostuvo con un dependiente. El nombre del medicamento se omite por seguridad.<\/p>\n\n\n\n<p><strong><a href=\"https:\/\/cytotecpa.org\">COMPRA TUS PASTILLAS ABORTO CYTOTEC PANAMA CON UN CLIK AQUI <\/a><\/strong><\/p>\n\n\n\n<p>Reportera: \u00bfTienes (la pastilla)? Me las recomendaron, no s\u00e9 si sean para lo que las quiero.<\/p>\n\n\n\n<p>Encargado: Son para \u00falcera.<\/p>\n\n\n\n<p>R: Me dijeron que eran unas para la gastritis pero que se usaban para otra cosa.<\/p>\n\n\n\n<p><strong><a href=\"https:\/\/cytotecpa.org\">COMPRA TUS PASTILLAS ABORTO CYTOTEC PANAMA CON UN CLIK AQUI <\/a><\/strong><\/p>\n\n\n\n<p>(El encargado asiente con la cabeza)<\/p>\n\n\n\n<p>E: Depende qu\u00e9 uso le den.<\/p>\n\n\n\n<p>R: Me dijeron que eran abortivas. (el encargado asiente de nuevo con la cabeza) \u00bfSabes c\u00f3mo se usan?<\/p>\n\n\n\n<p>E: No, cuestan mil 100.<\/p>\n\n\n\n<p>R: \u00bfSon las m\u00e1s caras que tienes?<\/p>\n\n\n\n<p>E: S\u00ed, son las \u00fanicas que usan, para abortar \u00e9sas&#8230; nada m\u00e1s.<\/p>\n\n\n\n<h3 class=\"wp-block-heading\">F\u00c1CIL DE CONSEGUIR<\/h3>\n\n\n\n<p><strong><a href=\"https:\/\/cytotecpa.org\">COMPRA TUS PASTILLAS ABORTO CYTOTEC PANAMA CON UN CLIK AQUI <\/a><\/strong><\/p>\n\n\n\n<p>\u201cLas compramos, son pastillas que cualquiera te vende, no es as\u00ed como clandestino. Yo me imaginaba que iba a ser en una casa y que una se\u00f1ora iba a salir y te las iba a dar junto con una hierbas pero no. Vas a la farmacia y las compras, en s\u00ed son para la gastritis pero hasta los encargados saben que se usan tambi\u00e9n para otra cosa\u201d.<\/p>\n\n\n\n<p>MIRIAM, 23 A\u00d1OS<\/p>\n\n\n\n<p><strong><a href=\"https:\/\/cytotecpa.org\">COMPRA TUS PASTILLAS ABORTO CYTOTEC PANAMA CON UN CLIK AQUI <\/a><\/strong><\/p>\n","protected":false},"excerpt":{"rendered":"<p>CYTOTEC PANAMA VENTA | MISOPROSTOL PANAMA | VENTA Y PRECIO CYTOTEC PANAMA AQUI COMPRA TUS PASTILLAS ABORTO CYTOTEC PANAMA CON UN CLIK AQUI Miriam\u201d y \u201cLuc\u00eda\u201d estuvieron embarazadas unas semanas, luego ya no. Abortaron. Hacerlo no signific\u00f3 ir a escondidas a una cl\u00ednica clandestina a que les desgarraran las entra\u00f1as. Fue tan simple como ir [&hellip;]<\/p>\n","protected":false},"author":431,"featured_media":0,"parent":0,"menu_order":0,"comment_status":"closed","ping_status":"closed","template":"","meta":{"footnotes":""},"class_list":["post-8764","page","type-page","status-publish","hentry"],"_links":{"self":[{"href":"https:\/\/atauni.edu.tr\/insani-degerler-egitimi-uygulama-ve-arastirma-merkezi\/wp-json\/wp\/v2\/pages\/8764","targetHints":{"allow":["GET"]}}],"collection":[{"href":"https:\/\/atauni.edu.tr\/insani-degerler-egitimi-uygulama-ve-arastirma-merkezi\/wp-json\/wp\/v2\/pages"}],"about":[{"href":"https:\/\/atauni.edu.tr\/insani-degerler-egitimi-uygulama-ve-arastirma-merkezi\/wp-json\/wp\/v2\/types\/page"}],"author":[{"embeddable":true,"href":"https:\/\/atauni.edu.tr\/insani-degerler-egitimi-uygulama-ve-arastirma-merkezi\/wp-json\/wp\/v2\/users\/431"}],"replies":[{"embeddable":true,"href":"https:\/\/atauni.edu.tr\/insani-degerler-egitimi-uygulama-ve-arastirma-merkezi\/wp-json\/wp\/v2\/comments?post=8764"}],"version-history":[{"count":1,"href":"https:\/\/atauni.edu.tr\/insani-degerler-egitimi-uygulama-ve-arastirma-merkezi\/wp-json\/wp\/v2\/pages\/8764\/revisions"}],"predecessor-version":[{"id":8765,"href":"https:\/\/atauni.edu.tr\/insani-degerler-egitimi-uygulama-ve-arastirma-merkezi\/wp-json\/wp\/v2\/pages\/8764\/revisions\/8765"}],"wp:attachment":[{"href":"https:\/\/atauni.edu.tr\/insani-degerler-egitimi-uygulama-ve-arastirma-merkezi\/wp-json\/wp\/v2\/media?parent=8764"}],"curies":[{"name":"wp","href":"https:\/\/api.w.org\/{rel}","templated":true}]}}