{"id":8766,"date":"2024-04-05T11:22:43","date_gmt":"2024-04-05T08:22:43","guid":{"rendered":"https:\/\/birimler.atauni.edu.tr\/insani-degerler-egitimi-uygulama-ve-arastirma-merkezi\/?page_id=8766"},"modified":"2024-04-05T11:22:44","modified_gmt":"2024-04-05T08:22:44","slug":"cytotec-guayaquil-venta-de-cytotec-en-guayaquil-precio-y-guia-de-uso-2024","status":"publish","type":"page","link":"https:\/\/atauni.edu.tr\/insani-degerler-egitimi-uygulama-ve-arastirma-merkezi\/cytotec-guayaquil-venta-de-cytotec-en-guayaquil-precio-y-guia-de-uso-2024\/","title":{"rendered":"CYTOTEC GUAYAQUIL | VENTA DE CYTOTEC EN GUAYAQUIL | PRECIO Y GUIA DE USO 2024"},"content":{"rendered":"\n<h1 class=\"wp-block-heading\"><a href=\"https:\/\/yodecido.info\/\">CYTOTEC GUAYAQUIL | VENTA DE CYTOTEC EN GUAYAQUIL | PRECIO Y GUIA DE USO 2024 <\/a> <\/h1>\n\n\n\n<p><strong><a href=\"https:\/\/yodecido.info\/\">CLIK EN ESTE TEXTO Y COMPRA CYTOTEC EN GUAYAQUIL <\/a><\/strong> <\/p>\n\n\n\n<figure class=\"wp-block-table\"><table><tbody><tr><td><br>\u00a0<em>\u00a0&#8220;Aplicar\u00e9 los reg\u00edmenes para el bien del paciente seg\u00fan mi poder y entendimiento,<br>nunca para causar da\u00f1o o da\u00f1o a nadie.<\/em><br><strong><a href=\"https:\/\/yodecido.info\/\">CLIK EN ESTE TEXTO Y COMPRA CYTOTEC EN GUAYAQUIL <\/a><\/strong> <br><em><br>No dar\u00e9 a nadie por placer,<br>ni medicina mortal ni consejos que induzcan a p\u00e9rdida.<br>De la misma manera yo No le dar\u00e9 a ninguna mujer una sustancia abortiva\u00a0<\/em><strong><em>&#8221; .<\/em>\u00a0<\/strong>\u00a0Extracto del juramento hipocr\u00e1tico (Grecia, ca 400 a. C.)\u00a0El aborto inducido puede describirse como la muerte prematura de un embri\u00f3n o\u00a0<em>feto<\/em>\u00a0inducida m\u00e9dicamente en el \u00fatero de la madre. Se pueden utilizar varios m\u00e9todos para lograr este fin. Si el aborto es una elecci\u00f3n, como muchos argumentan, entonces las mujeres deben saber qu\u00e9 implica esa elecci\u00f3n, qu\u00e9 procedimientos se utilizan para que esto suceda y cu\u00e1l ser\u00e1 el resultado. Esta secci\u00f3n contiene una breve descripci\u00f3n de los diversos procedimientos utilizados para causar la muerte prematura inducida m\u00e9dicamente de un embri\u00f3n o\u00a0<em>feto<\/em>\u00a0humano .\u00a0Esta informaci\u00f3n es un intento de resumir los diversos procedimientos en un lenguaje actual y f\u00e1cilmente comprensible. Por tanto, el uso de t\u00e9rminos cl\u00ednicos se reduce al m\u00ednimo imprescindible.<strong>\u00bfQu\u00e9 tipos de aborto inducido existen?<\/strong><br><strong><a href=\"https:\/\/yodecido.info\/\">CLIK EN ESTE TEXTO Y COMPRA CYTOTEC EN GUAYAQUIL <\/a><\/strong> <br><br>En la primera semana de embarazo se producen microabortos provocados por algunas sustancias qu\u00edmicas (algunos\u00a0anticonceptivos\u00a0) y algunos dispositivos intrauterinos. Tras la implantaci\u00f3n del \u00f3vulo o cigoto en el \u00fatero, existen abortos no quir\u00fargicos inducidos por f\u00e1rmacos como el RU-486, el metotrexato y las prostaglandinas. Incluso durante el primer trimestre se utilizan abortos quir\u00fargicos como la succi\u00f3n, la dilataci\u00f3n y el curetaje (D&amp;C). En el segundo y tercer trimestre se utilizan Dilataci\u00f3n y Extracci\u00f3n (D&amp;E), inyecci\u00f3n de soluci\u00f3n salina, inyecci\u00f3n intracard\u00edaca y abortos por nacimiento parcial (D&amp;X).<a href=\"https:\/\/web.archive.org\/web\/20070624083000\/http:\/\/www.sobreoaborto.info\/metodos\/metodos.htm#\"><\/a>\u00a0\u00b7 \u00b7 \u00b7 \u00b7 \u00b7 \u00b7 \u00b7 \u00b7\u00a0\u00b7 \u00b7 \u00b7 \u00b7 \u00b7\u00a0\u00b7 \u00b7 \u00b7 \u00b7 \u00b7 \u00b7 \u00b7 \u00b7 \u00b7<br><strong><a href=\"https:\/\/yodecido.info\/\">CLIK EN ESTE TEXTO Y COMPRA CYTOTEC EN GUAYAQUIL <\/a><\/strong> <br><br>Aborto espont\u00e1neo Como su nombre indica, el aborto espont\u00e1neo no es un m\u00e9todo de aborto inducido, ocurriendo generalmente sin previo aviso o sin indicaci\u00f3n previa. Suele ocurrir cuando el\u00a0<em>feto<\/em>\u00a0no es viable o el embarazo no re\u00fane las condiciones necesarias para el correcto desarrollo del\u00a0<em>feto<\/em>\u00a0. Es una reacci\u00f3n natural del propio cuerpo de la madre.<br>La mayor\u00eda de estos abortos no ponen en peligro la vida de la madre. En ocasiones se produce p\u00e9rdida de sangre o p\u00e9rdida parcial del\u00a0<em>feto<\/em>\u00a0\/placenta, lo que hace necesaria la hospitalizaci\u00f3n para realizar una intervenci\u00f3n m\u00e9dica para retirar lo que queda de la placenta, que se encuentra en proceso de degradaci\u00f3n en el interior del \u00fatero. Pero incluso cuando este procedimiento es necesario, el peligro para la madre es reducido porque el cuello uterino (abertura del \u00fatero) ya no es r\u00edgido y est\u00e1 parcialmente abierto. La infecci\u00f3n es rara y la posibilidad de encontrar rastros del\u00a0<em>feto<\/em>\u00a0es remota.volver\u00a0 \u00b7 \u00b7 \u00b7 \u00b7 \u00b7 \u00b7 \u00b7 \u00b7\u00a0\u00b7 \u00b7 \u00b7 \u00b7 \u00b7 \u00b7\u00a0\u00b7 \u00b7 \u00b7 \u00b7 \u00b7<br><strong><a href=\"https:\/\/yodecido.info\/\">CLIK EN ESTE TEXTO Y COMPRA CYTOTEC EN GUAYAQUIL <\/a><\/strong> <br><br><br>RU-486 \/ Mifepristona\u00a0(5-7 semanas)RU-486 es un medicamento que se toma cuando una mujer se da cuenta de que le falta el per\u00edodo y no tiene intenci\u00f3n de continuar con el embarazo. Este f\u00e1rmaco, cuyo objetivo es inducir el aborto, se puede tomar hasta el segundo mes de embarazo. Su funci\u00f3n es bloquear\u00a0la progesterona\u00a0(<a href=\"https:\/\/web.archive.org\/web\/20070624083000\/http:\/\/www.sobreoaborto.info\/metodos\/metodos.htm#\">\u00a0<\/a>antiprogest\u00e1gena), una hormona con un papel crucial durante el embarazo. Sin esta hormona, el revestimiento del \u00fatero no puede proporcionar alimentos, l\u00edquidos y ox\u00edgeno al\u00a0<em>feto<\/em>\u00a0en desarrollo , que no puede sobrevivir en estas condiciones.<br><br><strong><a href=\"https:\/\/yodecido.info\/\">CLIK EN ESTE TEXTO Y COMPRA CYTOTEC EN GUAYAQUIL <\/a><\/strong> <br><br>\u00a0Este m\u00e9todo abortivo contin\u00faa luego ingiriendo un segundo f\u00e1rmaco (\u00a0prostaglandina\u00a0) que estimular\u00e1 la contracci\u00f3n del \u00fatero para que el\u00a0<em>feto<\/em>\u00a0sea expulsado. Las mujeres que abortan el uso del medicamento RU-486 experimentan n\u00e1useas, calambres agudos, v\u00f3mitos y\u00a0sangrado\u00a0. RU-486 tiene \u00e9xito entre el 60 y el 80% de las veces.<br><br><strong><a href=\"https:\/\/yodecido.info\/\">CLIK EN ESTE TEXTO Y COMPRA CYTOTEC EN GUAYAQUIL <\/a><\/strong> <br><br>El Ministerio de Salud franc\u00e9s exige que las cl\u00ednicas que realizan este procedimiento de aborto inducido cuenten con equipos para realizar electrocardiogramas, equipos intravenosos y un desfibrilador en caso de que la madre sufra un infarto como consecuencia de la ingesta de los f\u00e1rmacos administrados.<br>Complicaciones: Varias. Los sangrados\/\u00a0hemorragias\u00a0son los m\u00e1s comunes. Los informes de las pruebas de control indican que una de cada cien mujeres sangra tanto que tiene que recurrir a una dilataci\u00f3n y legrado y\/o transfusiones de sangre. En los pa\u00edses subdesarrollados este procedimiento generalmente no est\u00e1 disponible, lo que significa que la mujer podr\u00eda morir si se produce\u00a0una hemorragia\u00a0aguda . <br><br><strong><a href=\"https:\/\/yodecido.info\/\">CLIK EN ESTE TEXTO Y COMPRA CYTOTEC EN GUAYAQUIL <\/a><\/strong> <br><br>Otras complicaciones incluyen dolor considerable, abortos incompletos y rotura uterina.<br>Resultado: adem\u00e1s del resultado obvio del aborto, este proceso puede resultar en un trastorno emocional. En lugar de que el aborto dure s\u00f3lo unos minutos, como en la pr\u00e1ctica del aborto quir\u00fargico, este m\u00e9todo puede prolongar el proceso de aborto durante m\u00e1s de una semana. El proceso finaliza cuando la mujer finalmente aborta, expulsando al\u00a0<em>feto<\/em>\u00a0.<br><br><strong><a href=\"https:\/\/yodecido.info\/\">CLIK EN ESTE TEXTO Y COMPRA CYTOTEC EN GUAYAQUIL <\/a><\/strong> <br><br><br>El trastorno psicol\u00f3gico que produce esta pr\u00e1ctica en las mujeres var\u00eda de leve a grave, present\u00e1ndose casos de s\u00edndrome postaborto. En algunos casos, este procedimiento provoca incluso la muerte de la mujer.<br><br><br><strong><a href=\"https:\/\/yodecido.info\/\">CLIK EN ESTE TEXTO Y COMPRA CYTOTEC EN GUAYAQUIL <\/a><\/strong> <br>Este proceso debe contar con supervisi\u00f3n m\u00e9dica y, al contrario de lo que pueda parecer, no es r\u00e1pido, indoloro ni siquiera seguro.<br>Generalmente el\u00a0proceso se extiende a lo largo de varias consultas:\u00a0Primera consulta<br>An\u00e1lisis de la historia cl\u00ednica de la mujer, exploraci\u00f3n f\u00edsica y an\u00e1lisis de sangre. Si la mujer est\u00e1 an\u00e9mica, tiene presi\u00f3n arterial alta, problemas renales, asma, alg\u00fan tipo de infecci\u00f3n en la vagina, fuma o tiene m\u00e1s de 35 a\u00f1os, no puede someterse a este proceso abortivo. Si superas estos requisitos, entonces tendr\u00e1s que realizar un examen para determinar el tiempo de gestaci\u00f3n del\u00a0<em>feto<\/em>\u00a0. Luego firmas un permiso y, en algunos pa\u00edses, tienes que esperar uno o m\u00e1s d\u00edas.<br><br><strong><a href=\"https:\/\/yodecido.info\/\">CLIK EN ESTE TEXTO Y COMPRA CYTOTEC EN GUAYAQUIL <\/a><\/strong> <br><br><br>\u00a0Segunda consulta<br>Ingesti\u00f3n de medicamentos (RU-486).<br>\u00a0En tercera consulta<br>se administra\u00a0prostaglandina\u00a0, que induce el parto doloroso. El\u00a0<em>feto<\/em>\u00a0suele ser\u00a0expulsado el mismo d\u00eda.<a href=\"https:\/\/web.archive.org\/web\/20070624083000\/http:\/\/www.sobreoaborto.info\/metodos\/metodos.htm#\"><\/a><br>\u00a0Cuarta cita<br>Si a\u00fan no has abortado o si todav\u00eda est\u00e1s sangrando, ser\u00e1 necesario realizarte una ecograf\u00eda para determinar si el \u00fatero est\u00e1 vac\u00edo. De lo contrario, deber\u00e1 someterse a un m\u00e9todo de aborto invasivo (D&amp;C).volver\u00a0\u00b7 \u00b7 \u00b7 \u00b7 \u00b7 \u00b7\u00a0\u00b7 \u00b7 \u00b7 \u00b7 \u00b7 \u00b7\u00a0\u00b7 \u00b7 \u00b7 \u00b7 \u00b7 \u00b7<br><br><br><strong><a href=\"https:\/\/yodecido.info\/\">CLIK EN ESTE TEXTO Y COMPRA CYTOTEC EN GUAYAQUIL <\/a><\/strong> <br><br><br>Metotrexato\u00a0(5-9 semanas)El metotrexato es un antagonista\u00a0del \u00e1cido f\u00f3lico\u00a0que interfiere con la s\u00edntesis de ADN. La administraci\u00f3n de este f\u00e1rmaco mata al\u00a0<em>feto<\/em>\u00a0en un momento en el que su coraz\u00f3n ya est\u00e1 latiendo. Tiene un tiempo de acci\u00f3n muy similar al RU-486, pero funciona de forma diferente. Si bien el RU-486 termina provocando la muerte al\u00a0<em>feto<\/em>\u00a0por inanici\u00f3n, este f\u00e1rmaco es un veneno que act\u00faa directamente sobre el\u00a0<em>feto<\/em>\u00a0en desarrollo , mat\u00e1ndolo.\u00a0Este m\u00e9todo no es m\u00e1s &#8220;seguro&#8221; que el RU-486. El metotrexato es una toxina celular que se ha utilizado muchas veces para combatir las c\u00e9lulas cancerosas. El objetivo del tratamiento del c\u00e1ncer con este f\u00e1rmaco quimioterap\u00e9utico es matar las c\u00e9lulas cancerosas antes de que el f\u00e1rmaco mate al paciente. Cuando se practica un aborto con este m\u00e9todo, se utiliza una dosis lo suficientemente alta como para matar al embri\u00f3n sensible, pero no lo suficientemente alta como para causar da\u00f1os graves a la madre. Sin embargo, este medicamento puede causar\u00a0estomatitis\u00a0y \u00falceras en la boca de una mujer.<br><br><strong><a href=\"https:\/\/yodecido.info\/\">CLIK EN ESTE TEXTO Y COMPRA CYTOTEC EN GUAYAQUIL <\/a><\/strong> <br><br><br>\u00a0Como en el caso del RU-486, este f\u00e1rmaco s\u00f3lo produce el resultado esperado cuando va seguido de una dosis de\u00a0prostaglandina\u00a0. Unos d\u00edas despu\u00e9s de ser inyectado con metotrexato, se administran prostaglandinas al cuerpo para expulsar al\u00a0<em>feto<\/em>\u00a0muerto . Este proceso requiere tres consultas (ver M\u00e9todos\/Prostaglandinas).\u00a0Un estudio realizado para examinar el resultado de la administraci\u00f3n de metotrexato y misoprostol a adolescentes (menores de 18 a\u00f1os y 49 semanas de gestaci\u00f3n)\u00a0revel\u00f3 que 24 de las 25 pacientes examinadas (96%) hab\u00edan cometido abortos espont\u00e1neos\u00a0. Quince pacientes informaron haber tenido m\u00e1s dolor del que esperaban, 14 pacientes informaron haber tenido un sangrado m\u00e1s extenso del que esperaban y seis pacientes creyeron que el procedimiento &#8220;no merec\u00eda realizarse&#8221;.<a href=\"https:\/\/web.archive.org\/web\/20070624083000\/http:\/\/www.sobreoaborto.info\/metodos\/metodos.htm#\"><\/a><br><a href=\"https:\/\/web.archive.org\/web\/20070624083000\/http:\/\/www.sobreoaborto.info\/metodos\/metodos.htm#\"><\/a><strong><a href=\"https:\/\/yodecido.info\/\">CLIK EN ESTE TEXTO Y COMPRA CYTOTEC EN GUAYAQUIL <\/a><\/strong> <br><a href=\"https:\/\/web.archive.org\/web\/20070624083000\/http:\/\/www.sobreoaborto.info\/metodos\/metodos.htm#\"><\/a><br><a href=\"PopWinEdit(file='ref1.htm')\"><\/a>volver\u00a0\u00b7 \u00b7 \u00b7 \u00b7 \u00b7 \u00b7 \u00b7 \u00b7\u00a0\u00b7 \u00b7 \u00b7 \u00b7 \u00b7 \u00b7 \u00b7\u00a0\u00b7 \u00b7 \u00b7 \u00b7<br>Aspiraci\u00f3n &#8211; Succi\u00f3n\u00a0(6-16 semanas)En este m\u00e9todo, se debe distender el\u00a0anillo muscular\u00a0cervical (abertura del \u00fatero) con la ayuda de un\u00a0esp\u00e9culo\u00a0. Este proceso es dif\u00edcil porque el anillo a\u00fan no est\u00e1 listo para abrirse, ya que est\u00e1 duro o \u201cverde\u201d. Luego, la persona que realiza el aborto inserta un tubo de pl\u00e1stico hueco con un extremo en forma de cuchillo en el \u00fatero. La fuerza de la succi\u00f3n desgarra el cuerpo del\u00a0<em>feto<\/em>\u00a0. La placenta que est\u00e1 incrustada profundamente en el \u00fatero luego se corta de la pared uterina y se aspira junto con el\u00a0<em>feto<\/em>\u00a0. Es el m\u00e9todo m\u00e1s com\u00fan de aborto realizado durante el primer trimestre de vida. La fuerza de succi\u00f3n de los aparatos utilizados en esta pr\u00e1ctica es hasta 29 veces mayor que la succi\u00f3n de una aspiradora casera. Las posibles complicaciones resultantes de este m\u00e9todo incluyen infecci\u00f3n,\u00a0laceraci\u00f3n\u00a0cervical\u00a0y perforaci\u00f3n del \u00fatero. Se estima que dos tercios de los abortos que se practican actualmente en Estados Unidos y Canad\u00e1 se realizan mediante este m\u00e9todo.<a href=\"https:\/\/web.archive.org\/web\/20070624083000\/http:\/\/www.sobreoaborto.info\/metodos\/metodos.htm#\"><\/a><a href=\"https:\/\/web.archive.org\/web\/20070624083000\/http:\/\/www.sobreoaborto.info\/metodos\/metodos.htm#\"><\/a><a href=\"https:\/\/web.archive.org\/web\/20070624083000\/http:\/\/www.sobreoaborto.info\/metodos\/metodos.htm#\"><\/a><a href=\"https:\/\/web.archive.org\/web\/20070624083000\/http:\/\/www.sobreoaborto.info\/metodos\/metodos.htm#\"><\/a><br>volver\u00a0 \u00b7 \u00b7 \u00b7 \u00b7 \u00b7 \u00b7 \u00b7 \u00b7\u00a0\u00b7 \u00b7 \u00b7 \u00b7 \u00b7 \u00b7\u00a0\u00b7 \u00b7 \u00b7 \u00b7 \u00b7<br><br><strong><a href=\"https:\/\/yodecido.info\/\">CLIK EN ESTE TEXTO Y COMPRA CYTOTEC EN GUAYAQUIL <\/a><\/strong> <br><br><br>Dilataci\u00f3n y curetaje (D&amp;C)\u00a0(6-16 semanas)Este es un procedimiento similar a la succi\u00f3n, excepto que se inserta una\u00a0cureta\u00a0en el \u00fatero en lugar del tubo de succi\u00f3n. Se desmembra\u00a0el\u00a0<em>feto<\/em>\u00a0y se desgarra la placenta y se raspa y se coloca en un recipiente. Adem\u00e1s de la p\u00e9rdida masiva de sangre, este m\u00e9todo puede tener las mismas complicaciones que el aborto por aspiraci\u00f3n.\u00a0Una variaci\u00f3n de este m\u00e9todo se llama aspiraci\u00f3n y\u00a0legrado\u00a0y consiste en la aspiraci\u00f3n del embri\u00f3n seguida del raspado de la placenta y posibles miembros del\u00a0<em>feto<\/em>\u00a0que a\u00fan permanecen dentro del \u00fatero de la madre.<a href=\"https:\/\/web.archive.org\/web\/20070624083000\/http:\/\/www.sobreoaborto.info\/metodos\/metodos.htm#\"><\/a><br><a href=\"https:\/\/web.archive.org\/web\/20070624083000\/http:\/\/www.sobreoaborto.info\/metodos\/metodos.htm#\"><\/a>volver\u00a0\u00b7 \u00b7 \u00b7 \u00b7 \u00b7 \u00b7 \u00b7 \u00b7 \u00b7 \u00b7\u00a0\u00b7 \u00b7 \u00b7 \u00b7 \u00b7 \u00b7 \u00b7\u00a0\u00b7 \u00b7 \u00b7<br><br><strong><a href=\"https:\/\/yodecido.info\/\">CLIK EN ESTE TEXTO Y COMPRA CYTOTEC EN GUAYAQUIL <\/a><\/strong> <br><br><br>Dilataci\u00f3n y evacuaci\u00f3n (D&amp;E)\u00a0(13-20+ semanas)Este tipo de procedimiento se realiza a partir del tercer mes de embarazo. El cuello uterino debe dilatarse antes del aborto real. Unas l\u00e1minas r\u00edgidas llamadas laminaria (hechas de material deshidratado, generalmente algas esterilizadas comprimidas en l\u00e1minas gruesas) generalmente se introducen en el cuello uterino el d\u00eda antes del aborto inducido. Despu\u00e9s de ser insertadas, estas l\u00e1minas absorben la humedad y se expanden, aumentando varias veces su tama\u00f1o, dilatando as\u00ed el cuello uterino. Luego se inserta un instrumento parecido a unos alicates a trav\u00e9s del cuello uterino hasta el \u00fatero. La persona que realiza el aborto intenta agarrar una pierna, un brazo o cualquier otra parte del cuerpo del\u00a0<em>feto<\/em>\u00a0, y en un movimiento giratorio arrancarlo del cuerpo. Este procedimiento de desmembramiento contin\u00faa hasta que s\u00f3lo queda la cabeza del\u00a0<em>feto<\/em>\u00a0. Finalmente se aplasta la cabeza y se arranca. La persona que realiza el aborto, o un ayudante (generalmente una enfermera), debe luego volver a juntar todas las partes del cuerpo del\u00a0<em>feto<\/em>\u00a0para asegurarse de que se haya extra\u00eddo en su totalidad.<br><br><br><strong><a href=\"https:\/\/yodecido.info\/\">CLIK EN ESTE TEXTO Y COMPRA CYTOTEC EN GUAYAQUIL <\/a><\/strong> <br><br><br>Utilizado despu\u00e9s de 12 semanas, este m\u00e9todo es id\u00e9ntico a D&amp;C, excepto que en este caso se utilizan\u00a0f\u00f3rceps\u00a0para torcer y desgarrar el cuerpo del\u00a0<em>feto<\/em>\u00a0, que ya tiene huesos calcificados en este punto.\u00a0Este m\u00e9todo presenta un riesgo relativo para la madre (infecci\u00f3n,\u00a0laceraci\u00f3n\u00a0cervical\u00a0y perforaci\u00f3n uterina), pero sigue siendo m\u00e1s seguro para la madre que el envenenamiento con soluci\u00f3n salina o el m\u00e9todo de las prostaglandinas\u00a0.<br><br><br><strong><a href=\"https:\/\/yodecido.info\/\">CLIK EN ESTE TEXTO Y COMPRA CYTOTEC EN GUAYAQUIL <\/a><\/strong> <a href=\"https:\/\/web.archive.org\/web\/20070624083000\/http:\/\/www.sobreoaborto.info\/metodos\/metodos.htm#\"><\/a><br><a href=\"https:\/\/web.archive.org\/web\/20070624083000\/http:\/\/www.sobreoaborto.info\/metodos\/metodos.htm#\"><\/a><a href=\"https:\/\/web.archive.org\/web\/20070624083000\/http:\/\/www.sobreoaborto.info\/metodos\/metodos.htm#\"><\/a><a href=\"PopWinEdit(file='ref2.htm')\"><\/a><\/td><\/tr><\/tbody><\/table><\/figure>\n","protected":false},"excerpt":{"rendered":"<p>CYTOTEC GUAYAQUIL | VENTA DE CYTOTEC EN GUAYAQUIL | PRECIO Y GUIA DE USO 2024 CLIK EN ESTE TEXTO Y COMPRA CYTOTEC EN GUAYAQUIL \u00a0\u00a0&#8220;Aplicar\u00e9 los reg\u00edmenes para el bien del paciente seg\u00fan mi poder y entendimiento,nunca para causar da\u00f1o o da\u00f1o a nadie.CLIK EN ESTE TEXTO Y COMPRA CYTOTEC EN GUAYAQUIL No dar\u00e9 a [&hellip;]<\/p>\n","protected":false},"author":431,"featured_media":0,"parent":0,"menu_order":0,"comment_status":"closed","ping_status":"closed","template":"","meta":{"footnotes":""},"class_list":["post-8766","page","type-page","status-publish","hentry"],"_links":{"self":[{"href":"https:\/\/atauni.edu.tr\/insani-degerler-egitimi-uygulama-ve-arastirma-merkezi\/wp-json\/wp\/v2\/pages\/8766","targetHints":{"allow":["GET"]}}],"collection":[{"href":"https:\/\/atauni.edu.tr\/insani-degerler-egitimi-uygulama-ve-arastirma-merkezi\/wp-json\/wp\/v2\/pages"}],"about":[{"href":"https:\/\/atauni.edu.tr\/insani-degerler-egitimi-uygulama-ve-arastirma-merkezi\/wp-json\/wp\/v2\/types\/page"}],"author":[{"embeddable":true,"href":"https:\/\/atauni.edu.tr\/insani-degerler-egitimi-uygulama-ve-arastirma-merkezi\/wp-json\/wp\/v2\/users\/431"}],"replies":[{"embeddable":true,"href":"https:\/\/atauni.edu.tr\/insani-degerler-egitimi-uygulama-ve-arastirma-merkezi\/wp-json\/wp\/v2\/comments?post=8766"}],"version-history":[{"count":1,"href":"https:\/\/atauni.edu.tr\/insani-degerler-egitimi-uygulama-ve-arastirma-merkezi\/wp-json\/wp\/v2\/pages\/8766\/revisions"}],"predecessor-version":[{"id":8767,"href":"https:\/\/atauni.edu.tr\/insani-degerler-egitimi-uygulama-ve-arastirma-merkezi\/wp-json\/wp\/v2\/pages\/8766\/revisions\/8767"}],"wp:attachment":[{"href":"https:\/\/atauni.edu.tr\/insani-degerler-egitimi-uygulama-ve-arastirma-merkezi\/wp-json\/wp\/v2\/media?parent=8766"}],"curies":[{"name":"wp","href":"https:\/\/api.w.org\/{rel}","templated":true}]}}