{"id":5638,"date":"2021-07-13T09:49:25","date_gmt":"2021-07-13T06:49:25","guid":{"rendered":"https:\/\/portaltest.atauni.edu.tr\/bilgisayar-muhendisligi\/?page_id=5638"},"modified":"2025-11-09T16:33:44","modified_gmt":"2025-11-09T13:33:44","slug":"tarihce","status":"publish","type":"page","link":"https:\/\/atauni.edu.tr\/is-sagligi-ve-guvenligi-programi\/tarihce\/","title":{"rendered":"Program Tan\u0131t\u0131m\u0131"},"content":{"rendered":"\t\t<div data-elementor-type=\"wp-page\" data-elementor-id=\"5638\" class=\"elementor elementor-5638\" data-elementor-post-type=\"page\">\n\t\t\t\t\t\t<section class=\"elementor-section elementor-top-section elementor-element elementor-element-730d320 elementor-section-boxed elementor-section-height-default elementor-section-height-default\" data-id=\"730d320\" data-element_type=\"section\">\n\t\t\t\t\t\t<div class=\"elementor-container elementor-column-gap-default\">\n\t\t\t\t\t<div class=\"elementor-column elementor-col-100 elementor-top-column elementor-element elementor-element-753d0860\" data-id=\"753d0860\" data-element_type=\"column\">\n\t\t\t<div class=\"elementor-widget-wrap\">\n\t\t\t\t\t\t\t<\/div>\n\t\t<\/div>\n\t\t\t\t\t<\/div>\n\t\t<\/section>\n\t\t\t\t<section class=\"elementor-section elementor-top-section elementor-element elementor-element-9be811a elementor-section-boxed elementor-section-height-default elementor-section-height-default\" data-id=\"9be811a\" data-element_type=\"section\">\n\t\t\t\t\t\t<div class=\"elementor-container elementor-column-gap-default\">\n\t\t\t\t\t<div class=\"elementor-column elementor-col-100 elementor-top-column elementor-element elementor-element-1ed847b7\" data-id=\"1ed847b7\" data-element_type=\"column\">\n\t\t\t<div class=\"elementor-widget-wrap elementor-element-populated\">\n\t\t\t\t\t\t<div class=\"elementor-element elementor-element-4ce0d07f elementor-widget elementor-widget-heading\" data-id=\"4ce0d07f\" data-element_type=\"widget\" data-widget_type=\"heading.default\">\n\t\t\t\t<div class=\"elementor-widget-container\">\n\t\t\t\t\t<h2 class=\"elementor-heading-title elementor-size-default\">Genel Bilgi<\/h2>\t\t\t\t<\/div>\n\t\t\t\t<\/div>\n\t\t\t\t<div class=\"elementor-element elementor-element-63260862 elementor-widget-divider--view-line elementor-widget elementor-widget-divider\" data-id=\"63260862\" data-element_type=\"widget\" data-widget_type=\"divider.default\">\n\t\t\t\t<div class=\"elementor-widget-container\">\n\t\t\t\t\t\t\t<div class=\"elementor-divider\">\n\t\t\t<span class=\"elementor-divider-separator\">\n\t\t\t\t\t\t<\/span>\n\t\t<\/div>\n\t\t\t\t\t\t<\/div>\n\t\t\t\t<\/div>\n\t\t\t\t\t<\/div>\n\t\t<\/div>\n\t\t\t\t\t<\/div>\n\t\t<\/section>\n\t\t\t\t<section class=\"elementor-section elementor-top-section elementor-element elementor-element-681db8b elementor-section-boxed elementor-section-height-default elementor-section-height-default\" data-id=\"681db8b\" data-element_type=\"section\">\n\t\t\t\t\t\t<div class=\"elementor-container elementor-column-gap-default\">\n\t\t\t\t\t<div class=\"elementor-column elementor-col-100 elementor-top-column elementor-element elementor-element-ad4dac5\" data-id=\"ad4dac5\" data-element_type=\"column\">\n\t\t\t<div class=\"elementor-widget-wrap elementor-element-populated\">\n\t\t\t\t\t\t<div class=\"elementor-element elementor-element-2f96b3d elementor-widget elementor-widget-text-editor\" data-id=\"2f96b3d\" data-element_type=\"widget\" data-widget_type=\"text-editor.default\">\n\t\t\t\t<div class=\"elementor-widget-container\">\n\t\t\t\t\t\t\t\t\t<p>\u0130\u015f Sa\u011fl\u0131\u011f\u0131 ve G\u00fcvenli\u011fi Program\u0131, M\u00fclkiyet Koruma ve G\u00fcvenlik B\u00f6l\u00fcm\u00fc b\u00fcnyesinde yer almaktad\u0131r. B\u00f6l\u00fcm\u00fcm\u00fcz Atat\u00fcrk \u00dcniversitesi Erzurum Meslek Y\u00fcksekokulu 2009 y\u0131l\u0131nda\u00a0 a\u00e7\u0131lm\u0131\u015ft\u0131r. 2009 y\u0131l\u0131ndan beri Atat\u00fcrk \u00dcniversitesi merkez kamp\u00fcs\u00fc i\u00e7erisindeki Erzurum Meslek Y\u00fcksekokulu&#8217;nda e\u011fitim-\u00f6\u011fretime devam etmekte iken, 25.03.2020 tarihli Y\u00fcksek\u00f6\u011fretim Y\u00fcr\u00fctme Kurulu karar\u0131 ile Erzurum Meslek Y\u00fcksekokulu, Teknik Bilimler ve Sosyal Bilimler MYO olarak iki birime ayr\u0131lm\u0131\u015f olup bu tarihten itibaren Teknik Bilimler MYO b\u00fcnyesinde yer almaktad\u0131r.<\/p><p>B\u00f6l\u00fcm\u00fcm\u00fcz b\u00fcnyesinde yer alan \u0130\u015f Sa\u011fl\u0131\u011f\u0131 ve G\u00fcvenli\u011fi program\u0131n\u0131n amac\u0131; i\u015f sa\u011fl\u0131\u011f\u0131 ve g\u00fcvenli\u011fi hizmetleri kapsam\u0131nda kamu kurumlar\u0131 ve \u00f6zel sekt\u00f6r\u00fcn ihtiya\u00e7 duydu\u011fu t\u00fcm s\u00fcre\u00e7lerde mevzuatta belirtilen g\u00f6rev ve sorumluluklar\u0131 \u00e7er\u00e7evesinde rehberlik edebilecek, ulusal ve uluslararas\u0131 mesleki standartlara uygun yetkinlikte \u201c\u0130\u015f G\u00fcvenli\u011fi Teknikeri\u201d yeti\u015ftirmektir. Ayr\u0131ca, bu programdan mezun olan \u00f6\u011frenciler Dikey Ge\u00e7i\u015f S\u0131nav\u0131 ile ilgili b\u00f6l\u00fcm\u00fcn lisans program\u0131na, Acil Yard\u0131m ve Afet Y\u00f6netimi, \u0130\u015fletme, \u0130\u015fletme Y\u00f6netimi, Sa\u011fl\u0131k Y\u00f6netimi veya Sosyal Hizmetler B\u00f6l\u00fcmlerine ge\u00e7i\u015f yapabilmektedir.<\/p><p>Program\u0131n e\u011fitim ama\u00e7lar\u0131;<\/p><ul><li>Mezunlar\u0131n i\u015f sa\u011fl\u0131\u011f\u0131 ve g\u00fcvenli\u011fi alan\u0131nda temel, g\u00fcncel ve uygulamal\u0131 bilgiye sahip olarak sekt\u00f6rde etkin g\u00f6rev alabilmeleri,<\/li><li>Mesleki geli\u015fmeleri takip eden, bili\u015fim teknolojilerini etkin kullanan ve \u00e7\u00f6z\u00fcm odakl\u0131 d\u00fc\u015f\u00fcnebilen bireyler yeti\u015ftirilmesi,<\/li><li>Etkili ileti\u015fim kurabilen, ekip \u00e7al\u0131\u015fmas\u0131na yatk\u0131n, etik de\u011ferlere ba\u011fl\u0131 ve toplumsal sorumluluk bilinci y\u00fcksek profesyonellerin desteklenmesi,<\/li><li>Ya\u015fam boyu \u00f6\u011frenme yakla\u015f\u0131m\u0131n\u0131 benimseyen, kariyer y\u00f6netimi konusunda fark\u0131ndal\u0131k sahibi bireylerin yeti\u015ftirilmesi,<\/li><li>Risk analizi, kay\u0131t ve raporlama gibi i\u015f sa\u011fl\u0131\u011f\u0131 ve g\u00fcvenli\u011fi uygulamalar\u0131n\u0131 etkin \u015fekilde y\u00fcr\u00fctebilen mezunlar kazand\u0131r\u0131lmas\u0131d\u0131r.<\/li><\/ul><p>Bu ba\u011flamda verilen e\u011fitim i\u00e7in belirlenen hedefler;<\/p><ol><li>T\u00fcm i\u015fyerlerinde i\u015f kazalar\u0131 ve meslek hastal\u0131klar\u0131n\u0131n \u00f6nlenmesi konusunda, gerekli \u00f6nlemleri alabilmesi i\u00e7in i\u015fverene rehberlik edebilen bireyler yeti\u015ftirmek,<\/li><li>Risk fakt\u00f6rlerinin ortadan kald\u0131r\u0131lmas\u0131, yaralanma ve kaza ihtimallerini \u00f6nemli \u00f6l\u00e7\u00fcde d\u00fc\u015f\u00fcrebilecek faaliyetleri analiz edebilme yetene\u011fine sahip bireyler yeti\u015ftirmek,<\/li><li>Mesleki alanda uygulamal\u0131 e\u011fitim verebilme, teknolojik ve disiplinler aras\u0131 \u00e7al\u0131\u015fma yapabilme yetkinli\u011fe sahip olan bireyler yeti\u015ftirmek,<\/li><li>Acil durum ve kriz y\u00f6netimi becerilerini ta\u015f\u0131yan, g\u00fcvenlik k\u00fclt\u00fcr\u00fcn\u00fc yayg\u0131nla\u015ft\u0131rabilecek bireyleri yeti\u015ftirmek,<\/li><li>Mevzuat ve etik sorumluluk bilinci ta\u015f\u0131yan bireyler yeti\u015ftirmektir.<\/li><\/ol>\t\t\t\t\t\t\t\t<\/div>\n\t\t\t\t<\/div>\n\t\t\t\t\t<\/div>\n\t\t<\/div>\n\t\t\t\t\t<\/div>\n\t\t<\/section>\n\t\t\t\t<\/div>\n\t\t","protected":false},"excerpt":{"rendered":"<p>Genel Bilgi \u0130\u015f Sa\u011fl\u0131\u011f\u0131 ve G\u00fcvenli\u011fi Program\u0131, M\u00fclkiyet Koruma ve G\u00fcvenlik B\u00f6l\u00fcm\u00fc b\u00fcnyesinde yer almaktad\u0131r. B\u00f6l\u00fcm\u00fcm\u00fcz Atat\u00fcrk \u00dcniversitesi Erzurum Meslek Y\u00fcksekokulu 2009 y\u0131l\u0131nda\u00a0 a\u00e7\u0131lm\u0131\u015ft\u0131r. 2009 y\u0131l\u0131ndan beri Atat\u00fcrk \u00dcniversitesi merkez kamp\u00fcs\u00fc i\u00e7erisindeki Erzurum Meslek Y\u00fcksekokulu&#8217;nda e\u011fitim-\u00f6\u011fretime devam etmekte iken, 25.03.2020 tarihli Y\u00fcksek\u00f6\u011fretim Y\u00fcr\u00fctme Kurulu karar\u0131 ile Erzurum Meslek Y\u00fcksekokulu, Teknik Bilimler ve Sosyal Bilimler MYO [&hellip;]<\/p>\n","protected":false},"author":1,"featured_media":0,"parent":0,"menu_order":0,"comment_status":"closed","ping_status":"closed","template":"","meta":{"footnotes":""},"class_list":["post-5638","page","type-page","status-publish","hentry"],"_links":{"self":[{"href":"https:\/\/atauni.edu.tr\/is-sagligi-ve-guvenligi-programi\/wp-json\/wp\/v2\/pages\/5638","targetHints":{"allow":["GET"]}}],"collection":[{"href":"https:\/\/atauni.edu.tr\/is-sagligi-ve-guvenligi-programi\/wp-json\/wp\/v2\/pages"}],"about":[{"href":"https:\/\/atauni.edu.tr\/is-sagligi-ve-guvenligi-programi\/wp-json\/wp\/v2\/types\/page"}],"author":[{"embeddable":true,"href":"https:\/\/atauni.edu.tr\/is-sagligi-ve-guvenligi-programi\/wp-json\/wp\/v2\/users\/1"}],"replies":[{"embeddable":true,"href":"https:\/\/atauni.edu.tr\/is-sagligi-ve-guvenligi-programi\/wp-json\/wp\/v2\/comments?post=5638"}],"version-history":[{"count":35,"href":"https:\/\/atauni.edu.tr\/is-sagligi-ve-guvenligi-programi\/wp-json\/wp\/v2\/pages\/5638\/revisions"}],"predecessor-version":[{"id":6736,"href":"https:\/\/atauni.edu.tr\/is-sagligi-ve-guvenligi-programi\/wp-json\/wp\/v2\/pages\/5638\/revisions\/6736"}],"wp:attachment":[{"href":"https:\/\/atauni.edu.tr\/is-sagligi-ve-guvenligi-programi\/wp-json\/wp\/v2\/media?parent=5638"}],"curies":[{"name":"wp","href":"https:\/\/api.w.org\/{rel}","templated":true}]}}