{"id":5682,"date":"2021-07-13T10:10:01","date_gmt":"2021-07-13T07:10:01","guid":{"rendered":"https:\/\/portaltest.atauni.edu.tr\/bilgisayar-muhendisligi\/?page_id=5682"},"modified":"2025-06-10T17:18:05","modified_gmt":"2025-06-10T14:18:05","slug":"misyon-vizyon","status":"publish","type":"page","link":"https:\/\/atauni.edu.tr\/is-sagligi-ve-guvenligi-programi\/misyon-vizyon\/","title":{"rendered":"Misyon-Vizyon"},"content":{"rendered":"\t\t<div data-elementor-type=\"wp-page\" data-elementor-id=\"5682\" class=\"elementor elementor-5682\" data-elementor-post-type=\"page\">\n\t\t\t\t\t\t<section class=\"elementor-section elementor-top-section elementor-element elementor-element-730d320 elementor-section-boxed elementor-section-height-default elementor-section-height-default\" data-id=\"730d320\" data-element_type=\"section\">\n\t\t\t\t\t\t<div class=\"elementor-container elementor-column-gap-default\">\n\t\t\t\t\t<div class=\"elementor-column elementor-col-100 elementor-top-column elementor-element elementor-element-753d0860\" data-id=\"753d0860\" data-element_type=\"column\">\n\t\t\t<div class=\"elementor-widget-wrap\">\n\t\t\t\t\t\t\t<\/div>\n\t\t<\/div>\n\t\t\t\t\t<\/div>\n\t\t<\/section>\n\t\t\t\t<section class=\"elementor-section elementor-top-section elementor-element elementor-element-9be811a elementor-section-boxed elementor-section-height-default elementor-section-height-default\" data-id=\"9be811a\" data-element_type=\"section\">\n\t\t\t\t\t\t<div class=\"elementor-container elementor-column-gap-default\">\n\t\t\t\t\t<div class=\"elementor-column elementor-col-100 elementor-top-column elementor-element elementor-element-1ed847b7\" data-id=\"1ed847b7\" data-element_type=\"column\">\n\t\t\t<div class=\"elementor-widget-wrap elementor-element-populated\">\n\t\t\t\t\t\t<div class=\"elementor-element elementor-element-4ce0d07f elementor-widget elementor-widget-heading\" data-id=\"4ce0d07f\" data-element_type=\"widget\" data-widget_type=\"heading.default\">\n\t\t\t\t<div class=\"elementor-widget-container\">\n\t\t\t\t\t<h2 class=\"elementor-heading-title elementor-size-default\">Misyon-Vizyon<\/h2>\t\t\t\t<\/div>\n\t\t\t\t<\/div>\n\t\t\t\t<div class=\"elementor-element elementor-element-63260862 elementor-widget-divider--view-line elementor-widget elementor-widget-divider\" data-id=\"63260862\" data-element_type=\"widget\" data-widget_type=\"divider.default\">\n\t\t\t\t<div class=\"elementor-widget-container\">\n\t\t\t\t\t\t\t<div class=\"elementor-divider\">\n\t\t\t<span class=\"elementor-divider-separator\">\n\t\t\t\t\t\t<\/span>\n\t\t<\/div>\n\t\t\t\t\t\t<\/div>\n\t\t\t\t<\/div>\n\t\t\t\t\t<\/div>\n\t\t<\/div>\n\t\t\t\t\t<\/div>\n\t\t<\/section>\n\t\t\t\t<section class=\"elementor-section elementor-top-section elementor-element elementor-element-681db8b elementor-section-boxed elementor-section-height-default elementor-section-height-default\" data-id=\"681db8b\" data-element_type=\"section\">\n\t\t\t\t\t\t<div class=\"elementor-container elementor-column-gap-default\">\n\t\t\t\t\t<div class=\"elementor-column elementor-col-100 elementor-top-column elementor-element elementor-element-ad4dac5\" data-id=\"ad4dac5\" data-element_type=\"column\">\n\t\t\t<div class=\"elementor-widget-wrap elementor-element-populated\">\n\t\t\t\t\t\t<div class=\"elementor-element elementor-element-2f96b3d elementor-widget elementor-widget-text-editor\" data-id=\"2f96b3d\" data-element_type=\"widget\" data-widget_type=\"text-editor.default\">\n\t\t\t\t<div class=\"elementor-widget-container\">\n\t\t\t\t\t\t\t\t\t<p><strong>M\u0130SYONUMUZ<\/strong><br \/>\u0130\u015f Sa\u011fl\u0131\u011f\u0131 ve G\u00fcvenli\u011fi alan\u0131ndaki g\u00fcncel de\u011fi\u015fimlere ayak uyduran, yasal mevzuat\u0131 takip eden,\u00a0interaktif d\u00fc\u015f\u00fcnme yetene\u011fine ve etkili\u00a0ileti\u015fim becerisine sahip, \u00a0lisans e\u011fitimi almaya yetecek mesleki alt yap\u0131y\u0131 kazanm\u0131\u015f, mesleki etik bilinci ta\u015f\u0131yan, nitelikli teknik elemanlar yeti\u015ftirmektir.<br \/><br \/><strong>V\u0130ZYONUMUZ<\/strong><br \/>\u00dclkemizde \u0130\u015f Sa\u011fl\u0131\u011f\u0131 ve G\u00fcvenli\u011fi K\u00fclt\u00fcr\u00fcn\u00fcn olu\u015fmas\u0131na katk\u0131 sa\u011flamak, \u00f6\u011frencilerimize bu konuda iyi bir e\u011fitim vermek, g\u00fcvenli ve sa\u011fl\u0131kl\u0131 bir i\u015f ortam\u0131 olu\u015fturmak i\u00e7in hizmetlerde bulanacak mezunlar yeti\u015ftirmektir.<\/p>\t\t\t\t\t\t\t\t<\/div>\n\t\t\t\t<\/div>\n\t\t\t\t\t<\/div>\n\t\t<\/div>\n\t\t\t\t\t<\/div>\n\t\t<\/section>\n\t\t\t\t<\/div>\n\t\t","protected":false},"excerpt":{"rendered":"<p>Misyon-Vizyon M\u0130SYONUMUZ\u0130\u015f Sa\u011fl\u0131\u011f\u0131 ve G\u00fcvenli\u011fi alan\u0131ndaki g\u00fcncel de\u011fi\u015fimlere ayak uyduran, yasal mevzuat\u0131 takip eden,\u00a0interaktif d\u00fc\u015f\u00fcnme yetene\u011fine ve etkili\u00a0ileti\u015fim becerisine sahip, \u00a0lisans e\u011fitimi almaya yetecek mesleki alt yap\u0131y\u0131 kazanm\u0131\u015f, mesleki etik bilinci ta\u015f\u0131yan, nitelikli teknik elemanlar yeti\u015ftirmektir. V\u0130ZYONUMUZ\u00dclkemizde \u0130\u015f Sa\u011fl\u0131\u011f\u0131 ve G\u00fcvenli\u011fi K\u00fclt\u00fcr\u00fcn\u00fcn olu\u015fmas\u0131na katk\u0131 sa\u011flamak, \u00f6\u011frencilerimize bu konuda iyi bir e\u011fitim vermek, g\u00fcvenli ve sa\u011fl\u0131kl\u0131 [&hellip;]<\/p>\n","protected":false},"author":1,"featured_media":0,"parent":0,"menu_order":0,"comment_status":"closed","ping_status":"closed","template":"elementor_header_footer","meta":{"footnotes":""},"class_list":["post-5682","page","type-page","status-publish","hentry"],"_links":{"self":[{"href":"https:\/\/atauni.edu.tr\/is-sagligi-ve-guvenligi-programi\/wp-json\/wp\/v2\/pages\/5682","targetHints":{"allow":["GET"]}}],"collection":[{"href":"https:\/\/atauni.edu.tr\/is-sagligi-ve-guvenligi-programi\/wp-json\/wp\/v2\/pages"}],"about":[{"href":"https:\/\/atauni.edu.tr\/is-sagligi-ve-guvenligi-programi\/wp-json\/wp\/v2\/types\/page"}],"author":[{"embeddable":true,"href":"https:\/\/atauni.edu.tr\/is-sagligi-ve-guvenligi-programi\/wp-json\/wp\/v2\/users\/1"}],"replies":[{"embeddable":true,"href":"https:\/\/atauni.edu.tr\/is-sagligi-ve-guvenligi-programi\/wp-json\/wp\/v2\/comments?post=5682"}],"version-history":[{"count":15,"href":"https:\/\/atauni.edu.tr\/is-sagligi-ve-guvenligi-programi\/wp-json\/wp\/v2\/pages\/5682\/revisions"}],"predecessor-version":[{"id":6483,"href":"https:\/\/atauni.edu.tr\/is-sagligi-ve-guvenligi-programi\/wp-json\/wp\/v2\/pages\/5682\/revisions\/6483"}],"wp:attachment":[{"href":"https:\/\/atauni.edu.tr\/is-sagligi-ve-guvenligi-programi\/wp-json\/wp\/v2\/media?parent=5682"}],"curies":[{"name":"wp","href":"https:\/\/api.w.org\/{rel}","templated":true}]}}