{"id":6283,"date":"2025-05-20T16:42:43","date_gmt":"2025-05-20T13:42:43","guid":{"rendered":"https:\/\/birimler.atauni.edu.tr\/is-sagligi-ve-guvenligi-programi\/?page_id=6283"},"modified":"2025-12-16T17:28:23","modified_gmt":"2025-12-16T14:28:23","slug":"staj-islemleri","status":"publish","type":"page","link":"https:\/\/atauni.edu.tr\/is-sagligi-ve-guvenligi-programi\/staj-islemleri\/","title":{"rendered":"Staj \u0130\u015flemleri"},"content":{"rendered":"\t\t<div data-elementor-type=\"wp-page\" data-elementor-id=\"6283\" class=\"elementor elementor-6283\" data-elementor-post-type=\"page\">\n\t\t\t\t\t\t<section class=\"elementor-section elementor-top-section elementor-element elementor-element-bdbfe65 elementor-section-boxed elementor-section-height-default elementor-section-height-default\" data-id=\"bdbfe65\" data-element_type=\"section\">\n\t\t\t\t\t\t<div class=\"elementor-container elementor-column-gap-default\">\n\t\t\t\t\t<div class=\"elementor-column elementor-col-100 elementor-top-column elementor-element elementor-element-82ec020\" data-id=\"82ec020\" data-element_type=\"column\">\n\t\t\t<div class=\"elementor-widget-wrap elementor-element-populated\">\n\t\t\t\t\t\t<div class=\"elementor-element elementor-element-b5853eb elementor-widget elementor-widget-text-editor\" data-id=\"b5853eb\" data-element_type=\"widget\" data-widget_type=\"text-editor.default\">\n\t\t\t\t<div class=\"elementor-widget-container\">\n\t\t\t\t\t\t\t\t\t<p><strong>STAJ UYGULAMALARI YOL HAR\u0130TASI<\/strong><\/p><p>Zorunlu yaz staj\u0131 i\u00e7in \u00f6\u011frencilerimizin a\u015fa\u011f\u0131daki ad\u0131mlar\u0131 takip etmesi gerekmektedir.<\/p><ol><li>Atat\u00fcrk \u00dcniversitesi Uygulamal\u0131 E\u011fitimler Y\u00f6nergesi\u2019ne g\u00f6re;<\/li><\/ol><p><strong>MADDE 21- <\/strong>(1) Stajlar\u0131n yar\u0131y\u0131l veya yaz tatiline rastlayan aylarda yap\u0131lmas\u0131 esast\u0131r. Ancak a\u015fa\u011f\u0131da belirtilen stajlar\u0131n yar\u0131y\u0131l veya yaz tatiline rastlayan aylarda yap\u0131lmad\u0131\u011f\u0131 durumlarda staj ile birlikte e\u011fitim ve \u00f6\u011fretim faaliyetleri devam eder, \u00f6\u011frencinin dersinin veya s\u0131nav\u0131n\u0131n oldu\u011fu g\u00fcnlerde staj yapt\u0131r\u0131lamaz:<\/p><p>a) \u0130lgili program\u0131n veya i\u015fletme ko\u015fullar\u0131n\u0131n uygun olmamas\u0131 durumunda bu s\u00fcreler d\u0131\u015f\u0131nda ve e\u011fitim ve \u00f6\u011fretimi aksatmamak \u015fart\u0131yla staj yapt\u0131r\u0131labilir.<\/p><p>b) \u00d6\u011frenci b\u00fct\u00fcn derslerini tamamlam\u0131\u015f ancak staj\u0131n\u0131 hen\u00fcz tamamlayamam\u0131\u015f ise staj\u0131n\u0131 herhangi bir ayda yapabilir.<\/p><p>c) Staj, ayn\u0131 s\u00fcreli ve haftal\u0131k \u00fc\u00e7 g\u00fcnden az olmamak \u015fart\u0131yla e\u011fitim ve \u00f6\u011fretim d\u00f6nemi, yaz okulu ve genel s\u0131nav d\u00f6nemlerinde de yapt\u0131r\u0131labilir.<\/p><p><strong>MADDE 23- <\/strong>(2) \u00d6\u011frenciler, kendileri ya da ilgili birim yard\u0131m\u0131 ile bulduklar\u0131 staj yerlerini, staja ba\u015flama tarihinden en az 30 g\u00fcn \u00f6nce, dan\u0131\u015fmanlar\u0131n\u0131n uygun oldu\u011funu belirten g\u00f6r\u00fc\u015f\u00fcyle b\u00f6l\u00fcm\/program staj komisyonuna veya Dekanl\u0131\u011fa\/M\u00fcd\u00fcrl\u00fc\u011fe bildirirler. \u00d6\u011frencilerin, staj ba\u015flang\u0131c\u0131n\u0131n en ge\u00e7 20 g\u00fcn \u00f6ncesine kadar \u00d6\u011frenci Bilgi Sisteminde staj i\u015flemlerini ba\u015flatmalar\u0131 gerekmektedir.<\/p><p>(3) Staja ba\u015flamak i\u00e7in yap\u0131lacak i\u015f ve i\u015flemler \u00d6\u011frenci Bilgi Sisteminde yer alan s\u00fcre\u00e7lere ba\u011fl\u0131 olarak ger\u00e7ekle\u015ftirilir.<\/p><p>(4) Staj\u0131 eksik olan veya i\u015fletmede ba\u015far\u0131l\u0131 olamayan \u00f6\u011frenci, staj\u0131n\u0131 uygun ba\u015fka bir i\u015fletmede veya ilgili b\u00f6l\u00fcm\/program staj komisyonunun uygun g\u00f6rmesi ve Sa\u011fl\u0131k K\u00fclt\u00fcr ve Spor Dairesi Ba\u015fkanl\u0131\u011f\u0131na bildirilmesi halinde ayn\u0131 i\u015fletmede tamamlayabilir.<\/p><p>(5) \u00d6\u011frenciler, yapmak zorunda olduklar\u0131 staj, e\u011fitim ve uygulama \u00e7al\u0131\u015fmalar\u0131n\u0131, normal \u00f6\u011fretim program\u0131n\u0131 aksatmayacak \u015fekilde yurtd\u0131\u015f\u0131nda da yapabilirler. \u00d6\u011frenciler, yurtd\u0131\u015f\u0131 kabul belgesini ilgili birim staj komisyonuna teslim ederler. Bu talepler ilgili birim staj komisyonunca de\u011ferlendirilir ve yurt d\u0131\u015f\u0131nda staj yap\u0131l\u0131p yap\u0131lmamas\u0131na karar verilir. Ayr\u0131ca, \u00f6\u011frenciler stajlar\u0131n\u0131 Uluslararas\u0131 Teknik Stajyer \u00d6\u011frenci M\u00fcbadelesi Birli\u011fi (The International Association for the Exchange of the Students for Technical Experience) IAESTE ya da ERASMUS Staj Hareketlili\u011fi Program\u0131 kanal\u0131 ile de ger\u00e7ekle\u015ftirebilirler.<\/p><ol start=\"2\"><li>\u00d6\u011frenci Bilgi Sistemi (OBS)\u2019de \u201cBa\u015fvuru \u0130\u015flemleri \u2192 Kay\u0131t Ba\u015fvurular\u0131 \u2192 Staj Ba\u015fvurusu\u201d k\u0131sm\u0131ndan a\u015fa\u011f\u0131da g\u00f6sterilen ad\u0131mlar takip edilerek staj i\u00e7in ba\u015fvuru yap\u0131lacakt\u0131r.<\/li><\/ol><p><img fetchpriority=\"high\" decoding=\"async\" class=\"alignnone wp-image-6298 size-large\" src=\"https:\/\/birimler.atauni.edu.tr\/is-sagligi-ve-guvenligi-programi\/wp-content\/uploads\/sites\/640\/2025\/05\/Satj-Gorsel-1-1024x288.png\" alt=\"\" width=\"1024\" height=\"288\" srcset=\"https:\/\/atauni.edu.tr\/is-sagligi-ve-guvenligi-programi\/wp-content\/uploads\/sites\/640\/2025\/05\/Satj-Gorsel-1-1024x288.png 1024w, https:\/\/atauni.edu.tr\/is-sagligi-ve-guvenligi-programi\/wp-content\/uploads\/sites\/640\/2025\/05\/Satj-Gorsel-1-300x84.png 300w, https:\/\/atauni.edu.tr\/is-sagligi-ve-guvenligi-programi\/wp-content\/uploads\/sites\/640\/2025\/05\/Satj-Gorsel-1-768x216.png 768w, https:\/\/atauni.edu.tr\/is-sagligi-ve-guvenligi-programi\/wp-content\/uploads\/sites\/640\/2025\/05\/Satj-Gorsel-1-1536x432.png 1536w, https:\/\/atauni.edu.tr\/is-sagligi-ve-guvenligi-programi\/wp-content\/uploads\/sites\/640\/2025\/05\/Satj-Gorsel-1-600x169.png 600w, https:\/\/atauni.edu.tr\/is-sagligi-ve-guvenligi-programi\/wp-content\/uploads\/sites\/640\/2025\/05\/Satj-Gorsel-1-560x158.png 560w, https:\/\/atauni.edu.tr\/is-sagligi-ve-guvenligi-programi\/wp-content\/uploads\/sites\/640\/2025\/05\/Satj-Gorsel-1.png 1624w\" sizes=\"(max-width: 1024px) 100vw, 1024px\" \/><\/p><p><img decoding=\"async\" class=\"alignnone wp-image-6299 size-large\" src=\"https:\/\/birimler.atauni.edu.tr\/is-sagligi-ve-guvenligi-programi\/wp-content\/uploads\/sites\/640\/2025\/05\/Satj-Gorsel-2-1024x445.png\" alt=\"\" width=\"1024\" height=\"445\" srcset=\"https:\/\/atauni.edu.tr\/is-sagligi-ve-guvenligi-programi\/wp-content\/uploads\/sites\/640\/2025\/05\/Satj-Gorsel-2-1024x445.png 1024w, https:\/\/atauni.edu.tr\/is-sagligi-ve-guvenligi-programi\/wp-content\/uploads\/sites\/640\/2025\/05\/Satj-Gorsel-2-300x130.png 300w, https:\/\/atauni.edu.tr\/is-sagligi-ve-guvenligi-programi\/wp-content\/uploads\/sites\/640\/2025\/05\/Satj-Gorsel-2-768x334.png 768w, https:\/\/atauni.edu.tr\/is-sagligi-ve-guvenligi-programi\/wp-content\/uploads\/sites\/640\/2025\/05\/Satj-Gorsel-2-600x261.png 600w, https:\/\/atauni.edu.tr\/is-sagligi-ve-guvenligi-programi\/wp-content\/uploads\/sites\/640\/2025\/05\/Satj-Gorsel-2-560x243.png 560w, https:\/\/atauni.edu.tr\/is-sagligi-ve-guvenligi-programi\/wp-content\/uploads\/sites\/640\/2025\/05\/Satj-Gorsel-2.png 1301w\" sizes=\"(max-width: 1024px) 100vw, 1024px\" \/><\/p><ol start=\"2\"><li>\u00d6n ba\u015fvuru tamamland\u0131ktan sonra olu\u015fan sayfadaki <strong><u>turuncu buton<\/u><\/strong> t\u0131klanarak kesin ba\u015fvuru a\u015famas\u0131na ge\u00e7ilip ilgili bilgilerin doldurulmas\u0131 ile staj ba\u015fvurusu Staj Komisyonu\u2019na ula\u015ft\u0131r\u0131lm\u0131\u015f olacakt\u0131r. Yap\u0131lan staj ba\u015fvurusu s\u0131ras\u0131yla Staj Komisyonu, Okul Y\u00f6netimi ve SKS taraf\u0131ndan elektronik ortamda onaylanacakt\u0131r.<\/li><\/ol><p><img decoding=\"async\" class=\"alignnone wp-image-6300 size-large\" src=\"https:\/\/birimler.atauni.edu.tr\/is-sagligi-ve-guvenligi-programi\/wp-content\/uploads\/sites\/640\/2025\/05\/Satj-Gorsel-3-1024x471.png\" alt=\"\" width=\"1024\" height=\"471\" srcset=\"https:\/\/atauni.edu.tr\/is-sagligi-ve-guvenligi-programi\/wp-content\/uploads\/sites\/640\/2025\/05\/Satj-Gorsel-3-1024x471.png 1024w, https:\/\/atauni.edu.tr\/is-sagligi-ve-guvenligi-programi\/wp-content\/uploads\/sites\/640\/2025\/05\/Satj-Gorsel-3-300x138.png 300w, https:\/\/atauni.edu.tr\/is-sagligi-ve-guvenligi-programi\/wp-content\/uploads\/sites\/640\/2025\/05\/Satj-Gorsel-3-768x353.png 768w, https:\/\/atauni.edu.tr\/is-sagligi-ve-guvenligi-programi\/wp-content\/uploads\/sites\/640\/2025\/05\/Satj-Gorsel-3-1536x707.png 1536w, https:\/\/atauni.edu.tr\/is-sagligi-ve-guvenligi-programi\/wp-content\/uploads\/sites\/640\/2025\/05\/Satj-Gorsel-3-600x276.png 600w, https:\/\/atauni.edu.tr\/is-sagligi-ve-guvenligi-programi\/wp-content\/uploads\/sites\/640\/2025\/05\/Satj-Gorsel-3-560x258.png 560w, https:\/\/atauni.edu.tr\/is-sagligi-ve-guvenligi-programi\/wp-content\/uploads\/sites\/640\/2025\/05\/Satj-Gorsel-3.png 1676w\" sizes=\"(max-width: 1024px) 100vw, 1024px\" \/><\/p><p>3. Staj ba\u015fvurusunun yap\u0131ld\u0131\u011f\u0131 k\u0131s\u0131mda \u201cSKS Onaylad\u0131\u201d ibaresi g\u00f6r\u00fcld\u00fckten sonra staj defteri okulumuzdan temin edilecektir.<\/p><p>4. Staj ba\u015fvurular\u0131 staja ba\u015flama tarihinden en az 20 g\u00fcn \u00f6nce yap\u0131lmal\u0131d\u0131r.<\/p><p>5. Tek ders s\u0131nav\u0131na girecek \u00f6\u011frenciler staj bitiminden sonraki tek ders s\u0131nava kat\u0131labileceklerdir.<\/p>\t\t\t\t\t\t\t\t<\/div>\n\t\t\t\t<\/div>\n\t\t\t\t\t<\/div>\n\t\t<\/div>\n\t\t\t\t\t<\/div>\n\t\t<\/section>\n\t\t\t\t<\/div>\n\t\t","protected":false},"excerpt":{"rendered":"<p>STAJ UYGULAMALARI YOL HAR\u0130TASI Zorunlu yaz staj\u0131 i\u00e7in \u00f6\u011frencilerimizin a\u015fa\u011f\u0131daki ad\u0131mlar\u0131 takip etmesi gerekmektedir. Atat\u00fcrk \u00dcniversitesi Uygulamal\u0131 E\u011fitimler Y\u00f6nergesi\u2019ne g\u00f6re; MADDE 21- (1) Stajlar\u0131n yar\u0131y\u0131l veya yaz tatiline rastlayan aylarda yap\u0131lmas\u0131 esast\u0131r. Ancak a\u015fa\u011f\u0131da belirtilen stajlar\u0131n yar\u0131y\u0131l veya yaz tatiline rastlayan aylarda yap\u0131lmad\u0131\u011f\u0131 durumlarda staj ile birlikte e\u011fitim ve \u00f6\u011fretim faaliyetleri devam eder, \u00f6\u011frencinin dersinin [&hellip;]<\/p>\n","protected":false},"author":184,"featured_media":0,"parent":0,"menu_order":0,"comment_status":"closed","ping_status":"closed","template":"","meta":{"footnotes":""},"class_list":["post-6283","page","type-page","status-publish","hentry"],"_links":{"self":[{"href":"https:\/\/atauni.edu.tr\/is-sagligi-ve-guvenligi-programi\/wp-json\/wp\/v2\/pages\/6283","targetHints":{"allow":["GET"]}}],"collection":[{"href":"https:\/\/atauni.edu.tr\/is-sagligi-ve-guvenligi-programi\/wp-json\/wp\/v2\/pages"}],"about":[{"href":"https:\/\/atauni.edu.tr\/is-sagligi-ve-guvenligi-programi\/wp-json\/wp\/v2\/types\/page"}],"author":[{"embeddable":true,"href":"https:\/\/atauni.edu.tr\/is-sagligi-ve-guvenligi-programi\/wp-json\/wp\/v2\/users\/184"}],"replies":[{"embeddable":true,"href":"https:\/\/atauni.edu.tr\/is-sagligi-ve-guvenligi-programi\/wp-json\/wp\/v2\/comments?post=6283"}],"version-history":[{"count":13,"href":"https:\/\/atauni.edu.tr\/is-sagligi-ve-guvenligi-programi\/wp-json\/wp\/v2\/pages\/6283\/revisions"}],"predecessor-version":[{"id":6810,"href":"https:\/\/atauni.edu.tr\/is-sagligi-ve-guvenligi-programi\/wp-json\/wp\/v2\/pages\/6283\/revisions\/6810"}],"wp:attachment":[{"href":"https:\/\/atauni.edu.tr\/is-sagligi-ve-guvenligi-programi\/wp-json\/wp\/v2\/media?parent=6283"}],"curies":[{"name":"wp","href":"https:\/\/api.w.org\/{rel}","templated":true}]}}