{"id":6286,"date":"2025-05-20T16:43:29","date_gmt":"2025-05-20T13:43:29","guid":{"rendered":"https:\/\/birimler.atauni.edu.tr\/is-sagligi-ve-guvenligi-programi\/?page_id=6286"},"modified":"2025-10-30T12:27:55","modified_gmt":"2025-10-30T09:27:55","slug":"akademik-danismanlik","status":"publish","type":"page","link":"https:\/\/atauni.edu.tr\/is-sagligi-ve-guvenligi-programi\/akademik-danismanlik\/","title":{"rendered":"Akademik Dan\u0131\u015fmanl\u0131k"},"content":{"rendered":"\t\t<div data-elementor-type=\"wp-page\" data-elementor-id=\"6286\" class=\"elementor elementor-6286\" data-elementor-post-type=\"page\">\n\t\t\t\t\t\t<section class=\"elementor-section elementor-top-section elementor-element elementor-element-926fcbe elementor-section-boxed elementor-section-height-default elementor-section-height-default\" data-id=\"926fcbe\" data-element_type=\"section\">\n\t\t\t\t\t\t<div class=\"elementor-container elementor-column-gap-default\">\n\t\t\t\t\t<div class=\"elementor-column elementor-col-100 elementor-top-column elementor-element elementor-element-6fbdb63\" data-id=\"6fbdb63\" data-element_type=\"column\">\n\t\t\t<div class=\"elementor-widget-wrap elementor-element-populated\">\n\t\t\t\t\t\t<div class=\"elementor-element elementor-element-a1d98f5 elementor-widget elementor-widget-text-editor\" data-id=\"a1d98f5\" data-element_type=\"widget\" data-widget_type=\"text-editor.default\">\n\t\t\t\t<div class=\"elementor-widget-container\">\n\t\t\t\t\t\t\t\t\t<table width=\"787\"><tbody><tr><td width=\"58\"><p><strong>S\u0131n\u0131f<\/strong><\/p><\/td><td width=\"141\"><p><strong>Dan\u0131\u015fman<\/strong><\/p><\/td><td width=\"127\"><p><strong>Dan\u0131\u015fmanl\u0131k G\u00fcn\u00fc<\/strong><\/p><\/td><td width=\"127\"><p><strong>Dan\u0131\u015fmanl\u0131k Saati<\/strong><\/p><\/td><td width=\"253\"><p><strong>e-posta<\/strong><\/p><\/td><td width=\"81\"><p><strong>\u00d6\u011frenci Say\u0131s\u0131<\/strong><\/p><\/td><\/tr><tr><td width=\"58\"><p>1<\/p><\/td><td width=\"141\"><p>\u00d6\u011fr. G\u00f6r. Emre DEM\u0130R<\/p><\/td><td width=\"127\"><p>Cuma<\/p><\/td><td width=\"127\"><p>14:00-16:00<\/p><\/td><td width=\"253\"><p><a href=\"mailto:omerkarabulut@atauni.edu.tr\">emredemir@atauni.edu.tr<\/a><\/p><\/td><td width=\"81\">\u00a0 \u00a0 \u00a0 \u00a0 \u00a0 32<\/td><\/tr><tr><td width=\"58\"><p>2<\/p><\/td><td width=\"141\"><p>\u00d6\u011fr. G\u00f6r. \u00d6mer KARABULUT<\/p><\/td><td width=\"127\"><p>Sal\u0131<\/p><\/td><td width=\"127\"><p>15:00-17:00<\/p><\/td><td width=\"253\"><a href=\"mailto:omerkarabulut@atauni.edu.tr\">omerkarabulut@atauni.edu.tr<\/a><\/td><td width=\"81\">\u00a0 \u00a0 \u00a0 \u00a0 \u00a0 58<\/td><\/tr><\/tbody><\/table>\t\t\t\t\t\t\t\t<\/div>\n\t\t\t\t<\/div>\n\t\t\t\t\t<\/div>\n\t\t<\/div>\n\t\t\t\t\t<\/div>\n\t\t<\/section>\n\t\t\t\t<\/div>\n\t\t","protected":false},"excerpt":{"rendered":"<p>S\u0131n\u0131f Dan\u0131\u015fman Dan\u0131\u015fmanl\u0131k G\u00fcn\u00fc Dan\u0131\u015fmanl\u0131k Saati e-posta \u00d6\u011frenci Say\u0131s\u0131 1 \u00d6\u011fr. G\u00f6r. Emre DEM\u0130R Cuma 14:00-16:00 emredemir@atauni.edu.tr \u00a0 \u00a0 \u00a0 \u00a0 \u00a0 32 2 \u00d6\u011fr. G\u00f6r. \u00d6mer KARABULUT Sal\u0131 15:00-17:00 omerkarabulut@atauni.edu.tr \u00a0 \u00a0 \u00a0 \u00a0 \u00a0 58<\/p>\n","protected":false},"author":184,"featured_media":0,"parent":0,"menu_order":0,"comment_status":"closed","ping_status":"closed","template":"","meta":{"footnotes":""},"class_list":["post-6286","page","type-page","status-publish","hentry"],"_links":{"self":[{"href":"https:\/\/atauni.edu.tr\/is-sagligi-ve-guvenligi-programi\/wp-json\/wp\/v2\/pages\/6286","targetHints":{"allow":["GET"]}}],"collection":[{"href":"https:\/\/atauni.edu.tr\/is-sagligi-ve-guvenligi-programi\/wp-json\/wp\/v2\/pages"}],"about":[{"href":"https:\/\/atauni.edu.tr\/is-sagligi-ve-guvenligi-programi\/wp-json\/wp\/v2\/types\/page"}],"author":[{"embeddable":true,"href":"https:\/\/atauni.edu.tr\/is-sagligi-ve-guvenligi-programi\/wp-json\/wp\/v2\/users\/184"}],"replies":[{"embeddable":true,"href":"https:\/\/atauni.edu.tr\/is-sagligi-ve-guvenligi-programi\/wp-json\/wp\/v2\/comments?post=6286"}],"version-history":[{"count":22,"href":"https:\/\/atauni.edu.tr\/is-sagligi-ve-guvenligi-programi\/wp-json\/wp\/v2\/pages\/6286\/revisions"}],"predecessor-version":[{"id":6692,"href":"https:\/\/atauni.edu.tr\/is-sagligi-ve-guvenligi-programi\/wp-json\/wp\/v2\/pages\/6286\/revisions\/6692"}],"wp:attachment":[{"href":"https:\/\/atauni.edu.tr\/is-sagligi-ve-guvenligi-programi\/wp-json\/wp\/v2\/media?parent=6286"}],"curies":[{"name":"wp","href":"https:\/\/api.w.org\/{rel}","templated":true}]}}