{"id":6294,"date":"2025-05-20T19:53:16","date_gmt":"2025-05-20T16:53:16","guid":{"rendered":"https:\/\/birimler.atauni.edu.tr\/is-sagligi-ve-guvenligi-programi\/?page_id=6294"},"modified":"2025-10-02T17:36:29","modified_gmt":"2025-10-02T14:36:29","slug":"anketler","status":"publish","type":"page","link":"https:\/\/atauni.edu.tr\/is-sagligi-ve-guvenligi-programi\/anketler\/","title":{"rendered":"Anketler"},"content":{"rendered":"\t\t<div data-elementor-type=\"wp-page\" data-elementor-id=\"6294\" class=\"elementor elementor-6294\" data-elementor-post-type=\"page\">\n\t\t\t\t\t\t<section class=\"elementor-section elementor-top-section elementor-element elementor-element-14ff723 elementor-section-boxed elementor-section-height-default elementor-section-height-default\" data-id=\"14ff723\" data-element_type=\"section\">\n\t\t\t\t\t\t<div class=\"elementor-container elementor-column-gap-default\">\n\t\t\t\t\t<div class=\"elementor-column elementor-col-100 elementor-top-column elementor-element elementor-element-a43449a\" data-id=\"a43449a\" data-element_type=\"column\">\n\t\t\t<div class=\"elementor-widget-wrap elementor-element-populated\">\n\t\t\t\t\t\t<div class=\"elementor-element elementor-element-6f85e43 elementor-widget elementor-widget-text-editor\" data-id=\"6f85e43\" data-element_type=\"widget\" data-widget_type=\"text-editor.default\">\n\t\t\t\t<div class=\"elementor-widget-container\">\n\t\t\t\t\t\t\t\t\t<p><a href=\"https:\/\/forms.gle\/8HoAP7WbzCKzN1Rp6\">\u0130\u015f Sa\u011fl\u0131\u011f\u0131 ve G\u00fcvenli\u011fi Program\u0131 Oryantasyon Anketi<\/a><\/p><p><a href=\"https:\/\/docs.google.com\/forms\/d\/1Weay6jftuGRnBh4L0e1KierBXnDmL_rC72scvMDYAF8\/edit?pli=1\">\u00d6\u011frenci Ders De\u011ferlendirme Anketi<\/a><\/p><p><a href=\"https:\/\/docs.google.com\/forms\/d\/15SsjbOnRApSdfTf1tpTICJyQC1Hkn_YGEAp45H3pVUs\/edit\">\u00d6\u011frenci Dan\u0131\u015fmanl\u0131\u011f\u0131 De\u011ferlendirme Anketi<\/a><\/p><p><a href=\"https:\/\/docs.google.com\/forms\/d\/1FjVr1D4BFnLl6xTt6oSc8_KkkV7QMRhssMx-KqfXcLk\/edit\">Mesleki Uygulama Dersi \u0130\u015fyeri Ziyaretleri De\u011ferlendirme Anketi-\u00d6\u011frenci<\/a><\/p><p><a href=\"https:\/\/docs.google.com\/forms\/d\/1VYSF0CLVASG1LXlp__5LJnSQg1fpYA6Yuj3czPwpaK0\/viewform?edit_requested=true\">Mesleki Uygulama Dersi \u0130\u015fyeri Ziyaretleri De\u011ferlendirme Anketi-\u0130\u015fyeri<\/a><\/p><p><a href=\"https:\/\/docs.google.com\/forms\/d\/1sbKvhOYutJ13u-q9hq6Tdi9_YLu8oUdVz_NHryKwwqE\/edit\">Mezun G\u00f6r\u00fc\u015fleri Anketi<\/a><\/p>\t\t\t\t\t\t\t\t<\/div>\n\t\t\t\t<\/div>\n\t\t\t\t\t<\/div>\n\t\t<\/div>\n\t\t\t\t\t<\/div>\n\t\t<\/section>\n\t\t\t\t<\/div>\n\t\t","protected":false},"excerpt":{"rendered":"<p>\u0130\u015f Sa\u011fl\u0131\u011f\u0131 ve G\u00fcvenli\u011fi Program\u0131 Oryantasyon Anketi \u00d6\u011frenci Ders De\u011ferlendirme Anketi \u00d6\u011frenci Dan\u0131\u015fmanl\u0131\u011f\u0131 De\u011ferlendirme Anketi Mesleki Uygulama Dersi \u0130\u015fyeri Ziyaretleri De\u011ferlendirme Anketi-\u00d6\u011frenci Mesleki Uygulama Dersi \u0130\u015fyeri Ziyaretleri De\u011ferlendirme Anketi-\u0130\u015fyeri Mezun G\u00f6r\u00fc\u015fleri Anketi<\/p>\n","protected":false},"author":184,"featured_media":0,"parent":0,"menu_order":0,"comment_status":"closed","ping_status":"closed","template":"","meta":{"footnotes":""},"class_list":["post-6294","page","type-page","status-publish","hentry"],"_links":{"self":[{"href":"https:\/\/atauni.edu.tr\/is-sagligi-ve-guvenligi-programi\/wp-json\/wp\/v2\/pages\/6294","targetHints":{"allow":["GET"]}}],"collection":[{"href":"https:\/\/atauni.edu.tr\/is-sagligi-ve-guvenligi-programi\/wp-json\/wp\/v2\/pages"}],"about":[{"href":"https:\/\/atauni.edu.tr\/is-sagligi-ve-guvenligi-programi\/wp-json\/wp\/v2\/types\/page"}],"author":[{"embeddable":true,"href":"https:\/\/atauni.edu.tr\/is-sagligi-ve-guvenligi-programi\/wp-json\/wp\/v2\/users\/184"}],"replies":[{"embeddable":true,"href":"https:\/\/atauni.edu.tr\/is-sagligi-ve-guvenligi-programi\/wp-json\/wp\/v2\/comments?post=6294"}],"version-history":[{"count":13,"href":"https:\/\/atauni.edu.tr\/is-sagligi-ve-guvenligi-programi\/wp-json\/wp\/v2\/pages\/6294\/revisions"}],"predecessor-version":[{"id":6622,"href":"https:\/\/atauni.edu.tr\/is-sagligi-ve-guvenligi-programi\/wp-json\/wp\/v2\/pages\/6294\/revisions\/6622"}],"wp:attachment":[{"href":"https:\/\/atauni.edu.tr\/is-sagligi-ve-guvenligi-programi\/wp-json\/wp\/v2\/media?parent=6294"}],"curies":[{"name":"wp","href":"https:\/\/api.w.org\/{rel}","templated":true}]}}